{"id":4706,"date":"2023-03-04T11:34:04","date_gmt":"2023-03-04T10:34:04","guid":{"rendered":"https:\/\/soliton.selectcode.io\/?post_type=product&#038;p=4706"},"modified":"2026-05-04T17:47:14","modified_gmt":"2026-05-04T15:47:14","slug":"tomography-electrical","status":"publish","type":"product","link":"https:\/\/soliton-gmbh.de\/en\/produkt\/tomografie-elektrisch\/","title":{"rendered":"process tomography"},"content":{"rendered":"<div>\n<h1>Process tomography with the systems from ITS<\/h1>\n<p class=\"bodytext\">New tomographic methods (process tomography) can be used for the online measurement and visualization of various processes in process columns, boilers or pipelines. For this purpose, the sample container is equipped with electrodes in one or more planes, or a linear sensor is inserted. In the ERT and ECT methods, the resistance (ERT) or capacitance (ECT) between the electrodes is measured. In this way, the distribution of different substances or phases can be visualized via differences in the electrical conductivity\/capacitance in the measuring plane.<\/p>\n<\/div>\n<div>\n<p>Industrial tomography systems\u00a0<b><a href=\"https:\/\/www.itoms.com\/tomography-products\/\">ITS<\/a>\u00a0<\/b>offers its tomography systems with various ERT and ECT sensors, which are specially adapted to the respective task of the process tomography technology.<\/p>\n<h2>Let our experts advise you on process tomography<\/h2>\n<p>Our engineers are always available for a free consultation. Make a non-binding inquiry about our products.<\/p>\n<\/div>","protected":false},"excerpt":{"rendered":"<p><a href=\"https:\/\/soliton-gmbh.de\/wp-content\/uploads\/2023\/03\/ITS.png\"><img loading=\"lazy\" decoding=\"async\" class=\"alignnone wp-image-5633\" src=\"https:\/\/soliton-gmbh.de\/wp-content\/uploads\/2023\/03\/ITS.png\" alt=\"\" width=\"103\" height=\"45\" srcset=\"https:\/\/soliton-gmbh.de\/wp-content\/uploads\/2023\/03\/ITS.png 287w, https:\/\/soliton-gmbh.de\/wp-content\/uploads\/2023\/03\/ITS-18x8.png 18w\" sizes=\"auto, (max-width: 103px) 100vw, 103px\" \/><\/a><\/p>\n<ul>\n<li>mixing operations<\/li>\n<li>Crystallization, filtration, separation processes<\/li>\n<li>Level measurements at diffuse interfaces<\/li>\n<li>Multiphase flows, oil, water, gases<\/li>\n<li>compressed air conveyance<\/li>\n<\/ul>","protected":false},"featured_media":5634,"template":"","meta":{"_acf_changed":false,"_uag_custom_page_level_css":"","site-sidebar-layout":"default","site-content-layout":"default","ast-site-content-layout":"default","site-content-style":"default","site-sidebar-style":"default","ast-global-header-display":"","ast-banner-title-visibility":"","ast-main-header-display":"","ast-hfb-above-header-display":"","ast-hfb-below-header-display":"","ast-hfb-mobile-header-display":"","site-post-title":"","ast-breadcrumbs-content":"","ast-featured-img":"","footer-sml-layout":"","ast-disable-related-posts":"","theme-transparent-header-meta":"default","adv-header-id-meta":"","stick-header-meta":"default","header-above-stick-meta":"","header-main-stick-meta":"","header-below-stick-meta":"","astra-migrate-meta-layouts":"set","ast-page-background-enabled":"default","ast-page-background-meta":{"desktop":{"background-color":"","background-image":"","background-repeat":"repeat","background-position":"center center","background-size":"auto","background-attachment":"scroll","background-type":"","background-media":"","overlay-type":"","overlay-color":"","overlay-opacity":"","overlay-gradient":""},"tablet":{"background-color":"","background-image":"","background-repeat":"repeat","background-position":"center center","background-size":"auto","background-attachment":"scroll","background-type":"","background-media":"","overlay-type":"","overlay-color":"","overlay-opacity":"","overlay-gradient":""},"mobile":{"background-color":"","background-image":"","background-repeat":"repeat","background-position":"center center","background-size":"auto","background-attachment":"scroll","background-type":"","background-media":"","overlay-type":"","overlay-color":"","overlay-opacity":"","overlay-gradient":""}},"ast-content-background-meta":{"desktop":{"background-color":"var(--ast-global-color-5)","background-image":"","background-repeat":"repeat","background-position":"center center","background-size":"auto","background-attachment":"scroll","background-type":"","background-media":"","overlay-type":"","overlay-color":"","overlay-opacity":"","overlay-gradient":""},"tablet":{"background-color":"var(--ast-global-color-5)","background-image":"","background-repeat":"repeat","background-position":"center center","background-size":"auto","background-attachment":"scroll","background-type":"","background-media":"","overlay-type":"","overlay-color":"","overlay-opacity":"","overlay-gradient":""},"mobile":{"background-color":"var(--ast-global-color-5)","background-image":"","background-repeat":"repeat","background-position":"center center","background-size":"auto","background-attachment":"scroll","background-type":"","background-media":"","overlay-type":"","overlay-color":"","overlay-opacity":"","overlay-gradient":""}}},"product_brand":[1637],"product_cat":[28,82],"product_tag":[],"class_list":{"0":"post-4706","1":"product","2":"type-product","3":"status-publish","4":"has-post-thumbnail","6":"product_brand-its","7":"product_cat-analytik","8":"product_cat-tomografie-elektrisch","9":"desktop-align-left","10":"tablet-align-center","11":"mobile-align-center","12":"ast-product-gallery-layout-horizontal-slider","13":"ast-magnify-disabled","14":"ast-product-tabs-layout-horizontal","16":"first","17":"instock","18":"virtual","19":"sold-individually","20":"purchasable","21":"product-type-simple"},"acf":[],"yoast_head":"<!-- This site is optimized with the Yoast SEO Premium plugin v27.2 (Yoast SEO v27.6) - https:\/\/yoast.com\/product\/yoast-seo-premium-wordpress\/ -->\n<title>Prozess Tomografie - Soliton<\/title>\n<meta name=\"description\" content=\"F\u00fcr die online Messung und Visualisierung verschiedener Prozesse in Prozesskolonnen oder Kesseln k\u00f6nnen Prozess Tomografie Systeme von ITS genutzt werden\" \/>\n<meta name=\"robots\" content=\"index, follow, max-snippet:-1, max-image-preview:large, max-video-preview:-1\" \/>\n<link rel=\"canonical\" href=\"https:\/\/soliton-gmbh.de\/en\/product\/tomography-electrical\/\" \/>\n<meta property=\"og:locale\" content=\"en_US\" \/>\n<meta property=\"og:type\" content=\"article\" \/>\n<meta property=\"og:title\" content=\"Prozess Tomografie\" \/>\n<meta property=\"og:description\" content=\"F\u00fcr die online Messung und Visualisierung verschiedener Prozesse in Prozesskolonnen oder Kesseln k\u00f6nnen Prozess Tomografie Systeme von ITS genutzt werden\" \/>\n<meta property=\"og:url\" content=\"https:\/\/soliton-gmbh.de\/en\/product\/tomography-electrical\/\" \/>\n<meta property=\"og:site_name\" content=\"Soliton Laser- und Messtechnik GmbH\" \/>\n<meta property=\"article:modified_time\" content=\"2026-05-04T15:47:14+00:00\" \/>\n<meta property=\"og:image\" content=\"https:\/\/soliton-gmbh.de\/wp-content\/uploads\/2023\/03\/ITS3.jpg\" \/>\n\t<meta property=\"og:image:width\" content=\"1000\" \/>\n\t<meta property=\"og:image:height\" content=\"920\" \/>\n\t<meta property=\"og:image:type\" content=\"image\/jpeg\" \/>\n<meta name=\"twitter:card\" content=\"summary_large_image\" \/>\n<meta name=\"twitter:label1\" content=\"Price\" \/>\n\t<meta name=\"twitter:data1\" content=\"&euro;0.00\" \/>\n\t<meta name=\"twitter:label2\" content=\"Availability\" \/>\n\t<meta name=\"twitter:data2\" content=\"In stock\" \/>\n<script type=\"application\/ld+json\" class=\"yoast-schema-graph\">{\"@context\":\"https:\\\/\\\/schema.org\",\"@graph\":[{\"@type\":\"WebPage\",\"@id\":\"https:\\\/\\\/soliton-gmbh.de\\\/produkt\\\/tomografie-elektrisch\\\/\",\"url\":\"https:\\\/\\\/soliton-gmbh.de\\\/produkt\\\/tomografie-elektrisch\\\/\",\"name\":\"Prozess Tomografie - Soliton\",\"isPartOf\":{\"@id\":\"https:\\\/\\\/soliton-gmbh.de\\\/#website\"},\"primaryImageOfPage\":{\"@id\":\"https:\\\/\\\/soliton-gmbh.de\\\/produkt\\\/tomografie-elektrisch\\\/#primaryimage\"},\"image\":{\"@id\":\"https:\\\/\\\/soliton-gmbh.de\\\/produkt\\\/tomografie-elektrisch\\\/#primaryimage\"},\"thumbnailUrl\":\"https:\\\/\\\/soliton-gmbh.de\\\/wp-content\\\/uploads\\\/2023\\\/03\\\/ITS3.jpg\",\"datePublished\":\"2023-03-04T10:34:04+00:00\",\"dateModified\":\"2026-05-04T15:47:14+00:00\",\"description\":\"F\u00fcr die online Messung und Visualisierung verschiedener Prozesse in Prozesskolonnen oder Kesseln k\u00f6nnen Prozess Tomografie Systeme von ITS genutzt werden\",\"breadcrumb\":{\"@id\":\"https:\\\/\\\/soliton-gmbh.de\\\/produkt\\\/tomografie-elektrisch\\\/#breadcrumb\"},\"inLanguage\":\"en-US\",\"potentialAction\":[{\"@type\":\"ReadAction\",\"target\":[\"https:\\\/\\\/soliton-gmbh.de\\\/produkt\\\/tomografie-elektrisch\\\/\"]}]},{\"@type\":\"ImageObject\",\"inLanguage\":\"en-US\",\"@id\":\"https:\\\/\\\/soliton-gmbh.de\\\/produkt\\\/tomografie-elektrisch\\\/#primaryimage\",\"url\":\"https:\\\/\\\/soliton-gmbh.de\\\/wp-content\\\/uploads\\\/2023\\\/03\\\/ITS3.jpg\",\"contentUrl\":\"https:\\\/\\\/soliton-gmbh.de\\\/wp-content\\\/uploads\\\/2023\\\/03\\\/ITS3.jpg\",\"width\":1000,\"height\":920,\"caption\":\"Prozess Tomografie Technik von ITS\"},{\"@type\":\"BreadcrumbList\",\"@id\":\"https:\\\/\\\/soliton-gmbh.de\\\/produkt\\\/tomografie-elektrisch\\\/#breadcrumb\",\"itemListElement\":[{\"@type\":\"ListItem\",\"position\":1,\"name\":\"Startseite\",\"item\":\"https:\\\/\\\/soliton-gmbh.de\\\/\"},{\"@type\":\"ListItem\",\"position\":2,\"name\":\"Produkte\",\"item\":\"https:\\\/\\\/soliton-gmbh.de\\\/produkte\\\/\"},{\"@type\":\"ListItem\",\"position\":3,\"name\":\"Prozess Tomografie\"}]},{\"@type\":\"WebSite\",\"@id\":\"https:\\\/\\\/soliton-gmbh.de\\\/#website\",\"url\":\"https:\\\/\\\/soliton-gmbh.de\\\/\",\"name\":\"Soliton Laser- und Messtechnik GmbH\",\"description\":\"\",\"publisher\":{\"@id\":\"https:\\\/\\\/soliton-gmbh.de\\\/#organization\"},\"potentialAction\":[{\"@type\":\"SearchAction\",\"target\":{\"@type\":\"EntryPoint\",\"urlTemplate\":\"https:\\\/\\\/soliton-gmbh.de\\\/?s={search_term_string}\"},\"query-input\":{\"@type\":\"PropertyValueSpecification\",\"valueRequired\":true,\"valueName\":\"search_term_string\"}}],\"inLanguage\":\"en-US\"},{\"@type\":\"Organization\",\"@id\":\"https:\\\/\\\/soliton-gmbh.de\\\/#organization\",\"name\":\"Soliton GmbH\",\"url\":\"https:\\\/\\\/soliton-gmbh.de\\\/\",\"logo\":{\"@type\":\"ImageObject\",\"inLanguage\":\"en-US\",\"@id\":\"https:\\\/\\\/soliton-gmbh.de\\\/#\\\/schema\\\/logo\\\/image\\\/\",\"url\":\"https:\\\/\\\/soliton-gmbh.de\\\/wp-content\\\/uploads\\\/2022\\\/08\\\/cropped-soliton-logo.png\",\"contentUrl\":\"https:\\\/\\\/soliton-gmbh.de\\\/wp-content\\\/uploads\\\/2022\\\/08\\\/cropped-soliton-logo.png\",\"width\":500,\"height\":350,\"caption\":\"Soliton GmbH\"},\"image\":{\"@id\":\"https:\\\/\\\/soliton-gmbh.de\\\/#\\\/schema\\\/logo\\\/image\\\/\"}}]}<\/script>\n<meta property=\"product:price:amount\" content=\"0.00\" \/>\n<meta property=\"product:price:currency\" content=\"EUR\" \/>\n<meta property=\"og:availability\" content=\"instock\" \/>\n<meta property=\"product:availability\" content=\"instock\" \/>\n<meta property=\"product:condition\" content=\"new\" \/>\n<!-- \/ Yoast SEO Premium plugin. -->","yoast_head_json":{"title":"Process tomography - Soliton","description":"Process tomography systems from ITS can be used for online measurement and visualization of various processes in process columns or boilers","robots":{"index":"index","follow":"follow","max-snippet":"max-snippet:-1","max-image-preview":"max-image-preview:large","max-video-preview":"max-video-preview:-1"},"canonical":"https:\/\/soliton-gmbh.de\/en\/product\/tomography-electrical\/","og_locale":"en_US","og_type":"article","og_title":"Prozess Tomografie","og_description":"F\u00fcr die online Messung und Visualisierung verschiedener Prozesse in Prozesskolonnen oder Kesseln k\u00f6nnen Prozess Tomografie Systeme von ITS genutzt werden","og_url":"https:\/\/soliton-gmbh.de\/en\/product\/tomography-electrical\/","og_site_name":"Soliton Laser- und Messtechnik GmbH","article_modified_time":"2026-05-04T15:47:14+00:00","og_image":[{"width":1000,"height":920,"url":"https:\/\/soliton-gmbh.de\/wp-content\/uploads\/2023\/03\/ITS3.jpg","type":"image\/jpeg"}],"twitter_card":"summary_large_image","twitter_misc":{"Price":"&euro;0.00","Availability":"In stock"},"schema":{"@context":"https:\/\/schema.org","@graph":[{"@type":"WebPage","@id":"https:\/\/soliton-gmbh.de\/produkt\/tomografie-elektrisch\/","url":"https:\/\/soliton-gmbh.de\/produkt\/tomografie-elektrisch\/","name":"Process tomography - Soliton","isPartOf":{"@id":"https:\/\/soliton-gmbh.de\/#website"},"primaryImageOfPage":{"@id":"https:\/\/soliton-gmbh.de\/produkt\/tomografie-elektrisch\/#primaryimage"},"image":{"@id":"https:\/\/soliton-gmbh.de\/produkt\/tomografie-elektrisch\/#primaryimage"},"thumbnailUrl":"https:\/\/soliton-gmbh.de\/wp-content\/uploads\/2023\/03\/ITS3.jpg","datePublished":"2023-03-04T10:34:04+00:00","dateModified":"2026-05-04T15:47:14+00:00","description":"Process tomography systems from ITS can be used for online measurement and visualization of various processes in process columns or boilers","breadcrumb":{"@id":"https:\/\/soliton-gmbh.de\/produkt\/tomografie-elektrisch\/#breadcrumb"},"inLanguage":"en-US","potentialAction":[{"@type":"ReadAction","target":["https:\/\/soliton-gmbh.de\/produkt\/tomografie-elektrisch\/"]}]},{"@type":"ImageObject","inLanguage":"en-US","@id":"https:\/\/soliton-gmbh.de\/produkt\/tomografie-elektrisch\/#primaryimage","url":"https:\/\/soliton-gmbh.de\/wp-content\/uploads\/2023\/03\/ITS3.jpg","contentUrl":"https:\/\/soliton-gmbh.de\/wp-content\/uploads\/2023\/03\/ITS3.jpg","width":1000,"height":920,"caption":"Prozess Tomografie Technik von ITS"},{"@type":"BreadcrumbList","@id":"https:\/\/soliton-gmbh.de\/produkt\/tomografie-elektrisch\/#breadcrumb","itemListElement":[{"@type":"ListItem","position":1,"name":"Startseite","item":"https:\/\/soliton-gmbh.de\/"},{"@type":"ListItem","position":2,"name":"Produkte","item":"https:\/\/soliton-gmbh.de\/produkte\/"},{"@type":"ListItem","position":3,"name":"Prozess Tomografie"}]},{"@type":"WebSite","@id":"https:\/\/soliton-gmbh.de\/#website","url":"https:\/\/soliton-gmbh.de\/","name":"Soliton Laser- und Messtechnik GmbH","description":"","publisher":{"@id":"https:\/\/soliton-gmbh.de\/#organization"},"potentialAction":[{"@type":"SearchAction","target":{"@type":"EntryPoint","urlTemplate":"https:\/\/soliton-gmbh.de\/?s={search_term_string}"},"query-input":{"@type":"PropertyValueSpecification","valueRequired":true,"valueName":"search_term_string"}}],"inLanguage":"en-US"},{"@type":"Organization","@id":"https:\/\/soliton-gmbh.de\/#organization","name":"Soliton GmbH","url":"https:\/\/soliton-gmbh.de\/","logo":{"@type":"ImageObject","inLanguage":"en-US","@id":"https:\/\/soliton-gmbh.de\/#\/schema\/logo\/image\/","url":"https:\/\/soliton-gmbh.de\/wp-content\/uploads\/2022\/08\/cropped-soliton-logo.png","contentUrl":"https:\/\/soliton-gmbh.de\/wp-content\/uploads\/2022\/08\/cropped-soliton-logo.png","width":500,"height":350,"caption":"Soliton GmbH"},"image":{"@id":"https:\/\/soliton-gmbh.de\/#\/schema\/logo\/image\/"}}]},"product_price_amount":"0.00","product_price_currency":"EUR","og_availability":"instock","product_availability":"instock","product_condition":"new"},"uagb_featured_image_src":{"full":["https:\/\/soliton-gmbh.de\/wp-content\/uploads\/2023\/03\/ITS3.jpg",1000,920,false],"thumbnail":["https:\/\/soliton-gmbh.de\/wp-content\/uploads\/2023\/03\/ITS3-150x150.jpg",150,150,true],"medium":["https:\/\/soliton-gmbh.de\/wp-content\/uploads\/2023\/03\/ITS3-300x276.jpg",300,276,true],"medium_large":["https:\/\/soliton-gmbh.de\/wp-content\/uploads\/2023\/03\/ITS3-768x707.jpg",768,707,true],"large":["https:\/\/soliton-gmbh.de\/wp-content\/uploads\/2023\/03\/ITS3.jpg",1000,920,false],"1536x1536":["https:\/\/soliton-gmbh.de\/wp-content\/uploads\/2023\/03\/ITS3.jpg",1000,920,false],"2048x2048":["https:\/\/soliton-gmbh.de\/wp-content\/uploads\/2023\/03\/ITS3.jpg",1000,920,false],"trp-custom-language-flag":["https:\/\/soliton-gmbh.de\/wp-content\/uploads\/2023\/03\/ITS3-13x12.jpg",13,12,true],"woocommerce_thumbnail":["https:\/\/soliton-gmbh.de\/wp-content\/uploads\/2023\/03\/ITS3-600x552.jpg",600,552,true],"woocommerce_single":["https:\/\/soliton-gmbh.de\/wp-content\/uploads\/2023\/03\/ITS3.jpg",1000,920,false],"woocommerce_gallery_thumbnail":["https:\/\/soliton-gmbh.de\/wp-content\/uploads\/2023\/03\/ITS3-300x300.jpg",300,300,true]},"uagb_author_info":{"display_name":"admin","author_link":"https:\/\/soliton-gmbh.de\/en\/author\/"},"uagb_comment_info":0,"uagb_excerpt":"Mischvorg\u00e4nge Kristallisationen, Filtrationen, Separationsvorg\u00e4nge F\u00fcllstandsmessungen an diffusen Grenzfl\u00e4chen Mehrphasen-Str\u00f6mungen, \u00d6l, Wasser, Gase Druckluftf\u00f6rderung","_links":{"self":[{"href":"https:\/\/soliton-gmbh.de\/en\/wp-json\/wp\/v2\/product\/4706","targetHints":{"allow":["GET"]}}],"collection":[{"href":"https:\/\/soliton-gmbh.de\/en\/wp-json\/wp\/v2\/product"}],"about":[{"href":"https:\/\/soliton-gmbh.de\/en\/wp-json\/wp\/v2\/types\/product"}],"wp:featuredmedia":[{"embeddable":true,"href":"https:\/\/soliton-gmbh.de\/en\/wp-json\/wp\/v2\/media\/5634"}],"wp:attachment":[{"href":"https:\/\/soliton-gmbh.de\/en\/wp-json\/wp\/v2\/media?parent=4706"}],"wp:term":[{"taxonomy":"product_brand","embeddable":true,"href":"https:\/\/soliton-gmbh.de\/en\/wp-json\/wp\/v2\/product_brand?post=4706"},{"taxonomy":"product_cat","embeddable":true,"href":"https:\/\/soliton-gmbh.de\/en\/wp-json\/wp\/v2\/product_cat?post=4706"},{"taxonomy":"product_tag","embeddable":true,"href":"https:\/\/soliton-gmbh.de\/en\/wp-json\/wp\/v2\/product_tag?post=4706"}],"curies":[{"name":"wp","href":"https:\/\/api.w.org\/{rel}","templated":true}]}}