{"id":4705,"date":"2022-10-24T11:32:36","date_gmt":"2022-10-24T11:32:36","guid":{"rendered":"https:\/\/soliton.selectcode.io\/?post_type=product&#038;p=4705"},"modified":"2026-04-15T23:37:52","modified_gmt":"2026-04-15T21:37:52","slug":"raman-spectrometer-pro","status":"publish","type":"product","link":"https:\/\/soliton-gmbh.de\/en\/produkt\/raman-spektrometer-pro\/","title":{"rendered":"Compact Raman Spectrometer Pro"},"content":{"rendered":"<p data-start=\"251\" data-end=\"790\">The <strong data-start=\"255\" data-end=\"289\">compact Raman spectrometer Pro<\/strong> from the EZRaman family combines state-of-the-art spectroscopy technology with an extremely compact and robust housing. The powerful CCD detector, cooled down to -60 \u00b0C, ensures precise spectral data with low signal noise - even with weak Raman signals, this feature proves to be decisive. As a result, the Raman spectrometer Pro enables highly sensitive analyses in various fields of application such as materials science, analytical chemistry and pharmaceutical quality control.<\/p>\n<p data-start=\"792\" data-end=\"1273\">Equipped with flexibly selectable lasers (532 nm or 785 nm), the device adapts ideally to different sample types. The optionally available fiber optic laboratory sample head allows direct access to samples - whether liquids, solids or powdery materials - without time-consuming sample preparation. In addition, the RamanReader software included in the scope of delivery impresses with its user-friendliness and extensive evaluation options for routine and research applications.<\/p>\n<p data-start=\"1275\" data-end=\"1708\">Thanks to its compact size and versatility, the Raman spectrometer Pro is particularly suitable for mobile use and changing analysis locations. With additional accessories such as liquid cells, contact probes (e.g. WD3, WD10) and microscope adapters, the system can be adapted precisely to the respective requirements. It therefore reliably supports inline process controls, polymorphism studies or pharmaceutical drug analyses.<\/p>\n<p data-start=\"1710\" data-end=\"1980\">Overall, the <strong data-start=\"1731\" data-end=\"1765\">Compact Raman spectrometer Pro<\/strong> an optimal combination of precision, flexibility and space savings - for laboratories, production environments and research facilities that want to implement sophisticated Raman analyses efficiently and reliably.<\/p>","protected":false},"excerpt":{"rendered":"<p class=\"ai-optimize-37\"><a href=\"https:\/\/soliton-gmbh.de\/wp-content\/uploads\/2022\/10\/enwave-logo.png\"><img loading=\"lazy\" decoding=\"async\" class=\"alignnone wp-image-9589\" src=\"https:\/\/soliton-gmbh.de\/wp-content\/uploads\/2022\/10\/enwave-logo.png\" alt=\"\" width=\"202\" height=\"92\" srcset=\"https:\/\/soliton-gmbh.de\/wp-content\/uploads\/2022\/10\/enwave-logo.png 1024w, https:\/\/soliton-gmbh.de\/wp-content\/uploads\/2022\/10\/enwave-logo-300x137.png 300w, https:\/\/soliton-gmbh.de\/wp-content\/uploads\/2022\/10\/enwave-logo-768x350.png 768w, https:\/\/soliton-gmbh.de\/wp-content\/uploads\/2022\/10\/enwave-logo-18x8.png 18w, https:\/\/soliton-gmbh.de\/wp-content\/uploads\/2022\/10\/enwave-logo-600x273.png 600w\" sizes=\"auto, (max-width: 202px) 100vw, 202px\" \/><\/a><\/p>\n<ul>\n<li class=\"ai-optimize-39 ai-optimize-introduction\" data-start=\"2045\" data-end=\"2108\">Extremely compact design &amp; cooled CCD detector (down to -60 \u00b0C)<\/li>\n<li class=\"ai-optimize-39 ai-optimize-introduction\" data-start=\"2045\" data-end=\"2108\">532 nm or 785 nm laser options for a wide range of samples<\/li>\n<li class=\"ai-optimize-39 ai-optimize-introduction\" data-start=\"2045\" data-end=\"2108\">Fiber optic sample head technology - contactless and fast measurements<\/li>\n<li class=\"ai-optimize-39 ai-optimize-introduction\" data-start=\"2045\" data-end=\"2108\">User-friendly RamanReader software for analysis and evaluation<\/li>\n<li class=\"ai-optimize-39 ai-optimize-introduction\" data-start=\"2045\" data-end=\"2108\">Accessories such as liquid cells, contact probes and microscope adapters available for expansion<\/li>\n<\/ul>","protected":false},"featured_media":9576,"template":"","meta":{"_acf_changed":false,"_uag_custom_page_level_css":"","site-sidebar-layout":"default","site-content-layout":"default","ast-site-content-layout":"default","site-content-style":"default","site-sidebar-style":"default","ast-global-header-display":"","ast-banner-title-visibility":"","ast-main-header-display":"","ast-hfb-above-header-display":"","ast-hfb-below-header-display":"","ast-hfb-mobile-header-display":"","site-post-title":"","ast-breadcrumbs-content":"","ast-featured-img":"","footer-sml-layout":"","ast-disable-related-posts":"","theme-transparent-header-meta":"default","adv-header-id-meta":"","stick-header-meta":"default","header-above-stick-meta":"","header-main-stick-meta":"","header-below-stick-meta":"","astra-migrate-meta-layouts":"set","ast-page-background-enabled":"default","ast-page-background-meta":{"desktop":{"background-color":"","background-image":"","background-repeat":"repeat","background-position":"center center","background-size":"auto","background-attachment":"scroll","background-type":"","background-media":"","overlay-type":"","overlay-color":"","overlay-opacity":"","overlay-gradient":""},"tablet":{"background-color":"","background-image":"","background-repeat":"repeat","background-position":"center center","background-size":"auto","background-attachment":"scroll","background-type":"","background-media":"","overlay-type":"","overlay-color":"","overlay-opacity":"","overlay-gradient":""},"mobile":{"background-color":"","background-image":"","background-repeat":"repeat","background-position":"center center","background-size":"auto","background-attachment":"scroll","background-type":"","background-media":"","overlay-type":"","overlay-color":"","overlay-opacity":"","overlay-gradient":""}},"ast-content-background-meta":{"desktop":{"background-color":"var(--ast-global-color-5)","background-image":"","background-repeat":"repeat","background-position":"center center","background-size":"auto","background-attachment":"scroll","background-type":"","background-media":"","overlay-type":"","overlay-color":"","overlay-opacity":"","overlay-gradient":""},"tablet":{"background-color":"var(--ast-global-color-5)","background-image":"","background-repeat":"repeat","background-position":"center center","background-size":"auto","background-attachment":"scroll","background-type":"","background-media":"","overlay-type":"","overlay-color":"","overlay-opacity":"","overlay-gradient":""},"mobile":{"background-color":"var(--ast-global-color-5)","background-image":"","background-repeat":"repeat","background-position":"center center","background-size":"auto","background-attachment":"scroll","background-type":"","background-media":"","overlay-type":"","overlay-color":"","overlay-opacity":"","overlay-gradient":""}}},"product_brand":[1626],"product_cat":[87,84],"product_tag":[],"class_list":{"0":"post-4705","1":"product","2":"type-product","3":"status-publish","4":"has-post-thumbnail","6":"product_brand-enwave-optronics-inc","7":"product_cat-raman-spektrometer","8":"product_cat-spektrometer","9":"desktop-align-left","10":"tablet-align-center","11":"mobile-align-center","12":"ast-product-gallery-layout-horizontal-slider","13":"ast-magnify-disabled","14":"ast-product-tabs-layout-horizontal","16":"first","17":"instock","18":"virtual","19":"sold-individually","20":"purchasable","21":"product-type-simple"},"acf":[],"yoast_head":"<!-- This site is optimized with the Yoast SEO Premium plugin v27.2 (Yoast SEO v27.6) - https:\/\/yoast.com\/product\/yoast-seo-premium-wordpress\/ -->\n<title>Kompaktes Ramanspektrometer Pro - Soliton<\/title>\n<meta name=\"description\" content=\"Kompaktes Ramanspektrometer\u202fPro mit \u221260\u202f\u00b0C CCD, 532\/785\u202fnm Laser, faseroptischem Probensystem \u2013 flexibel, mobil &amp; vielseitig einsetzbar.\" \/>\n<meta name=\"robots\" content=\"index, follow, max-snippet:-1, max-image-preview:large, max-video-preview:-1\" \/>\n<link rel=\"canonical\" href=\"https:\/\/soliton-gmbh.de\/en\/product\/raman-spectrometer-pro\/\" \/>\n<meta property=\"og:locale\" content=\"en_US\" \/>\n<meta property=\"og:type\" content=\"article\" \/>\n<meta property=\"og:title\" content=\"Kompaktes Ramanspektrometer Pro\" \/>\n<meta property=\"og:description\" content=\"Kompaktes Ramanspektrometer\u202fPro mit \u221260\u202f\u00b0C CCD, 532\/785\u202fnm Laser, faseroptischem Probensystem \u2013 flexibel, mobil &amp; vielseitig einsetzbar.\" \/>\n<meta property=\"og:url\" content=\"https:\/\/soliton-gmbh.de\/en\/product\/raman-spectrometer-pro\/\" \/>\n<meta property=\"og:site_name\" content=\"Soliton Laser- und Messtechnik GmbH\" \/>\n<meta property=\"article:modified_time\" content=\"2026-04-15T21:37:52+00:00\" \/>\n<meta property=\"og:image\" content=\"https:\/\/soliton-gmbh.de\/wp-content\/uploads\/2022\/10\/Enwave1.jpg\" \/>\n\t<meta property=\"og:image:width\" content=\"1500\" \/>\n\t<meta property=\"og:image:height\" content=\"1500\" \/>\n\t<meta property=\"og:image:type\" content=\"image\/jpeg\" \/>\n<meta name=\"twitter:card\" content=\"summary_large_image\" \/>\n<meta name=\"twitter:label1\" content=\"Price\" \/>\n\t<meta name=\"twitter:data1\" content=\"&euro;0.00\" \/>\n\t<meta name=\"twitter:label2\" content=\"Availability\" \/>\n\t<meta name=\"twitter:data2\" content=\"In stock\" \/>\n<script type=\"application\/ld+json\" class=\"yoast-schema-graph\">{\"@context\":\"https:\\\/\\\/schema.org\",\"@graph\":[{\"@type\":\"WebPage\",\"@id\":\"https:\\\/\\\/soliton-gmbh.de\\\/produkt\\\/raman-spektrometer-pro\\\/\",\"url\":\"https:\\\/\\\/soliton-gmbh.de\\\/produkt\\\/raman-spektrometer-pro\\\/\",\"name\":\"Kompaktes Ramanspektrometer Pro - Soliton\",\"isPartOf\":{\"@id\":\"https:\\\/\\\/soliton-gmbh.de\\\/#website\"},\"primaryImageOfPage\":{\"@id\":\"https:\\\/\\\/soliton-gmbh.de\\\/produkt\\\/raman-spektrometer-pro\\\/#primaryimage\"},\"image\":{\"@id\":\"https:\\\/\\\/soliton-gmbh.de\\\/produkt\\\/raman-spektrometer-pro\\\/#primaryimage\"},\"thumbnailUrl\":\"https:\\\/\\\/soliton-gmbh.de\\\/wp-content\\\/uploads\\\/2022\\\/10\\\/Enwave1.jpg\",\"datePublished\":\"2022-10-24T11:32:36+00:00\",\"dateModified\":\"2026-04-15T21:37:52+00:00\",\"description\":\"Kompaktes Ramanspektrometer\u202fPro mit \u221260\u202f\u00b0C CCD, 532\\\/785\u202fnm Laser, faseroptischem Probensystem \u2013 flexibel, mobil & vielseitig einsetzbar.\",\"breadcrumb\":{\"@id\":\"https:\\\/\\\/soliton-gmbh.de\\\/produkt\\\/raman-spektrometer-pro\\\/#breadcrumb\"},\"inLanguage\":\"en-US\",\"potentialAction\":[{\"@type\":\"ReadAction\",\"target\":[\"https:\\\/\\\/soliton-gmbh.de\\\/produkt\\\/raman-spektrometer-pro\\\/\"]}]},{\"@type\":\"ImageObject\",\"inLanguage\":\"en-US\",\"@id\":\"https:\\\/\\\/soliton-gmbh.de\\\/produkt\\\/raman-spektrometer-pro\\\/#primaryimage\",\"url\":\"https:\\\/\\\/soliton-gmbh.de\\\/wp-content\\\/uploads\\\/2022\\\/10\\\/Enwave1.jpg\",\"contentUrl\":\"https:\\\/\\\/soliton-gmbh.de\\\/wp-content\\\/uploads\\\/2022\\\/10\\\/Enwave1.jpg\",\"width\":1500,\"height\":1500,\"caption\":\"Kompaktes Ramanspektrometer Pro mit \u221260\u202f\u00b0C gek\u00fchltem CCD, 532\u202fnm\\\/785\u202fnm Laser und faseroptischem Probenkopf\"},{\"@type\":\"BreadcrumbList\",\"@id\":\"https:\\\/\\\/soliton-gmbh.de\\\/produkt\\\/raman-spektrometer-pro\\\/#breadcrumb\",\"itemListElement\":[{\"@type\":\"ListItem\",\"position\":1,\"name\":\"Startseite\",\"item\":\"https:\\\/\\\/soliton-gmbh.de\\\/\"},{\"@type\":\"ListItem\",\"position\":2,\"name\":\"Produkte\",\"item\":\"https:\\\/\\\/soliton-gmbh.de\\\/produkte\\\/\"},{\"@type\":\"ListItem\",\"position\":3,\"name\":\"Kompaktes Ramanspektrometer Pro\"}]},{\"@type\":\"WebSite\",\"@id\":\"https:\\\/\\\/soliton-gmbh.de\\\/#website\",\"url\":\"https:\\\/\\\/soliton-gmbh.de\\\/\",\"name\":\"Soliton Laser- und Messtechnik GmbH\",\"description\":\"\",\"publisher\":{\"@id\":\"https:\\\/\\\/soliton-gmbh.de\\\/#organization\"},\"potentialAction\":[{\"@type\":\"SearchAction\",\"target\":{\"@type\":\"EntryPoint\",\"urlTemplate\":\"https:\\\/\\\/soliton-gmbh.de\\\/?s={search_term_string}\"},\"query-input\":{\"@type\":\"PropertyValueSpecification\",\"valueRequired\":true,\"valueName\":\"search_term_string\"}}],\"inLanguage\":\"en-US\"},{\"@type\":\"Organization\",\"@id\":\"https:\\\/\\\/soliton-gmbh.de\\\/#organization\",\"name\":\"Soliton GmbH\",\"url\":\"https:\\\/\\\/soliton-gmbh.de\\\/\",\"logo\":{\"@type\":\"ImageObject\",\"inLanguage\":\"en-US\",\"@id\":\"https:\\\/\\\/soliton-gmbh.de\\\/#\\\/schema\\\/logo\\\/image\\\/\",\"url\":\"https:\\\/\\\/soliton-gmbh.de\\\/wp-content\\\/uploads\\\/2022\\\/08\\\/cropped-soliton-logo.png\",\"contentUrl\":\"https:\\\/\\\/soliton-gmbh.de\\\/wp-content\\\/uploads\\\/2022\\\/08\\\/cropped-soliton-logo.png\",\"width\":500,\"height\":350,\"caption\":\"Soliton GmbH\"},\"image\":{\"@id\":\"https:\\\/\\\/soliton-gmbh.de\\\/#\\\/schema\\\/logo\\\/image\\\/\"}}]}<\/script>\n<meta property=\"product:price:amount\" content=\"0.00\" \/>\n<meta property=\"product:price:currency\" content=\"EUR\" \/>\n<meta property=\"og:availability\" content=\"instock\" \/>\n<meta property=\"product:availability\" content=\"instock\" \/>\n<meta property=\"product:condition\" content=\"new\" \/>\n<!-- \/ Yoast SEO Premium plugin. -->","yoast_head_json":{"title":"Compact Raman spectrometer Pro - Soliton","description":"Compact Raman spectrometer Pro with -60 \u00b0C CCD, 532\/785 nm laser, fiber optic sample system - flexible, mobile &amp; versatile.","robots":{"index":"index","follow":"follow","max-snippet":"max-snippet:-1","max-image-preview":"max-image-preview:large","max-video-preview":"max-video-preview:-1"},"canonical":"https:\/\/soliton-gmbh.de\/en\/product\/raman-spectrometer-pro\/","og_locale":"en_US","og_type":"article","og_title":"Kompaktes Ramanspektrometer Pro","og_description":"Kompaktes Ramanspektrometer\u202fPro mit \u221260\u202f\u00b0C CCD, 532\/785\u202fnm Laser, faseroptischem Probensystem \u2013 flexibel, mobil & vielseitig einsetzbar.","og_url":"https:\/\/soliton-gmbh.de\/en\/product\/raman-spectrometer-pro\/","og_site_name":"Soliton Laser- und Messtechnik GmbH","article_modified_time":"2026-04-15T21:37:52+00:00","og_image":[{"width":1500,"height":1500,"url":"https:\/\/soliton-gmbh.de\/wp-content\/uploads\/2022\/10\/Enwave1.jpg","type":"image\/jpeg"}],"twitter_card":"summary_large_image","twitter_misc":{"Price":"&euro;0.00","Availability":"In stock"},"schema":{"@context":"https:\/\/schema.org","@graph":[{"@type":"WebPage","@id":"https:\/\/soliton-gmbh.de\/produkt\/raman-spektrometer-pro\/","url":"https:\/\/soliton-gmbh.de\/produkt\/raman-spektrometer-pro\/","name":"Compact Raman spectrometer Pro - Soliton","isPartOf":{"@id":"https:\/\/soliton-gmbh.de\/#website"},"primaryImageOfPage":{"@id":"https:\/\/soliton-gmbh.de\/produkt\/raman-spektrometer-pro\/#primaryimage"},"image":{"@id":"https:\/\/soliton-gmbh.de\/produkt\/raman-spektrometer-pro\/#primaryimage"},"thumbnailUrl":"https:\/\/soliton-gmbh.de\/wp-content\/uploads\/2022\/10\/Enwave1.jpg","datePublished":"2022-10-24T11:32:36+00:00","dateModified":"2026-04-15T21:37:52+00:00","description":"Compact Raman spectrometer Pro with -60 \u00b0C CCD, 532\/785 nm laser, fiber optic sample system - flexible, mobile &amp; versatile.","breadcrumb":{"@id":"https:\/\/soliton-gmbh.de\/produkt\/raman-spektrometer-pro\/#breadcrumb"},"inLanguage":"en-US","potentialAction":[{"@type":"ReadAction","target":["https:\/\/soliton-gmbh.de\/produkt\/raman-spektrometer-pro\/"]}]},{"@type":"ImageObject","inLanguage":"en-US","@id":"https:\/\/soliton-gmbh.de\/produkt\/raman-spektrometer-pro\/#primaryimage","url":"https:\/\/soliton-gmbh.de\/wp-content\/uploads\/2022\/10\/Enwave1.jpg","contentUrl":"https:\/\/soliton-gmbh.de\/wp-content\/uploads\/2022\/10\/Enwave1.jpg","width":1500,"height":1500,"caption":"Kompaktes Ramanspektrometer Pro mit \u221260\u202f\u00b0C gek\u00fchltem CCD, 532\u202fnm\/785\u202fnm Laser und faseroptischem Probenkopf"},{"@type":"BreadcrumbList","@id":"https:\/\/soliton-gmbh.de\/produkt\/raman-spektrometer-pro\/#breadcrumb","itemListElement":[{"@type":"ListItem","position":1,"name":"Startseite","item":"https:\/\/soliton-gmbh.de\/"},{"@type":"ListItem","position":2,"name":"Produkte","item":"https:\/\/soliton-gmbh.de\/produkte\/"},{"@type":"ListItem","position":3,"name":"Kompaktes Ramanspektrometer Pro"}]},{"@type":"WebSite","@id":"https:\/\/soliton-gmbh.de\/#website","url":"https:\/\/soliton-gmbh.de\/","name":"Soliton Laser- und Messtechnik GmbH","description":"","publisher":{"@id":"https:\/\/soliton-gmbh.de\/#organization"},"potentialAction":[{"@type":"SearchAction","target":{"@type":"EntryPoint","urlTemplate":"https:\/\/soliton-gmbh.de\/?s={search_term_string}"},"query-input":{"@type":"PropertyValueSpecification","valueRequired":true,"valueName":"search_term_string"}}],"inLanguage":"en-US"},{"@type":"Organization","@id":"https:\/\/soliton-gmbh.de\/#organization","name":"Soliton GmbH","url":"https:\/\/soliton-gmbh.de\/","logo":{"@type":"ImageObject","inLanguage":"en-US","@id":"https:\/\/soliton-gmbh.de\/#\/schema\/logo\/image\/","url":"https:\/\/soliton-gmbh.de\/wp-content\/uploads\/2022\/08\/cropped-soliton-logo.png","contentUrl":"https:\/\/soliton-gmbh.de\/wp-content\/uploads\/2022\/08\/cropped-soliton-logo.png","width":500,"height":350,"caption":"Soliton GmbH"},"image":{"@id":"https:\/\/soliton-gmbh.de\/#\/schema\/logo\/image\/"}}]},"product_price_amount":"0.00","product_price_currency":"EUR","og_availability":"instock","product_availability":"instock","product_condition":"new"},"uagb_featured_image_src":{"full":["https:\/\/soliton-gmbh.de\/wp-content\/uploads\/2022\/10\/Enwave1.jpg",1500,1500,false],"thumbnail":["https:\/\/soliton-gmbh.de\/wp-content\/uploads\/2022\/10\/Enwave1-150x150.jpg",150,150,true],"medium":["https:\/\/soliton-gmbh.de\/wp-content\/uploads\/2022\/10\/Enwave1-300x300.jpg",300,300,true],"medium_large":["https:\/\/soliton-gmbh.de\/wp-content\/uploads\/2022\/10\/Enwave1-768x768.jpg",768,768,true],"large":["https:\/\/soliton-gmbh.de\/wp-content\/uploads\/2022\/10\/Enwave1-1024x1024.jpg",1024,1024,true],"1536x1536":["https:\/\/soliton-gmbh.de\/wp-content\/uploads\/2022\/10\/Enwave1.jpg",1500,1500,false],"2048x2048":["https:\/\/soliton-gmbh.de\/wp-content\/uploads\/2022\/10\/Enwave1.jpg",1500,1500,false],"trp-custom-language-flag":["https:\/\/soliton-gmbh.de\/wp-content\/uploads\/2022\/10\/Enwave1-12x12.jpg",12,12,true],"woocommerce_thumbnail":["https:\/\/soliton-gmbh.de\/wp-content\/uploads\/2022\/10\/Enwave1-600x600.jpg",600,600,true],"woocommerce_single":["https:\/\/soliton-gmbh.de\/wp-content\/uploads\/2022\/10\/Enwave1-1200x1200.jpg",1200,1200,true],"woocommerce_gallery_thumbnail":["https:\/\/soliton-gmbh.de\/wp-content\/uploads\/2022\/10\/Enwave1-300x300.jpg",300,300,true]},"uagb_author_info":{"display_name":"admin","author_link":"https:\/\/soliton-gmbh.de\/en\/author\/"},"uagb_comment_info":0,"uagb_excerpt":"Extrem kompaktes Design &amp; gek\u00fchlter CCD-Detektor (bis \u221260\u202f\u00b0C) Laseroptionen 532\u202fnm oder 785\u202fnm f\u00fcr vielf\u00e4ltige Proben Faseroptische Probenkopf-Technologie \u2013 kontaktlose und schnelle Messungen Benutzerfreundliche RamanReader-Software f\u00fcr Analyse und Auswertung Zubeh\u00f6r wie Fl\u00fcssigkeitszellen, Kontaktsonden und Mikroskop-Adapter zur Erweiterung verf\u00fcgbar","_links":{"self":[{"href":"https:\/\/soliton-gmbh.de\/en\/wp-json\/wp\/v2\/product\/4705","targetHints":{"allow":["GET"]}}],"collection":[{"href":"https:\/\/soliton-gmbh.de\/en\/wp-json\/wp\/v2\/product"}],"about":[{"href":"https:\/\/soliton-gmbh.de\/en\/wp-json\/wp\/v2\/types\/product"}],"wp:featuredmedia":[{"embeddable":true,"href":"https:\/\/soliton-gmbh.de\/en\/wp-json\/wp\/v2\/media\/9576"}],"wp:attachment":[{"href":"https:\/\/soliton-gmbh.de\/en\/wp-json\/wp\/v2\/media?parent=4705"}],"wp:term":[{"taxonomy":"product_brand","embeddable":true,"href":"https:\/\/soliton-gmbh.de\/en\/wp-json\/wp\/v2\/product_brand?post=4705"},{"taxonomy":"product_cat","embeddable":true,"href":"https:\/\/soliton-gmbh.de\/en\/wp-json\/wp\/v2\/product_cat?post=4705"},{"taxonomy":"product_tag","embeddable":true,"href":"https:\/\/soliton-gmbh.de\/en\/wp-json\/wp\/v2\/product_tag?post=4705"}],"curies":[{"name":"wp","href":"https:\/\/api.w.org\/{rel}","templated":true}]}}