{"id":4704,"date":"2023-01-24T11:32:16","date_gmt":"2023-01-24T10:32:16","guid":{"rendered":"https:\/\/soliton.selectcode.io\/?post_type=product&#038;p=4704"},"modified":"2025-10-06T15:34:41","modified_gmt":"2025-10-06T13:34:41","slug":"nr-spectrometer","status":"publish","type":"product","link":"https:\/\/soliton-gmbh.de\/en\/produkt\/nr-spektrometer\/","title":{"rendered":"NIR process analysis"},"content":{"rendered":"<h1>NIR process analysis - real-time monitoring with the Luminar 4030<\/h1>\n<p>The Luminar 4030 from Brimrose is a compact NIR spectrometer with IP55 protection that can be integrated directly into production lines. It enables non-destructive measurements of the chemical and physical properties of powders, solid suspensions, gels and liquids - in real time.<\/p>\n<h2>Robust technology for industrial use<\/h2>\n<p>Thanks to its solid-state technology and robust design, the Luminar 4030 is designed for demanding process environments. The device can be integrated into different housings and flexibly adapted to specific production requirements.<\/p>\n<h2>Versatile applications<\/h2>\n<p>The Luminar 4030 is often used in mixers and dryers to continuously monitor production processes. Thanks to its modular design, it can be equipped with optical fibers, flow cells, probes or cuvettes. This opens up a wide range of application scenarios in various branches of industry.<\/p>\n<h2>Advantages of NIR process analysis<\/h2>\n<p>The system offers precise and fast data acquisition, reduces the need for laboratory analyses and enables immediate process adjustments. Inline measurement minimizes production downtime and optimizes product quality.<\/p>\n<h2>Contact and advice<\/h2>\n<p>For detailed technical information and individual advice on your process monitoring, we will be happy to provide you with a suitable quotation. Visit our product page at <a href=\"https:\/\/soliton-gmbh.de\/en\/product\/nr-spectrometer\/\">NIR process analysis<\/a>. Further technical information on NIR spectroscopy can be found at <a href=\"https:\/\/spie.org\/\">SPIE - The International Society for Optics and Photonics<\/a>.<\/p>","protected":false},"excerpt":{"rendered":"<p><a href=\"https:\/\/soliton-gmbh.de\/wp-content\/uploads\/2023\/02\/brimrose.png\"><img loading=\"lazy\" decoding=\"async\" class=\"alignnone wp-image-5166\" src=\"https:\/\/soliton-gmbh.de\/wp-content\/uploads\/2023\/02\/brimrose.png\" alt=\"\" width=\"145\" height=\"40\" srcset=\"https:\/\/soliton-gmbh.de\/wp-content\/uploads\/2023\/02\/brimrose.png 200w, https:\/\/soliton-gmbh.de\/wp-content\/uploads\/2023\/02\/brimrose-18x5.png 18w\" sizes=\"auto, (max-width: 145px) 100vw, 145px\" \/><\/a><\/p>\n<ul>\n<li>Automatic calibration<\/li>\n<li>Can be attached directly to the mixer housing<\/li>\n<li>Designed for 24\/7 use<\/li>\n<\/ul>\n<p>Contact person: Wolf Wagner (Ph.D.)<\/p>","protected":false},"featured_media":5496,"template":"","meta":{"_acf_changed":false,"_uag_custom_page_level_css":"","site-sidebar-layout":"default","site-content-layout":"default","ast-site-content-layout":"default","site-content-style":"default","site-sidebar-style":"default","ast-global-header-display":"","ast-banner-title-visibility":"","ast-main-header-display":"","ast-hfb-above-header-display":"","ast-hfb-below-header-display":"","ast-hfb-mobile-header-display":"","site-post-title":"","ast-breadcrumbs-content":"","ast-featured-img":"","footer-sml-layout":"","ast-disable-related-posts":"","theme-transparent-header-meta":"default","adv-header-id-meta":"","stick-header-meta":"default","header-above-stick-meta":"","header-main-stick-meta":"","header-below-stick-meta":"","astra-migrate-meta-layouts":"set","ast-page-background-enabled":"default","ast-page-background-meta":{"desktop":{"background-color":"","background-image":"","background-repeat":"repeat","background-position":"center center","background-size":"auto","background-attachment":"scroll","background-type":"","background-media":"","overlay-type":"","overlay-color":"","overlay-opacity":"","overlay-gradient":""},"tablet":{"background-color":"","background-image":"","background-repeat":"repeat","background-position":"center center","background-size":"auto","background-attachment":"scroll","background-type":"","background-media":"","overlay-type":"","overlay-color":"","overlay-opacity":"","overlay-gradient":""},"mobile":{"background-color":"","background-image":"","background-repeat":"repeat","background-position":"center center","background-size":"auto","background-attachment":"scroll","background-type":"","background-media":"","overlay-type":"","overlay-color":"","overlay-opacity":"","overlay-gradient":""}},"ast-content-background-meta":{"desktop":{"background-color":"var(--ast-global-color-5)","background-image":"","background-repeat":"repeat","background-position":"center center","background-size":"auto","background-attachment":"scroll","background-type":"","background-media":"","overlay-type":"","overlay-color":"","overlay-opacity":"","overlay-gradient":""},"tablet":{"background-color":"var(--ast-global-color-5)","background-image":"","background-repeat":"repeat","background-position":"center center","background-size":"auto","background-attachment":"scroll","background-type":"","background-media":"","overlay-type":"","overlay-color":"","overlay-opacity":"","overlay-gradient":""},"mobile":{"background-color":"var(--ast-global-color-5)","background-image":"","background-repeat":"repeat","background-position":"center center","background-size":"auto","background-attachment":"scroll","background-type":"","background-media":"","overlay-type":"","overlay-color":"","overlay-opacity":"","overlay-gradient":""}}},"product_brand":[],"product_cat":[28,86,84],"product_tag":[],"class_list":{"0":"post-4704","1":"product","2":"type-product","3":"status-publish","4":"has-post-thumbnail","6":"product_cat-analytik","7":"product_cat-nir-spektrometer","8":"product_cat-spektrometer","9":"desktop-align-left","10":"tablet-align-center","11":"mobile-align-center","12":"ast-product-gallery-layout-horizontal-slider","13":"ast-product-gallery-with-no-image","14":"ast-magnify-disabled","15":"ast-product-tabs-layout-horizontal","17":"first","18":"instock","19":"virtual","20":"sold-individually","21":"purchasable","22":"product-type-simple"},"acf":[],"yoast_head":"<!-- This site is optimized with the Yoast SEO Premium plugin v27.2 (Yoast SEO v27.4) - https:\/\/yoast.com\/product\/yoast-seo-premium-wordpress\/ -->\n<title>NIR Prozessanalyse - Soliton<\/title>\n<meta name=\"description\" content=\"Luminar 4030 NIR-Spektrometer f\u00fcr Echtzeit-Prozessanalyse. Ideal f\u00fcr Pulver, Suspensionen, Gele und Fl\u00fcssigkeiten direkt in der Produktionslinie.\" \/>\n<meta name=\"robots\" content=\"index, follow, max-snippet:-1, max-image-preview:large, max-video-preview:-1\" \/>\n<link rel=\"canonical\" href=\"https:\/\/soliton-gmbh.de\/en\/product\/nr-spectrometer\/\" \/>\n<meta property=\"og:locale\" content=\"en_US\" \/>\n<meta property=\"og:type\" content=\"article\" \/>\n<meta property=\"og:title\" content=\"NIR Prozessanalyse\" \/>\n<meta property=\"og:description\" content=\"Luminar 4030 NIR-Spektrometer f\u00fcr Echtzeit-Prozessanalyse. Ideal f\u00fcr Pulver, Suspensionen, Gele und Fl\u00fcssigkeiten direkt in der Produktionslinie.\" \/>\n<meta property=\"og:url\" content=\"https:\/\/soliton-gmbh.de\/en\/product\/nr-spectrometer\/\" \/>\n<meta property=\"og:site_name\" content=\"Soliton Laser- und Messtechnik GmbH\" \/>\n<meta property=\"article:modified_time\" content=\"2025-10-06T13:34:41+00:00\" \/>\n<meta property=\"og:image\" content=\"https:\/\/soliton-gmbh.de\/wp-content\/uploads\/2023\/02\/Brim1.jpg\" \/>\n\t<meta property=\"og:image:width\" content=\"1500\" \/>\n\t<meta property=\"og:image:height\" content=\"947\" \/>\n\t<meta property=\"og:image:type\" content=\"image\/jpeg\" \/>\n<meta name=\"twitter:card\" content=\"summary_large_image\" \/>\n<meta name=\"twitter:label1\" content=\"Price\" \/>\n\t<meta name=\"twitter:data1\" content=\"&euro;0.00\" \/>\n\t<meta name=\"twitter:label2\" content=\"Availability\" \/>\n\t<meta name=\"twitter:data2\" content=\"In stock\" \/>\n<script type=\"application\/ld+json\" class=\"yoast-schema-graph\">{\"@context\":\"https:\\\/\\\/schema.org\",\"@graph\":[{\"@type\":\"WebPage\",\"@id\":\"https:\\\/\\\/soliton-gmbh.de\\\/en\\\/product\\\/nr-spectrometer\\\/\",\"url\":\"https:\\\/\\\/soliton-gmbh.de\\\/en\\\/product\\\/nr-spectrometer\\\/\",\"name\":\"NIR Prozessanalyse - Soliton\",\"isPartOf\":{\"@id\":\"https:\\\/\\\/soliton-gmbh.de\\\/#website\"},\"primaryImageOfPage\":{\"@id\":\"https:\\\/\\\/soliton-gmbh.de\\\/en\\\/product\\\/nr-spectrometer\\\/#primaryimage\"},\"image\":{\"@id\":\"https:\\\/\\\/soliton-gmbh.de\\\/en\\\/product\\\/nr-spectrometer\\\/#primaryimage\"},\"thumbnailUrl\":\"https:\\\/\\\/soliton-gmbh.de\\\/wp-content\\\/uploads\\\/2023\\\/02\\\/Brim1.jpg\",\"datePublished\":\"2023-01-24T10:32:16+00:00\",\"dateModified\":\"2025-10-06T13:34:41+00:00\",\"description\":\"Luminar 4030 NIR-Spektrometer f\u00fcr Echtzeit-Prozessanalyse. Ideal f\u00fcr Pulver, Suspensionen, Gele und Fl\u00fcssigkeiten direkt in der Produktionslinie.\",\"breadcrumb\":{\"@id\":\"https:\\\/\\\/soliton-gmbh.de\\\/en\\\/product\\\/nr-spectrometer\\\/#breadcrumb\"},\"inLanguage\":\"en-US\",\"potentialAction\":[{\"@type\":\"ReadAction\",\"target\":[\"https:\\\/\\\/soliton-gmbh.de\\\/en\\\/product\\\/nr-spectrometer\\\/\"]}]},{\"@type\":\"ImageObject\",\"inLanguage\":\"en-US\",\"@id\":\"https:\\\/\\\/soliton-gmbh.de\\\/en\\\/product\\\/nr-spectrometer\\\/#primaryimage\",\"url\":\"https:\\\/\\\/soliton-gmbh.de\\\/wp-content\\\/uploads\\\/2023\\\/02\\\/Brim1.jpg\",\"contentUrl\":\"https:\\\/\\\/soliton-gmbh.de\\\/wp-content\\\/uploads\\\/2023\\\/02\\\/Brim1.jpg\",\"width\":1500,\"height\":947,\"caption\":\"Luminar 4030 NIR-Spektrometer von Brimrose f\u00fcr Echtzeit-\u00dcberwachung in Produktionsprozessen.\"},{\"@type\":\"BreadcrumbList\",\"@id\":\"https:\\\/\\\/soliton-gmbh.de\\\/en\\\/product\\\/nr-spectrometer\\\/#breadcrumb\",\"itemListElement\":[{\"@type\":\"ListItem\",\"position\":1,\"name\":\"Startseite\",\"item\":\"https:\\\/\\\/soliton-gmbh.de\\\/\"},{\"@type\":\"ListItem\",\"position\":2,\"name\":\"Produkte\",\"item\":\"https:\\\/\\\/soliton-gmbh.de\\\/produkte\\\/\"},{\"@type\":\"ListItem\",\"position\":3,\"name\":\"NIR Prozessanalyse\"}]},{\"@type\":\"WebSite\",\"@id\":\"https:\\\/\\\/soliton-gmbh.de\\\/#website\",\"url\":\"https:\\\/\\\/soliton-gmbh.de\\\/\",\"name\":\"Soliton Laser- und Messtechnik GmbH\",\"description\":\"\",\"publisher\":{\"@id\":\"https:\\\/\\\/soliton-gmbh.de\\\/#organization\"},\"potentialAction\":[{\"@type\":\"SearchAction\",\"target\":{\"@type\":\"EntryPoint\",\"urlTemplate\":\"https:\\\/\\\/soliton-gmbh.de\\\/?s={search_term_string}\"},\"query-input\":{\"@type\":\"PropertyValueSpecification\",\"valueRequired\":true,\"valueName\":\"search_term_string\"}}],\"inLanguage\":\"en-US\"},{\"@type\":\"Organization\",\"@id\":\"https:\\\/\\\/soliton-gmbh.de\\\/#organization\",\"name\":\"Soliton GmbH\",\"url\":\"https:\\\/\\\/soliton-gmbh.de\\\/\",\"logo\":{\"@type\":\"ImageObject\",\"inLanguage\":\"en-US\",\"@id\":\"https:\\\/\\\/soliton-gmbh.de\\\/#\\\/schema\\\/logo\\\/image\\\/\",\"url\":\"https:\\\/\\\/soliton-gmbh.de\\\/wp-content\\\/uploads\\\/2022\\\/08\\\/cropped-soliton-logo.png\",\"contentUrl\":\"https:\\\/\\\/soliton-gmbh.de\\\/wp-content\\\/uploads\\\/2022\\\/08\\\/cropped-soliton-logo.png\",\"width\":500,\"height\":350,\"caption\":\"Soliton GmbH\"},\"image\":{\"@id\":\"https:\\\/\\\/soliton-gmbh.de\\\/#\\\/schema\\\/logo\\\/image\\\/\"}}]}<\/script>\n<meta property=\"product:price:amount\" content=\"0.00\" \/>\n<meta property=\"product:price:currency\" content=\"EUR\" \/>\n<meta property=\"og:availability\" content=\"instock\" \/>\n<meta property=\"product:availability\" content=\"instock\" \/>\n<meta property=\"product:condition\" content=\"new\" \/>\n<!-- \/ Yoast SEO Premium plugin. -->","yoast_head_json":{"title":"NIR process analysis - Soliton","description":"Luminar 4030 NIR spectrometer for real-time process analysis. Ideal for powders, suspensions, gels and liquids directly in the production line.","robots":{"index":"index","follow":"follow","max-snippet":"max-snippet:-1","max-image-preview":"max-image-preview:large","max-video-preview":"max-video-preview:-1"},"canonical":"https:\/\/soliton-gmbh.de\/en\/product\/nr-spectrometer\/","og_locale":"en_US","og_type":"article","og_title":"NIR Prozessanalyse","og_description":"Luminar 4030 NIR-Spektrometer f\u00fcr Echtzeit-Prozessanalyse. Ideal f\u00fcr Pulver, Suspensionen, Gele und Fl\u00fcssigkeiten direkt in der Produktionslinie.","og_url":"https:\/\/soliton-gmbh.de\/en\/product\/nr-spectrometer\/","og_site_name":"Soliton Laser- und Messtechnik GmbH","article_modified_time":"2025-10-06T13:34:41+00:00","og_image":[{"width":1500,"height":947,"url":"https:\/\/soliton-gmbh.de\/wp-content\/uploads\/2023\/02\/Brim1.jpg","type":"image\/jpeg"}],"twitter_card":"summary_large_image","twitter_misc":{"Price":"&euro;0.00","Availability":"In stock"},"schema":{"@context":"https:\/\/schema.org","@graph":[{"@type":"WebPage","@id":"https:\/\/soliton-gmbh.de\/en\/product\/nr-spectrometer\/","url":"https:\/\/soliton-gmbh.de\/en\/product\/nr-spectrometer\/","name":"NIR process analysis - Soliton","isPartOf":{"@id":"https:\/\/soliton-gmbh.de\/#website"},"primaryImageOfPage":{"@id":"https:\/\/soliton-gmbh.de\/en\/product\/nr-spectrometer\/#primaryimage"},"image":{"@id":"https:\/\/soliton-gmbh.de\/en\/product\/nr-spectrometer\/#primaryimage"},"thumbnailUrl":"https:\/\/soliton-gmbh.de\/wp-content\/uploads\/2023\/02\/Brim1.jpg","datePublished":"2023-01-24T10:32:16+00:00","dateModified":"2025-10-06T13:34:41+00:00","description":"Luminar 4030 NIR spectrometer for real-time process analysis. Ideal for powders, suspensions, gels and liquids directly in the production line.","breadcrumb":{"@id":"https:\/\/soliton-gmbh.de\/en\/product\/nr-spectrometer\/#breadcrumb"},"inLanguage":"en-US","potentialAction":[{"@type":"ReadAction","target":["https:\/\/soliton-gmbh.de\/en\/product\/nr-spectrometer\/"]}]},{"@type":"ImageObject","inLanguage":"en-US","@id":"https:\/\/soliton-gmbh.de\/en\/product\/nr-spectrometer\/#primaryimage","url":"https:\/\/soliton-gmbh.de\/wp-content\/uploads\/2023\/02\/Brim1.jpg","contentUrl":"https:\/\/soliton-gmbh.de\/wp-content\/uploads\/2023\/02\/Brim1.jpg","width":1500,"height":947,"caption":"Luminar 4030 NIR-Spektrometer von Brimrose f\u00fcr Echtzeit-\u00dcberwachung in Produktionsprozessen."},{"@type":"BreadcrumbList","@id":"https:\/\/soliton-gmbh.de\/en\/product\/nr-spectrometer\/#breadcrumb","itemListElement":[{"@type":"ListItem","position":1,"name":"Startseite","item":"https:\/\/soliton-gmbh.de\/"},{"@type":"ListItem","position":2,"name":"Produkte","item":"https:\/\/soliton-gmbh.de\/produkte\/"},{"@type":"ListItem","position":3,"name":"NIR Prozessanalyse"}]},{"@type":"WebSite","@id":"https:\/\/soliton-gmbh.de\/#website","url":"https:\/\/soliton-gmbh.de\/","name":"Soliton Laser- und Messtechnik GmbH","description":"","publisher":{"@id":"https:\/\/soliton-gmbh.de\/#organization"},"potentialAction":[{"@type":"SearchAction","target":{"@type":"EntryPoint","urlTemplate":"https:\/\/soliton-gmbh.de\/?s={search_term_string}"},"query-input":{"@type":"PropertyValueSpecification","valueRequired":true,"valueName":"search_term_string"}}],"inLanguage":"en-US"},{"@type":"Organization","@id":"https:\/\/soliton-gmbh.de\/#organization","name":"Soliton GmbH","url":"https:\/\/soliton-gmbh.de\/","logo":{"@type":"ImageObject","inLanguage":"en-US","@id":"https:\/\/soliton-gmbh.de\/#\/schema\/logo\/image\/","url":"https:\/\/soliton-gmbh.de\/wp-content\/uploads\/2022\/08\/cropped-soliton-logo.png","contentUrl":"https:\/\/soliton-gmbh.de\/wp-content\/uploads\/2022\/08\/cropped-soliton-logo.png","width":500,"height":350,"caption":"Soliton GmbH"},"image":{"@id":"https:\/\/soliton-gmbh.de\/#\/schema\/logo\/image\/"}}]},"product_price_amount":"0.00","product_price_currency":"EUR","og_availability":"instock","product_availability":"instock","product_condition":"new"},"uagb_featured_image_src":{"full":["https:\/\/soliton-gmbh.de\/wp-content\/uploads\/2023\/02\/Brim1.jpg",1500,947,false],"thumbnail":["https:\/\/soliton-gmbh.de\/wp-content\/uploads\/2023\/02\/Brim1-150x150.jpg",150,150,true],"medium":["https:\/\/soliton-gmbh.de\/wp-content\/uploads\/2023\/02\/Brim1-300x189.jpg",300,189,true],"medium_large":["https:\/\/soliton-gmbh.de\/wp-content\/uploads\/2023\/02\/Brim1-768x485.jpg",768,485,true],"large":["https:\/\/soliton-gmbh.de\/wp-content\/uploads\/2023\/02\/Brim1-1024x646.jpg",1024,646,true],"1536x1536":["https:\/\/soliton-gmbh.de\/wp-content\/uploads\/2023\/02\/Brim1.jpg",1500,947,false],"2048x2048":["https:\/\/soliton-gmbh.de\/wp-content\/uploads\/2023\/02\/Brim1.jpg",1500,947,false],"trp-custom-language-flag":["https:\/\/soliton-gmbh.de\/wp-content\/uploads\/2023\/02\/Brim1-18x12.jpg",18,12,true],"woocommerce_thumbnail":["https:\/\/soliton-gmbh.de\/wp-content\/uploads\/2023\/02\/Brim1-600x379.jpg",600,379,true],"woocommerce_single":["https:\/\/soliton-gmbh.de\/wp-content\/uploads\/2023\/02\/Brim1-1200x758.jpg",1200,758,true],"woocommerce_gallery_thumbnail":["https:\/\/soliton-gmbh.de\/wp-content\/uploads\/2023\/02\/Brim1-300x300.jpg",300,300,true]},"uagb_author_info":{"display_name":"admin","author_link":"https:\/\/soliton-gmbh.de\/en\/author\/"},"uagb_comment_info":0,"uagb_excerpt":"Automatische Kalibrierung Kann direkt an Misch-Geh\u00e4use befestigt werden F\u00fcr den 24\/7 Einsatz ausgelegt Ansprechpartner: Dr. Wolf-Dieter Wagner","_links":{"self":[{"href":"https:\/\/soliton-gmbh.de\/en\/wp-json\/wp\/v2\/product\/4704","targetHints":{"allow":["GET"]}}],"collection":[{"href":"https:\/\/soliton-gmbh.de\/en\/wp-json\/wp\/v2\/product"}],"about":[{"href":"https:\/\/soliton-gmbh.de\/en\/wp-json\/wp\/v2\/types\/product"}],"wp:featuredmedia":[{"embeddable":true,"href":"https:\/\/soliton-gmbh.de\/en\/wp-json\/wp\/v2\/media\/5496"}],"wp:attachment":[{"href":"https:\/\/soliton-gmbh.de\/en\/wp-json\/wp\/v2\/media?parent=4704"}],"wp:term":[{"taxonomy":"product_brand","embeddable":true,"href":"https:\/\/soliton-gmbh.de\/en\/wp-json\/wp\/v2\/product_brand?post=4704"},{"taxonomy":"product_cat","embeddable":true,"href":"https:\/\/soliton-gmbh.de\/en\/wp-json\/wp\/v2\/product_cat?post=4704"},{"taxonomy":"product_tag","embeddable":true,"href":"https:\/\/soliton-gmbh.de\/en\/wp-json\/wp\/v2\/product_tag?post=4704"}],"curies":[{"name":"wp","href":"https:\/\/api.w.org\/{rel}","templated":true}]}}