{"id":4698,"date":"2022-10-24T11:30:14","date_gmt":"2022-10-24T11:30:14","guid":{"rendered":"https:\/\/soliton.selectcode.io\/?post_type=product&#038;p=4698"},"modified":"2024-11-07T20:43:05","modified_gmt":"2024-11-07T19:43:05","slug":"nicomp-nano-n3000-particle-measurement","status":"publish","type":"product","link":"https:\/\/soliton-gmbh.de\/en\/produkt\/nicomp-nano-n3000-partikelmessung\/","title":{"rendered":"Nicomp Nano N3000 particle measurement 0.5 nm \u2013 5\u00b5m"},"content":{"rendered":"<p>The <strong>Nicomp Nano N3000<\/strong> from Entegris offers precise <strong>particle measurement<\/strong> based on the established technology of <strong>Dynamic Light Scattering (DLS)<\/strong>It is ideal for measuring the size of proteins, colloids, nanoparticles, printing inks and a range of other dispersions in the field of <strong>nanotechnology<\/strong> and <strong>medicine<\/strong> Thanks to its flexible structure, the system can also be adapted to the different requirements and needs of the respective applications.<\/p>\n<h2><strong>Easy conversion for zeta potential measurements<\/strong><\/h2>\n<p>With just a few simple steps, you can set up the N3000 within a very short time to measure the <strong>zeta potential<\/strong> The heart of the N3000 is the proprietary <strong>Nicomp algorithm<\/strong>, which is able to <strong>multimodal particle size distributions<\/strong> to measure precisely and, for example, to distinguish individual particles from clumps.<\/p>\n<h2><strong>Advanced features with the Nicomp ZLS Z3000<\/strong><\/h2>\n<p>The <strong>Nicomp ZLS Z3000<\/strong> from Entegris combines the DLS technology of the N3000 with <strong>frequency and phase analysis methods<\/strong> for zeta potential determination. The electric field required for this can be set from 1 to 250 volts\/cm, thus enabling the zeta potential measurement of both proteins and metal oxide particles in one device. The Z3000 also uses various techniques to compensate for very high ionic strengths.<\/p>\n<h2><strong>Optimal adaptation for a wide range of applications<\/strong><\/h2>\n<p>In addition, the Nicomp Nano N3000 offers user-friendly software that enables intuitive operation. With extensive analysis functions, you can gain detailed information about your samples. Whether in research or industry, this particle measuring device helps you achieve accurate results and optimize your processes. You also benefit from the system&#039;s high sensitivity and resolution, which means that even the smallest particle sizes can be reliably detected.<\/p>\n<p>Our <strong>Nicomp Nano N3000 devices for particle measurement,<\/strong>\u00a0stand for precision and flexibility. They are the result of years of research and development and meet the highest standards in <strong>particle measurement<\/strong>.<\/p>\n<p>If you have any further questions about the systems, please feel free to send us a non-binding inquiry. Further information about the products and all technical data sheets for each variant can be found here: <a href=\"https:\/\/www.entegris.com\" target=\"_new\" rel=\"noopener\">Entegris.com<\/a>.<\/p>","protected":false},"excerpt":{"rendered":"<p><a href=\"https:\/\/soliton-gmbh.de\/wp-content\/uploads\/2023\/02\/Entegrisd.png\"><img loading=\"lazy\" decoding=\"async\" class=\"alignnone wp-image-5903\" src=\"https:\/\/soliton-gmbh.de\/wp-content\/uploads\/2023\/02\/Entegrisd-1024x244.png\" alt=\"Logo of the company Entegris\" width=\"151\" height=\"36\" srcset=\"https:\/\/soliton-gmbh.de\/wp-content\/uploads\/2023\/02\/Entegrisd-1024x244.png 1024w, https:\/\/soliton-gmbh.de\/wp-content\/uploads\/2023\/02\/Entegrisd-600x143.png 600w, https:\/\/soliton-gmbh.de\/wp-content\/uploads\/2023\/02\/Entegrisd-1200x286.png 1200w, https:\/\/soliton-gmbh.de\/wp-content\/uploads\/2023\/02\/Entegrisd-300x71.png 300w, https:\/\/soliton-gmbh.de\/wp-content\/uploads\/2023\/02\/Entegrisd-768x183.png 768w, https:\/\/soliton-gmbh.de\/wp-content\/uploads\/2023\/02\/Entegrisd-1536x366.png 1536w, https:\/\/soliton-gmbh.de\/wp-content\/uploads\/2023\/02\/Entegrisd-18x4.png 18w, https:\/\/soliton-gmbh.de\/wp-content\/uploads\/2023\/02\/Entegrisd.png 1582w\" sizes=\"auto, (max-width: 151px) 100vw, 151px\" \/><\/a><\/p>\n<ul>\n<li>printer inks<\/li>\n<li>colloids<\/li>\n<li>proteins<\/li>\n<li>nanoparticles<\/li>\n<li>liposomes<\/li>\n<\/ul>\n<p>Contact person: Wolf Wagner (Ph.D.)<\/p>","protected":false},"featured_media":5417,"template":"","meta":{"_acf_changed":false,"_uag_custom_page_level_css":"","site-sidebar-layout":"default","site-content-layout":"default","ast-site-content-layout":"default","site-content-style":"default","site-sidebar-style":"default","ast-global-header-display":"","ast-banner-title-visibility":"","ast-main-header-display":"","ast-hfb-above-header-display":"","ast-hfb-below-header-display":"","ast-hfb-mobile-header-display":"","site-post-title":"","ast-breadcrumbs-content":"","ast-featured-img":"","footer-sml-layout":"","ast-disable-related-posts":"","theme-transparent-header-meta":"default","adv-header-id-meta":"","stick-header-meta":"default","header-above-stick-meta":"","header-main-stick-meta":"","header-below-stick-meta":"","astra-migrate-meta-layouts":"set","ast-page-background-enabled":"default","ast-page-background-meta":{"desktop":{"background-color":"","background-image":"","background-repeat":"repeat","background-position":"center center","background-size":"auto","background-attachment":"scroll","background-type":"","background-media":"","overlay-type":"","overlay-color":"","overlay-opacity":"","overlay-gradient":""},"tablet":{"background-color":"","background-image":"","background-repeat":"repeat","background-position":"center center","background-size":"auto","background-attachment":"scroll","background-type":"","background-media":"","overlay-type":"","overlay-color":"","overlay-opacity":"","overlay-gradient":""},"mobile":{"background-color":"","background-image":"","background-repeat":"repeat","background-position":"center center","background-size":"auto","background-attachment":"scroll","background-type":"","background-media":"","overlay-type":"","overlay-color":"","overlay-opacity":"","overlay-gradient":""}},"ast-content-background-meta":{"desktop":{"background-color":"var(--ast-global-color-5)","background-image":"","background-repeat":"repeat","background-position":"center center","background-size":"auto","background-attachment":"scroll","background-type":"","background-media":"","overlay-type":"","overlay-color":"","overlay-opacity":"","overlay-gradient":""},"tablet":{"background-color":"var(--ast-global-color-5)","background-image":"","background-repeat":"repeat","background-position":"center center","background-size":"auto","background-attachment":"scroll","background-type":"","background-media":"","overlay-type":"","overlay-color":"","overlay-opacity":"","overlay-gradient":""},"mobile":{"background-color":"var(--ast-global-color-5)","background-image":"","background-repeat":"repeat","background-position":"center center","background-size":"auto","background-attachment":"scroll","background-type":"","background-media":"","overlay-type":"","overlay-color":"","overlay-opacity":"","overlay-gradient":""}}},"product_brand":[],"product_cat":[28,81,276],"product_tag":[911,910,921,923,925,916,918,920,914,917,919,922,912,924,915,913],"class_list":{"0":"post-4698","1":"product","2":"type-product","3":"status-publish","4":"has-post-thumbnail","6":"product_cat-analytik","7":"product_cat-partikelmessung","8":"product_cat-systeme-fuer-partikelmessung","9":"product_tag-dls","10":"product_tag-dynamische-lichtstreuung","11":"product_tag-entegris","12":"product_tag-frequenzanalyse","13":"product_tag-ionenstaerkeausgleich","14":"product_tag-kolloidmessung","15":"product_tag-medizinische-dispersionen","16":"product_tag-multimodale-partikelgroessenverteilungen","17":"product_tag-nanopartikelanalyse","18":"product_tag-nanotechnologie","19":"product_tag-nicomp-algorithmus","20":"product_tag-nicomp-zls-z3000","21":"product_tag-partikelgroessenbestimmung","22":"product_tag-phasenanalyse","23":"product_tag-proteingroessenbestimmung","24":"product_tag-zeta-potential-messung","25":"desktop-align-left","26":"tablet-align-center","27":"mobile-align-center","28":"ast-product-gallery-layout-horizontal-slider","29":"ast-product-gallery-with-no-image","30":"ast-magnify-disabled","31":"ast-product-tabs-layout-horizontal","33":"first","34":"instock","35":"virtual","36":"sold-individually","37":"purchasable","38":"product-type-simple"},"acf":[],"yoast_head":"<!-- This site is optimized with the Yoast SEO Premium plugin v27.2 (Yoast SEO v27.4) - https:\/\/yoast.com\/product\/yoast-seo-premium-wordpress\/ -->\n<title>Nicomp Nano N3000 Partikelmessung 0,5 nm - 5\u00b5m - Soliton<\/title>\n<meta name=\"description\" content=\"Nicomp Nano N3000 Partikelmessung, Partikelgr\u00f6\u00dfen- und Zetapotential-Messungen durch dynamische Lichtstreuung f\u00fcr Anwendungen in Nanotechnologie und Medizin\" \/>\n<meta name=\"robots\" content=\"index, follow, max-snippet:-1, max-image-preview:large, max-video-preview:-1\" \/>\n<link rel=\"canonical\" href=\"https:\/\/soliton-gmbh.de\/en\/product\/nicomp-nano-n3000-particle-measurement\/\" \/>\n<meta property=\"og:locale\" content=\"en_US\" \/>\n<meta property=\"og:type\" content=\"article\" \/>\n<meta property=\"og:title\" content=\"Nicomp Nano N3000 Partikelmessung 0,5 nm - 5\u00b5m\" \/>\n<meta property=\"og:description\" content=\"Nicomp Nano N3000 Partikelmessung, Partikelgr\u00f6\u00dfen- und Zetapotential-Messungen durch dynamische Lichtstreuung f\u00fcr Anwendungen in Nanotechnologie und Medizin\" \/>\n<meta property=\"og:url\" content=\"https:\/\/soliton-gmbh.de\/en\/product\/nicomp-nano-n3000-particle-measurement\/\" \/>\n<meta property=\"og:site_name\" content=\"Soliton Laser- und Messtechnik GmbH\" \/>\n<meta property=\"article:modified_time\" content=\"2024-11-07T19:43:05+00:00\" \/>\n<meta property=\"og:image\" content=\"https:\/\/soliton-gmbh.de\/wp-content\/uploads\/2022\/10\/product-nicompnanodlszlssystems-1.jpeg\" \/>\n\t<meta property=\"og:image:width\" content=\"1124\" \/>\n\t<meta property=\"og:image:height\" content=\"792\" \/>\n\t<meta property=\"og:image:type\" content=\"image\/jpeg\" \/>\n<meta name=\"twitter:card\" content=\"summary_large_image\" \/>\n<meta name=\"twitter:label1\" content=\"Price\" \/>\n\t<meta name=\"twitter:data1\" content=\"&euro;0.00\" \/>\n\t<meta name=\"twitter:label2\" content=\"Availability\" \/>\n\t<meta name=\"twitter:data2\" content=\"In stock\" \/>\n<script type=\"application\/ld+json\" class=\"yoast-schema-graph\">{\"@context\":\"https:\\\/\\\/schema.org\",\"@graph\":[{\"@type\":\"WebPage\",\"@id\":\"https:\\\/\\\/soliton-gmbh.de\\\/produkt\\\/nicomp-nano-n3000-partikelmessung\\\/\",\"url\":\"https:\\\/\\\/soliton-gmbh.de\\\/produkt\\\/nicomp-nano-n3000-partikelmessung\\\/\",\"name\":\"Nicomp Nano N3000 Partikelmessung 0,5 nm - 5\u00b5m - Soliton\",\"isPartOf\":{\"@id\":\"https:\\\/\\\/soliton-gmbh.de\\\/#website\"},\"primaryImageOfPage\":{\"@id\":\"https:\\\/\\\/soliton-gmbh.de\\\/produkt\\\/nicomp-nano-n3000-partikelmessung\\\/#primaryimage\"},\"image\":{\"@id\":\"https:\\\/\\\/soliton-gmbh.de\\\/produkt\\\/nicomp-nano-n3000-partikelmessung\\\/#primaryimage\"},\"thumbnailUrl\":\"https:\\\/\\\/soliton-gmbh.de\\\/wp-content\\\/uploads\\\/2022\\\/10\\\/product-nicompnanodlszlssystems-1.jpeg\",\"datePublished\":\"2022-10-24T11:30:14+00:00\",\"dateModified\":\"2024-11-07T19:43:05+00:00\",\"description\":\"Nicomp Nano N3000 Partikelmessung, Partikelgr\u00f6\u00dfen- und Zetapotential-Messungen durch dynamische Lichtstreuung f\u00fcr Anwendungen in Nanotechnologie und Medizin\",\"breadcrumb\":{\"@id\":\"https:\\\/\\\/soliton-gmbh.de\\\/produkt\\\/nicomp-nano-n3000-partikelmessung\\\/#breadcrumb\"},\"inLanguage\":\"en-US\",\"potentialAction\":[{\"@type\":\"ReadAction\",\"target\":[\"https:\\\/\\\/soliton-gmbh.de\\\/produkt\\\/nicomp-nano-n3000-partikelmessung\\\/\"]}]},{\"@type\":\"ImageObject\",\"inLanguage\":\"en-US\",\"@id\":\"https:\\\/\\\/soliton-gmbh.de\\\/produkt\\\/nicomp-nano-n3000-partikelmessung\\\/#primaryimage\",\"url\":\"https:\\\/\\\/soliton-gmbh.de\\\/wp-content\\\/uploads\\\/2022\\\/10\\\/product-nicompnanodlszlssystems-1.jpeg\",\"contentUrl\":\"https:\\\/\\\/soliton-gmbh.de\\\/wp-content\\\/uploads\\\/2022\\\/10\\\/product-nicompnanodlszlssystems-1.jpeg\",\"width\":1124,\"height\":792,\"caption\":\"Nicomp Nano N3000 von Entegris \u2013 Pr\u00e4zises Partikelmessger\u00e4t basierend auf dynamischer Lichtstreuung (DLS)\"},{\"@type\":\"BreadcrumbList\",\"@id\":\"https:\\\/\\\/soliton-gmbh.de\\\/produkt\\\/nicomp-nano-n3000-partikelmessung\\\/#breadcrumb\",\"itemListElement\":[{\"@type\":\"ListItem\",\"position\":1,\"name\":\"Startseite\",\"item\":\"https:\\\/\\\/soliton-gmbh.de\\\/\"},{\"@type\":\"ListItem\",\"position\":2,\"name\":\"Produkte\",\"item\":\"https:\\\/\\\/soliton-gmbh.de\\\/produkte\\\/\"},{\"@type\":\"ListItem\",\"position\":3,\"name\":\"Nicomp Nano N3000 Partikelmessung 0,5 nm &#8211; 5\u00b5m\"}]},{\"@type\":\"WebSite\",\"@id\":\"https:\\\/\\\/soliton-gmbh.de\\\/#website\",\"url\":\"https:\\\/\\\/soliton-gmbh.de\\\/\",\"name\":\"Soliton Laser- und Messtechnik GmbH\",\"description\":\"\",\"publisher\":{\"@id\":\"https:\\\/\\\/soliton-gmbh.de\\\/#organization\"},\"potentialAction\":[{\"@type\":\"SearchAction\",\"target\":{\"@type\":\"EntryPoint\",\"urlTemplate\":\"https:\\\/\\\/soliton-gmbh.de\\\/?s={search_term_string}\"},\"query-input\":{\"@type\":\"PropertyValueSpecification\",\"valueRequired\":true,\"valueName\":\"search_term_string\"}}],\"inLanguage\":\"en-US\"},{\"@type\":\"Organization\",\"@id\":\"https:\\\/\\\/soliton-gmbh.de\\\/#organization\",\"name\":\"Soliton GmbH\",\"url\":\"https:\\\/\\\/soliton-gmbh.de\\\/\",\"logo\":{\"@type\":\"ImageObject\",\"inLanguage\":\"en-US\",\"@id\":\"https:\\\/\\\/soliton-gmbh.de\\\/#\\\/schema\\\/logo\\\/image\\\/\",\"url\":\"https:\\\/\\\/soliton-gmbh.de\\\/wp-content\\\/uploads\\\/2022\\\/08\\\/cropped-soliton-logo.png\",\"contentUrl\":\"https:\\\/\\\/soliton-gmbh.de\\\/wp-content\\\/uploads\\\/2022\\\/08\\\/cropped-soliton-logo.png\",\"width\":500,\"height\":350,\"caption\":\"Soliton GmbH\"},\"image\":{\"@id\":\"https:\\\/\\\/soliton-gmbh.de\\\/#\\\/schema\\\/logo\\\/image\\\/\"}}]}<\/script>\n<meta property=\"product:price:amount\" content=\"0.00\" \/>\n<meta property=\"product:price:currency\" content=\"EUR\" \/>\n<meta property=\"og:availability\" content=\"instock\" \/>\n<meta property=\"product:availability\" content=\"instock\" \/>\n<meta property=\"product:condition\" content=\"new\" \/>\n<!-- \/ Yoast SEO Premium plugin. -->","yoast_head_json":{"title":"Nicomp Nano N3000 particle measurement 0.5 nm - 5\u00b5m - Soliton","description":"Nicomp Nano N3000 particle measurement, particle size and zeta potential measurements by dynamic light scattering for applications in nanotechnology and medicine","robots":{"index":"index","follow":"follow","max-snippet":"max-snippet:-1","max-image-preview":"max-image-preview:large","max-video-preview":"max-video-preview:-1"},"canonical":"https:\/\/soliton-gmbh.de\/en\/product\/nicomp-nano-n3000-particle-measurement\/","og_locale":"en_US","og_type":"article","og_title":"Nicomp Nano N3000 Partikelmessung 0,5 nm - 5\u00b5m","og_description":"Nicomp Nano N3000 Partikelmessung, Partikelgr\u00f6\u00dfen- und Zetapotential-Messungen durch dynamische Lichtstreuung f\u00fcr Anwendungen in Nanotechnologie und Medizin","og_url":"https:\/\/soliton-gmbh.de\/en\/product\/nicomp-nano-n3000-particle-measurement\/","og_site_name":"Soliton Laser- und Messtechnik GmbH","article_modified_time":"2024-11-07T19:43:05+00:00","og_image":[{"width":1124,"height":792,"url":"https:\/\/soliton-gmbh.de\/wp-content\/uploads\/2022\/10\/product-nicompnanodlszlssystems-1.jpeg","type":"image\/jpeg"}],"twitter_card":"summary_large_image","twitter_misc":{"Price":"&euro;0.00","Availability":"In stock"},"schema":{"@context":"https:\/\/schema.org","@graph":[{"@type":"WebPage","@id":"https:\/\/soliton-gmbh.de\/produkt\/nicomp-nano-n3000-partikelmessung\/","url":"https:\/\/soliton-gmbh.de\/produkt\/nicomp-nano-n3000-partikelmessung\/","name":"Nicomp Nano N3000 particle measurement 0.5 nm - 5\u00b5m - Soliton","isPartOf":{"@id":"https:\/\/soliton-gmbh.de\/#website"},"primaryImageOfPage":{"@id":"https:\/\/soliton-gmbh.de\/produkt\/nicomp-nano-n3000-partikelmessung\/#primaryimage"},"image":{"@id":"https:\/\/soliton-gmbh.de\/produkt\/nicomp-nano-n3000-partikelmessung\/#primaryimage"},"thumbnailUrl":"https:\/\/soliton-gmbh.de\/wp-content\/uploads\/2022\/10\/product-nicompnanodlszlssystems-1.jpeg","datePublished":"2022-10-24T11:30:14+00:00","dateModified":"2024-11-07T19:43:05+00:00","description":"Nicomp Nano N3000 particle measurement, particle size and zeta potential measurements by dynamic light scattering for applications in nanotechnology and medicine","breadcrumb":{"@id":"https:\/\/soliton-gmbh.de\/produkt\/nicomp-nano-n3000-partikelmessung\/#breadcrumb"},"inLanguage":"en-US","potentialAction":[{"@type":"ReadAction","target":["https:\/\/soliton-gmbh.de\/produkt\/nicomp-nano-n3000-partikelmessung\/"]}]},{"@type":"ImageObject","inLanguage":"en-US","@id":"https:\/\/soliton-gmbh.de\/produkt\/nicomp-nano-n3000-partikelmessung\/#primaryimage","url":"https:\/\/soliton-gmbh.de\/wp-content\/uploads\/2022\/10\/product-nicompnanodlszlssystems-1.jpeg","contentUrl":"https:\/\/soliton-gmbh.de\/wp-content\/uploads\/2022\/10\/product-nicompnanodlszlssystems-1.jpeg","width":1124,"height":792,"caption":"Nicomp Nano N3000 von Entegris \u2013 Pr\u00e4zises Partikelmessger\u00e4t basierend auf dynamischer Lichtstreuung (DLS)"},{"@type":"BreadcrumbList","@id":"https:\/\/soliton-gmbh.de\/produkt\/nicomp-nano-n3000-partikelmessung\/#breadcrumb","itemListElement":[{"@type":"ListItem","position":1,"name":"Startseite","item":"https:\/\/soliton-gmbh.de\/"},{"@type":"ListItem","position":2,"name":"Produkte","item":"https:\/\/soliton-gmbh.de\/produkte\/"},{"@type":"ListItem","position":3,"name":"Nicomp Nano N3000 Partikelmessung 0,5 nm &#8211; 5\u00b5m"}]},{"@type":"WebSite","@id":"https:\/\/soliton-gmbh.de\/#website","url":"https:\/\/soliton-gmbh.de\/","name":"Soliton Laser- und Messtechnik GmbH","description":"","publisher":{"@id":"https:\/\/soliton-gmbh.de\/#organization"},"potentialAction":[{"@type":"SearchAction","target":{"@type":"EntryPoint","urlTemplate":"https:\/\/soliton-gmbh.de\/?s={search_term_string}"},"query-input":{"@type":"PropertyValueSpecification","valueRequired":true,"valueName":"search_term_string"}}],"inLanguage":"en-US"},{"@type":"Organization","@id":"https:\/\/soliton-gmbh.de\/#organization","name":"Soliton GmbH","url":"https:\/\/soliton-gmbh.de\/","logo":{"@type":"ImageObject","inLanguage":"en-US","@id":"https:\/\/soliton-gmbh.de\/#\/schema\/logo\/image\/","url":"https:\/\/soliton-gmbh.de\/wp-content\/uploads\/2022\/08\/cropped-soliton-logo.png","contentUrl":"https:\/\/soliton-gmbh.de\/wp-content\/uploads\/2022\/08\/cropped-soliton-logo.png","width":500,"height":350,"caption":"Soliton GmbH"},"image":{"@id":"https:\/\/soliton-gmbh.de\/#\/schema\/logo\/image\/"}}]},"product_price_amount":"0.00","product_price_currency":"EUR","og_availability":"instock","product_availability":"instock","product_condition":"new"},"uagb_featured_image_src":{"full":["https:\/\/soliton-gmbh.de\/wp-content\/uploads\/2022\/10\/product-nicompnanodlszlssystems-1.jpeg",1124,792,false],"thumbnail":["https:\/\/soliton-gmbh.de\/wp-content\/uploads\/2022\/10\/product-nicompnanodlszlssystems-1-150x150.jpeg",150,150,true],"medium":["https:\/\/soliton-gmbh.de\/wp-content\/uploads\/2022\/10\/product-nicompnanodlszlssystems-1-300x211.jpeg",300,211,true],"medium_large":["https:\/\/soliton-gmbh.de\/wp-content\/uploads\/2022\/10\/product-nicompnanodlszlssystems-1-768x541.jpeg",768,541,true],"large":["https:\/\/soliton-gmbh.de\/wp-content\/uploads\/2022\/10\/product-nicompnanodlszlssystems-1-1024x722.jpeg",1024,722,true],"1536x1536":["https:\/\/soliton-gmbh.de\/wp-content\/uploads\/2022\/10\/product-nicompnanodlszlssystems-1.jpeg",1124,792,false],"2048x2048":["https:\/\/soliton-gmbh.de\/wp-content\/uploads\/2022\/10\/product-nicompnanodlszlssystems-1.jpeg",1124,792,false],"trp-custom-language-flag":["https:\/\/soliton-gmbh.de\/wp-content\/uploads\/2022\/10\/product-nicompnanodlszlssystems-1-18x12.jpeg",18,12,true],"woocommerce_thumbnail":["https:\/\/soliton-gmbh.de\/wp-content\/uploads\/2022\/10\/product-nicompnanodlszlssystems-1-600x423.jpeg",600,423,true],"woocommerce_single":["https:\/\/soliton-gmbh.de\/wp-content\/uploads\/2022\/10\/product-nicompnanodlszlssystems-1.jpeg",1124,792,false],"woocommerce_gallery_thumbnail":["https:\/\/soliton-gmbh.de\/wp-content\/uploads\/2022\/10\/product-nicompnanodlszlssystems-1-300x300.jpeg",300,300,true]},"uagb_author_info":{"display_name":"admin","author_link":"https:\/\/soliton-gmbh.de\/en\/author\/"},"uagb_comment_info":0,"uagb_excerpt":"Druckertinten Kolloide Proteine Nanopartikel Liposome Ansprechpartner: Dr. Wolf-Dieter Wagner","_links":{"self":[{"href":"https:\/\/soliton-gmbh.de\/en\/wp-json\/wp\/v2\/product\/4698","targetHints":{"allow":["GET"]}}],"collection":[{"href":"https:\/\/soliton-gmbh.de\/en\/wp-json\/wp\/v2\/product"}],"about":[{"href":"https:\/\/soliton-gmbh.de\/en\/wp-json\/wp\/v2\/types\/product"}],"wp:featuredmedia":[{"embeddable":true,"href":"https:\/\/soliton-gmbh.de\/en\/wp-json\/wp\/v2\/media\/5417"}],"wp:attachment":[{"href":"https:\/\/soliton-gmbh.de\/en\/wp-json\/wp\/v2\/media?parent=4698"}],"wp:term":[{"taxonomy":"product_brand","embeddable":true,"href":"https:\/\/soliton-gmbh.de\/en\/wp-json\/wp\/v2\/product_brand?post=4698"},{"taxonomy":"product_cat","embeddable":true,"href":"https:\/\/soliton-gmbh.de\/en\/wp-json\/wp\/v2\/product_cat?post=4698"},{"taxonomy":"product_tag","embeddable":true,"href":"https:\/\/soliton-gmbh.de\/en\/wp-json\/wp\/v2\/product_tag?post=4698"}],"curies":[{"name":"wp","href":"https:\/\/api.w.org\/{rel}","templated":true}]}}