{"id":4690,"date":"2022-10-24T11:26:51","date_gmt":"2022-10-24T11:26:51","guid":{"rendered":"https:\/\/soliton.selectcode.io\/?post_type=product&#038;p=4690"},"modified":"2026-03-23T22:42:25","modified_gmt":"2026-03-23T21:42:25","slug":"laser-safety-goggles","status":"publish","type":"product","link":"https:\/\/soliton-gmbh.de\/en\/produkt\/laserschutzbrillen\/","title":{"rendered":"laser safety goggles"},"content":{"rendered":"<p data-start=\"622\" data-end=\"991\">Soliton offers <strong data-start=\"637\" data-end=\"709\">Laser safety goggles for laboratory, research and industrial applications<\/strong>, that provide reliable protection against dangerous <strong data-start=\"759\" data-end=\"777\">Laser radiation<\/strong> guarantee. The glasses are designed according to the standards <strong data-start=\"826\" data-end=\"840\">DIN EN 207<\/strong> and <strong data-start=\"845\" data-end=\"859\">DIN EN 208<\/strong> certified and are suitable for safe use in various laser applications.<\/p>\n<p data-start=\"993\" data-end=\"1433\">When working with lasers, choosing the right laser safety goggles is crucial for safety. In addition to the <strong data-start=\"1109\" data-end=\"1132\">wavelength range<\/strong> other laser parameters must also be taken into account, such as <strong data-start=\"1196\" data-end=\"1213\">laser power<\/strong>, <strong data-start=\"1215\" data-end=\"1230\">Pulse energy<\/strong>, <strong data-start=\"1232\" data-end=\"1245\">Pulse duration<\/strong> and the <strong data-start=\"1256\" data-end=\"1273\">Repetition rate<\/strong> of the laser. Only safety goggles that are tailored to these parameters can guarantee reliable protection.<\/p>\n<p data-start=\"1435\" data-end=\"1618\">Our laser safety goggles are designed for different <strong data-start=\"1487\" data-end=\"1528\">Wavelength ranges and laser classes<\/strong> and can be equipped with different filter types depending on the application.<\/p>\n<h3 data-section-id=\"9xse89\" data-start=\"1620\" data-end=\"1658\">Filter technology and wearing comfort<\/h3>\n<p data-start=\"1660\" data-end=\"1833\">For many wavelengths we offer <strong data-start=\"1694\" data-end=\"1714\">Plastic filter<\/strong>, which are very comfortable to wear due to their low weight and are particularly suitable for longer periods of use.<\/p>\n<p data-start=\"1835\" data-end=\"2055\">Alternatively <strong data-start=\"1851\" data-end=\"1872\">Mineral glass filter<\/strong> which offer high mechanical stability and durability and are particularly suitable for demanding industrial applications.<\/p>\n<h3 data-section-id=\"13aakrn\" data-start=\"2057\" data-end=\"2100\">Choosing the right laser safety goggles<\/h3>\n<p data-start=\"2102\" data-end=\"2198\">The following factors in particular play a role in the selection of suitable laser safety eyewear:<\/p>\n<ul data-start=\"2200\" data-end=\"2425\">\n<li data-section-id=\"11rxo58\" data-start=\"2200\" data-end=\"2247\">\n<p data-start=\"2202\" data-end=\"2247\"><strong data-start=\"2202\" data-end=\"2247\">Laser wavelength or wavelength range<\/strong><\/p>\n<\/li>\n<li data-section-id=\"sjwnoc\" data-start=\"2248\" data-end=\"2303\">\n<p data-start=\"2250\" data-end=\"2303\"><strong data-start=\"2250\" data-end=\"2303\">Laser power and operating mode (CW or pulsed)<\/strong><\/p>\n<\/li>\n<li data-section-id=\"1eempmz\" data-start=\"2304\" data-end=\"2337\">\n<p data-start=\"2306\" data-end=\"2337\"><strong data-start=\"2306\" data-end=\"2337\">Pulse duration and repetition rate<\/strong><\/p>\n<\/li>\n<li data-section-id=\"1emv5we\" data-start=\"2338\" data-end=\"2378\">\n<p data-start=\"2340\" data-end=\"2378\">required <strong data-start=\"2354\" data-end=\"2378\">Optical density (OD)<\/strong><\/p>\n<\/li>\n<li data-section-id=\"1xqvdvs\" data-start=\"2379\" data-end=\"2425\">\n<p data-start=\"2381\" data-end=\"2425\"><strong data-start=\"2381\" data-end=\"2425\">Laser class and safety requirements<\/strong><\/p>\n<\/li>\n<\/ul>\n<p data-start=\"2427\" data-end=\"2530\">We are happy to support you in choosing the right <strong data-start=\"2484\" data-end=\"2529\">Laser safety goggles for your laser application<\/strong>.<\/p>","protected":false},"excerpt":{"rendered":"<p><a href=\"https:\/\/soliton-gmbh.de\/wp-content\/uploads\/2022\/10\/Logo.png\"><img loading=\"lazy\" decoding=\"async\" class=\"alignnone wp-image-5323\" src=\"https:\/\/soliton-gmbh.de\/wp-content\/uploads\/2022\/10\/Logo-300x118.png\" alt=\"Logo of the company Protect Laserschutz gmbh \" width=\"114\" height=\"45\" srcset=\"https:\/\/soliton-gmbh.de\/wp-content\/uploads\/2022\/10\/Logo-300x118.png 300w, https:\/\/soliton-gmbh.de\/wp-content\/uploads\/2022\/10\/Logo-600x237.png 600w, https:\/\/soliton-gmbh.de\/wp-content\/uploads\/2022\/10\/Logo-18x7.png 18w, https:\/\/soliton-gmbh.de\/wp-content\/uploads\/2022\/10\/Logo.png 700w\" sizes=\"auto, (max-width: 114px) 100vw, 114px\" \/><\/a><\/p>\n<ul>\n<li>certified according to EN 207\/208<\/li>\n<li>For industry, medicine and research &amp; development<\/li>\n<li>Also suitable for people who wear glasses<\/li>\n<\/ul>\n<p>&nbsp;<\/p>","protected":false},"featured_media":5317,"template":"","meta":{"_acf_changed":false,"_uag_custom_page_level_css":"","site-sidebar-layout":"default","site-content-layout":"default","ast-site-content-layout":"default","site-content-style":"default","site-sidebar-style":"default","ast-global-header-display":"","ast-banner-title-visibility":"","ast-main-header-display":"","ast-hfb-above-header-display":"","ast-hfb-below-header-display":"","ast-hfb-mobile-header-display":"","site-post-title":"","ast-breadcrumbs-content":"","ast-featured-img":"","footer-sml-layout":"","ast-disable-related-posts":"","theme-transparent-header-meta":"default","adv-header-id-meta":"","stick-header-meta":"default","header-above-stick-meta":"","header-main-stick-meta":"","header-below-stick-meta":"","astra-migrate-meta-layouts":"set","ast-page-background-enabled":"default","ast-page-background-meta":{"desktop":{"background-color":"","background-image":"","background-repeat":"repeat","background-position":"center center","background-size":"auto","background-attachment":"scroll","background-type":"","background-media":"","overlay-type":"","overlay-color":"","overlay-opacity":"","overlay-gradient":""},"tablet":{"background-color":"","background-image":"","background-repeat":"repeat","background-position":"center center","background-size":"auto","background-attachment":"scroll","background-type":"","background-media":"","overlay-type":"","overlay-color":"","overlay-opacity":"","overlay-gradient":""},"mobile":{"background-color":"","background-image":"","background-repeat":"repeat","background-position":"center center","background-size":"auto","background-attachment":"scroll","background-type":"","background-media":"","overlay-type":"","overlay-color":"","overlay-opacity":"","overlay-gradient":""}},"ast-content-background-meta":{"desktop":{"background-color":"var(--ast-global-color-5)","background-image":"","background-repeat":"repeat","background-position":"center center","background-size":"auto","background-attachment":"scroll","background-type":"","background-media":"","overlay-type":"","overlay-color":"","overlay-opacity":"","overlay-gradient":""},"tablet":{"background-color":"var(--ast-global-color-5)","background-image":"","background-repeat":"repeat","background-position":"center center","background-size":"auto","background-attachment":"scroll","background-type":"","background-media":"","overlay-type":"","overlay-color":"","overlay-opacity":"","overlay-gradient":""},"mobile":{"background-color":"var(--ast-global-color-5)","background-image":"","background-repeat":"repeat","background-position":"center center","background-size":"auto","background-attachment":"scroll","background-type":"","background-media":"","overlay-type":"","overlay-color":"","overlay-opacity":"","overlay-gradient":""}}},"product_brand":[1602],"product_cat":[27,33],"product_tag":[1091,1092,1087,1095,1088,1085,1086,1093,1089,1094,1090],"class_list":{"0":"post-4690","1":"product","2":"type-product","3":"status-publish","4":"has-post-thumbnail","6":"product_brand-protect-laserschutz","7":"product_cat-laser","8":"product_cat-laserschutz","9":"product_tag-komfortable-laserschutzbrillen","10":"product_tag-kunststoff-laserfilter","11":"product_tag-laserbrillen-din-en-207","12":"product_tag-laserschutz-din-geprueft","13":"product_tag-laserschutz-filter","14":"product_tag-laserschutzbrillen","15":"product_tag-laserschutzbrillen-kaufen","16":"product_tag-mineralglas-schutzbrillen","17":"product_tag-schutzbrillen-fuer-laser","18":"product_tag-sicherheit-bei-lasern","19":"product_tag-wellenlaengen-spezifische-filter","20":"desktop-align-left","21":"tablet-align-center","22":"mobile-align-center","23":"ast-product-gallery-layout-horizontal-slider","24":"ast-magnify-disabled","25":"ast-product-tabs-layout-horizontal","27":"first","28":"instock","29":"downloadable","30":"virtual","31":"sold-individually","32":"purchasable","33":"product-type-simple"},"acf":[],"yoast_head":"<!-- This site is optimized with the Yoast SEO Premium plugin v27.2 (Yoast SEO v27.4) - https:\/\/yoast.com\/product\/yoast-seo-premium-wordpress\/ -->\n<title>Laserschutzbrillen - Soliton<\/title>\n<meta name=\"description\" content=\"Entdecken Sie hochwertige Laserschutzbrillen mit zertifiziertem Schutz. Perfekt angepasst an Ihre Laseranwendungen, bieten sie Sicherheit und Tragekomfort.\" \/>\n<meta name=\"robots\" content=\"index, follow, max-snippet:-1, max-image-preview:large, max-video-preview:-1\" \/>\n<link rel=\"canonical\" href=\"https:\/\/soliton-gmbh.de\/en\/product\/laser-safety-goggles\/\" \/>\n<meta property=\"og:locale\" content=\"en_US\" \/>\n<meta property=\"og:type\" content=\"article\" \/>\n<meta property=\"og:title\" content=\"Laserschutzbrillen\" \/>\n<meta property=\"og:description\" content=\"Entdecken Sie hochwertige Laserschutzbrillen mit zertifiziertem Schutz. Perfekt angepasst an Ihre Laseranwendungen, bieten sie Sicherheit und Tragekomfort.\" \/>\n<meta property=\"og:url\" content=\"https:\/\/soliton-gmbh.de\/en\/product\/laser-safety-goggles\/\" \/>\n<meta property=\"og:site_name\" content=\"Soliton Laser- und Messtechnik GmbH\" \/>\n<meta property=\"article:modified_time\" content=\"2026-03-23T21:42:25+00:00\" \/>\n<meta property=\"og:image\" content=\"https:\/\/soliton-gmbh.de\/wp-content\/uploads\/2022\/10\/IMG_2555_bearbeitet_web.jpg\" \/>\n\t<meta property=\"og:image:width\" content=\"960\" \/>\n\t<meta property=\"og:image:height\" content=\"720\" \/>\n\t<meta property=\"og:image:type\" content=\"image\/jpeg\" \/>\n<meta name=\"twitter:card\" content=\"summary_large_image\" \/>\n<meta name=\"twitter:label1\" content=\"Price\" \/>\n\t<meta name=\"twitter:data1\" content=\"&euro;0.00\" \/>\n\t<meta name=\"twitter:label2\" content=\"Availability\" \/>\n\t<meta name=\"twitter:data2\" content=\"In stock\" \/>\n<script type=\"application\/ld+json\" class=\"yoast-schema-graph\">{\"@context\":\"https:\\\/\\\/schema.org\",\"@graph\":[{\"@type\":\"WebPage\",\"@id\":\"https:\\\/\\\/soliton-gmbh.de\\\/produkt\\\/laserschutzbrillen\\\/\",\"url\":\"https:\\\/\\\/soliton-gmbh.de\\\/produkt\\\/laserschutzbrillen\\\/\",\"name\":\"Laserschutzbrillen - Soliton\",\"isPartOf\":{\"@id\":\"https:\\\/\\\/soliton-gmbh.de\\\/#website\"},\"primaryImageOfPage\":{\"@id\":\"https:\\\/\\\/soliton-gmbh.de\\\/produkt\\\/laserschutzbrillen\\\/#primaryimage\"},\"image\":{\"@id\":\"https:\\\/\\\/soliton-gmbh.de\\\/produkt\\\/laserschutzbrillen\\\/#primaryimage\"},\"thumbnailUrl\":\"https:\\\/\\\/soliton-gmbh.de\\\/wp-content\\\/uploads\\\/2022\\\/10\\\/IMG_2555_bearbeitet_web.jpg\",\"datePublished\":\"2022-10-24T11:26:51+00:00\",\"dateModified\":\"2026-03-23T21:42:25+00:00\",\"description\":\"Entdecken Sie hochwertige Laserschutzbrillen mit zertifiziertem Schutz. Perfekt angepasst an Ihre Laseranwendungen, bieten sie Sicherheit und Tragekomfort.\",\"breadcrumb\":{\"@id\":\"https:\\\/\\\/soliton-gmbh.de\\\/produkt\\\/laserschutzbrillen\\\/#breadcrumb\"},\"inLanguage\":\"en-US\",\"potentialAction\":[{\"@type\":\"ReadAction\",\"target\":[\"https:\\\/\\\/soliton-gmbh.de\\\/produkt\\\/laserschutzbrillen\\\/\"]}]},{\"@type\":\"ImageObject\",\"inLanguage\":\"en-US\",\"@id\":\"https:\\\/\\\/soliton-gmbh.de\\\/produkt\\\/laserschutzbrillen\\\/#primaryimage\",\"url\":\"https:\\\/\\\/soliton-gmbh.de\\\/wp-content\\\/uploads\\\/2022\\\/10\\\/IMG_2555_bearbeitet_web.jpg\",\"contentUrl\":\"https:\\\/\\\/soliton-gmbh.de\\\/wp-content\\\/uploads\\\/2022\\\/10\\\/IMG_2555_bearbeitet_web.jpg\",\"width\":960,\"height\":720,\"caption\":\"Laserschutzbrillen\"},{\"@type\":\"BreadcrumbList\",\"@id\":\"https:\\\/\\\/soliton-gmbh.de\\\/produkt\\\/laserschutzbrillen\\\/#breadcrumb\",\"itemListElement\":[{\"@type\":\"ListItem\",\"position\":1,\"name\":\"Startseite\",\"item\":\"https:\\\/\\\/soliton-gmbh.de\\\/\"},{\"@type\":\"ListItem\",\"position\":2,\"name\":\"Produkte\",\"item\":\"https:\\\/\\\/soliton-gmbh.de\\\/produkte\\\/\"},{\"@type\":\"ListItem\",\"position\":3,\"name\":\"Laserschutzbrillen\"}]},{\"@type\":\"WebSite\",\"@id\":\"https:\\\/\\\/soliton-gmbh.de\\\/#website\",\"url\":\"https:\\\/\\\/soliton-gmbh.de\\\/\",\"name\":\"Soliton Laser- und Messtechnik GmbH\",\"description\":\"\",\"publisher\":{\"@id\":\"https:\\\/\\\/soliton-gmbh.de\\\/#organization\"},\"potentialAction\":[{\"@type\":\"SearchAction\",\"target\":{\"@type\":\"EntryPoint\",\"urlTemplate\":\"https:\\\/\\\/soliton-gmbh.de\\\/?s={search_term_string}\"},\"query-input\":{\"@type\":\"PropertyValueSpecification\",\"valueRequired\":true,\"valueName\":\"search_term_string\"}}],\"inLanguage\":\"en-US\"},{\"@type\":\"Organization\",\"@id\":\"https:\\\/\\\/soliton-gmbh.de\\\/#organization\",\"name\":\"Soliton GmbH\",\"url\":\"https:\\\/\\\/soliton-gmbh.de\\\/\",\"logo\":{\"@type\":\"ImageObject\",\"inLanguage\":\"en-US\",\"@id\":\"https:\\\/\\\/soliton-gmbh.de\\\/#\\\/schema\\\/logo\\\/image\\\/\",\"url\":\"https:\\\/\\\/soliton-gmbh.de\\\/wp-content\\\/uploads\\\/2022\\\/08\\\/cropped-soliton-logo.png\",\"contentUrl\":\"https:\\\/\\\/soliton-gmbh.de\\\/wp-content\\\/uploads\\\/2022\\\/08\\\/cropped-soliton-logo.png\",\"width\":500,\"height\":350,\"caption\":\"Soliton GmbH\"},\"image\":{\"@id\":\"https:\\\/\\\/soliton-gmbh.de\\\/#\\\/schema\\\/logo\\\/image\\\/\"}}]}<\/script>\n<meta property=\"product:price:amount\" content=\"0.00\" \/>\n<meta property=\"product:price:currency\" content=\"EUR\" \/>\n<meta property=\"og:availability\" content=\"instock\" \/>\n<meta property=\"product:availability\" content=\"instock\" \/>\n<meta property=\"product:condition\" content=\"new\" \/>\n<!-- \/ Yoast SEO Premium plugin. -->","yoast_head_json":{"title":"Laser safety eyewear - Soliton","description":"Discover high-quality laser safety eyewear with certified protection. Perfectly adapted to your laser applications, they offer safety and comfort.","robots":{"index":"index","follow":"follow","max-snippet":"max-snippet:-1","max-image-preview":"max-image-preview:large","max-video-preview":"max-video-preview:-1"},"canonical":"https:\/\/soliton-gmbh.de\/en\/product\/laser-safety-goggles\/","og_locale":"en_US","og_type":"article","og_title":"Laserschutzbrillen","og_description":"Entdecken Sie hochwertige Laserschutzbrillen mit zertifiziertem Schutz. Perfekt angepasst an Ihre Laseranwendungen, bieten sie Sicherheit und Tragekomfort.","og_url":"https:\/\/soliton-gmbh.de\/en\/product\/laser-safety-goggles\/","og_site_name":"Soliton Laser- und Messtechnik GmbH","article_modified_time":"2026-03-23T21:42:25+00:00","og_image":[{"width":960,"height":720,"url":"https:\/\/soliton-gmbh.de\/wp-content\/uploads\/2022\/10\/IMG_2555_bearbeitet_web.jpg","type":"image\/jpeg"}],"twitter_card":"summary_large_image","twitter_misc":{"Price":"&euro;0.00","Availability":"In stock"},"schema":{"@context":"https:\/\/schema.org","@graph":[{"@type":"WebPage","@id":"https:\/\/soliton-gmbh.de\/produkt\/laserschutzbrillen\/","url":"https:\/\/soliton-gmbh.de\/produkt\/laserschutzbrillen\/","name":"Laser safety eyewear - Soliton","isPartOf":{"@id":"https:\/\/soliton-gmbh.de\/#website"},"primaryImageOfPage":{"@id":"https:\/\/soliton-gmbh.de\/produkt\/laserschutzbrillen\/#primaryimage"},"image":{"@id":"https:\/\/soliton-gmbh.de\/produkt\/laserschutzbrillen\/#primaryimage"},"thumbnailUrl":"https:\/\/soliton-gmbh.de\/wp-content\/uploads\/2022\/10\/IMG_2555_bearbeitet_web.jpg","datePublished":"2022-10-24T11:26:51+00:00","dateModified":"2026-03-23T21:42:25+00:00","description":"Discover high-quality laser safety eyewear with certified protection. Perfectly adapted to your laser applications, they offer safety and comfort.","breadcrumb":{"@id":"https:\/\/soliton-gmbh.de\/produkt\/laserschutzbrillen\/#breadcrumb"},"inLanguage":"en-US","potentialAction":[{"@type":"ReadAction","target":["https:\/\/soliton-gmbh.de\/produkt\/laserschutzbrillen\/"]}]},{"@type":"ImageObject","inLanguage":"en-US","@id":"https:\/\/soliton-gmbh.de\/produkt\/laserschutzbrillen\/#primaryimage","url":"https:\/\/soliton-gmbh.de\/wp-content\/uploads\/2022\/10\/IMG_2555_bearbeitet_web.jpg","contentUrl":"https:\/\/soliton-gmbh.de\/wp-content\/uploads\/2022\/10\/IMG_2555_bearbeitet_web.jpg","width":960,"height":720,"caption":"Laserschutzbrillen"},{"@type":"BreadcrumbList","@id":"https:\/\/soliton-gmbh.de\/produkt\/laserschutzbrillen\/#breadcrumb","itemListElement":[{"@type":"ListItem","position":1,"name":"Startseite","item":"https:\/\/soliton-gmbh.de\/"},{"@type":"ListItem","position":2,"name":"Produkte","item":"https:\/\/soliton-gmbh.de\/produkte\/"},{"@type":"ListItem","position":3,"name":"Laserschutzbrillen"}]},{"@type":"WebSite","@id":"https:\/\/soliton-gmbh.de\/#website","url":"https:\/\/soliton-gmbh.de\/","name":"Soliton Laser- und Messtechnik GmbH","description":"","publisher":{"@id":"https:\/\/soliton-gmbh.de\/#organization"},"potentialAction":[{"@type":"SearchAction","target":{"@type":"EntryPoint","urlTemplate":"https:\/\/soliton-gmbh.de\/?s={search_term_string}"},"query-input":{"@type":"PropertyValueSpecification","valueRequired":true,"valueName":"search_term_string"}}],"inLanguage":"en-US"},{"@type":"Organization","@id":"https:\/\/soliton-gmbh.de\/#organization","name":"Soliton GmbH","url":"https:\/\/soliton-gmbh.de\/","logo":{"@type":"ImageObject","inLanguage":"en-US","@id":"https:\/\/soliton-gmbh.de\/#\/schema\/logo\/image\/","url":"https:\/\/soliton-gmbh.de\/wp-content\/uploads\/2022\/08\/cropped-soliton-logo.png","contentUrl":"https:\/\/soliton-gmbh.de\/wp-content\/uploads\/2022\/08\/cropped-soliton-logo.png","width":500,"height":350,"caption":"Soliton GmbH"},"image":{"@id":"https:\/\/soliton-gmbh.de\/#\/schema\/logo\/image\/"}}]},"product_price_amount":"0.00","product_price_currency":"EUR","og_availability":"instock","product_availability":"instock","product_condition":"new"},"uagb_featured_image_src":{"full":["https:\/\/soliton-gmbh.de\/wp-content\/uploads\/2022\/10\/IMG_2555_bearbeitet_web.jpg",960,720,false],"thumbnail":["https:\/\/soliton-gmbh.de\/wp-content\/uploads\/2022\/10\/IMG_2555_bearbeitet_web-150x150.jpg",150,150,true],"medium":["https:\/\/soliton-gmbh.de\/wp-content\/uploads\/2022\/10\/IMG_2555_bearbeitet_web-300x225.jpg",300,225,true],"medium_large":["https:\/\/soliton-gmbh.de\/wp-content\/uploads\/2022\/10\/IMG_2555_bearbeitet_web-768x576.jpg",768,576,true],"large":["https:\/\/soliton-gmbh.de\/wp-content\/uploads\/2022\/10\/IMG_2555_bearbeitet_web.jpg",960,720,false],"1536x1536":["https:\/\/soliton-gmbh.de\/wp-content\/uploads\/2022\/10\/IMG_2555_bearbeitet_web.jpg",960,720,false],"2048x2048":["https:\/\/soliton-gmbh.de\/wp-content\/uploads\/2022\/10\/IMG_2555_bearbeitet_web.jpg",960,720,false],"trp-custom-language-flag":["https:\/\/soliton-gmbh.de\/wp-content\/uploads\/2022\/10\/IMG_2555_bearbeitet_web-16x12.jpg",16,12,true],"woocommerce_thumbnail":["https:\/\/soliton-gmbh.de\/wp-content\/uploads\/2022\/10\/IMG_2555_bearbeitet_web-600x450.jpg",600,450,true],"woocommerce_single":["https:\/\/soliton-gmbh.de\/wp-content\/uploads\/2022\/10\/IMG_2555_bearbeitet_web.jpg",960,720,false],"woocommerce_gallery_thumbnail":["https:\/\/soliton-gmbh.de\/wp-content\/uploads\/2022\/10\/IMG_2555_bearbeitet_web-300x300.jpg",300,300,true]},"uagb_author_info":{"display_name":"admin","author_link":"https:\/\/soliton-gmbh.de\/en\/author\/"},"uagb_comment_info":0,"uagb_excerpt":"zertifiziert nach EN 207\/208 F\u00fcr Industrie, Medizin und Forschung &amp; Entwicklung Auch f\u00fcr Brillentr\u00e4ger geeignet &nbsp;","_links":{"self":[{"href":"https:\/\/soliton-gmbh.de\/en\/wp-json\/wp\/v2\/product\/4690","targetHints":{"allow":["GET"]}}],"collection":[{"href":"https:\/\/soliton-gmbh.de\/en\/wp-json\/wp\/v2\/product"}],"about":[{"href":"https:\/\/soliton-gmbh.de\/en\/wp-json\/wp\/v2\/types\/product"}],"wp:featuredmedia":[{"embeddable":true,"href":"https:\/\/soliton-gmbh.de\/en\/wp-json\/wp\/v2\/media\/5317"}],"wp:attachment":[{"href":"https:\/\/soliton-gmbh.de\/en\/wp-json\/wp\/v2\/media?parent=4690"}],"wp:term":[{"taxonomy":"product_brand","embeddable":true,"href":"https:\/\/soliton-gmbh.de\/en\/wp-json\/wp\/v2\/product_brand?post=4690"},{"taxonomy":"product_cat","embeddable":true,"href":"https:\/\/soliton-gmbh.de\/en\/wp-json\/wp\/v2\/product_cat?post=4690"},{"taxonomy":"product_tag","embeddable":true,"href":"https:\/\/soliton-gmbh.de\/en\/wp-json\/wp\/v2\/product_tag?post=4690"}],"curies":[{"name":"wp","href":"https:\/\/api.w.org\/{rel}","templated":true}]}}