{"id":4689,"date":"2022-10-24T11:26:28","date_gmt":"2022-10-24T11:26:28","guid":{"rendered":"https:\/\/soliton.selectcode.io\/?post_type=product&#038;p=4689"},"modified":"2026-03-23T22:39:18","modified_gmt":"2026-03-23T21:39:18","slug":"picosecond-laser","status":"publish","type":"product","link":"https:\/\/soliton-gmbh.de\/en\/produkt\/pikosekundenlaser\/","title":{"rendered":"picosecond laser"},"content":{"rendered":"<h1>Picosecond laser for precise micro material processing<\/h1>\n<p>The picosecond lasers from Advanced Optowave deliver ultra-short pulses in the range of a few picoseconds and thus enable almost thermally neutral material processing. The high peak power and exact beam quality make them ideal for applications where precision and minimal heat exposure are crucial.<\/p>\n<h2>Technical properties<\/h2>\n<p>These lasers operate in the infrared, green or UV range and offer outputs that can be optimally adapted to industrial or scientific requirements, depending on the model. The combination of a high repetition rate and short pulse duration enables fast processing speeds with maximum detail accuracy.<\/p>\n<h2>Advantages of picosecond lasers<\/h2>\n<p>Due to the extremely short pulses, the material is removed so quickly that there is no significant heat conduction to adjacent areas. This prevents melting edges and material stresses. The lasers are compact, low-maintenance and designed for continuous operation in production lines.<\/p>\n<h2>Areas of application<\/h2>\n<p>Picosecond lasers are suitable for micro material processing in the electronics industry, for drilling circuit boards, structuring solar cells and for fine engraving in metals and plastics. In medical technology, they are used for precise cuts in sensitive materials.<\/p>\n<h2>Contact and advice<\/h2>\n<p>For technical details and customized configurations, we will be happy to put together an individual offer for you. Visit our product page. Further information on ultrashort pulse lasers can be found at <a href=\"https:\/\/spie.org\/\">SPIE - The International Society for Optics and Photonics<\/a>.<\/p>","protected":false},"excerpt":{"rendered":"<p><a href=\"https:\/\/soliton-gmbh.de\/wp-content\/uploads\/2022\/08\/soliton-logo.png\"><img loading=\"lazy\" decoding=\"async\" class=\"alignnone wp-image-4486\" src=\"https:\/\/soliton-gmbh.de\/wp-content\/uploads\/2022\/08\/soliton-logo.png\" alt=\"\" width=\"130\" height=\"91\" srcset=\"https:\/\/soliton-gmbh.de\/wp-content\/uploads\/2022\/08\/soliton-logo.png 500w, https:\/\/soliton-gmbh.de\/wp-content\/uploads\/2022\/08\/soliton-logo-300x210.png 300w, https:\/\/soliton-gmbh.de\/wp-content\/uploads\/2022\/08\/soliton-logo-18x12.png 18w\" sizes=\"auto, (max-width: 130px) 100vw, 130px\" \/><\/a><\/p>\n<ul>\n<li>Laser micro machining<\/li>\n<li>Laser Via Drilling<\/li>\n<li>Flex Circuit Cutting<\/li>\n<\/ul>\n<p>Contact person: Wolf Wagner (Ph.D.)<\/p>\n<p>&nbsp;<\/p>","protected":false},"featured_media":5268,"template":"","meta":{"_acf_changed":false,"_uag_custom_page_level_css":"","site-sidebar-layout":"default","site-content-layout":"default","ast-site-content-layout":"default","site-content-style":"default","site-sidebar-style":"default","ast-global-header-display":"","ast-banner-title-visibility":"","ast-main-header-display":"","ast-hfb-above-header-display":"","ast-hfb-below-header-display":"","ast-hfb-mobile-header-display":"","site-post-title":"","ast-breadcrumbs-content":"","ast-featured-img":"","footer-sml-layout":"","ast-disable-related-posts":"","theme-transparent-header-meta":"default","adv-header-id-meta":"","stick-header-meta":"default","header-above-stick-meta":"","header-main-stick-meta":"","header-below-stick-meta":"","astra-migrate-meta-layouts":"set","ast-page-background-enabled":"default","ast-page-background-meta":{"desktop":{"background-color":"","background-image":"","background-repeat":"repeat","background-position":"center center","background-size":"auto","background-attachment":"scroll","background-type":"","background-media":"","overlay-type":"","overlay-color":"","overlay-opacity":"","overlay-gradient":""},"tablet":{"background-color":"","background-image":"","background-repeat":"repeat","background-position":"center center","background-size":"auto","background-attachment":"scroll","background-type":"","background-media":"","overlay-type":"","overlay-color":"","overlay-opacity":"","overlay-gradient":""},"mobile":{"background-color":"","background-image":"","background-repeat":"repeat","background-position":"center center","background-size":"auto","background-attachment":"scroll","background-type":"","background-media":"","overlay-type":"","overlay-color":"","overlay-opacity":"","overlay-gradient":""}},"ast-content-background-meta":{"desktop":{"background-color":"var(--ast-global-color-5)","background-image":"","background-repeat":"repeat","background-position":"center center","background-size":"auto","background-attachment":"scroll","background-type":"","background-media":"","overlay-type":"","overlay-color":"","overlay-opacity":"","overlay-gradient":""},"tablet":{"background-color":"var(--ast-global-color-5)","background-image":"","background-repeat":"repeat","background-position":"center center","background-size":"auto","background-attachment":"scroll","background-type":"","background-media":"","overlay-type":"","overlay-color":"","overlay-opacity":"","overlay-gradient":""},"mobile":{"background-color":"var(--ast-global-color-5)","background-image":"","background-repeat":"repeat","background-position":"center center","background-size":"auto","background-attachment":"scroll","background-type":"","background-media":"","overlay-type":"","overlay-color":"","overlay-opacity":"","overlay-gradient":""}}},"product_brand":[1601],"product_cat":[71],"product_tag":[],"class_list":{"0":"post-4689","1":"product","2":"type-product","3":"status-publish","4":"has-post-thumbnail","6":"product_brand-advanced-optowave","7":"product_cat-ultrakurzpulslaser","8":"desktop-align-left","9":"tablet-align-center","10":"mobile-align-center","11":"ast-product-gallery-layout-horizontal-slider","12":"ast-product-gallery-with-no-image","13":"ast-magnify-disabled","14":"ast-product-single-variable","15":"ast-product-tabs-layout-horizontal","17":"first","18":"instock","19":"sold-individually","20":"shipping-taxable","21":"purchasable","22":"product-type-variable","23":"has-default-attributes"},"acf":[],"yoast_head":"<!-- This site is optimized with the Yoast SEO Premium plugin v27.2 (Yoast SEO v27.5) - https:\/\/yoast.com\/product\/yoast-seo-premium-wordpress\/ -->\n<title>Pikosekundenlaser - Soliton<\/title>\n<meta name=\"description\" content=\"Pikosekundenlaser f\u00fcr pr\u00e4zise, thermisch neutrale Mikromaterialbearbeitung. Ideal f\u00fcr Elektronik, Medizintechnik und industrielle Feinanwendungen.\" \/>\n<meta name=\"robots\" content=\"index, follow, max-snippet:-1, max-image-preview:large, max-video-preview:-1\" \/>\n<link rel=\"canonical\" href=\"https:\/\/soliton-gmbh.de\/en\/product\/picosecond-laser\/\" \/>\n<meta property=\"og:locale\" content=\"en_US\" \/>\n<meta property=\"og:type\" content=\"article\" \/>\n<meta property=\"og:title\" content=\"Pikosekundenlaser\" \/>\n<meta property=\"og:description\" content=\"Pikosekundenlaser f\u00fcr pr\u00e4zise, thermisch neutrale Mikromaterialbearbeitung. Ideal f\u00fcr Elektronik, Medizintechnik und industrielle Feinanwendungen.\" \/>\n<meta property=\"og:url\" content=\"https:\/\/soliton-gmbh.de\/en\/product\/picosecond-laser\/\" \/>\n<meta property=\"og:site_name\" content=\"Soliton Laser- und Messtechnik GmbH\" \/>\n<meta property=\"article:modified_time\" content=\"2026-03-23T21:39:18+00:00\" \/>\n<meta property=\"og:image\" content=\"https:\/\/soliton-gmbh.de\/wp-content\/uploads\/2022\/10\/Atarium-Xtr-FREI.jpg\" \/>\n\t<meta property=\"og:image:width\" content=\"1500\" \/>\n\t<meta property=\"og:image:height\" content=\"1128\" \/>\n\t<meta property=\"og:image:type\" content=\"image\/jpeg\" \/>\n<meta name=\"twitter:card\" content=\"summary_large_image\" \/>\n<meta name=\"twitter:label1\" content=\"Availability\" \/>\n\t<meta name=\"twitter:data1\" content=\"In stock\" \/>\n<script type=\"application\/ld+json\" class=\"yoast-schema-graph\">{\"@context\":\"https:\\\/\\\/schema.org\",\"@graph\":[{\"@type\":\"WebPage\",\"@id\":\"https:\\\/\\\/soliton-gmbh.de\\\/produkt\\\/pikosekundenlaser\\\/\",\"url\":\"https:\\\/\\\/soliton-gmbh.de\\\/produkt\\\/pikosekundenlaser\\\/\",\"name\":\"Pikosekundenlaser - Soliton\",\"isPartOf\":{\"@id\":\"https:\\\/\\\/soliton-gmbh.de\\\/#website\"},\"primaryImageOfPage\":{\"@id\":\"https:\\\/\\\/soliton-gmbh.de\\\/produkt\\\/pikosekundenlaser\\\/#primaryimage\"},\"image\":{\"@id\":\"https:\\\/\\\/soliton-gmbh.de\\\/produkt\\\/pikosekundenlaser\\\/#primaryimage\"},\"thumbnailUrl\":\"https:\\\/\\\/soliton-gmbh.de\\\/wp-content\\\/uploads\\\/2022\\\/10\\\/Atarium-Xtr-FREI.jpg\",\"datePublished\":\"2022-10-24T11:26:28+00:00\",\"dateModified\":\"2026-03-23T21:39:18+00:00\",\"description\":\"Pikosekundenlaser f\u00fcr pr\u00e4zise, thermisch neutrale Mikromaterialbearbeitung. Ideal f\u00fcr Elektronik, Medizintechnik und industrielle Feinanwendungen.\",\"breadcrumb\":{\"@id\":\"https:\\\/\\\/soliton-gmbh.de\\\/produkt\\\/pikosekundenlaser\\\/#breadcrumb\"},\"inLanguage\":\"en-US\",\"potentialAction\":[{\"@type\":\"ReadAction\",\"target\":[\"https:\\\/\\\/soliton-gmbh.de\\\/produkt\\\/pikosekundenlaser\\\/\"]}]},{\"@type\":\"ImageObject\",\"inLanguage\":\"en-US\",\"@id\":\"https:\\\/\\\/soliton-gmbh.de\\\/produkt\\\/pikosekundenlaser\\\/#primaryimage\",\"url\":\"https:\\\/\\\/soliton-gmbh.de\\\/wp-content\\\/uploads\\\/2022\\\/10\\\/Atarium-Xtr-FREI.jpg\",\"contentUrl\":\"https:\\\/\\\/soliton-gmbh.de\\\/wp-content\\\/uploads\\\/2022\\\/10\\\/Atarium-Xtr-FREI.jpg\",\"width\":1500,\"height\":1128,\"caption\":\"Pikosekundenlaser von Advanced Optowave f\u00fcr pr\u00e4zise, thermisch neutrale Mikromaterialbearbeitung in Industrie und Forschung.\"},{\"@type\":\"BreadcrumbList\",\"@id\":\"https:\\\/\\\/soliton-gmbh.de\\\/produkt\\\/pikosekundenlaser\\\/#breadcrumb\",\"itemListElement\":[{\"@type\":\"ListItem\",\"position\":1,\"name\":\"Startseite\",\"item\":\"https:\\\/\\\/soliton-gmbh.de\\\/\"},{\"@type\":\"ListItem\",\"position\":2,\"name\":\"Produkte\",\"item\":\"https:\\\/\\\/soliton-gmbh.de\\\/produkte\\\/\"},{\"@type\":\"ListItem\",\"position\":3,\"name\":\"Pikosekundenlaser\"}]},{\"@type\":\"WebSite\",\"@id\":\"https:\\\/\\\/soliton-gmbh.de\\\/#website\",\"url\":\"https:\\\/\\\/soliton-gmbh.de\\\/\",\"name\":\"Soliton Laser- und Messtechnik GmbH\",\"description\":\"\",\"publisher\":{\"@id\":\"https:\\\/\\\/soliton-gmbh.de\\\/#organization\"},\"potentialAction\":[{\"@type\":\"SearchAction\",\"target\":{\"@type\":\"EntryPoint\",\"urlTemplate\":\"https:\\\/\\\/soliton-gmbh.de\\\/?s={search_term_string}\"},\"query-input\":{\"@type\":\"PropertyValueSpecification\",\"valueRequired\":true,\"valueName\":\"search_term_string\"}}],\"inLanguage\":\"en-US\"},{\"@type\":\"Organization\",\"@id\":\"https:\\\/\\\/soliton-gmbh.de\\\/#organization\",\"name\":\"Soliton GmbH\",\"url\":\"https:\\\/\\\/soliton-gmbh.de\\\/\",\"logo\":{\"@type\":\"ImageObject\",\"inLanguage\":\"en-US\",\"@id\":\"https:\\\/\\\/soliton-gmbh.de\\\/#\\\/schema\\\/logo\\\/image\\\/\",\"url\":\"https:\\\/\\\/soliton-gmbh.de\\\/wp-content\\\/uploads\\\/2022\\\/08\\\/cropped-soliton-logo.png\",\"contentUrl\":\"https:\\\/\\\/soliton-gmbh.de\\\/wp-content\\\/uploads\\\/2022\\\/08\\\/cropped-soliton-logo.png\",\"width\":500,\"height\":350,\"caption\":\"Soliton GmbH\"},\"image\":{\"@id\":\"https:\\\/\\\/soliton-gmbh.de\\\/#\\\/schema\\\/logo\\\/image\\\/\"}}]}<\/script>\n<meta property=\"og:availability\" content=\"instock\" \/>\n<meta property=\"product:availability\" content=\"instock\" \/>\n<meta property=\"product:condition\" content=\"new\" \/>\n<!-- \/ Yoast SEO Premium plugin. -->","yoast_head_json":{"title":"Picosecond laser - Soliton","description":"Picosecond laser for precise, thermally neutral micro material processing. Ideal for electronics, medical technology and industrial precision applications.","robots":{"index":"index","follow":"follow","max-snippet":"max-snippet:-1","max-image-preview":"max-image-preview:large","max-video-preview":"max-video-preview:-1"},"canonical":"https:\/\/soliton-gmbh.de\/en\/product\/picosecond-laser\/","og_locale":"en_US","og_type":"article","og_title":"Pikosekundenlaser","og_description":"Pikosekundenlaser f\u00fcr pr\u00e4zise, thermisch neutrale Mikromaterialbearbeitung. Ideal f\u00fcr Elektronik, Medizintechnik und industrielle Feinanwendungen.","og_url":"https:\/\/soliton-gmbh.de\/en\/product\/picosecond-laser\/","og_site_name":"Soliton Laser- und Messtechnik GmbH","article_modified_time":"2026-03-23T21:39:18+00:00","og_image":[{"width":1500,"height":1128,"url":"https:\/\/soliton-gmbh.de\/wp-content\/uploads\/2022\/10\/Atarium-Xtr-FREI.jpg","type":"image\/jpeg"}],"twitter_card":"summary_large_image","twitter_misc":{"Availability":"In stock"},"schema":{"@context":"https:\/\/schema.org","@graph":[{"@type":"WebPage","@id":"https:\/\/soliton-gmbh.de\/produkt\/pikosekundenlaser\/","url":"https:\/\/soliton-gmbh.de\/produkt\/pikosekundenlaser\/","name":"Picosecond laser - Soliton","isPartOf":{"@id":"https:\/\/soliton-gmbh.de\/#website"},"primaryImageOfPage":{"@id":"https:\/\/soliton-gmbh.de\/produkt\/pikosekundenlaser\/#primaryimage"},"image":{"@id":"https:\/\/soliton-gmbh.de\/produkt\/pikosekundenlaser\/#primaryimage"},"thumbnailUrl":"https:\/\/soliton-gmbh.de\/wp-content\/uploads\/2022\/10\/Atarium-Xtr-FREI.jpg","datePublished":"2022-10-24T11:26:28+00:00","dateModified":"2026-03-23T21:39:18+00:00","description":"Picosecond laser for precise, thermally neutral micro material processing. Ideal for electronics, medical technology and industrial precision applications.","breadcrumb":{"@id":"https:\/\/soliton-gmbh.de\/produkt\/pikosekundenlaser\/#breadcrumb"},"inLanguage":"en-US","potentialAction":[{"@type":"ReadAction","target":["https:\/\/soliton-gmbh.de\/produkt\/pikosekundenlaser\/"]}]},{"@type":"ImageObject","inLanguage":"en-US","@id":"https:\/\/soliton-gmbh.de\/produkt\/pikosekundenlaser\/#primaryimage","url":"https:\/\/soliton-gmbh.de\/wp-content\/uploads\/2022\/10\/Atarium-Xtr-FREI.jpg","contentUrl":"https:\/\/soliton-gmbh.de\/wp-content\/uploads\/2022\/10\/Atarium-Xtr-FREI.jpg","width":1500,"height":1128,"caption":"Pikosekundenlaser von Advanced Optowave f\u00fcr pr\u00e4zise, thermisch neutrale Mikromaterialbearbeitung in Industrie und Forschung."},{"@type":"BreadcrumbList","@id":"https:\/\/soliton-gmbh.de\/produkt\/pikosekundenlaser\/#breadcrumb","itemListElement":[{"@type":"ListItem","position":1,"name":"Startseite","item":"https:\/\/soliton-gmbh.de\/"},{"@type":"ListItem","position":2,"name":"Produkte","item":"https:\/\/soliton-gmbh.de\/produkte\/"},{"@type":"ListItem","position":3,"name":"Pikosekundenlaser"}]},{"@type":"WebSite","@id":"https:\/\/soliton-gmbh.de\/#website","url":"https:\/\/soliton-gmbh.de\/","name":"Soliton Laser- und Messtechnik GmbH","description":"","publisher":{"@id":"https:\/\/soliton-gmbh.de\/#organization"},"potentialAction":[{"@type":"SearchAction","target":{"@type":"EntryPoint","urlTemplate":"https:\/\/soliton-gmbh.de\/?s={search_term_string}"},"query-input":{"@type":"PropertyValueSpecification","valueRequired":true,"valueName":"search_term_string"}}],"inLanguage":"en-US"},{"@type":"Organization","@id":"https:\/\/soliton-gmbh.de\/#organization","name":"Soliton GmbH","url":"https:\/\/soliton-gmbh.de\/","logo":{"@type":"ImageObject","inLanguage":"en-US","@id":"https:\/\/soliton-gmbh.de\/#\/schema\/logo\/image\/","url":"https:\/\/soliton-gmbh.de\/wp-content\/uploads\/2022\/08\/cropped-soliton-logo.png","contentUrl":"https:\/\/soliton-gmbh.de\/wp-content\/uploads\/2022\/08\/cropped-soliton-logo.png","width":500,"height":350,"caption":"Soliton GmbH"},"image":{"@id":"https:\/\/soliton-gmbh.de\/#\/schema\/logo\/image\/"}}]},"og_availability":"instock","product_availability":"instock","product_condition":"new"},"uagb_featured_image_src":{"full":["https:\/\/soliton-gmbh.de\/wp-content\/uploads\/2022\/10\/Atarium-Xtr-FREI.jpg",1500,1128,false],"thumbnail":["https:\/\/soliton-gmbh.de\/wp-content\/uploads\/2022\/10\/Atarium-Xtr-FREI-150x150.jpg",150,150,true],"medium":["https:\/\/soliton-gmbh.de\/wp-content\/uploads\/2022\/10\/Atarium-Xtr-FREI-300x226.jpg",300,226,true],"medium_large":["https:\/\/soliton-gmbh.de\/wp-content\/uploads\/2022\/10\/Atarium-Xtr-FREI-768x578.jpg",768,578,true],"large":["https:\/\/soliton-gmbh.de\/wp-content\/uploads\/2022\/10\/Atarium-Xtr-FREI-1024x770.jpg",1024,770,true],"1536x1536":["https:\/\/soliton-gmbh.de\/wp-content\/uploads\/2022\/10\/Atarium-Xtr-FREI.jpg",1500,1128,false],"2048x2048":["https:\/\/soliton-gmbh.de\/wp-content\/uploads\/2022\/10\/Atarium-Xtr-FREI.jpg",1500,1128,false],"trp-custom-language-flag":["https:\/\/soliton-gmbh.de\/wp-content\/uploads\/2022\/10\/Atarium-Xtr-FREI-16x12.jpg",16,12,true],"woocommerce_thumbnail":["https:\/\/soliton-gmbh.de\/wp-content\/uploads\/2022\/10\/Atarium-Xtr-FREI-600x451.jpg",600,451,true],"woocommerce_single":["https:\/\/soliton-gmbh.de\/wp-content\/uploads\/2022\/10\/Atarium-Xtr-FREI-1200x902.jpg",1200,902,true],"woocommerce_gallery_thumbnail":["https:\/\/soliton-gmbh.de\/wp-content\/uploads\/2022\/10\/Atarium-Xtr-FREI-300x300.jpg",300,300,true]},"uagb_author_info":{"display_name":"admin","author_link":"https:\/\/soliton-gmbh.de\/en\/author\/"},"uagb_comment_info":0,"uagb_excerpt":"Lasermaterialbearbeitung Laser Via Drilling Flex Circuits Cutting Ansprechpartner: Dr. Wolf-Dieter Wagner &nbsp;","_links":{"self":[{"href":"https:\/\/soliton-gmbh.de\/en\/wp-json\/wp\/v2\/product\/4689","targetHints":{"allow":["GET"]}}],"collection":[{"href":"https:\/\/soliton-gmbh.de\/en\/wp-json\/wp\/v2\/product"}],"about":[{"href":"https:\/\/soliton-gmbh.de\/en\/wp-json\/wp\/v2\/types\/product"}],"wp:featuredmedia":[{"embeddable":true,"href":"https:\/\/soliton-gmbh.de\/en\/wp-json\/wp\/v2\/media\/5268"}],"wp:attachment":[{"href":"https:\/\/soliton-gmbh.de\/en\/wp-json\/wp\/v2\/media?parent=4689"}],"wp:term":[{"taxonomy":"product_brand","embeddable":true,"href":"https:\/\/soliton-gmbh.de\/en\/wp-json\/wp\/v2\/product_brand?post=4689"},{"taxonomy":"product_cat","embeddable":true,"href":"https:\/\/soliton-gmbh.de\/en\/wp-json\/wp\/v2\/product_cat?post=4689"},{"taxonomy":"product_tag","embeddable":true,"href":"https:\/\/soliton-gmbh.de\/en\/wp-json\/wp\/v2\/product_tag?post=4689"}],"curies":[{"name":"wp","href":"https:\/\/api.w.org\/{rel}","templated":true}]}}