{"id":11774,"date":"2026-03-09T16:46:46","date_gmt":"2026-03-09T15:46:46","guid":{"rendered":"https:\/\/soliton-gmbh.de\/?post_type=product&#038;p=11774"},"modified":"2026-05-07T18:25:33","modified_gmt":"2026-05-07T16:25:33","slug":"wavefront-camera-swir","status":"publish","type":"product","link":"https:\/\/soliton-gmbh.de\/en\/produkt\/wellenfrontkamera-swir\/","title":{"rendered":"Wavefront camera - SWIR"},"content":{"rendered":"<p>The <strong>TAKUME camera from SILIOS Technologies<\/strong> ist eine Snapshot-Wellenfrontkamera f\u00fcr die Analyse optischer Systeme im kurzwelligen Infrarotbereich (SWIR). Sie erm\u00f6glicht die direkte Aufnahme von Wellenfrontbildern und Intensit\u00e4tsdaten in einem einzigen Messvorgang und eignet sich damit f\u00fcr pr\u00e4zise optische Charakterisierung und Metrologie.<\/p>\n<p>Die Kamera basiert auf der COLOR-SHADES\u00ae Technologie, bei der mikro-optische Strukturen direkt auf einen Bildsensor hybridisiert werden. Dieses Verfahren erlaubt eine kompakte Bauweise und eine schnelle Wellenfrontanalyse ohne zus\u00e4tzliche optische Komponenten.<\/p>\n<p>Mit einer nativen Sensoraufl\u00f6sung von 1296 \u00d7 1032 Pixeln (1,3 MP) und einer Wellenfrontaufl\u00f6sung von 432 \u00d7 344 Pixeln liefert die TAKUME Kamera hochaufgel\u00f6ste Wellenfrontdaten f\u00fcr anspruchsvolle Anwendungen in Forschung und Industrie.<\/p>\n<p>Der spektrale Arbeitsbereich der Kamera liegt im SWIR-Bereich von 900 bis 1700 nm, wodurch sie sich besonders f\u00fcr Anwendungen eignet, bei denen klassische sichtbare Kameras nicht eingesetzt werden k\u00f6nnen.<\/p>\n<h4>Comparison of the Silios wavefront cameras:<\/h4>\n<p>&nbsp;<\/p>\n<table>\n<thead>\n<tr>\n<th>Model<\/th>\n<th>spectral range<\/th>\n<th>Main strength<\/th>\n<th>Sensor resolution<\/th>\n<th>Wavefront resolution<\/th>\n<th>Technology<\/th>\n<th>Typical applications<\/th>\n<\/tr>\n<\/thead>\n<tbody>\n<tr>\n<td><strong>MAKATEA Cam<\/strong><\/td>\n<td>400-900 nm (visible)<\/td>\n<td>Very high phase sensitivity (&lt; 1 nm RMS)<\/td>\n<td>2048 x 2048 (4.2 MP)<\/td>\n<td>680 x 680<\/td>\n<td>QLSI (Quadriwave Lateral Shearing Interferometry)<\/td>\n<td>Quantitative phase microscopy, cell analysis, label-free microscopy<\/td>\n<\/tr>\n<tr>\n<td><strong>TIKEI Cam<\/strong><\/td>\n<td>400-900 nm (visible)<\/td>\n<td>High spatial resolution for wavefront analysis<\/td>\n<td>4500 x 4500 ( 20 MP)<\/td>\n<td>1500 x 1500<\/td>\n<td>Micro-optical wavefront structure<\/td>\n<td>Microscopy, material analysis, optical system diagnostics<\/td>\n<\/tr>\n<tr>\n<td><strong>TAKUME SWIR Cam<\/strong><\/td>\n<td>900-1700 nm (SWIR)<\/td>\n<td>Wavefront measurement in the infrared range<\/td>\n<td>1296 \u00d7 1032 (1.3 MP)<\/td>\n<td>432 \u00d7 344<\/td>\n<td>COLOR-SHADES\u00ae technology<\/td>\n<td>Metasurface measurements, nanoparticle analysis, optical metrology<\/td>\n<\/tr>\n<\/tbody>\n<\/table>","protected":false},"excerpt":{"rendered":"<p><a href=\"https:\/\/soliton-gmbh.de\/wp-content\/uploads\/2026\/03\/Silius.png\"><img loading=\"lazy\" decoding=\"async\" class=\"alignnone wp-image-11769\" src=\"https:\/\/soliton-gmbh.de\/wp-content\/uploads\/2026\/03\/Silius.png\" alt=\"\" width=\"199\" height=\"79\" srcset=\"https:\/\/soliton-gmbh.de\/wp-content\/uploads\/2026\/03\/Silius.png 424w, https:\/\/soliton-gmbh.de\/wp-content\/uploads\/2026\/03\/Silius-300x119.png 300w, https:\/\/soliton-gmbh.de\/wp-content\/uploads\/2026\/03\/Silius-18x7.png 18w\" sizes=\"auto, (max-width: 199px) 100vw, 199px\" \/><\/a><\/p>\n<ul>\n<li data-section-id=\"eps4h7\" data-start=\"1571\" data-end=\"1638\">\n<p data-start=\"1573\" data-end=\"1638\">Snapshot wavefront camera for SWIR measurements (900-1700 nm)<\/p>\n<\/li>\n<li data-section-id=\"so81xn\" data-start=\"1639\" data-end=\"1687\">\n<p data-start=\"1641\" data-end=\"1687\">1296 \u00d7 1032 pixel native sensor resolution<\/p>\n<\/li>\n<li data-section-id=\"1s814dq\" data-start=\"1688\" data-end=\"1732\">\n<p data-start=\"1690\" data-end=\"1732\">432 \u00d7 344 pixels Wavefront resolution<\/p>\n<\/li>\n<li data-section-id=\"g4w6pt\" data-start=\"1733\" data-end=\"1757\">\n<p data-start=\"1735\" data-end=\"1757\">12-bit image depth<\/p>\n<\/li>\n<li data-section-id=\"m9zont\" data-start=\"1758\" data-end=\"1787\">\n<p data-start=\"1760\" data-end=\"1787\">USB 3.0 interface<\/p>\n<\/li>\n<li data-section-id=\"ytqpys\" data-start=\"1788\" data-end=\"1888\">\n<p data-start=\"1790\" data-end=\"1888\">External trigger input for synchronized measurements<\/p>\n<\/li>\n<\/ul>","protected":false},"featured_media":11780,"template":"","meta":{"_acf_changed":false,"_uag_custom_page_level_css":"","site-sidebar-layout":"default","site-content-layout":"","ast-site-content-layout":"default","site-content-style":"default","site-sidebar-style":"default","ast-global-header-display":"","ast-banner-title-visibility":"","ast-main-header-display":"","ast-hfb-above-header-display":"","ast-hfb-below-header-display":"","ast-hfb-mobile-header-display":"","site-post-title":"","ast-breadcrumbs-content":"","ast-featured-img":"","footer-sml-layout":"","ast-disable-related-posts":"","theme-transparent-header-meta":"default","adv-header-id-meta":"","stick-header-meta":"default","header-above-stick-meta":"","header-main-stick-meta":"","header-below-stick-meta":"","astra-migrate-meta-layouts":"set","ast-page-background-enabled":"default","ast-page-background-meta":{"desktop":{"background-color":"","background-image":"","background-repeat":"repeat","background-position":"center center","background-size":"auto","background-attachment":"scroll","background-type":"","background-media":"","overlay-type":"","overlay-color":"","overlay-opacity":"","overlay-gradient":""},"tablet":{"background-color":"","background-image":"","background-repeat":"repeat","background-position":"center center","background-size":"auto","background-attachment":"scroll","background-type":"","background-media":"","overlay-type":"","overlay-color":"","overlay-opacity":"","overlay-gradient":""},"mobile":{"background-color":"","background-image":"","background-repeat":"repeat","background-position":"center center","background-size":"auto","background-attachment":"scroll","background-type":"","background-media":"","overlay-type":"","overlay-color":"","overlay-opacity":"","overlay-gradient":""}},"ast-content-background-meta":{"desktop":{"background-color":"var(--ast-global-color-5)","background-image":"","background-repeat":"repeat","background-position":"center center","background-size":"auto","background-attachment":"scroll","background-type":"","background-media":"","overlay-type":"","overlay-color":"","overlay-opacity":"","overlay-gradient":""},"tablet":{"background-color":"var(--ast-global-color-5)","background-image":"","background-repeat":"repeat","background-position":"center center","background-size":"auto","background-attachment":"scroll","background-type":"","background-media":"","overlay-type":"","overlay-color":"","overlay-opacity":"","overlay-gradient":""},"mobile":{"background-color":"var(--ast-global-color-5)","background-image":"","background-repeat":"repeat","background-position":"center center","background-size":"auto","background-attachment":"scroll","background-type":"","background-media":"","overlay-type":"","overlay-color":"","overlay-opacity":"","overlay-gradient":""}}},"product_brand":[1644],"product_cat":[1598],"product_tag":[1680,1675,1674,1679,1676,1681,1677,1678,1682,1673],"class_list":{"0":"post-11774","1":"product","2":"type-product","3":"status-publish","4":"has-post-thumbnail","6":"product_brand-silios-technology","7":"product_cat-wellenfrontanalyse","8":"product_tag-eye-safe-laser-messung","9":"product_tag-halbleiterinspektion","10":"product_tag-infrarot-wellenfrontanalyse","11":"product_tag-kurzwelleninfrarot","12":"product_tag-laserstrahlprofiling","13":"product_tag-materialpruefung","14":"product_tag-nachtsicht-optimierung","15":"product_tag-optikpruefung-ir","16":"product_tag-photovoltaik-inspektion","17":"product_tag-swir-spektroskopie","18":"desktop-align-left","19":"tablet-align-center","20":"mobile-align-center","21":"ast-product-gallery-layout-horizontal-slider","22":"ast-product-gallery-with-no-image","23":"ast-magnify-disabled","24":"ast-product-tabs-layout-horizontal","26":"first","27":"instock","28":"virtual","29":"sold-individually","30":"purchasable","31":"product-type-simple"},"acf":[],"yoast_head":"<!-- This site is optimized with the Yoast SEO Premium plugin v27.2 (Yoast SEO v27.6) - https:\/\/yoast.com\/product\/yoast-seo-premium-wordpress\/ -->\n<title>Wellenfrontkamera - SWIR - Soliton<\/title>\n<meta name=\"description\" content=\"Wellenfrontkamera - SWIR f\u00fcr pr\u00e4zise Analysen im Kurzwellen-Infrarot (SWIR). Perfekt f\u00fcr die Charakterisierung von IR-Optiken &amp; Halbleiterpr\u00fcfung.\" \/>\n<meta name=\"robots\" content=\"index, follow, max-snippet:-1, max-image-preview:large, max-video-preview:-1\" \/>\n<link rel=\"canonical\" href=\"https:\/\/soliton-gmbh.de\/en\/product\/wavefront-camera-swir\/\" \/>\n<meta property=\"og:locale\" content=\"en_US\" \/>\n<meta property=\"og:type\" content=\"article\" \/>\n<meta property=\"og:title\" content=\"Wellenfrontkamera - SWIR\" \/>\n<meta property=\"og:description\" content=\"Wellenfrontkamera - SWIR f\u00fcr pr\u00e4zise Analysen im Kurzwellen-Infrarot (SWIR). Perfekt f\u00fcr die Charakterisierung von IR-Optiken &amp; Halbleiterpr\u00fcfung.\" \/>\n<meta property=\"og:url\" content=\"https:\/\/soliton-gmbh.de\/en\/product\/wavefront-camera-swir\/\" \/>\n<meta property=\"og:site_name\" content=\"Soliton Laser- und Messtechnik GmbH\" \/>\n<meta property=\"article:modified_time\" content=\"2026-05-07T16:25:33+00:00\" \/>\n<meta property=\"og:image\" content=\"https:\/\/soliton-gmbh.de\/wp-content\/uploads\/2026\/03\/Takume2.jpg\" \/>\n\t<meta property=\"og:image:width\" content=\"1492\" \/>\n\t<meta property=\"og:image:height\" content=\"1622\" \/>\n\t<meta property=\"og:image:type\" content=\"image\/jpeg\" \/>\n<meta name=\"twitter:card\" content=\"summary_large_image\" \/>\n<meta name=\"twitter:label1\" content=\"Price\" \/>\n\t<meta name=\"twitter:data1\" content=\"&euro;0.00\" \/>\n\t<meta name=\"twitter:label2\" content=\"Availability\" \/>\n\t<meta name=\"twitter:data2\" content=\"In stock\" \/>\n<script type=\"application\/ld+json\" class=\"yoast-schema-graph\">{\"@context\":\"https:\\\/\\\/schema.org\",\"@graph\":[{\"@type\":\"WebPage\",\"@id\":\"https:\\\/\\\/soliton-gmbh.de\\\/produkt\\\/wellenfrontkamera-swir\\\/\",\"url\":\"https:\\\/\\\/soliton-gmbh.de\\\/produkt\\\/wellenfrontkamera-swir\\\/\",\"name\":\"Wellenfrontkamera - SWIR - Soliton\",\"isPartOf\":{\"@id\":\"https:\\\/\\\/soliton-gmbh.de\\\/#website\"},\"primaryImageOfPage\":{\"@id\":\"https:\\\/\\\/soliton-gmbh.de\\\/produkt\\\/wellenfrontkamera-swir\\\/#primaryimage\"},\"image\":{\"@id\":\"https:\\\/\\\/soliton-gmbh.de\\\/produkt\\\/wellenfrontkamera-swir\\\/#primaryimage\"},\"thumbnailUrl\":\"https:\\\/\\\/soliton-gmbh.de\\\/wp-content\\\/uploads\\\/2026\\\/03\\\/Takume2.jpg\",\"datePublished\":\"2026-03-09T15:46:46+00:00\",\"dateModified\":\"2026-05-07T16:25:33+00:00\",\"description\":\"Wellenfrontkamera - SWIR f\u00fcr pr\u00e4zise Analysen im Kurzwellen-Infrarot (SWIR). Perfekt f\u00fcr die Charakterisierung von IR-Optiken & Halbleiterpr\u00fcfung.\",\"breadcrumb\":{\"@id\":\"https:\\\/\\\/soliton-gmbh.de\\\/produkt\\\/wellenfrontkamera-swir\\\/#breadcrumb\"},\"inLanguage\":\"en-US\",\"potentialAction\":[{\"@type\":\"ReadAction\",\"target\":[\"https:\\\/\\\/soliton-gmbh.de\\\/produkt\\\/wellenfrontkamera-swir\\\/\"]}]},{\"@type\":\"ImageObject\",\"inLanguage\":\"en-US\",\"@id\":\"https:\\\/\\\/soliton-gmbh.de\\\/produkt\\\/wellenfrontkamera-swir\\\/#primaryimage\",\"url\":\"https:\\\/\\\/soliton-gmbh.de\\\/wp-content\\\/uploads\\\/2026\\\/03\\\/Takume2.jpg\",\"contentUrl\":\"https:\\\/\\\/soliton-gmbh.de\\\/wp-content\\\/uploads\\\/2026\\\/03\\\/Takume2.jpg\",\"width\":1492,\"height\":1622},{\"@type\":\"BreadcrumbList\",\"@id\":\"https:\\\/\\\/soliton-gmbh.de\\\/produkt\\\/wellenfrontkamera-swir\\\/#breadcrumb\",\"itemListElement\":[{\"@type\":\"ListItem\",\"position\":1,\"name\":\"Startseite\",\"item\":\"https:\\\/\\\/soliton-gmbh.de\\\/\"},{\"@type\":\"ListItem\",\"position\":2,\"name\":\"Produkte\",\"item\":\"https:\\\/\\\/soliton-gmbh.de\\\/produkte\\\/\"},{\"@type\":\"ListItem\",\"position\":3,\"name\":\"Wellenfrontkamera &#8211; SWIR\"}]},{\"@type\":\"WebSite\",\"@id\":\"https:\\\/\\\/soliton-gmbh.de\\\/#website\",\"url\":\"https:\\\/\\\/soliton-gmbh.de\\\/\",\"name\":\"Soliton Laser- und Messtechnik GmbH\",\"description\":\"\",\"publisher\":{\"@id\":\"https:\\\/\\\/soliton-gmbh.de\\\/#organization\"},\"potentialAction\":[{\"@type\":\"SearchAction\",\"target\":{\"@type\":\"EntryPoint\",\"urlTemplate\":\"https:\\\/\\\/soliton-gmbh.de\\\/?s={search_term_string}\"},\"query-input\":{\"@type\":\"PropertyValueSpecification\",\"valueRequired\":true,\"valueName\":\"search_term_string\"}}],\"inLanguage\":\"en-US\"},{\"@type\":\"Organization\",\"@id\":\"https:\\\/\\\/soliton-gmbh.de\\\/#organization\",\"name\":\"Soliton GmbH\",\"url\":\"https:\\\/\\\/soliton-gmbh.de\\\/\",\"logo\":{\"@type\":\"ImageObject\",\"inLanguage\":\"en-US\",\"@id\":\"https:\\\/\\\/soliton-gmbh.de\\\/#\\\/schema\\\/logo\\\/image\\\/\",\"url\":\"https:\\\/\\\/soliton-gmbh.de\\\/wp-content\\\/uploads\\\/2022\\\/08\\\/cropped-soliton-logo.png\",\"contentUrl\":\"https:\\\/\\\/soliton-gmbh.de\\\/wp-content\\\/uploads\\\/2022\\\/08\\\/cropped-soliton-logo.png\",\"width\":500,\"height\":350,\"caption\":\"Soliton GmbH\"},\"image\":{\"@id\":\"https:\\\/\\\/soliton-gmbh.de\\\/#\\\/schema\\\/logo\\\/image\\\/\"}}]}<\/script>\n<meta property=\"product:price:amount\" content=\"0.00\" \/>\n<meta property=\"product:price:currency\" content=\"EUR\" \/>\n<meta property=\"og:availability\" content=\"instock\" \/>\n<meta property=\"product:availability\" content=\"instock\" \/>\n<meta property=\"product:condition\" content=\"new\" \/>\n<!-- \/ Yoast SEO Premium plugin. -->","yoast_head_json":{"title":"Wavefront camera - SWIR - Soliton","description":"Wavefront Camera - SWIR for Precise Analyses in Short-Wave Infrared (SWIR). Perfect for Characterizing IR Optics &amp; Semiconductor Testing.","robots":{"index":"index","follow":"follow","max-snippet":"max-snippet:-1","max-image-preview":"max-image-preview:large","max-video-preview":"max-video-preview:-1"},"canonical":"https:\/\/soliton-gmbh.de\/en\/product\/wavefront-camera-swir\/","og_locale":"en_US","og_type":"article","og_title":"Wellenfrontkamera - SWIR","og_description":"Wellenfrontkamera - SWIR f\u00fcr pr\u00e4zise Analysen im Kurzwellen-Infrarot (SWIR). Perfekt f\u00fcr die Charakterisierung von IR-Optiken & Halbleiterpr\u00fcfung.","og_url":"https:\/\/soliton-gmbh.de\/en\/product\/wavefront-camera-swir\/","og_site_name":"Soliton Laser- und Messtechnik GmbH","article_modified_time":"2026-05-07T16:25:33+00:00","og_image":[{"width":1492,"height":1622,"url":"https:\/\/soliton-gmbh.de\/wp-content\/uploads\/2026\/03\/Takume2.jpg","type":"image\/jpeg"}],"twitter_card":"summary_large_image","twitter_misc":{"Price":"&euro;0.00","Availability":"In stock"},"schema":{"@context":"https:\/\/schema.org","@graph":[{"@type":"WebPage","@id":"https:\/\/soliton-gmbh.de\/produkt\/wellenfrontkamera-swir\/","url":"https:\/\/soliton-gmbh.de\/produkt\/wellenfrontkamera-swir\/","name":"Wavefront camera - SWIR - Soliton","isPartOf":{"@id":"https:\/\/soliton-gmbh.de\/#website"},"primaryImageOfPage":{"@id":"https:\/\/soliton-gmbh.de\/produkt\/wellenfrontkamera-swir\/#primaryimage"},"image":{"@id":"https:\/\/soliton-gmbh.de\/produkt\/wellenfrontkamera-swir\/#primaryimage"},"thumbnailUrl":"https:\/\/soliton-gmbh.de\/wp-content\/uploads\/2026\/03\/Takume2.jpg","datePublished":"2026-03-09T15:46:46+00:00","dateModified":"2026-05-07T16:25:33+00:00","description":"Wavefront Camera - SWIR for Precise Analyses in Short-Wave Infrared (SWIR). Perfect for Characterizing IR Optics &amp; Semiconductor Testing.","breadcrumb":{"@id":"https:\/\/soliton-gmbh.de\/produkt\/wellenfrontkamera-swir\/#breadcrumb"},"inLanguage":"en-US","potentialAction":[{"@type":"ReadAction","target":["https:\/\/soliton-gmbh.de\/produkt\/wellenfrontkamera-swir\/"]}]},{"@type":"ImageObject","inLanguage":"en-US","@id":"https:\/\/soliton-gmbh.de\/produkt\/wellenfrontkamera-swir\/#primaryimage","url":"https:\/\/soliton-gmbh.de\/wp-content\/uploads\/2026\/03\/Takume2.jpg","contentUrl":"https:\/\/soliton-gmbh.de\/wp-content\/uploads\/2026\/03\/Takume2.jpg","width":1492,"height":1622},{"@type":"BreadcrumbList","@id":"https:\/\/soliton-gmbh.de\/produkt\/wellenfrontkamera-swir\/#breadcrumb","itemListElement":[{"@type":"ListItem","position":1,"name":"Startseite","item":"https:\/\/soliton-gmbh.de\/"},{"@type":"ListItem","position":2,"name":"Produkte","item":"https:\/\/soliton-gmbh.de\/produkte\/"},{"@type":"ListItem","position":3,"name":"Wellenfrontkamera &#8211; SWIR"}]},{"@type":"WebSite","@id":"https:\/\/soliton-gmbh.de\/#website","url":"https:\/\/soliton-gmbh.de\/","name":"Soliton Laser- und Messtechnik GmbH","description":"","publisher":{"@id":"https:\/\/soliton-gmbh.de\/#organization"},"potentialAction":[{"@type":"SearchAction","target":{"@type":"EntryPoint","urlTemplate":"https:\/\/soliton-gmbh.de\/?s={search_term_string}"},"query-input":{"@type":"PropertyValueSpecification","valueRequired":true,"valueName":"search_term_string"}}],"inLanguage":"en-US"},{"@type":"Organization","@id":"https:\/\/soliton-gmbh.de\/#organization","name":"Soliton GmbH","url":"https:\/\/soliton-gmbh.de\/","logo":{"@type":"ImageObject","inLanguage":"en-US","@id":"https:\/\/soliton-gmbh.de\/#\/schema\/logo\/image\/","url":"https:\/\/soliton-gmbh.de\/wp-content\/uploads\/2022\/08\/cropped-soliton-logo.png","contentUrl":"https:\/\/soliton-gmbh.de\/wp-content\/uploads\/2022\/08\/cropped-soliton-logo.png","width":500,"height":350,"caption":"Soliton GmbH"},"image":{"@id":"https:\/\/soliton-gmbh.de\/#\/schema\/logo\/image\/"}}]},"product_price_amount":"0.00","product_price_currency":"EUR","og_availability":"instock","product_availability":"instock","product_condition":"new"},"uagb_featured_image_src":{"full":["https:\/\/soliton-gmbh.de\/wp-content\/uploads\/2026\/03\/Takume2.jpg",1492,1622,false],"thumbnail":["https:\/\/soliton-gmbh.de\/wp-content\/uploads\/2026\/03\/Takume2-150x150.jpg",150,150,true],"medium":["https:\/\/soliton-gmbh.de\/wp-content\/uploads\/2026\/03\/Takume2-276x300.jpg",276,300,true],"medium_large":["https:\/\/soliton-gmbh.de\/wp-content\/uploads\/2026\/03\/Takume2-768x835.jpg",768,835,true],"large":["https:\/\/soliton-gmbh.de\/wp-content\/uploads\/2026\/03\/Takume2-942x1024.jpg",942,1024,true],"1536x1536":["https:\/\/soliton-gmbh.de\/wp-content\/uploads\/2026\/03\/Takume2-1413x1536.jpg",1413,1536,true],"2048x2048":["https:\/\/soliton-gmbh.de\/wp-content\/uploads\/2026\/03\/Takume2.jpg",1492,1622,false],"trp-custom-language-flag":["https:\/\/soliton-gmbh.de\/wp-content\/uploads\/2026\/03\/Takume2-11x12.jpg",11,12,true],"woocommerce_thumbnail":["https:\/\/soliton-gmbh.de\/wp-content\/uploads\/2026\/03\/Takume2-600x652.jpg",600,652,true],"woocommerce_single":["https:\/\/soliton-gmbh.de\/wp-content\/uploads\/2026\/03\/Takume2-1200x1305.jpg",1200,1305,true],"woocommerce_gallery_thumbnail":["https:\/\/soliton-gmbh.de\/wp-content\/uploads\/2026\/03\/Takume2-300x300.jpg",300,300,true]},"uagb_author_info":{"display_name":"Daniel","author_link":"https:\/\/soliton-gmbh.de\/en\/author\/"},"uagb_comment_info":0,"uagb_excerpt":"Snapshot-Wellenfrontkamera f\u00fcr SWIR-Messungen (900\u20131700 nm) 1296 \u00d7 1032 Pixel native Sensoraufl\u00f6sung 432 \u00d7 344 Pixel Wellenfrontaufl\u00f6sung 12-Bit Bildtiefe USB 3.0 Schnittstelle externer Trigger-Eingang f\u00fcr synchronisierte Messungen","_links":{"self":[{"href":"https:\/\/soliton-gmbh.de\/en\/wp-json\/wp\/v2\/product\/11774","targetHints":{"allow":["GET"]}}],"collection":[{"href":"https:\/\/soliton-gmbh.de\/en\/wp-json\/wp\/v2\/product"}],"about":[{"href":"https:\/\/soliton-gmbh.de\/en\/wp-json\/wp\/v2\/types\/product"}],"wp:featuredmedia":[{"embeddable":true,"href":"https:\/\/soliton-gmbh.de\/en\/wp-json\/wp\/v2\/media\/11780"}],"wp:attachment":[{"href":"https:\/\/soliton-gmbh.de\/en\/wp-json\/wp\/v2\/media?parent=11774"}],"wp:term":[{"taxonomy":"product_brand","embeddable":true,"href":"https:\/\/soliton-gmbh.de\/en\/wp-json\/wp\/v2\/product_brand?post=11774"},{"taxonomy":"product_cat","embeddable":true,"href":"https:\/\/soliton-gmbh.de\/en\/wp-json\/wp\/v2\/product_cat?post=11774"},{"taxonomy":"product_tag","embeddable":true,"href":"https:\/\/soliton-gmbh.de\/en\/wp-json\/wp\/v2\/product_tag?post=11774"}],"curies":[{"name":"wp","href":"https:\/\/api.w.org\/{rel}","templated":true}]}}