{"id":11772,"date":"2026-03-09T16:17:51","date_gmt":"2026-03-09T15:17:51","guid":{"rendered":"https:\/\/soliton-gmbh.de\/?post_type=product&#038;p=11772"},"modified":"2026-05-07T18:26:09","modified_gmt":"2026-05-07T16:26:09","slug":"wavefront-camera-high-res","status":"publish","type":"product","link":"https:\/\/soliton-gmbh.de\/en\/produkt\/wellenfrontkamera-high-res\/","title":{"rendered":"Wavefront camera - High Res"},"content":{"rendered":"<h1>Pr\u00e4zise Phasenbildgebung mit der Wellenfrontkamera &#8211; High Res<\/h1>\n<p>Die TIKEI Cam von Silios ist eine leistungsstarke <strong>Wavefront camera - High Res<\/strong>, die speziell f\u00fcr die quantitative Phasenbildgebung (QPI) und die detaillierte optische Wellenfrontanalyse entwickelt wurde. In wissenschaftlichen sowie industriellen Anwendungen setzt diese Kamera Ma\u00dfst\u00e4be in der Charakterisierung optischer Systeme.<\/p>\n<p>Durch die innovative Kombination eines hochaufl\u00f6senden CMOS-Sensors mit einer mikro-optischen Struktur erfasst die <strong>Wavefront camera - High Res<\/strong> Intensit\u00e4ts- und Wellenfrontinformationen simultan. Da dieser Vorgang innerhalb eines einzigen Aufnahmezyklus (Single-Shot) erfolgt, lassen sich selbst dynamische Proben ohne Zeitverlust pr\u00e4zise analysieren.<\/p>\n<h2>Vorteile der Wellenfrontkamera &#8211; High Res in der Anwendung<\/h2>\n<p>Der Arbeitsbereich dieser High-Resolution-L\u00f6sung liegt im sichtbaren Spektralbereich von 400 nm bis 900 nm. Dank der besonders feinen Pixelstruktur erm\u00f6glicht die <strong>Wavefront camera - High Res<\/strong> eine extrem hohe r\u00e4umliche Aufl\u00f6sung sowie eine hochpr\u00e4zise Rekonstruktion der Wellenfront-Phasen.<\/p>\n<p data-start=\"1606\" data-end=\"1632\">Typical applications are<\/p>\n<ul data-start=\"1634\" data-end=\"1792\">\n<li data-section-id=\"osmjis\" data-start=\"1634\" data-end=\"1676\">\n<p data-start=\"1636\" data-end=\"1676\"><strong data-start=\"1636\" data-end=\"1676\">quantitative phase microscopy (QPI)<\/strong><\/p>\n<\/li>\n<li data-section-id=\"1c4f2lk\" data-start=\"1677\" data-end=\"1709\">\n<p data-start=\"1679\" data-end=\"1709\"><strong data-start=\"1679\" data-end=\"1709\">Cell and biosample analysis<\/strong><\/p>\n<\/li>\n<li data-section-id=\"helze\" data-start=\"1710\" data-end=\"1741\">\n<p data-start=\"1712\" data-end=\"1741\"><strong data-start=\"1712\" data-end=\"1741\">Material characterization<\/strong><\/p>\n<\/li>\n<li data-section-id=\"ny6acm\" data-start=\"1742\" data-end=\"1760\">\n<p data-start=\"1744\" data-end=\"1760\"><strong data-start=\"1744\" data-end=\"1760\">Nanophotonics<\/strong><\/p>\n<\/li>\n<li data-section-id=\"19vsti5\" data-start=\"1761\" data-end=\"1792\">\n<p data-start=\"1763\" data-end=\"1792\"><strong data-start=\"1763\" data-end=\"1792\">Optical system diagnostics<\/strong><\/p>\n<\/li>\n<\/ul>\n<p data-start=\"1794\" data-end=\"1944\">The TAKUME Cam is particularly suitable for applications in which <strong data-start=\"1858\" data-end=\"1918\">High-resolution imaging and precise wavefront measurement<\/strong> must be combined.<\/p>\n<p>&nbsp;<\/p>\n<h4>Comparison of the Silios wavefront cameras:<\/h4>\n<p>&nbsp;<\/p>\n<table>\n<thead>\n<tr>\n<th>Model<\/th>\n<th>spectral range<\/th>\n<th>Main strength<\/th>\n<th>Sensor resolution<\/th>\n<th>Wavefront resolution<\/th>\n<th>Technology<\/th>\n<th>Typical applications<\/th>\n<\/tr>\n<\/thead>\n<tbody>\n<tr>\n<td><strong>MAKATEA Cam<\/strong><\/td>\n<td>400-900 nm (visible)<\/td>\n<td>Very high phase sensitivity (&lt; 1 nm RMS)<\/td>\n<td>2048 x 2048 (4.2 MP)<\/td>\n<td>680 x 680<\/td>\n<td>QLSI (Quadriwave Lateral Shearing Interferometry)<\/td>\n<td>Quantitative phase microscopy, cell analysis, label-free microscopy<\/td>\n<\/tr>\n<tr>\n<td><strong>TIKEI Cam<\/strong><\/td>\n<td>400-900 nm (visible)<\/td>\n<td>High spatial resolution for wavefront analysis<\/td>\n<td>4500 x 4500 ( 20 MP)<\/td>\n<td>1500 x 1500<\/td>\n<td>Micro-optical wavefront structure<\/td>\n<td>Microscopy, material analysis, optical system diagnostics<\/td>\n<\/tr>\n<tr>\n<td><strong>TAKUME SWIR Cam<\/strong><\/td>\n<td>900-1700 nm (SWIR)<\/td>\n<td>Wavefront measurement in the infrared range<\/td>\n<td>1296 \u00d7 1032 (1.3 MP)<\/td>\n<td>432 \u00d7 344<\/td>\n<td>COLOR-SHADES\u00ae technology<\/td>\n<td>Metasurface measurements, nanoparticle analysis, optical metrology<\/td>\n<\/tr>\n<\/tbody>\n<\/table>","protected":false},"excerpt":{"rendered":"<p><a href=\"https:\/\/soliton-gmbh.de\/wp-content\/uploads\/2026\/03\/Silius.png\"><img loading=\"lazy\" decoding=\"async\" class=\"alignnone wp-image-11769\" src=\"https:\/\/soliton-gmbh.de\/wp-content\/uploads\/2026\/03\/Silius.png\" alt=\"\" width=\"199\" height=\"79\" srcset=\"https:\/\/soliton-gmbh.de\/wp-content\/uploads\/2026\/03\/Silius.png 424w, https:\/\/soliton-gmbh.de\/wp-content\/uploads\/2026\/03\/Silius-300x119.png 300w, https:\/\/soliton-gmbh.de\/wp-content\/uploads\/2026\/03\/Silius-18x7.png 18w\" sizes=\"auto, (max-width: 199px) 100vw, 199px\" \/><\/a><\/p>\n<ul>\n<li>Simultaneous phase and intensity measurement<\/li>\n<li data-start=\"2722\" data-end=\"2752\">Spectral range 400-900 nm<\/li>\n<li data-start=\"2722\" data-end=\"2752\">High-resolution CMOS sensor<\/li>\n<li data-start=\"2789\" data-end=\"2821\">Integration via C\/CS mount<\/li>\n<li data-start=\"2789\" data-end=\"2821\">USB 3.0 + external trigger<\/li>\n<\/ul>","protected":false},"featured_media":11776,"template":"","meta":{"_acf_changed":false,"_uag_custom_page_level_css":"","site-sidebar-layout":"default","site-content-layout":"","ast-site-content-layout":"default","site-content-style":"default","site-sidebar-style":"default","ast-global-header-display":"","ast-banner-title-visibility":"","ast-main-header-display":"","ast-hfb-above-header-display":"","ast-hfb-below-header-display":"","ast-hfb-mobile-header-display":"","site-post-title":"","ast-breadcrumbs-content":"","ast-featured-img":"","footer-sml-layout":"","ast-disable-related-posts":"","theme-transparent-header-meta":"default","adv-header-id-meta":"","stick-header-meta":"default","header-above-stick-meta":"","header-main-stick-meta":"","header-below-stick-meta":"","astra-migrate-meta-layouts":"set","ast-page-background-enabled":"default","ast-page-background-meta":{"desktop":{"background-color":"","background-image":"","background-repeat":"repeat","background-position":"center center","background-size":"auto","background-attachment":"scroll","background-type":"","background-media":"","overlay-type":"","overlay-color":"","overlay-opacity":"","overlay-gradient":""},"tablet":{"background-color":"","background-image":"","background-repeat":"repeat","background-position":"center center","background-size":"auto","background-attachment":"scroll","background-type":"","background-media":"","overlay-type":"","overlay-color":"","overlay-opacity":"","overlay-gradient":""},"mobile":{"background-color":"","background-image":"","background-repeat":"repeat","background-position":"center center","background-size":"auto","background-attachment":"scroll","background-type":"","background-media":"","overlay-type":"","overlay-color":"","overlay-opacity":"","overlay-gradient":""}},"ast-content-background-meta":{"desktop":{"background-color":"var(--ast-global-color-5)","background-image":"","background-repeat":"repeat","background-position":"center center","background-size":"auto","background-attachment":"scroll","background-type":"","background-media":"","overlay-type":"","overlay-color":"","overlay-opacity":"","overlay-gradient":""},"tablet":{"background-color":"var(--ast-global-color-5)","background-image":"","background-repeat":"repeat","background-position":"center center","background-size":"auto","background-attachment":"scroll","background-type":"","background-media":"","overlay-type":"","overlay-color":"","overlay-opacity":"","overlay-gradient":""},"mobile":{"background-color":"var(--ast-global-color-5)","background-image":"","background-repeat":"repeat","background-position":"center center","background-size":"auto","background-attachment":"scroll","background-type":"","background-media":"","overlay-type":"","overlay-color":"","overlay-opacity":"","overlay-gradient":""}}},"product_brand":[1644],"product_cat":[1598],"product_tag":[724,1671,1672,1670,1664,1665,1668,1666,1669,1667],"class_list":{"0":"post-11772","1":"product","2":"type-product","3":"status-publish","4":"has-post-thumbnail","6":"product_brand-silios-technology","7":"product_cat-wellenfrontanalyse","8":"product_tag-adaptive-optik","9":"product_tag-astronomische-optik","10":"product_tag-bildfehler-korrektur","11":"product_tag-echtzeit-analyse","12":"product_tag-hochaufloesende-wellenfrontanalyse","13":"product_tag-mikrolinsen-array","14":"product_tag-mtf-messung","15":"product_tag-nanometer-praezision","16":"product_tag-oberflaechencharakterisierung","17":"product_tag-optik-qualitaetskontrolle","18":"desktop-align-left","19":"tablet-align-center","20":"mobile-align-center","21":"ast-product-gallery-layout-horizontal-slider","22":"ast-product-gallery-with-no-image","23":"ast-magnify-disabled","24":"ast-product-tabs-layout-horizontal","26":"first","27":"instock","28":"virtual","29":"sold-individually","30":"purchasable","31":"product-type-simple"},"acf":[],"yoast_head":"<!-- This site is optimized with the Yoast SEO Premium plugin v27.2 (Yoast SEO v27.6) - https:\/\/yoast.com\/product\/yoast-seo-premium-wordpress\/ -->\n<title>Wellenfrontkamera - High Res - Soliton<\/title>\n<meta name=\"description\" content=\"Die Wellenfrontkamera - High Res bietet pr\u00e4zise quantitative Phasenbildgebung &amp; Wellenfrontanalyse in Echtzeit. Ideal f\u00fcr Mikroskopie &amp; Optikpr\u00fcfung.\" \/>\n<meta name=\"robots\" content=\"index, follow, max-snippet:-1, max-image-preview:large, max-video-preview:-1\" \/>\n<link rel=\"canonical\" href=\"https:\/\/soliton-gmbh.de\/en\/product\/wavefront-camera-high-res\/\" \/>\n<meta property=\"og:locale\" content=\"en_US\" \/>\n<meta property=\"og:type\" content=\"article\" \/>\n<meta property=\"og:title\" content=\"Wellenfrontkamera - High Res\" \/>\n<meta property=\"og:description\" content=\"Die Wellenfrontkamera - High Res bietet pr\u00e4zise quantitative Phasenbildgebung &amp; Wellenfrontanalyse in Echtzeit. Ideal f\u00fcr Mikroskopie &amp; Optikpr\u00fcfung.\" \/>\n<meta property=\"og:url\" content=\"https:\/\/soliton-gmbh.de\/en\/product\/wavefront-camera-high-res\/\" \/>\n<meta property=\"og:site_name\" content=\"Soliton Laser- und Messtechnik GmbH\" \/>\n<meta property=\"article:modified_time\" content=\"2026-05-07T16:26:09+00:00\" \/>\n<meta property=\"og:image\" content=\"https:\/\/soliton-gmbh.de\/wp-content\/uploads\/2026\/03\/Tikei.jpg\" \/>\n\t<meta property=\"og:image:width\" content=\"1500\" \/>\n\t<meta property=\"og:image:height\" content=\"1460\" \/>\n\t<meta property=\"og:image:type\" content=\"image\/jpeg\" \/>\n<meta name=\"twitter:card\" content=\"summary_large_image\" \/>\n<meta name=\"twitter:label1\" content=\"Price\" \/>\n\t<meta name=\"twitter:data1\" content=\"&euro;0.00\" \/>\n\t<meta name=\"twitter:label2\" content=\"Availability\" \/>\n\t<meta name=\"twitter:data2\" content=\"In stock\" \/>\n<script type=\"application\/ld+json\" class=\"yoast-schema-graph\">{\"@context\":\"https:\\\/\\\/schema.org\",\"@graph\":[{\"@type\":\"WebPage\",\"@id\":\"https:\\\/\\\/soliton-gmbh.de\\\/produkt\\\/wellenfrontkamera-high-res\\\/\",\"url\":\"https:\\\/\\\/soliton-gmbh.de\\\/produkt\\\/wellenfrontkamera-high-res\\\/\",\"name\":\"Wellenfrontkamera - High Res - Soliton\",\"isPartOf\":{\"@id\":\"https:\\\/\\\/soliton-gmbh.de\\\/#website\"},\"primaryImageOfPage\":{\"@id\":\"https:\\\/\\\/soliton-gmbh.de\\\/produkt\\\/wellenfrontkamera-high-res\\\/#primaryimage\"},\"image\":{\"@id\":\"https:\\\/\\\/soliton-gmbh.de\\\/produkt\\\/wellenfrontkamera-high-res\\\/#primaryimage\"},\"thumbnailUrl\":\"https:\\\/\\\/soliton-gmbh.de\\\/wp-content\\\/uploads\\\/2026\\\/03\\\/Tikei.jpg\",\"datePublished\":\"2026-03-09T15:17:51+00:00\",\"dateModified\":\"2026-05-07T16:26:09+00:00\",\"description\":\"Die Wellenfrontkamera - High Res bietet pr\u00e4zise quantitative Phasenbildgebung & Wellenfrontanalyse in Echtzeit. Ideal f\u00fcr Mikroskopie & Optikpr\u00fcfung.\",\"breadcrumb\":{\"@id\":\"https:\\\/\\\/soliton-gmbh.de\\\/produkt\\\/wellenfrontkamera-high-res\\\/#breadcrumb\"},\"inLanguage\":\"en-US\",\"potentialAction\":[{\"@type\":\"ReadAction\",\"target\":[\"https:\\\/\\\/soliton-gmbh.de\\\/produkt\\\/wellenfrontkamera-high-res\\\/\"]}]},{\"@type\":\"ImageObject\",\"inLanguage\":\"en-US\",\"@id\":\"https:\\\/\\\/soliton-gmbh.de\\\/produkt\\\/wellenfrontkamera-high-res\\\/#primaryimage\",\"url\":\"https:\\\/\\\/soliton-gmbh.de\\\/wp-content\\\/uploads\\\/2026\\\/03\\\/Tikei.jpg\",\"contentUrl\":\"https:\\\/\\\/soliton-gmbh.de\\\/wp-content\\\/uploads\\\/2026\\\/03\\\/Tikei.jpg\",\"width\":1500,\"height\":1460},{\"@type\":\"BreadcrumbList\",\"@id\":\"https:\\\/\\\/soliton-gmbh.de\\\/produkt\\\/wellenfrontkamera-high-res\\\/#breadcrumb\",\"itemListElement\":[{\"@type\":\"ListItem\",\"position\":1,\"name\":\"Startseite\",\"item\":\"https:\\\/\\\/soliton-gmbh.de\\\/\"},{\"@type\":\"ListItem\",\"position\":2,\"name\":\"Produkte\",\"item\":\"https:\\\/\\\/soliton-gmbh.de\\\/produkte\\\/\"},{\"@type\":\"ListItem\",\"position\":3,\"name\":\"Wellenfrontkamera &#8211; High Res\"}]},{\"@type\":\"WebSite\",\"@id\":\"https:\\\/\\\/soliton-gmbh.de\\\/#website\",\"url\":\"https:\\\/\\\/soliton-gmbh.de\\\/\",\"name\":\"Soliton Laser- und Messtechnik GmbH\",\"description\":\"\",\"publisher\":{\"@id\":\"https:\\\/\\\/soliton-gmbh.de\\\/#organization\"},\"potentialAction\":[{\"@type\":\"SearchAction\",\"target\":{\"@type\":\"EntryPoint\",\"urlTemplate\":\"https:\\\/\\\/soliton-gmbh.de\\\/?s={search_term_string}\"},\"query-input\":{\"@type\":\"PropertyValueSpecification\",\"valueRequired\":true,\"valueName\":\"search_term_string\"}}],\"inLanguage\":\"en-US\"},{\"@type\":\"Organization\",\"@id\":\"https:\\\/\\\/soliton-gmbh.de\\\/#organization\",\"name\":\"Soliton GmbH\",\"url\":\"https:\\\/\\\/soliton-gmbh.de\\\/\",\"logo\":{\"@type\":\"ImageObject\",\"inLanguage\":\"en-US\",\"@id\":\"https:\\\/\\\/soliton-gmbh.de\\\/#\\\/schema\\\/logo\\\/image\\\/\",\"url\":\"https:\\\/\\\/soliton-gmbh.de\\\/wp-content\\\/uploads\\\/2022\\\/08\\\/cropped-soliton-logo.png\",\"contentUrl\":\"https:\\\/\\\/soliton-gmbh.de\\\/wp-content\\\/uploads\\\/2022\\\/08\\\/cropped-soliton-logo.png\",\"width\":500,\"height\":350,\"caption\":\"Soliton GmbH\"},\"image\":{\"@id\":\"https:\\\/\\\/soliton-gmbh.de\\\/#\\\/schema\\\/logo\\\/image\\\/\"}}]}<\/script>\n<meta property=\"product:price:amount\" content=\"0.00\" \/>\n<meta property=\"product:price:currency\" content=\"EUR\" \/>\n<meta property=\"og:availability\" content=\"instock\" \/>\n<meta property=\"product:availability\" content=\"instock\" \/>\n<meta property=\"product:condition\" content=\"new\" \/>\n<!-- \/ Yoast SEO Premium plugin. -->","yoast_head_json":{"title":"Wavefront camera - High Res - Soliton","description":"Die Wellenfrontkamera - High Res bietet pr\u00e4zise quantitative Phasenbildgebung & Wellenfrontanalyse in Echtzeit. Ideal f\u00fcr Mikroskopie & Optikpr\u00fcfung.","robots":{"index":"index","follow":"follow","max-snippet":"max-snippet:-1","max-image-preview":"max-image-preview:large","max-video-preview":"max-video-preview:-1"},"canonical":"https:\/\/soliton-gmbh.de\/en\/product\/wavefront-camera-high-res\/","og_locale":"en_US","og_type":"article","og_title":"Wellenfrontkamera - High Res","og_description":"Die Wellenfrontkamera - High Res bietet pr\u00e4zise quantitative Phasenbildgebung & Wellenfrontanalyse in Echtzeit. Ideal f\u00fcr Mikroskopie & Optikpr\u00fcfung.","og_url":"https:\/\/soliton-gmbh.de\/en\/product\/wavefront-camera-high-res\/","og_site_name":"Soliton Laser- und Messtechnik GmbH","article_modified_time":"2026-05-07T16:26:09+00:00","og_image":[{"width":1500,"height":1460,"url":"https:\/\/soliton-gmbh.de\/wp-content\/uploads\/2026\/03\/Tikei.jpg","type":"image\/jpeg"}],"twitter_card":"summary_large_image","twitter_misc":{"Price":"&euro;0.00","Availability":"In stock"},"schema":{"@context":"https:\/\/schema.org","@graph":[{"@type":"WebPage","@id":"https:\/\/soliton-gmbh.de\/produkt\/wellenfrontkamera-high-res\/","url":"https:\/\/soliton-gmbh.de\/produkt\/wellenfrontkamera-high-res\/","name":"Wavefront camera - High Res - Soliton","isPartOf":{"@id":"https:\/\/soliton-gmbh.de\/#website"},"primaryImageOfPage":{"@id":"https:\/\/soliton-gmbh.de\/produkt\/wellenfrontkamera-high-res\/#primaryimage"},"image":{"@id":"https:\/\/soliton-gmbh.de\/produkt\/wellenfrontkamera-high-res\/#primaryimage"},"thumbnailUrl":"https:\/\/soliton-gmbh.de\/wp-content\/uploads\/2026\/03\/Tikei.jpg","datePublished":"2026-03-09T15:17:51+00:00","dateModified":"2026-05-07T16:26:09+00:00","description":"Die Wellenfrontkamera - High Res bietet pr\u00e4zise quantitative Phasenbildgebung & Wellenfrontanalyse in Echtzeit. Ideal f\u00fcr Mikroskopie & Optikpr\u00fcfung.","breadcrumb":{"@id":"https:\/\/soliton-gmbh.de\/produkt\/wellenfrontkamera-high-res\/#breadcrumb"},"inLanguage":"en-US","potentialAction":[{"@type":"ReadAction","target":["https:\/\/soliton-gmbh.de\/produkt\/wellenfrontkamera-high-res\/"]}]},{"@type":"ImageObject","inLanguage":"en-US","@id":"https:\/\/soliton-gmbh.de\/produkt\/wellenfrontkamera-high-res\/#primaryimage","url":"https:\/\/soliton-gmbh.de\/wp-content\/uploads\/2026\/03\/Tikei.jpg","contentUrl":"https:\/\/soliton-gmbh.de\/wp-content\/uploads\/2026\/03\/Tikei.jpg","width":1500,"height":1460},{"@type":"BreadcrumbList","@id":"https:\/\/soliton-gmbh.de\/produkt\/wellenfrontkamera-high-res\/#breadcrumb","itemListElement":[{"@type":"ListItem","position":1,"name":"Startseite","item":"https:\/\/soliton-gmbh.de\/"},{"@type":"ListItem","position":2,"name":"Produkte","item":"https:\/\/soliton-gmbh.de\/produkte\/"},{"@type":"ListItem","position":3,"name":"Wellenfrontkamera &#8211; High Res"}]},{"@type":"WebSite","@id":"https:\/\/soliton-gmbh.de\/#website","url":"https:\/\/soliton-gmbh.de\/","name":"Soliton Laser- und Messtechnik GmbH","description":"","publisher":{"@id":"https:\/\/soliton-gmbh.de\/#organization"},"potentialAction":[{"@type":"SearchAction","target":{"@type":"EntryPoint","urlTemplate":"https:\/\/soliton-gmbh.de\/?s={search_term_string}"},"query-input":{"@type":"PropertyValueSpecification","valueRequired":true,"valueName":"search_term_string"}}],"inLanguage":"en-US"},{"@type":"Organization","@id":"https:\/\/soliton-gmbh.de\/#organization","name":"Soliton GmbH","url":"https:\/\/soliton-gmbh.de\/","logo":{"@type":"ImageObject","inLanguage":"en-US","@id":"https:\/\/soliton-gmbh.de\/#\/schema\/logo\/image\/","url":"https:\/\/soliton-gmbh.de\/wp-content\/uploads\/2022\/08\/cropped-soliton-logo.png","contentUrl":"https:\/\/soliton-gmbh.de\/wp-content\/uploads\/2022\/08\/cropped-soliton-logo.png","width":500,"height":350,"caption":"Soliton GmbH"},"image":{"@id":"https:\/\/soliton-gmbh.de\/#\/schema\/logo\/image\/"}}]},"product_price_amount":"0.00","product_price_currency":"EUR","og_availability":"instock","product_availability":"instock","product_condition":"new"},"uagb_featured_image_src":{"full":["https:\/\/soliton-gmbh.de\/wp-content\/uploads\/2026\/03\/Tikei.jpg",1500,1460,false],"thumbnail":["https:\/\/soliton-gmbh.de\/wp-content\/uploads\/2026\/03\/Tikei-150x150.jpg",150,150,true],"medium":["https:\/\/soliton-gmbh.de\/wp-content\/uploads\/2026\/03\/Tikei-300x292.jpg",300,292,true],"medium_large":["https:\/\/soliton-gmbh.de\/wp-content\/uploads\/2026\/03\/Tikei-768x748.jpg",768,748,true],"large":["https:\/\/soliton-gmbh.de\/wp-content\/uploads\/2026\/03\/Tikei-1024x997.jpg",1024,997,true],"1536x1536":["https:\/\/soliton-gmbh.de\/wp-content\/uploads\/2026\/03\/Tikei.jpg",1500,1460,false],"2048x2048":["https:\/\/soliton-gmbh.de\/wp-content\/uploads\/2026\/03\/Tikei.jpg",1500,1460,false],"trp-custom-language-flag":["https:\/\/soliton-gmbh.de\/wp-content\/uploads\/2026\/03\/Tikei-12x12.jpg",12,12,true],"woocommerce_thumbnail":["https:\/\/soliton-gmbh.de\/wp-content\/uploads\/2026\/03\/Tikei-600x584.jpg",600,584,true],"woocommerce_single":["https:\/\/soliton-gmbh.de\/wp-content\/uploads\/2026\/03\/Tikei-1200x1168.jpg",1200,1168,true],"woocommerce_gallery_thumbnail":["https:\/\/soliton-gmbh.de\/wp-content\/uploads\/2026\/03\/Tikei-300x300.jpg",300,300,true]},"uagb_author_info":{"display_name":"Daniel","author_link":"https:\/\/soliton-gmbh.de\/en\/author\/"},"uagb_comment_info":0,"uagb_excerpt":"Simultane Phasen- und Intensit\u00e4tsmessung Spektralbereich 400\u2013900 nm Hochaufl\u00f6sender CMOS-Sensor Integration \u00fcber C-\/CS-Mount USB 3.0 + externer Trigger","_links":{"self":[{"href":"https:\/\/soliton-gmbh.de\/en\/wp-json\/wp\/v2\/product\/11772","targetHints":{"allow":["GET"]}}],"collection":[{"href":"https:\/\/soliton-gmbh.de\/en\/wp-json\/wp\/v2\/product"}],"about":[{"href":"https:\/\/soliton-gmbh.de\/en\/wp-json\/wp\/v2\/types\/product"}],"wp:featuredmedia":[{"embeddable":true,"href":"https:\/\/soliton-gmbh.de\/en\/wp-json\/wp\/v2\/media\/11776"}],"wp:attachment":[{"href":"https:\/\/soliton-gmbh.de\/en\/wp-json\/wp\/v2\/media?parent=11772"}],"wp:term":[{"taxonomy":"product_brand","embeddable":true,"href":"https:\/\/soliton-gmbh.de\/en\/wp-json\/wp\/v2\/product_brand?post=11772"},{"taxonomy":"product_cat","embeddable":true,"href":"https:\/\/soliton-gmbh.de\/en\/wp-json\/wp\/v2\/product_cat?post=11772"},{"taxonomy":"product_tag","embeddable":true,"href":"https:\/\/soliton-gmbh.de\/en\/wp-json\/wp\/v2\/product_tag?post=11772"}],"curies":[{"name":"wp","href":"https:\/\/api.w.org\/{rel}","templated":true}]}}