{"id":11768,"date":"2026-03-09T15:50:54","date_gmt":"2026-03-09T14:50:54","guid":{"rendered":"https:\/\/soliton-gmbh.de\/?post_type=product&#038;p=11768"},"modified":"2026-03-11T10:27:11","modified_gmt":"2026-03-11T09:27:11","slug":"wavefront-camera","status":"publish","type":"product","link":"https:\/\/soliton-gmbh.de\/en\/produkt\/wellenfront-kamera\/","title":{"rendered":"Wavefront camera"},"content":{"rendered":"<h2 data-section-id=\"10rqub9\" data-start=\"489\" data-end=\"552\">Wavefront camera for precise phase and intensity measurement<\/h2>\n<p data-start=\"554\" data-end=\"715\">The <strong data-start=\"558\" data-end=\"573\">MAKATEA Cam from Silios<\/strong>\u00a0is a compact wavefront imaging camera for <strong data-start=\"621\" data-end=\"660\">quantitative phase imaging (QPI)<\/strong> in scientific and industrial applications.<\/p>\n<p data-start=\"717\" data-end=\"934\">Through the <strong data-start=\"727\" data-end=\"792\">QLSI technology (Quadriwave Lateral Shearing Interferometry)<\/strong> the system records <strong data-start=\"812\" data-end=\"861\">Intensity and phase information simultaneously<\/strong> and thus enables a highly sensitive analysis of optical wavefronts.<\/p>\n<p data-start=\"936\" data-end=\"1204\">The integrated micro-optical grating structure in front of the <strong data-start=\"988\" data-end=\"1003\">CMOS sensor<\/strong> allows the direct reconstruction of the wavefront and the simultaneous recording of an intensity image. This allows <strong data-start=\"1133\" data-end=\"1203\">Quantitatively characterize sample structures and optical systems<\/strong>.<\/p>\n<p data-start=\"1206\" data-end=\"1458\">The camera works in <strong data-start=\"1229\" data-end=\"1274\">visible spectral range from 400-900 nm<\/strong> and achieves a <strong data-start=\"1293\" data-end=\"1330\">Phase sensitivity of &lt; 1 nm RMS<\/strong>. This makes the system particularly suitable for applications in which very small optical changes need to be detected.<\/p>\n<p data-start=\"1460\" data-end=\"1490\">Typical areas of application are<\/p>\n<ul data-start=\"1492\" data-end=\"1635\">\n<li data-section-id=\"hhxwn1\" data-start=\"1492\" data-end=\"1528\">\n<p data-start=\"1494\" data-end=\"1528\"><strong data-start=\"1494\" data-end=\"1528\">Quantitative phase microscopy<\/strong><\/p>\n<\/li>\n<li data-section-id=\"1yj0r3g\" data-start=\"1529\" data-end=\"1558\">\n<p data-start=\"1531\" data-end=\"1558\"><strong data-start=\"1531\" data-end=\"1558\">label-free cell analysis<\/strong><\/p>\n<\/li>\n<li data-section-id=\"ny6acm\" data-start=\"1559\" data-end=\"1577\">\n<p data-start=\"1561\" data-end=\"1577\"><strong data-start=\"1561\" data-end=\"1577\">Nanophotonics<\/strong><\/p>\n<\/li>\n<li data-section-id=\"19illjw\" data-start=\"1578\" data-end=\"1601\">\n<p data-start=\"1580\" data-end=\"1601\"><strong data-start=\"1580\" data-end=\"1601\">Materials research<\/strong><\/p>\n<\/li>\n<li data-section-id=\"cbpiv6\" data-start=\"1602\" data-end=\"1635\">\n<p data-start=\"1604\" data-end=\"1635\"><strong data-start=\"1604\" data-end=\"1635\">Optical wavefront analysis<\/strong><\/p>\n<\/li>\n<\/ul>\n<p data-start=\"1637\" data-end=\"1924\">Thanks to the compact design and the <strong data-start=\"1672\" data-end=\"1701\">C-\/CS-mount interface<\/strong> the camera can be easily integrated into existing <strong data-start=\"1746\" data-end=\"1779\">Microscopy or measuring systems<\/strong> integrate. Data is transmitted via <strong data-start=\"1827\" data-end=\"1838\">USB 3.0<\/strong>, optional a <strong data-start=\"1859\" data-end=\"1879\">External trigger<\/strong> is available for synchronized measurements.<\/p>\n<p data-start=\"1926\" data-end=\"2136\">For extended applications, the <strong data-start=\"1963\" data-end=\"1984\">WaveFront LAB SDK<\/strong> available. This allows <strong data-start=\"2013\" data-end=\"2081\">Raw data, wavefront maps, gradient and transmission images<\/strong> visualized and processed in real time.<\/p>\n<h4>Comparison of the Silios wavefront cameras:<\/h4>\n<p>&nbsp;<\/p>\n<table>\n<thead>\n<tr>\n<th>Model<\/th>\n<th>spectral range<\/th>\n<th>Main strength<\/th>\n<th>Sensor resolution<\/th>\n<th>Wavefront resolution<\/th>\n<th>Technology<\/th>\n<th>Typical applications<\/th>\n<\/tr>\n<\/thead>\n<tbody>\n<tr>\n<td><strong>MAKATEA Cam<\/strong><\/td>\n<td>400-900 nm (visible)<\/td>\n<td>Very high phase sensitivity (&lt; 1 nm RMS)<\/td>\n<td>2048 x 2048 (4.2 MP)<\/td>\n<td>680 x 680<\/td>\n<td>QLSI (Quadriwave Lateral Shearing Interferometry)<\/td>\n<td>Quantitative phase microscopy, cell analysis, label-free microscopy<\/td>\n<\/tr>\n<tr>\n<td><strong>TIKEI Cam<\/strong><\/td>\n<td>400-900 nm (visible)<\/td>\n<td>High spatial resolution for wavefront analysis<\/td>\n<td>4500 x 4500 ( 20 MP)<\/td>\n<td>1500 x 1500<\/td>\n<td>Micro-optical wavefront structure<\/td>\n<td>Microscopy, material analysis, optical system diagnostics<\/td>\n<\/tr>\n<tr>\n<td><strong>TAKUME SWIR Cam<\/strong><\/td>\n<td>900-1700 nm (SWIR)<\/td>\n<td>Wavefront measurement in the infrared range<\/td>\n<td>1296 \u00d7 1032 (1.3 MP)<\/td>\n<td>432 \u00d7 344<\/td>\n<td>COLOR-SHADES\u00ae technology<\/td>\n<td>Metasurface measurements, nanoparticle analysis, optical metrology<\/td>\n<\/tr>\n<\/tbody>\n<\/table>","protected":false},"excerpt":{"rendered":"<p><a href=\"https:\/\/soliton-gmbh.de\/wp-content\/uploads\/2026\/03\/Silius.png\"><img loading=\"lazy\" decoding=\"async\" class=\"alignnone wp-image-11769\" src=\"https:\/\/soliton-gmbh.de\/wp-content\/uploads\/2026\/03\/Silius.png\" alt=\"\" width=\"199\" height=\"79\" srcset=\"https:\/\/soliton-gmbh.de\/wp-content\/uploads\/2026\/03\/Silius.png 424w, https:\/\/soliton-gmbh.de\/wp-content\/uploads\/2026\/03\/Silius-300x119.png 300w, https:\/\/soliton-gmbh.de\/wp-content\/uploads\/2026\/03\/Silius-18x7.png 18w\" sizes=\"auto, (max-width: 199px) 100vw, 199px\" \/><\/a><\/p>\n<ul>\n<li data-section-id=\"gubujv\" data-start=\"920\" data-end=\"975\">\n<p data-start=\"922\" data-end=\"975\">Compact wavefront camera based on QLSI<\/p>\n<\/li>\n<li data-section-id=\"bvjudb\" data-start=\"976\" data-end=\"1040\">\n<p data-start=\"978\" data-end=\"1040\">Simultaneous acquisition of phase and intensity images<\/p>\n<\/li>\n<li data-section-id=\"w113zi\" data-start=\"1041\" data-end=\"1080\">\n<p data-start=\"1043\" data-end=\"1080\">CMOS sensor with 2048 \u00d7 2048 pixels<\/p>\n<\/li>\n<li data-section-id=\"18e56rl\" data-start=\"1081\" data-end=\"1113\">\n<p data-start=\"1083\" data-end=\"1113\">Spectral range 400-900 nm<\/p>\n<\/li>\n<li data-section-id=\"m8hfcf\" data-start=\"1114\" data-end=\"1149\">\n<p data-start=\"1116\" data-end=\"1149\">Phase sensitivity &lt; 1 nm RMS<\/p>\n<\/li>\n<li data-section-id=\"12klazd\" data-start=\"1150\" data-end=\"1202\">\n<p data-start=\"1152\" data-end=\"1202\">C-\/CS-mount compatible for standard microscopes<\/p>\n<\/li>\n<li data-section-id=\"16wyc94\" data-start=\"1203\" data-end=\"1260\">\n<p data-start=\"1205\" data-end=\"1260\">USB 3.0 interface for fast data transfer<\/p>\n<\/li>\n<li data-section-id=\"10doil5\" data-start=\"1261\" data-end=\"1411\">\n<p data-start=\"1263\" data-end=\"1411\">Optionally with WaveFront LAB SDK for real-time display and developer connection in C\/C++ and Python<\/p>\n<\/li>\n<\/ul>\n<p>Contact person: Mr. Zerbin<\/p>","protected":false},"featured_media":11771,"template":"","meta":{"_acf_changed":false,"_uag_custom_page_level_css":"","site-sidebar-layout":"default","site-content-layout":"","ast-site-content-layout":"default","site-content-style":"default","site-sidebar-style":"default","ast-global-header-display":"","ast-banner-title-visibility":"","ast-main-header-display":"","ast-hfb-above-header-display":"","ast-hfb-below-header-display":"","ast-hfb-mobile-header-display":"","site-post-title":"","ast-breadcrumbs-content":"","ast-featured-img":"","footer-sml-layout":"","ast-disable-related-posts":"","theme-transparent-header-meta":"default","adv-header-id-meta":"","stick-header-meta":"default","header-above-stick-meta":"","header-main-stick-meta":"","header-below-stick-meta":"","astra-migrate-meta-layouts":"set","ast-page-background-enabled":"default","ast-page-background-meta":{"desktop":{"background-color":"","background-image":"","background-repeat":"repeat","background-position":"center center","background-size":"auto","background-attachment":"scroll","background-type":"","background-media":"","overlay-type":"","overlay-color":"","overlay-opacity":"","overlay-gradient":""},"tablet":{"background-color":"","background-image":"","background-repeat":"repeat","background-position":"center center","background-size":"auto","background-attachment":"scroll","background-type":"","background-media":"","overlay-type":"","overlay-color":"","overlay-opacity":"","overlay-gradient":""},"mobile":{"background-color":"","background-image":"","background-repeat":"repeat","background-position":"center center","background-size":"auto","background-attachment":"scroll","background-type":"","background-media":"","overlay-type":"","overlay-color":"","overlay-opacity":"","overlay-gradient":""}},"ast-content-background-meta":{"desktop":{"background-color":"var(--ast-global-color-5)","background-image":"","background-repeat":"repeat","background-position":"center center","background-size":"auto","background-attachment":"scroll","background-type":"","background-media":"","overlay-type":"","overlay-color":"","overlay-opacity":"","overlay-gradient":""},"tablet":{"background-color":"var(--ast-global-color-5)","background-image":"","background-repeat":"repeat","background-position":"center center","background-size":"auto","background-attachment":"scroll","background-type":"","background-media":"","overlay-type":"","overlay-color":"","overlay-opacity":"","overlay-gradient":""},"mobile":{"background-color":"var(--ast-global-color-5)","background-image":"","background-repeat":"repeat","background-position":"center center","background-size":"auto","background-attachment":"scroll","background-type":"","background-media":"","overlay-type":"","overlay-color":"","overlay-opacity":"","overlay-gradient":""}}},"product_brand":[],"product_cat":[1598],"product_tag":[],"class_list":{"0":"post-11768","1":"product","2":"type-product","3":"status-publish","4":"has-post-thumbnail","6":"product_cat-wellenfrontanalyse","7":"desktop-align-left","8":"tablet-align-center","9":"mobile-align-center","10":"ast-product-gallery-layout-horizontal-slider","11":"ast-product-gallery-with-no-image","12":"ast-magnify-disabled","13":"ast-product-tabs-layout-horizontal","15":"first","16":"instock","17":"virtual","18":"sold-individually","19":"purchasable","20":"product-type-simple"},"acf":[],"yoast_head":"<!-- This site is optimized with the Yoast SEO Premium plugin v27.2 (Yoast SEO v27.4) - https:\/\/yoast.com\/product\/yoast-seo-premium-wordpress\/ -->\n<title>Wellenfrontkamera - Soliton<\/title>\n<meta name=\"robots\" content=\"index, follow, max-snippet:-1, max-image-preview:large, max-video-preview:-1\" \/>\n<link rel=\"canonical\" href=\"https:\/\/soliton-gmbh.de\/en\/product\/wavefront-camera\/\" \/>\n<meta property=\"og:locale\" content=\"en_US\" \/>\n<meta property=\"og:type\" content=\"article\" \/>\n<meta property=\"og:title\" content=\"Wellenfrontkamera\" \/>\n<meta property=\"og:description\" content=\"Kompakte Wellenfrontkamera auf Basis von QLSI    Simultane Erfassung von Phasen- und Intensit\u00e4tsbildern    CMOS-Sensor mit 2048 \u00d7 2048 Pixel    Spektralbereich 400\u2013900 nm    Phasensensitivit\u00e4t &lt; 1 nm RMS    C-\/CS-Mount kompatibel f\u00fcr Standard-Mikroskope    USB 3.0 Schnittstelle f\u00fcr schnelle Daten\u00fcbertragung    Optional mit WaveFront LAB SDK f\u00fcr Echtzeitdarstellung und Entwickleranbindung in C\/C++ und Python   Ansprechpartner: Hr. Zerbin\" \/>\n<meta property=\"og:url\" content=\"https:\/\/soliton-gmbh.de\/en\/product\/wavefront-camera\/\" \/>\n<meta property=\"og:site_name\" content=\"Soliton Laser- und Messtechnik GmbH\" \/>\n<meta property=\"article:modified_time\" content=\"2026-03-11T09:27:11+00:00\" \/>\n<meta property=\"og:image\" content=\"https:\/\/soliton-gmbh.de\/wp-content\/uploads\/2026\/03\/MAKATEA-standard.jpg\" \/>\n\t<meta property=\"og:image:width\" content=\"1500\" \/>\n\t<meta property=\"og:image:height\" content=\"1561\" \/>\n\t<meta property=\"og:image:type\" content=\"image\/jpeg\" \/>\n<meta name=\"twitter:card\" content=\"summary_large_image\" \/>\n<meta name=\"twitter:label1\" content=\"Price\" \/>\n\t<meta name=\"twitter:data1\" content=\"&euro;0.00\" \/>\n\t<meta name=\"twitter:label2\" content=\"Availability\" \/>\n\t<meta name=\"twitter:data2\" content=\"In stock\" \/>\n<script type=\"application\/ld+json\" class=\"yoast-schema-graph\">{\"@context\":\"https:\\\/\\\/schema.org\",\"@graph\":[{\"@type\":\"WebPage\",\"@id\":\"https:\\\/\\\/soliton-gmbh.de\\\/produkt\\\/wellenfront-kamera\\\/\",\"url\":\"https:\\\/\\\/soliton-gmbh.de\\\/produkt\\\/wellenfront-kamera\\\/\",\"name\":\"Wellenfrontkamera - Soliton\",\"isPartOf\":{\"@id\":\"https:\\\/\\\/soliton-gmbh.de\\\/#website\"},\"primaryImageOfPage\":{\"@id\":\"https:\\\/\\\/soliton-gmbh.de\\\/produkt\\\/wellenfront-kamera\\\/#primaryimage\"},\"image\":{\"@id\":\"https:\\\/\\\/soliton-gmbh.de\\\/produkt\\\/wellenfront-kamera\\\/#primaryimage\"},\"thumbnailUrl\":\"https:\\\/\\\/soliton-gmbh.de\\\/wp-content\\\/uploads\\\/2026\\\/03\\\/MAKATEA-standard.jpg\",\"datePublished\":\"2026-03-09T14:50:54+00:00\",\"dateModified\":\"2026-03-11T09:27:11+00:00\",\"breadcrumb\":{\"@id\":\"https:\\\/\\\/soliton-gmbh.de\\\/produkt\\\/wellenfront-kamera\\\/#breadcrumb\"},\"inLanguage\":\"en-US\",\"potentialAction\":[{\"@type\":\"ReadAction\",\"target\":[\"https:\\\/\\\/soliton-gmbh.de\\\/produkt\\\/wellenfront-kamera\\\/\"]}]},{\"@type\":\"ImageObject\",\"inLanguage\":\"en-US\",\"@id\":\"https:\\\/\\\/soliton-gmbh.de\\\/produkt\\\/wellenfront-kamera\\\/#primaryimage\",\"url\":\"https:\\\/\\\/soliton-gmbh.de\\\/wp-content\\\/uploads\\\/2026\\\/03\\\/MAKATEA-standard.jpg\",\"contentUrl\":\"https:\\\/\\\/soliton-gmbh.de\\\/wp-content\\\/uploads\\\/2026\\\/03\\\/MAKATEA-standard.jpg\",\"width\":1500,\"height\":1561},{\"@type\":\"BreadcrumbList\",\"@id\":\"https:\\\/\\\/soliton-gmbh.de\\\/produkt\\\/wellenfront-kamera\\\/#breadcrumb\",\"itemListElement\":[{\"@type\":\"ListItem\",\"position\":1,\"name\":\"Startseite\",\"item\":\"https:\\\/\\\/soliton-gmbh.de\\\/\"},{\"@type\":\"ListItem\",\"position\":2,\"name\":\"Produkte\",\"item\":\"https:\\\/\\\/soliton-gmbh.de\\\/produkte\\\/\"},{\"@type\":\"ListItem\",\"position\":3,\"name\":\"Wellenfrontkamera\"}]},{\"@type\":\"WebSite\",\"@id\":\"https:\\\/\\\/soliton-gmbh.de\\\/#website\",\"url\":\"https:\\\/\\\/soliton-gmbh.de\\\/\",\"name\":\"Soliton Laser- und Messtechnik GmbH\",\"description\":\"\",\"publisher\":{\"@id\":\"https:\\\/\\\/soliton-gmbh.de\\\/#organization\"},\"potentialAction\":[{\"@type\":\"SearchAction\",\"target\":{\"@type\":\"EntryPoint\",\"urlTemplate\":\"https:\\\/\\\/soliton-gmbh.de\\\/?s={search_term_string}\"},\"query-input\":{\"@type\":\"PropertyValueSpecification\",\"valueRequired\":true,\"valueName\":\"search_term_string\"}}],\"inLanguage\":\"en-US\"},{\"@type\":\"Organization\",\"@id\":\"https:\\\/\\\/soliton-gmbh.de\\\/#organization\",\"name\":\"Soliton GmbH\",\"url\":\"https:\\\/\\\/soliton-gmbh.de\\\/\",\"logo\":{\"@type\":\"ImageObject\",\"inLanguage\":\"en-US\",\"@id\":\"https:\\\/\\\/soliton-gmbh.de\\\/#\\\/schema\\\/logo\\\/image\\\/\",\"url\":\"https:\\\/\\\/soliton-gmbh.de\\\/wp-content\\\/uploads\\\/2022\\\/08\\\/cropped-soliton-logo.png\",\"contentUrl\":\"https:\\\/\\\/soliton-gmbh.de\\\/wp-content\\\/uploads\\\/2022\\\/08\\\/cropped-soliton-logo.png\",\"width\":500,\"height\":350,\"caption\":\"Soliton GmbH\"},\"image\":{\"@id\":\"https:\\\/\\\/soliton-gmbh.de\\\/#\\\/schema\\\/logo\\\/image\\\/\"}}]}<\/script>\n<meta property=\"product:price:amount\" content=\"0.00\" \/>\n<meta property=\"product:price:currency\" content=\"EUR\" \/>\n<meta property=\"og:availability\" content=\"instock\" \/>\n<meta property=\"product:availability\" content=\"instock\" \/>\n<meta property=\"product:condition\" content=\"new\" \/>\n<!-- \/ Yoast SEO Premium plugin. -->","yoast_head_json":{"title":"Wavefront camera - Soliton","robots":{"index":"index","follow":"follow","max-snippet":"max-snippet:-1","max-image-preview":"max-image-preview:large","max-video-preview":"max-video-preview:-1"},"canonical":"https:\/\/soliton-gmbh.de\/en\/product\/wavefront-camera\/","og_locale":"en_US","og_type":"article","og_title":"Wellenfrontkamera","og_description":"Kompakte Wellenfrontkamera auf Basis von QLSI    Simultane Erfassung von Phasen- und Intensit\u00e4tsbildern    CMOS-Sensor mit 2048 \u00d7 2048 Pixel    Spektralbereich 400\u2013900 nm    Phasensensitivit\u00e4t &lt; 1 nm RMS    C-\/CS-Mount kompatibel f\u00fcr Standard-Mikroskope    USB 3.0 Schnittstelle f\u00fcr schnelle Daten\u00fcbertragung    Optional mit WaveFront LAB SDK f\u00fcr Echtzeitdarstellung und Entwickleranbindung in C\/C++ und Python   Ansprechpartner: Hr. Zerbin","og_url":"https:\/\/soliton-gmbh.de\/en\/product\/wavefront-camera\/","og_site_name":"Soliton Laser- und Messtechnik GmbH","article_modified_time":"2026-03-11T09:27:11+00:00","og_image":[{"width":1500,"height":1561,"url":"https:\/\/soliton-gmbh.de\/wp-content\/uploads\/2026\/03\/MAKATEA-standard.jpg","type":"image\/jpeg"}],"twitter_card":"summary_large_image","twitter_misc":{"Price":"&euro;0.00","Availability":"In stock"},"schema":{"@context":"https:\/\/schema.org","@graph":[{"@type":"WebPage","@id":"https:\/\/soliton-gmbh.de\/produkt\/wellenfront-kamera\/","url":"https:\/\/soliton-gmbh.de\/produkt\/wellenfront-kamera\/","name":"Wavefront camera - Soliton","isPartOf":{"@id":"https:\/\/soliton-gmbh.de\/#website"},"primaryImageOfPage":{"@id":"https:\/\/soliton-gmbh.de\/produkt\/wellenfront-kamera\/#primaryimage"},"image":{"@id":"https:\/\/soliton-gmbh.de\/produkt\/wellenfront-kamera\/#primaryimage"},"thumbnailUrl":"https:\/\/soliton-gmbh.de\/wp-content\/uploads\/2026\/03\/MAKATEA-standard.jpg","datePublished":"2026-03-09T14:50:54+00:00","dateModified":"2026-03-11T09:27:11+00:00","breadcrumb":{"@id":"https:\/\/soliton-gmbh.de\/produkt\/wellenfront-kamera\/#breadcrumb"},"inLanguage":"en-US","potentialAction":[{"@type":"ReadAction","target":["https:\/\/soliton-gmbh.de\/produkt\/wellenfront-kamera\/"]}]},{"@type":"ImageObject","inLanguage":"en-US","@id":"https:\/\/soliton-gmbh.de\/produkt\/wellenfront-kamera\/#primaryimage","url":"https:\/\/soliton-gmbh.de\/wp-content\/uploads\/2026\/03\/MAKATEA-standard.jpg","contentUrl":"https:\/\/soliton-gmbh.de\/wp-content\/uploads\/2026\/03\/MAKATEA-standard.jpg","width":1500,"height":1561},{"@type":"BreadcrumbList","@id":"https:\/\/soliton-gmbh.de\/produkt\/wellenfront-kamera\/#breadcrumb","itemListElement":[{"@type":"ListItem","position":1,"name":"Startseite","item":"https:\/\/soliton-gmbh.de\/"},{"@type":"ListItem","position":2,"name":"Produkte","item":"https:\/\/soliton-gmbh.de\/produkte\/"},{"@type":"ListItem","position":3,"name":"Wellenfrontkamera"}]},{"@type":"WebSite","@id":"https:\/\/soliton-gmbh.de\/#website","url":"https:\/\/soliton-gmbh.de\/","name":"Soliton Laser- und Messtechnik GmbH","description":"","publisher":{"@id":"https:\/\/soliton-gmbh.de\/#organization"},"potentialAction":[{"@type":"SearchAction","target":{"@type":"EntryPoint","urlTemplate":"https:\/\/soliton-gmbh.de\/?s={search_term_string}"},"query-input":{"@type":"PropertyValueSpecification","valueRequired":true,"valueName":"search_term_string"}}],"inLanguage":"en-US"},{"@type":"Organization","@id":"https:\/\/soliton-gmbh.de\/#organization","name":"Soliton GmbH","url":"https:\/\/soliton-gmbh.de\/","logo":{"@type":"ImageObject","inLanguage":"en-US","@id":"https:\/\/soliton-gmbh.de\/#\/schema\/logo\/image\/","url":"https:\/\/soliton-gmbh.de\/wp-content\/uploads\/2022\/08\/cropped-soliton-logo.png","contentUrl":"https:\/\/soliton-gmbh.de\/wp-content\/uploads\/2022\/08\/cropped-soliton-logo.png","width":500,"height":350,"caption":"Soliton GmbH"},"image":{"@id":"https:\/\/soliton-gmbh.de\/#\/schema\/logo\/image\/"}}]},"product_price_amount":"0.00","product_price_currency":"EUR","og_availability":"instock","product_availability":"instock","product_condition":"new"},"uagb_featured_image_src":{"full":["https:\/\/soliton-gmbh.de\/wp-content\/uploads\/2026\/03\/MAKATEA-standard.jpg",1500,1561,false],"thumbnail":["https:\/\/soliton-gmbh.de\/wp-content\/uploads\/2026\/03\/MAKATEA-standard-150x150.jpg",150,150,true],"medium":["https:\/\/soliton-gmbh.de\/wp-content\/uploads\/2026\/03\/MAKATEA-standard-288x300.jpg",288,300,true],"medium_large":["https:\/\/soliton-gmbh.de\/wp-content\/uploads\/2026\/03\/MAKATEA-standard-768x799.jpg",768,799,true],"large":["https:\/\/soliton-gmbh.de\/wp-content\/uploads\/2026\/03\/MAKATEA-standard-984x1024.jpg",984,1024,true],"1536x1536":["https:\/\/soliton-gmbh.de\/wp-content\/uploads\/2026\/03\/MAKATEA-standard-1476x1536.jpg",1476,1536,true],"2048x2048":["https:\/\/soliton-gmbh.de\/wp-content\/uploads\/2026\/03\/MAKATEA-standard.jpg",1500,1561,false],"trp-custom-language-flag":["https:\/\/soliton-gmbh.de\/wp-content\/uploads\/2026\/03\/MAKATEA-standard-12x12.jpg",12,12,true],"woocommerce_thumbnail":["https:\/\/soliton-gmbh.de\/wp-content\/uploads\/2026\/03\/MAKATEA-standard-600x624.jpg",600,624,true],"woocommerce_single":["https:\/\/soliton-gmbh.de\/wp-content\/uploads\/2026\/03\/MAKATEA-standard-1200x1249.jpg",1200,1249,true],"woocommerce_gallery_thumbnail":["https:\/\/soliton-gmbh.de\/wp-content\/uploads\/2026\/03\/MAKATEA-standard-300x300.jpg",300,300,true]},"uagb_author_info":{"display_name":"Daniel","author_link":"https:\/\/soliton-gmbh.de\/en\/author\/"},"uagb_comment_info":0,"uagb_excerpt":"Kompakte Wellenfrontkamera auf Basis von QLSI Simultane Erfassung von Phasen- und Intensit\u00e4tsbildern CMOS-Sensor mit 2048 \u00d7 2048 Pixel Spektralbereich 400\u2013900 nm Phasensensitivit\u00e4t &lt; 1 nm RMS C-\/CS-Mount kompatibel f\u00fcr Standard-Mikroskope USB 3.0 Schnittstelle f\u00fcr schnelle Daten\u00fcbertragung Optional mit WaveFront LAB SDK f\u00fcr Echtzeitdarstellung und Entwickleranbindung in C\/C++ und Python Ansprechpartner: Hr. Zerbin","_links":{"self":[{"href":"https:\/\/soliton-gmbh.de\/en\/wp-json\/wp\/v2\/product\/11768","targetHints":{"allow":["GET"]}}],"collection":[{"href":"https:\/\/soliton-gmbh.de\/en\/wp-json\/wp\/v2\/product"}],"about":[{"href":"https:\/\/soliton-gmbh.de\/en\/wp-json\/wp\/v2\/types\/product"}],"wp:featuredmedia":[{"embeddable":true,"href":"https:\/\/soliton-gmbh.de\/en\/wp-json\/wp\/v2\/media\/11771"}],"wp:attachment":[{"href":"https:\/\/soliton-gmbh.de\/en\/wp-json\/wp\/v2\/media?parent=11768"}],"wp:term":[{"taxonomy":"product_brand","embeddable":true,"href":"https:\/\/soliton-gmbh.de\/en\/wp-json\/wp\/v2\/product_brand?post=11768"},{"taxonomy":"product_cat","embeddable":true,"href":"https:\/\/soliton-gmbh.de\/en\/wp-json\/wp\/v2\/product_cat?post=11768"},{"taxonomy":"product_tag","embeddable":true,"href":"https:\/\/soliton-gmbh.de\/en\/wp-json\/wp\/v2\/product_tag?post=11768"}],"curies":[{"name":"wp","href":"https:\/\/api.w.org\/{rel}","templated":true}]}}