{"id":11688,"date":"2026-02-04T14:32:46","date_gmt":"2026-02-04T13:32:46","guid":{"rendered":"https:\/\/soliton-gmbh.de\/?post_type=product&#038;p=11688"},"modified":"2026-04-16T00:10:34","modified_gmt":"2026-04-15T22:10:34","slug":"starrett-mvr-200-manual-optical-testing-system","status":"publish","type":"product","link":"https:\/\/soliton-gmbh.de\/en\/produkt\/starrett-mvr-200-manuelles-optisches-pruefsystem\/","title":{"rendered":"MVR 200 - Manual optical inspection system"},"content":{"rendered":"<h1 data-start=\"44\" data-end=\"107\">Compact optical measurement technology for precise quality control<\/h1>\n<p data-start=\"109\" data-end=\"572\">The <strong data-start=\"113\" data-end=\"157\">MVR 200 - Manual optical inspection system<\/strong> from Starrett is a compact and powerful solution for industrial quality inspection. Especially for fast, repeatable measurement tasks, this manual vision system impresses with its high reliability and intuitive operation. This makes the system ideal for production environments, inspection rooms and incoming goods inspections where efficiency and accuracy are equally important.<\/p>\n<p data-start=\"574\" data-end=\"890\">While complex automated systems often require a higher level of integration, the MVR 200 - Manual Optical Inspection System offers a flexible and economical alternative for precise 2D measurements. At the same time, it enables stable and reproducible quality control in daily use.<\/p>\n<h2 data-start=\"897\" data-end=\"951\">Robust construction for stable measurement results<\/h2>\n<p data-start=\"953\" data-end=\"1262\">The solid granite base forms the foundation of the system and ensures maximum stability and low vibration influences. As a result, the measuring accuracy remains consistently high even with regular use. In addition, precise linear rails ensure smooth and exact movement in the axes.<\/p>\n<p data-start=\"1264\" data-end=\"1566\">Particularly noteworthy is the motorized Z-axis, which enables convenient and controlled height adjustment. This allows different workpiece heights to be captured efficiently and focused precisely. The result is a clear, sharp representation of contours and surface structures.<\/p>\n<p data-start=\"1568\" data-end=\"1809\">With a maximum field of view (FOV) of 24 mm, components up to 200 mm in length can be measured. This means that the MVR 200 manual optical inspection system covers a wide range of applications in industrial metrology.<\/p>\n<h2 data-start=\"1816\" data-end=\"1868\">Intuitive operation with MetLogix\u2122-M3 software<\/h2>\n<p data-start=\"1870\" data-end=\"2123\">The integrated MetLogix\u2122-M3 software provides a high-resolution live video image of the workpiece and combines this with digital measurement values and versatile geometry tools. This allows users to keep an overview of all measurement data at all times.<\/p>\n<p data-start=\"2125\" data-end=\"2434\">In addition, the image can be scaled via zoom in order to precisely evaluate even the smallest details. Measurements are carried out conveniently via the touchscreen by selecting the desired contour directly. This user-friendly workflow reduces training requirements and increases productivity at the same time.<\/p>\n<h2 data-start=\"2441\" data-end=\"2498\">Expandable equipment for flexible measuring tasks<\/h2>\n<p data-start=\"2500\" data-end=\"2794\">The system can optionally be equipped with telecentric lenses to minimize perspective distortions and further increase measurement accuracy. Various accessories are also available to extend the range of functions and adapt them to specific inspection requirements.<\/p>\n<p data-start=\"2796\" data-end=\"3083\">The MVR 200 manual optical inspection system therefore offers a versatile solution for optical measurements, contour inspections and dimensional component analysis. Companies benefit from high repeat accuracy and efficient data acquisition, especially for recurring inspection processes.<\/p>\n<p data-start=\"3085\" data-end=\"3346\">For detailed technical information or an individual configuration, we recommend that you contact us personally. We will be happy to prepare a suitable offer for your specific requirements in the field of optical measurement technology and quality assurance.<\/p>","protected":false},"excerpt":{"rendered":"<p><a href=\"https:\/\/soliton-gmbh.de\/wp-content\/uploads\/2026\/02\/Starrett.svg.png\"><img loading=\"lazy\" decoding=\"async\" class=\"alignnone wp-image-11677\" src=\"https:\/\/soliton-gmbh.de\/wp-content\/uploads\/2026\/02\/Starrett.svg-1024x241.png\" alt=\"\" width=\"200\" height=\"47\" srcset=\"https:\/\/soliton-gmbh.de\/wp-content\/uploads\/2026\/02\/Starrett.svg-1024x241.png 1024w, https:\/\/soliton-gmbh.de\/wp-content\/uploads\/2026\/02\/Starrett.svg-300x71.png 300w, https:\/\/soliton-gmbh.de\/wp-content\/uploads\/2026\/02\/Starrett.svg-768x181.png 768w, https:\/\/soliton-gmbh.de\/wp-content\/uploads\/2026\/02\/Starrett.svg-18x4.png 18w, https:\/\/soliton-gmbh.de\/wp-content\/uploads\/2026\/02\/Starrett.svg-600x141.png 600w, https:\/\/soliton-gmbh.de\/wp-content\/uploads\/2026\/02\/Starrett.svg-1200x282.png 1200w, https:\/\/soliton-gmbh.de\/wp-content\/uploads\/2026\/02\/Starrett.svg.png 1280w\" sizes=\"auto, (max-width: 200px) 100vw, 200px\" \/><\/a><\/p>\n<ul>\n<li>Compact table-top vision system with stable granite base<\/li>\n<li>Manual X-Y adjustment via handwheels for easy operation<\/li>\n<li>Motorized Z-axis with variable speed<\/li>\n<li>Intuitive Metlogix\u2122-M3 software with video-based edge detection<\/li>\n<li>Live image display and digital measured values on 24\u2033 touchscreen<\/li>\n<li>6.5:1 zoom optics as standard<\/li>\n<li>Digital color camera (1.3 MP, optional 2.0 MP telecentric)<\/li>\n<li>LED surface and transmitted light illumination (optional coaxial)<\/li>\n<\/ul>","protected":false},"featured_media":11689,"template":"","meta":{"_acf_changed":false,"_uag_custom_page_level_css":"","site-sidebar-layout":"default","site-content-layout":"","ast-site-content-layout":"default","site-content-style":"default","site-sidebar-style":"default","ast-global-header-display":"","ast-banner-title-visibility":"","ast-main-header-display":"","ast-hfb-above-header-display":"","ast-hfb-below-header-display":"","ast-hfb-mobile-header-display":"","site-post-title":"","ast-breadcrumbs-content":"","ast-featured-img":"","footer-sml-layout":"","ast-disable-related-posts":"","theme-transparent-header-meta":"default","adv-header-id-meta":"","stick-header-meta":"default","header-above-stick-meta":"","header-main-stick-meta":"","header-below-stick-meta":"","astra-migrate-meta-layouts":"set","ast-page-background-enabled":"default","ast-page-background-meta":{"desktop":{"background-color":"","background-image":"","background-repeat":"repeat","background-position":"center center","background-size":"auto","background-attachment":"scroll","background-type":"","background-media":"","overlay-type":"","overlay-color":"","overlay-opacity":"","overlay-gradient":""},"tablet":{"background-color":"","background-image":"","background-repeat":"repeat","background-position":"center center","background-size":"auto","background-attachment":"scroll","background-type":"","background-media":"","overlay-type":"","overlay-color":"","overlay-opacity":"","overlay-gradient":""},"mobile":{"background-color":"","background-image":"","background-repeat":"repeat","background-position":"center center","background-size":"auto","background-attachment":"scroll","background-type":"","background-media":"","overlay-type":"","overlay-color":"","overlay-opacity":"","overlay-gradient":""}},"ast-content-background-meta":{"desktop":{"background-color":"var(--ast-global-color-5)","background-image":"","background-repeat":"repeat","background-position":"center center","background-size":"auto","background-attachment":"scroll","background-type":"","background-media":"","overlay-type":"","overlay-color":"","overlay-opacity":"","overlay-gradient":""},"tablet":{"background-color":"var(--ast-global-color-5)","background-image":"","background-repeat":"repeat","background-position":"center center","background-size":"auto","background-attachment":"scroll","background-type":"","background-media":"","overlay-type":"","overlay-color":"","overlay-opacity":"","overlay-gradient":""},"mobile":{"background-color":"var(--ast-global-color-5)","background-image":"","background-repeat":"repeat","background-position":"center center","background-size":"auto","background-attachment":"scroll","background-type":"","background-media":"","overlay-type":"","overlay-color":"","overlay-opacity":"","overlay-gradient":""}}},"product_brand":[1607],"product_cat":[1551],"product_tag":[1566,1568,1572,1102,1571,1563,1573,1570,1559,1567],"class_list":{"0":"post-11688","1":"product","2":"type-product","3":"status-publish","4":"has-post-thumbnail","6":"product_brand-starrett","7":"product_cat-profilprojektoren-optische-messsysteme","8":"product_tag-2d-messsystem","9":"product_tag-bauteilvermessung","10":"product_tag-granit-messbasis","11":"product_tag-industrielle-bildverarbeitung","12":"product_tag-manuelles-vision-system","13":"product_tag-optische-messmaschine","14":"product_tag-praezisionsmesstechnik","15":"product_tag-qualitaetspruefung-industrie","16":"product_tag-telezentrisches-objektiv","17":"product_tag-werkstatt-messplatz","18":"desktop-align-left","19":"tablet-align-center","20":"mobile-align-center","21":"ast-product-gallery-layout-horizontal-slider","22":"ast-magnify-disabled","23":"ast-product-tabs-layout-horizontal","25":"first","26":"instock","27":"virtual","28":"sold-individually","29":"purchasable","30":"product-type-simple"},"acf":[],"yoast_head":"<!-- This site is optimized with the Yoast SEO Premium plugin v27.2 (Yoast SEO v27.5) - https:\/\/yoast.com\/product\/yoast-seo-premium-wordpress\/ -->\n<title>MVR 200 - Manuelles optisches Pr\u00fcfsystem - Soliton<\/title>\n<meta name=\"description\" content=\"MVR 200 - Manuelles optisches Pr\u00fcfsystem f\u00fcr pr\u00e4zise 2D-Messungen bis 200 mm. Kompakte L\u00f6sung f\u00fcr industrielle Qualit\u00e4tskontrolle.\" \/>\n<meta name=\"robots\" content=\"index, follow, max-snippet:-1, max-image-preview:large, max-video-preview:-1\" \/>\n<link rel=\"canonical\" href=\"https:\/\/soliton-gmbh.de\/en\/product\/starrett-mvr-200-manual-optical-testing-system\/\" \/>\n<meta property=\"og:locale\" content=\"en_US\" \/>\n<meta property=\"og:type\" content=\"article\" \/>\n<meta property=\"og:title\" content=\"MVR 200 - Manuelles optisches Pr\u00fcfsystem\" \/>\n<meta property=\"og:description\" content=\"MVR 200 - Manuelles optisches Pr\u00fcfsystem f\u00fcr pr\u00e4zise 2D-Messungen bis 200 mm. Kompakte L\u00f6sung f\u00fcr industrielle Qualit\u00e4tskontrolle.\" \/>\n<meta property=\"og:url\" content=\"https:\/\/soliton-gmbh.de\/en\/product\/starrett-mvr-200-manual-optical-testing-system\/\" \/>\n<meta property=\"og:site_name\" content=\"Soliton Laser- und Messtechnik GmbH\" \/>\n<meta property=\"article:modified_time\" content=\"2026-04-15T22:10:34+00:00\" \/>\n<meta property=\"og:image\" content=\"https:\/\/soliton-gmbh.de\/wp-content\/uploads\/2026\/02\/MVR.jpg\" \/>\n\t<meta property=\"og:image:width\" content=\"1500\" \/>\n\t<meta property=\"og:image:height\" content=\"1456\" \/>\n\t<meta property=\"og:image:type\" content=\"image\/jpeg\" \/>\n<meta name=\"twitter:card\" content=\"summary_large_image\" \/>\n<meta name=\"twitter:label1\" content=\"Price\" \/>\n\t<meta name=\"twitter:data1\" content=\"&euro;0.00\" \/>\n\t<meta name=\"twitter:label2\" content=\"Availability\" \/>\n\t<meta name=\"twitter:data2\" content=\"In stock\" \/>\n<script type=\"application\/ld+json\" class=\"yoast-schema-graph\">{\"@context\":\"https:\\\/\\\/schema.org\",\"@graph\":[{\"@type\":\"WebPage\",\"@id\":\"https:\\\/\\\/soliton-gmbh.de\\\/produkt\\\/starrett-mvr-200-manuelles-optisches-pruefsystem\\\/\",\"url\":\"https:\\\/\\\/soliton-gmbh.de\\\/produkt\\\/starrett-mvr-200-manuelles-optisches-pruefsystem\\\/\",\"name\":\"MVR 200 - Manuelles optisches Pr\u00fcfsystem - Soliton\",\"isPartOf\":{\"@id\":\"https:\\\/\\\/soliton-gmbh.de\\\/#website\"},\"primaryImageOfPage\":{\"@id\":\"https:\\\/\\\/soliton-gmbh.de\\\/produkt\\\/starrett-mvr-200-manuelles-optisches-pruefsystem\\\/#primaryimage\"},\"image\":{\"@id\":\"https:\\\/\\\/soliton-gmbh.de\\\/produkt\\\/starrett-mvr-200-manuelles-optisches-pruefsystem\\\/#primaryimage\"},\"thumbnailUrl\":\"https:\\\/\\\/soliton-gmbh.de\\\/wp-content\\\/uploads\\\/2026\\\/02\\\/MVR.jpg\",\"datePublished\":\"2026-02-04T13:32:46+00:00\",\"dateModified\":\"2026-04-15T22:10:34+00:00\",\"description\":\"MVR 200 - Manuelles optisches Pr\u00fcfsystem f\u00fcr pr\u00e4zise 2D-Messungen bis 200 mm. Kompakte L\u00f6sung f\u00fcr industrielle Qualit\u00e4tskontrolle.\",\"breadcrumb\":{\"@id\":\"https:\\\/\\\/soliton-gmbh.de\\\/produkt\\\/starrett-mvr-200-manuelles-optisches-pruefsystem\\\/#breadcrumb\"},\"inLanguage\":\"en-US\",\"potentialAction\":[{\"@type\":\"ReadAction\",\"target\":[\"https:\\\/\\\/soliton-gmbh.de\\\/produkt\\\/starrett-mvr-200-manuelles-optisches-pruefsystem\\\/\"]}]},{\"@type\":\"ImageObject\",\"inLanguage\":\"en-US\",\"@id\":\"https:\\\/\\\/soliton-gmbh.de\\\/produkt\\\/starrett-mvr-200-manuelles-optisches-pruefsystem\\\/#primaryimage\",\"url\":\"https:\\\/\\\/soliton-gmbh.de\\\/wp-content\\\/uploads\\\/2026\\\/02\\\/MVR.jpg\",\"contentUrl\":\"https:\\\/\\\/soliton-gmbh.de\\\/wp-content\\\/uploads\\\/2026\\\/02\\\/MVR.jpg\",\"width\":1500,\"height\":1456,\"caption\":\"MVR 200 - Manuelles optisches Pr\u00fcfsystem mit Granitbasis\"},{\"@type\":\"BreadcrumbList\",\"@id\":\"https:\\\/\\\/soliton-gmbh.de\\\/produkt\\\/starrett-mvr-200-manuelles-optisches-pruefsystem\\\/#breadcrumb\",\"itemListElement\":[{\"@type\":\"ListItem\",\"position\":1,\"name\":\"Startseite\",\"item\":\"https:\\\/\\\/soliton-gmbh.de\\\/\"},{\"@type\":\"ListItem\",\"position\":2,\"name\":\"Produkte\",\"item\":\"https:\\\/\\\/soliton-gmbh.de\\\/produkte\\\/\"},{\"@type\":\"ListItem\",\"position\":3,\"name\":\"MVR 200 &#8211; Manuelles optisches Pr\u00fcfsystem\"}]},{\"@type\":\"WebSite\",\"@id\":\"https:\\\/\\\/soliton-gmbh.de\\\/#website\",\"url\":\"https:\\\/\\\/soliton-gmbh.de\\\/\",\"name\":\"Soliton Laser- und Messtechnik GmbH\",\"description\":\"\",\"publisher\":{\"@id\":\"https:\\\/\\\/soliton-gmbh.de\\\/#organization\"},\"potentialAction\":[{\"@type\":\"SearchAction\",\"target\":{\"@type\":\"EntryPoint\",\"urlTemplate\":\"https:\\\/\\\/soliton-gmbh.de\\\/?s={search_term_string}\"},\"query-input\":{\"@type\":\"PropertyValueSpecification\",\"valueRequired\":true,\"valueName\":\"search_term_string\"}}],\"inLanguage\":\"en-US\"},{\"@type\":\"Organization\",\"@id\":\"https:\\\/\\\/soliton-gmbh.de\\\/#organization\",\"name\":\"Soliton GmbH\",\"url\":\"https:\\\/\\\/soliton-gmbh.de\\\/\",\"logo\":{\"@type\":\"ImageObject\",\"inLanguage\":\"en-US\",\"@id\":\"https:\\\/\\\/soliton-gmbh.de\\\/#\\\/schema\\\/logo\\\/image\\\/\",\"url\":\"https:\\\/\\\/soliton-gmbh.de\\\/wp-content\\\/uploads\\\/2022\\\/08\\\/cropped-soliton-logo.png\",\"contentUrl\":\"https:\\\/\\\/soliton-gmbh.de\\\/wp-content\\\/uploads\\\/2022\\\/08\\\/cropped-soliton-logo.png\",\"width\":500,\"height\":350,\"caption\":\"Soliton GmbH\"},\"image\":{\"@id\":\"https:\\\/\\\/soliton-gmbh.de\\\/#\\\/schema\\\/logo\\\/image\\\/\"}}]}<\/script>\n<meta property=\"product:price:amount\" content=\"0.00\" \/>\n<meta property=\"product:price:currency\" content=\"EUR\" \/>\n<meta property=\"og:availability\" content=\"instock\" \/>\n<meta property=\"product:availability\" content=\"instock\" \/>\n<meta property=\"product:condition\" content=\"new\" \/>\n<!-- \/ Yoast SEO Premium plugin. -->","yoast_head_json":{"title":"MVR 200 - Manual optical inspection system - Soliton","description":"MVR 200 - Manual optical inspection system for precise 2D measurements up to 200 mm. Compact solution for industrial quality control.","robots":{"index":"index","follow":"follow","max-snippet":"max-snippet:-1","max-image-preview":"max-image-preview:large","max-video-preview":"max-video-preview:-1"},"canonical":"https:\/\/soliton-gmbh.de\/en\/product\/starrett-mvr-200-manual-optical-testing-system\/","og_locale":"en_US","og_type":"article","og_title":"MVR 200 - Manuelles optisches Pr\u00fcfsystem","og_description":"MVR 200 - Manuelles optisches Pr\u00fcfsystem f\u00fcr pr\u00e4zise 2D-Messungen bis 200 mm. Kompakte L\u00f6sung f\u00fcr industrielle Qualit\u00e4tskontrolle.","og_url":"https:\/\/soliton-gmbh.de\/en\/product\/starrett-mvr-200-manual-optical-testing-system\/","og_site_name":"Soliton Laser- und Messtechnik GmbH","article_modified_time":"2026-04-15T22:10:34+00:00","og_image":[{"width":1500,"height":1456,"url":"https:\/\/soliton-gmbh.de\/wp-content\/uploads\/2026\/02\/MVR.jpg","type":"image\/jpeg"}],"twitter_card":"summary_large_image","twitter_misc":{"Price":"&euro;0.00","Availability":"In stock"},"schema":{"@context":"https:\/\/schema.org","@graph":[{"@type":"WebPage","@id":"https:\/\/soliton-gmbh.de\/produkt\/starrett-mvr-200-manuelles-optisches-pruefsystem\/","url":"https:\/\/soliton-gmbh.de\/produkt\/starrett-mvr-200-manuelles-optisches-pruefsystem\/","name":"MVR 200 - Manual optical inspection system - Soliton","isPartOf":{"@id":"https:\/\/soliton-gmbh.de\/#website"},"primaryImageOfPage":{"@id":"https:\/\/soliton-gmbh.de\/produkt\/starrett-mvr-200-manuelles-optisches-pruefsystem\/#primaryimage"},"image":{"@id":"https:\/\/soliton-gmbh.de\/produkt\/starrett-mvr-200-manuelles-optisches-pruefsystem\/#primaryimage"},"thumbnailUrl":"https:\/\/soliton-gmbh.de\/wp-content\/uploads\/2026\/02\/MVR.jpg","datePublished":"2026-02-04T13:32:46+00:00","dateModified":"2026-04-15T22:10:34+00:00","description":"MVR 200 - Manual optical inspection system for precise 2D measurements up to 200 mm. Compact solution for industrial quality control.","breadcrumb":{"@id":"https:\/\/soliton-gmbh.de\/produkt\/starrett-mvr-200-manuelles-optisches-pruefsystem\/#breadcrumb"},"inLanguage":"en-US","potentialAction":[{"@type":"ReadAction","target":["https:\/\/soliton-gmbh.de\/produkt\/starrett-mvr-200-manuelles-optisches-pruefsystem\/"]}]},{"@type":"ImageObject","inLanguage":"en-US","@id":"https:\/\/soliton-gmbh.de\/produkt\/starrett-mvr-200-manuelles-optisches-pruefsystem\/#primaryimage","url":"https:\/\/soliton-gmbh.de\/wp-content\/uploads\/2026\/02\/MVR.jpg","contentUrl":"https:\/\/soliton-gmbh.de\/wp-content\/uploads\/2026\/02\/MVR.jpg","width":1500,"height":1456,"caption":"MVR 200 - Manuelles optisches Pr\u00fcfsystem mit Granitbasis"},{"@type":"BreadcrumbList","@id":"https:\/\/soliton-gmbh.de\/produkt\/starrett-mvr-200-manuelles-optisches-pruefsystem\/#breadcrumb","itemListElement":[{"@type":"ListItem","position":1,"name":"Startseite","item":"https:\/\/soliton-gmbh.de\/"},{"@type":"ListItem","position":2,"name":"Produkte","item":"https:\/\/soliton-gmbh.de\/produkte\/"},{"@type":"ListItem","position":3,"name":"MVR 200 &#8211; Manuelles optisches Pr\u00fcfsystem"}]},{"@type":"WebSite","@id":"https:\/\/soliton-gmbh.de\/#website","url":"https:\/\/soliton-gmbh.de\/","name":"Soliton Laser- und Messtechnik GmbH","description":"","publisher":{"@id":"https:\/\/soliton-gmbh.de\/#organization"},"potentialAction":[{"@type":"SearchAction","target":{"@type":"EntryPoint","urlTemplate":"https:\/\/soliton-gmbh.de\/?s={search_term_string}"},"query-input":{"@type":"PropertyValueSpecification","valueRequired":true,"valueName":"search_term_string"}}],"inLanguage":"en-US"},{"@type":"Organization","@id":"https:\/\/soliton-gmbh.de\/#organization","name":"Soliton GmbH","url":"https:\/\/soliton-gmbh.de\/","logo":{"@type":"ImageObject","inLanguage":"en-US","@id":"https:\/\/soliton-gmbh.de\/#\/schema\/logo\/image\/","url":"https:\/\/soliton-gmbh.de\/wp-content\/uploads\/2022\/08\/cropped-soliton-logo.png","contentUrl":"https:\/\/soliton-gmbh.de\/wp-content\/uploads\/2022\/08\/cropped-soliton-logo.png","width":500,"height":350,"caption":"Soliton GmbH"},"image":{"@id":"https:\/\/soliton-gmbh.de\/#\/schema\/logo\/image\/"}}]},"product_price_amount":"0.00","product_price_currency":"EUR","og_availability":"instock","product_availability":"instock","product_condition":"new"},"uagb_featured_image_src":{"full":["https:\/\/soliton-gmbh.de\/wp-content\/uploads\/2026\/02\/MVR.jpg",1500,1456,false],"thumbnail":["https:\/\/soliton-gmbh.de\/wp-content\/uploads\/2026\/02\/MVR-150x150.jpg",150,150,true],"medium":["https:\/\/soliton-gmbh.de\/wp-content\/uploads\/2026\/02\/MVR-300x291.jpg",300,291,true],"medium_large":["https:\/\/soliton-gmbh.de\/wp-content\/uploads\/2026\/02\/MVR-768x745.jpg",768,745,true],"large":["https:\/\/soliton-gmbh.de\/wp-content\/uploads\/2026\/02\/MVR-1024x994.jpg",1024,994,true],"1536x1536":["https:\/\/soliton-gmbh.de\/wp-content\/uploads\/2026\/02\/MVR.jpg",1500,1456,false],"2048x2048":["https:\/\/soliton-gmbh.de\/wp-content\/uploads\/2026\/02\/MVR.jpg",1500,1456,false],"trp-custom-language-flag":["https:\/\/soliton-gmbh.de\/wp-content\/uploads\/2026\/02\/MVR-12x12.jpg",12,12,true],"woocommerce_thumbnail":["https:\/\/soliton-gmbh.de\/wp-content\/uploads\/2026\/02\/MVR-600x582.jpg",600,582,true],"woocommerce_single":["https:\/\/soliton-gmbh.de\/wp-content\/uploads\/2026\/02\/MVR-1200x1165.jpg",1200,1165,true],"woocommerce_gallery_thumbnail":["https:\/\/soliton-gmbh.de\/wp-content\/uploads\/2026\/02\/MVR-300x300.jpg",300,300,true]},"uagb_author_info":{"display_name":"Daniel","author_link":"https:\/\/soliton-gmbh.de\/en\/author\/"},"uagb_comment_info":0,"uagb_excerpt":"Kompaktes Tisch\u2011Vision\u2011System mit stabiler Granitbasis Manuelle X\u2011Y\u2011Verstellung \u00fcber Handr\u00e4der f\u00fcr einfache Bedienung Motorisierte Z\u2011Achse mit variabler Geschwindigkeit Intuitive Metlogix\u2122\u2011M3\u2011Software mit videobasierter Kantenerkennung Live\u2011Bilddarstellung und digitale Messwerte auf 24\" Touchscreen 6,5:1 Zoom\u2011Optik als Standard Digitale Farbkamera (1,3\u202fMP, optional 2,0\u202fMP telezentrisch) LED\u2011Oberfl\u00e4che und Durchlicht\u2011Beleuchtung (optional koaxial)","_links":{"self":[{"href":"https:\/\/soliton-gmbh.de\/en\/wp-json\/wp\/v2\/product\/11688","targetHints":{"allow":["GET"]}}],"collection":[{"href":"https:\/\/soliton-gmbh.de\/en\/wp-json\/wp\/v2\/product"}],"about":[{"href":"https:\/\/soliton-gmbh.de\/en\/wp-json\/wp\/v2\/types\/product"}],"wp:featuredmedia":[{"embeddable":true,"href":"https:\/\/soliton-gmbh.de\/en\/wp-json\/wp\/v2\/media\/11689"}],"wp:attachment":[{"href":"https:\/\/soliton-gmbh.de\/en\/wp-json\/wp\/v2\/media?parent=11688"}],"wp:term":[{"taxonomy":"product_brand","embeddable":true,"href":"https:\/\/soliton-gmbh.de\/en\/wp-json\/wp\/v2\/product_brand?post=11688"},{"taxonomy":"product_cat","embeddable":true,"href":"https:\/\/soliton-gmbh.de\/en\/wp-json\/wp\/v2\/product_cat?post=11688"},{"taxonomy":"product_tag","embeddable":true,"href":"https:\/\/soliton-gmbh.de\/en\/wp-json\/wp\/v2\/product_tag?post=11688"}],"curies":[{"name":"wp","href":"https:\/\/api.w.org\/{rel}","templated":true}]}}