{"id":11676,"date":"2026-02-02T15:47:36","date_gmt":"2026-02-02T14:47:36","guid":{"rendered":"https:\/\/soliton-gmbh.de\/?post_type=product&#038;p=11676"},"modified":"2026-03-30T18:01:16","modified_gmt":"2026-03-30T16:01:16","slug":"avr-series-automatic-optical-inspection-systems","status":"publish","type":"product","link":"https:\/\/soliton-gmbh.de\/en\/produkt\/avr-series-automatische-optische-pruefsysteme\/","title":{"rendered":"AVR Series - Automatic optical inspection systems"},"content":{"rendered":"<h1 data-start=\"50\" data-end=\"118\">Precise CNC vision measurement technology for reproducible measurement results<\/h1>\n<p data-start=\"120\" data-end=\"589\">The <strong data-start=\"124\" data-end=\"174\">AVR Series - Automatic optical inspection systems<\/strong> from Starrett was specially developed for recurring measurement tasks and automated comparison with CAD data. This makes the system ideal for companies that want to integrate reliable, fast and high-precision quality control into their production processes. The AVR Series enables efficient and standardized inspection of complex components, particularly in series production.<\/p>\n<p data-start=\"591\" data-end=\"949\">In addition, the CNC vision measuring system combines modern camera technology with powerful software. This enables measurements in the micrometer range as well as precise field of view (FOV) measurements. The <strong data-start=\"822\" data-end=\"872\">AVR Series - Automatic optical inspection systems<\/strong> supports the highest requirements for accuracy and repeatability.<\/p>\n<h2 data-start=\"956\" data-end=\"1020\">Flexible optical solutions for different testing requirements<\/h2>\n<p data-start=\"1022\" data-end=\"1311\">Depending on the application, interchangeable telecentric lenses or special zoom lenses are available. While telecentric lenses minimize distortions and deliver constant measurement results, zoom lenses allow flexible adaptation to different component sizes.<\/p>\n<p data-start=\"1313\" data-end=\"1722\">With a maximum field of view of 24 mm, the systems detect components with measuring ranges of 200 mm, 300 mm or 400 mm - available as AVR 200, AVR 300 and AVR 400. In addition, an optional 0.14X lens with a large 60 mm field of view considerably extends the range of applications. The AVR Series - Automatic Optical Inspection Systems therefore reliably covers both small precision parts and larger workpieces.<\/p>\n<h2 data-start=\"1729\" data-end=\"1777\">Intuitive operation with MetLogix\u2122-M3 software<\/h2>\n<p data-start=\"1779\" data-end=\"2037\">It is controlled via the tried-and-tested MetLogix\u2122-M3 software. This displays a live video image of the test part in combination with digital measured values and integrated geometry tools. This allows users to keep an eye on all measurement parameters at all times.<\/p>\n<p data-start=\"2039\" data-end=\"2318\">The camera image can also be continuously zoomed and scaled. Measurements are conveniently taken directly via the touchscreen by selecting the relevant contour on the screen. This reduces the amount of training required, while at the same time increasing the measurement speed.<\/p>\n<p data-start=\"2320\" data-end=\"2688\">The extensive functions include 3-axis measurements as well as 2D geometric elements such as points, lines, angles, rectangles, grooves and free-form contours. In addition, the systems can be equipped with stylus probes, allowing tactile measurements to be added. In this way, the AVR Series combines optical and mechanical measurement technology in one system.<\/p>\n<h2 data-start=\"2695\" data-end=\"2782\">Efficient quality control with the AVR Series - automatic optical inspection systems<\/h2>\n<p data-start=\"2784\" data-end=\"3123\">Overall, the AVR Series offers a powerful solution for industrial image processing, CNC metrology and automated component inspection. While manual measurement processes are time-consuming and error-prone, this automatic optical inspection system ensures consistent, objective and documentable quality assurance.<\/p>\n<p data-start=\"3125\" data-end=\"3345\" data-is-last-node=\"\" data-is-only-node=\"\">For detailed technical information or a customized configuration, we recommend that you contact us personally. We will be happy to prepare a suitable offer according to your specific testing requirements.<\/p>","protected":false},"excerpt":{"rendered":"<p><a href=\"https:\/\/soliton-gmbh.de\/wp-content\/uploads\/2026\/02\/Starrett.svg.png\"><img loading=\"lazy\" decoding=\"async\" class=\"alignnone wp-image-11677\" src=\"https:\/\/soliton-gmbh.de\/wp-content\/uploads\/2026\/02\/Starrett.svg-1024x241.png\" alt=\"\" width=\"200\" height=\"47\" srcset=\"https:\/\/soliton-gmbh.de\/wp-content\/uploads\/2026\/02\/Starrett.svg-1024x241.png 1024w, https:\/\/soliton-gmbh.de\/wp-content\/uploads\/2026\/02\/Starrett.svg-300x71.png 300w, https:\/\/soliton-gmbh.de\/wp-content\/uploads\/2026\/02\/Starrett.svg-768x181.png 768w, https:\/\/soliton-gmbh.de\/wp-content\/uploads\/2026\/02\/Starrett.svg-18x4.png 18w, https:\/\/soliton-gmbh.de\/wp-content\/uploads\/2026\/02\/Starrett.svg-600x141.png 600w, https:\/\/soliton-gmbh.de\/wp-content\/uploads\/2026\/02\/Starrett.svg-1200x282.png 1200w, https:\/\/soliton-gmbh.de\/wp-content\/uploads\/2026\/02\/Starrett.svg.png 1280w\" sizes=\"auto, (max-width: 200px) 100vw, 200px\" \/><\/a><\/p>\n<ul>\n<li>Compact bench-top measuring system with precise granite base<\/li>\n<li>Fully automatic CNC operation for reliable measurement results<\/li>\n<li>Standard Z-axis measurement for 3D analysis<\/li>\n<li>Metlogix-M3 software with video-based edge detection<\/li>\n<li>Integrated field of vision measurements for fast processes<\/li>\n<li>24\u2033 touchscreen for intuitive operation<\/li>\n<li>Digital color camera (1.3 MP, optional 2.0 MP telecentric)<\/li>\n<li>LED incident and transmitted light illumination, optional coaxial<\/li>\n<\/ul>","protected":false},"featured_media":11678,"template":"","meta":{"_acf_changed":false,"_uag_custom_page_level_css":"","site-sidebar-layout":"default","site-content-layout":"","ast-site-content-layout":"default","site-content-style":"default","site-sidebar-style":"default","ast-global-header-display":"","ast-banner-title-visibility":"","ast-main-header-display":"","ast-hfb-above-header-display":"","ast-hfb-below-header-display":"","ast-hfb-mobile-header-display":"","site-post-title":"","ast-breadcrumbs-content":"","ast-featured-img":"","footer-sml-layout":"","ast-disable-related-posts":"","theme-transparent-header-meta":"default","adv-header-id-meta":"","stick-header-meta":"default","header-above-stick-meta":"","header-main-stick-meta":"","header-below-stick-meta":"","astra-migrate-meta-layouts":"set","ast-page-background-enabled":"default","ast-page-background-meta":{"desktop":{"background-color":"","background-image":"","background-repeat":"repeat","background-position":"center center","background-size":"auto","background-attachment":"scroll","background-type":"","background-media":"","overlay-type":"","overlay-color":"","overlay-opacity":"","overlay-gradient":""},"tablet":{"background-color":"","background-image":"","background-repeat":"repeat","background-position":"center center","background-size":"auto","background-attachment":"scroll","background-type":"","background-media":"","overlay-type":"","overlay-color":"","overlay-opacity":"","overlay-gradient":""},"mobile":{"background-color":"","background-image":"","background-repeat":"repeat","background-position":"center center","background-size":"auto","background-attachment":"scroll","background-type":"","background-media":"","overlay-type":"","overlay-color":"","overlay-opacity":"","overlay-gradient":""}},"ast-content-background-meta":{"desktop":{"background-color":"var(--ast-global-color-5)","background-image":"","background-repeat":"repeat","background-position":"center center","background-size":"auto","background-attachment":"scroll","background-type":"","background-media":"","overlay-type":"","overlay-color":"","overlay-opacity":"","overlay-gradient":""},"tablet":{"background-color":"var(--ast-global-color-5)","background-image":"","background-repeat":"repeat","background-position":"center center","background-size":"auto","background-attachment":"scroll","background-type":"","background-media":"","overlay-type":"","overlay-color":"","overlay-opacity":"","overlay-gradient":""},"mobile":{"background-color":"var(--ast-global-color-5)","background-image":"","background-repeat":"repeat","background-position":"center center","background-size":"auto","background-attachment":"scroll","background-type":"","background-media":"","overlay-type":"","overlay-color":"","overlay-opacity":"","overlay-gradient":""}}},"product_brand":[1607],"product_cat":[1551],"product_tag":[1557,1552,1558,1553,1102,1555,1556,1560,1554,1559],"class_list":{"0":"post-11676","1":"product","2":"type-product","3":"status-publish","4":"has-post-thumbnail","6":"product_brand-starrett","7":"product_cat-profilprojektoren-optische-messsysteme","8":"product_tag-3-achs-koordinatenmessung","9":"product_tag-automatische-optische-inspektion-aoi","10":"product_tag-cad-datenvergleich","11":"product_tag-cnc-vision-messsystem","12":"product_tag-industrielle-bildverarbeitung","13":"product_tag-inline-pruefsystem","14":"product_tag-kamera-messsystem","15":"product_tag-mikrometer-messung","16":"product_tag-optische-qualitaetspruefung","17":"product_tag-telezentrisches-objektiv","18":"desktop-align-left","19":"tablet-align-center","20":"mobile-align-center","21":"ast-product-gallery-layout-horizontal-slider","22":"ast-magnify-disabled","23":"ast-product-tabs-layout-horizontal","25":"first","26":"instock","27":"virtual","28":"sold-individually","29":"purchasable","30":"product-type-simple"},"acf":[],"yoast_head":"<!-- This site is optimized with the Yoast SEO Premium plugin v27.2 (Yoast SEO v27.5) - https:\/\/yoast.com\/product\/yoast-seo-premium-wordpress\/ -->\n<title>AVR Series - Automatische optische Pr\u00fcfsysteme - Soliton<\/title>\n<meta name=\"description\" content=\"AVR Series - Automatische optische Pr\u00fcfsysteme f\u00fcr pr\u00e4zise Qualit\u00e4tskontrolle. Effiziente, zuverl\u00e4ssige Inspektion f\u00fcr industrielle Fertigung.\" \/>\n<meta name=\"robots\" content=\"index, follow, max-snippet:-1, max-image-preview:large, max-video-preview:-1\" \/>\n<link rel=\"canonical\" href=\"https:\/\/soliton-gmbh.de\/en\/product\/avr-series-automatic-optical-inspection-systems\/\" \/>\n<meta property=\"og:locale\" content=\"en_US\" \/>\n<meta property=\"og:type\" content=\"article\" \/>\n<meta property=\"og:title\" content=\"AVR Series - Automatische optische Pr\u00fcfsysteme\" \/>\n<meta property=\"og:description\" content=\"AVR Series - Automatische optische Pr\u00fcfsysteme f\u00fcr pr\u00e4zise Qualit\u00e4tskontrolle. Effiziente, zuverl\u00e4ssige Inspektion f\u00fcr industrielle Fertigung.\" \/>\n<meta property=\"og:url\" content=\"https:\/\/soliton-gmbh.de\/en\/product\/avr-series-automatic-optical-inspection-systems\/\" \/>\n<meta property=\"og:site_name\" content=\"Soliton Laser- und Messtechnik GmbH\" \/>\n<meta property=\"article:modified_time\" content=\"2026-03-30T16:01:16+00:00\" \/>\n<meta property=\"og:image\" content=\"https:\/\/soliton-gmbh.de\/wp-content\/uploads\/2026\/02\/AVR300-032613-01-1.jpg\" \/>\n\t<meta property=\"og:image:width\" content=\"1500\" \/>\n\t<meta property=\"og:image:height\" content=\"1360\" \/>\n\t<meta property=\"og:image:type\" content=\"image\/jpeg\" \/>\n<meta name=\"twitter:card\" content=\"summary_large_image\" \/>\n<meta name=\"twitter:label1\" content=\"Price\" \/>\n\t<meta name=\"twitter:data1\" content=\"&euro;0.00\" \/>\n\t<meta name=\"twitter:label2\" content=\"Availability\" \/>\n\t<meta name=\"twitter:data2\" content=\"In stock\" \/>\n<script type=\"application\/ld+json\" class=\"yoast-schema-graph\">{\"@context\":\"https:\\\/\\\/schema.org\",\"@graph\":[{\"@type\":\"WebPage\",\"@id\":\"https:\\\/\\\/soliton-gmbh.de\\\/produkt\\\/avr-series-automatische-optische-pruefsysteme\\\/\",\"url\":\"https:\\\/\\\/soliton-gmbh.de\\\/produkt\\\/avr-series-automatische-optische-pruefsysteme\\\/\",\"name\":\"AVR Series - Automatische optische Pr\u00fcfsysteme - Soliton\",\"isPartOf\":{\"@id\":\"https:\\\/\\\/soliton-gmbh.de\\\/#website\"},\"primaryImageOfPage\":{\"@id\":\"https:\\\/\\\/soliton-gmbh.de\\\/produkt\\\/avr-series-automatische-optische-pruefsysteme\\\/#primaryimage\"},\"image\":{\"@id\":\"https:\\\/\\\/soliton-gmbh.de\\\/produkt\\\/avr-series-automatische-optische-pruefsysteme\\\/#primaryimage\"},\"thumbnailUrl\":\"https:\\\/\\\/soliton-gmbh.de\\\/wp-content\\\/uploads\\\/2026\\\/02\\\/AVR300-032613-01-1.jpg\",\"datePublished\":\"2026-02-02T14:47:36+00:00\",\"dateModified\":\"2026-03-30T16:01:16+00:00\",\"description\":\"AVR Series - Automatische optische Pr\u00fcfsysteme f\u00fcr pr\u00e4zise Qualit\u00e4tskontrolle. Effiziente, zuverl\u00e4ssige Inspektion f\u00fcr industrielle Fertigung.\",\"breadcrumb\":{\"@id\":\"https:\\\/\\\/soliton-gmbh.de\\\/produkt\\\/avr-series-automatische-optische-pruefsysteme\\\/#breadcrumb\"},\"inLanguage\":\"en-US\",\"potentialAction\":[{\"@type\":\"ReadAction\",\"target\":[\"https:\\\/\\\/soliton-gmbh.de\\\/produkt\\\/avr-series-automatische-optische-pruefsysteme\\\/\"]}]},{\"@type\":\"ImageObject\",\"inLanguage\":\"en-US\",\"@id\":\"https:\\\/\\\/soliton-gmbh.de\\\/produkt\\\/avr-series-automatische-optische-pruefsysteme\\\/#primaryimage\",\"url\":\"https:\\\/\\\/soliton-gmbh.de\\\/wp-content\\\/uploads\\\/2026\\\/02\\\/AVR300-032613-01-1.jpg\",\"contentUrl\":\"https:\\\/\\\/soliton-gmbh.de\\\/wp-content\\\/uploads\\\/2026\\\/02\\\/AVR300-032613-01-1.jpg\",\"width\":1500,\"height\":1360,\"caption\":\"AVR Series - Automatische optische Pr\u00fcfsysteme bei der Bauteilinspektion in der Fertigung\"},{\"@type\":\"BreadcrumbList\",\"@id\":\"https:\\\/\\\/soliton-gmbh.de\\\/produkt\\\/avr-series-automatische-optische-pruefsysteme\\\/#breadcrumb\",\"itemListElement\":[{\"@type\":\"ListItem\",\"position\":1,\"name\":\"Startseite\",\"item\":\"https:\\\/\\\/soliton-gmbh.de\\\/\"},{\"@type\":\"ListItem\",\"position\":2,\"name\":\"Produkte\",\"item\":\"https:\\\/\\\/soliton-gmbh.de\\\/produkte\\\/\"},{\"@type\":\"ListItem\",\"position\":3,\"name\":\"AVR Series &#8211; Automatische optische Pr\u00fcfsysteme\"}]},{\"@type\":\"WebSite\",\"@id\":\"https:\\\/\\\/soliton-gmbh.de\\\/#website\",\"url\":\"https:\\\/\\\/soliton-gmbh.de\\\/\",\"name\":\"Soliton Laser- und Messtechnik GmbH\",\"description\":\"\",\"publisher\":{\"@id\":\"https:\\\/\\\/soliton-gmbh.de\\\/#organization\"},\"potentialAction\":[{\"@type\":\"SearchAction\",\"target\":{\"@type\":\"EntryPoint\",\"urlTemplate\":\"https:\\\/\\\/soliton-gmbh.de\\\/?s={search_term_string}\"},\"query-input\":{\"@type\":\"PropertyValueSpecification\",\"valueRequired\":true,\"valueName\":\"search_term_string\"}}],\"inLanguage\":\"en-US\"},{\"@type\":\"Organization\",\"@id\":\"https:\\\/\\\/soliton-gmbh.de\\\/#organization\",\"name\":\"Soliton GmbH\",\"url\":\"https:\\\/\\\/soliton-gmbh.de\\\/\",\"logo\":{\"@type\":\"ImageObject\",\"inLanguage\":\"en-US\",\"@id\":\"https:\\\/\\\/soliton-gmbh.de\\\/#\\\/schema\\\/logo\\\/image\\\/\",\"url\":\"https:\\\/\\\/soliton-gmbh.de\\\/wp-content\\\/uploads\\\/2022\\\/08\\\/cropped-soliton-logo.png\",\"contentUrl\":\"https:\\\/\\\/soliton-gmbh.de\\\/wp-content\\\/uploads\\\/2022\\\/08\\\/cropped-soliton-logo.png\",\"width\":500,\"height\":350,\"caption\":\"Soliton GmbH\"},\"image\":{\"@id\":\"https:\\\/\\\/soliton-gmbh.de\\\/#\\\/schema\\\/logo\\\/image\\\/\"}}]}<\/script>\n<meta property=\"product:price:amount\" content=\"0.00\" \/>\n<meta property=\"product:price:currency\" content=\"EUR\" \/>\n<meta property=\"og:availability\" content=\"instock\" \/>\n<meta property=\"product:availability\" content=\"instock\" \/>\n<meta property=\"product:condition\" content=\"new\" \/>\n<!-- \/ Yoast SEO Premium plugin. -->","yoast_head_json":{"title":"AVR Series - Automatic optical inspection systems - Soliton","description":"AVR Series - Automatic optical inspection systems for precise quality control. Efficient, reliable inspection for industrial production.","robots":{"index":"index","follow":"follow","max-snippet":"max-snippet:-1","max-image-preview":"max-image-preview:large","max-video-preview":"max-video-preview:-1"},"canonical":"https:\/\/soliton-gmbh.de\/en\/product\/avr-series-automatic-optical-inspection-systems\/","og_locale":"en_US","og_type":"article","og_title":"AVR Series - Automatische optische Pr\u00fcfsysteme","og_description":"AVR Series - Automatische optische Pr\u00fcfsysteme f\u00fcr pr\u00e4zise Qualit\u00e4tskontrolle. Effiziente, zuverl\u00e4ssige Inspektion f\u00fcr industrielle Fertigung.","og_url":"https:\/\/soliton-gmbh.de\/en\/product\/avr-series-automatic-optical-inspection-systems\/","og_site_name":"Soliton Laser- und Messtechnik GmbH","article_modified_time":"2026-03-30T16:01:16+00:00","og_image":[{"width":1500,"height":1360,"url":"https:\/\/soliton-gmbh.de\/wp-content\/uploads\/2026\/02\/AVR300-032613-01-1.jpg","type":"image\/jpeg"}],"twitter_card":"summary_large_image","twitter_misc":{"Price":"&euro;0.00","Availability":"In stock"},"schema":{"@context":"https:\/\/schema.org","@graph":[{"@type":"WebPage","@id":"https:\/\/soliton-gmbh.de\/produkt\/avr-series-automatische-optische-pruefsysteme\/","url":"https:\/\/soliton-gmbh.de\/produkt\/avr-series-automatische-optische-pruefsysteme\/","name":"AVR Series - Automatic optical inspection systems - Soliton","isPartOf":{"@id":"https:\/\/soliton-gmbh.de\/#website"},"primaryImageOfPage":{"@id":"https:\/\/soliton-gmbh.de\/produkt\/avr-series-automatische-optische-pruefsysteme\/#primaryimage"},"image":{"@id":"https:\/\/soliton-gmbh.de\/produkt\/avr-series-automatische-optische-pruefsysteme\/#primaryimage"},"thumbnailUrl":"https:\/\/soliton-gmbh.de\/wp-content\/uploads\/2026\/02\/AVR300-032613-01-1.jpg","datePublished":"2026-02-02T14:47:36+00:00","dateModified":"2026-03-30T16:01:16+00:00","description":"AVR Series - Automatic optical inspection systems for precise quality control. Efficient, reliable inspection for industrial production.","breadcrumb":{"@id":"https:\/\/soliton-gmbh.de\/produkt\/avr-series-automatische-optische-pruefsysteme\/#breadcrumb"},"inLanguage":"en-US","potentialAction":[{"@type":"ReadAction","target":["https:\/\/soliton-gmbh.de\/produkt\/avr-series-automatische-optische-pruefsysteme\/"]}]},{"@type":"ImageObject","inLanguage":"en-US","@id":"https:\/\/soliton-gmbh.de\/produkt\/avr-series-automatische-optische-pruefsysteme\/#primaryimage","url":"https:\/\/soliton-gmbh.de\/wp-content\/uploads\/2026\/02\/AVR300-032613-01-1.jpg","contentUrl":"https:\/\/soliton-gmbh.de\/wp-content\/uploads\/2026\/02\/AVR300-032613-01-1.jpg","width":1500,"height":1360,"caption":"AVR Series - Automatische optische Pr\u00fcfsysteme bei der Bauteilinspektion in der Fertigung"},{"@type":"BreadcrumbList","@id":"https:\/\/soliton-gmbh.de\/produkt\/avr-series-automatische-optische-pruefsysteme\/#breadcrumb","itemListElement":[{"@type":"ListItem","position":1,"name":"Startseite","item":"https:\/\/soliton-gmbh.de\/"},{"@type":"ListItem","position":2,"name":"Produkte","item":"https:\/\/soliton-gmbh.de\/produkte\/"},{"@type":"ListItem","position":3,"name":"AVR Series &#8211; Automatische optische Pr\u00fcfsysteme"}]},{"@type":"WebSite","@id":"https:\/\/soliton-gmbh.de\/#website","url":"https:\/\/soliton-gmbh.de\/","name":"Soliton Laser- und Messtechnik GmbH","description":"","publisher":{"@id":"https:\/\/soliton-gmbh.de\/#organization"},"potentialAction":[{"@type":"SearchAction","target":{"@type":"EntryPoint","urlTemplate":"https:\/\/soliton-gmbh.de\/?s={search_term_string}"},"query-input":{"@type":"PropertyValueSpecification","valueRequired":true,"valueName":"search_term_string"}}],"inLanguage":"en-US"},{"@type":"Organization","@id":"https:\/\/soliton-gmbh.de\/#organization","name":"Soliton GmbH","url":"https:\/\/soliton-gmbh.de\/","logo":{"@type":"ImageObject","inLanguage":"en-US","@id":"https:\/\/soliton-gmbh.de\/#\/schema\/logo\/image\/","url":"https:\/\/soliton-gmbh.de\/wp-content\/uploads\/2022\/08\/cropped-soliton-logo.png","contentUrl":"https:\/\/soliton-gmbh.de\/wp-content\/uploads\/2022\/08\/cropped-soliton-logo.png","width":500,"height":350,"caption":"Soliton GmbH"},"image":{"@id":"https:\/\/soliton-gmbh.de\/#\/schema\/logo\/image\/"}}]},"product_price_amount":"0.00","product_price_currency":"EUR","og_availability":"instock","product_availability":"instock","product_condition":"new"},"uagb_featured_image_src":{"full":["https:\/\/soliton-gmbh.de\/wp-content\/uploads\/2026\/02\/AVR300-032613-01-1.jpg",1500,1360,false],"thumbnail":["https:\/\/soliton-gmbh.de\/wp-content\/uploads\/2026\/02\/AVR300-032613-01-1-150x150.jpg",150,150,true],"medium":["https:\/\/soliton-gmbh.de\/wp-content\/uploads\/2026\/02\/AVR300-032613-01-1-300x272.jpg",300,272,true],"medium_large":["https:\/\/soliton-gmbh.de\/wp-content\/uploads\/2026\/02\/AVR300-032613-01-1-768x696.jpg",768,696,true],"large":["https:\/\/soliton-gmbh.de\/wp-content\/uploads\/2026\/02\/AVR300-032613-01-1-1024x928.jpg",1024,928,true],"1536x1536":["https:\/\/soliton-gmbh.de\/wp-content\/uploads\/2026\/02\/AVR300-032613-01-1.jpg",1500,1360,false],"2048x2048":["https:\/\/soliton-gmbh.de\/wp-content\/uploads\/2026\/02\/AVR300-032613-01-1.jpg",1500,1360,false],"trp-custom-language-flag":["https:\/\/soliton-gmbh.de\/wp-content\/uploads\/2026\/02\/AVR300-032613-01-1-13x12.jpg",13,12,true],"woocommerce_thumbnail":["https:\/\/soliton-gmbh.de\/wp-content\/uploads\/2026\/02\/AVR300-032613-01-1-600x544.jpg",600,544,true],"woocommerce_single":["https:\/\/soliton-gmbh.de\/wp-content\/uploads\/2026\/02\/AVR300-032613-01-1-1200x1088.jpg",1200,1088,true],"woocommerce_gallery_thumbnail":["https:\/\/soliton-gmbh.de\/wp-content\/uploads\/2026\/02\/AVR300-032613-01-1-300x300.jpg",300,300,true]},"uagb_author_info":{"display_name":"Daniel","author_link":"https:\/\/soliton-gmbh.de\/en\/author\/"},"uagb_comment_info":0,"uagb_excerpt":"Kompaktes Tischmesssystem mit pr\u00e4ziser Granitbasis Vollautomatischer CNC-Betrieb f\u00fcr zuverl\u00e4ssige Messergebnisse Serienm\u00e4\u00dfige Z-Achsen-Messung f\u00fcr 3D-Analysen Metlogix-M3-Software mit videobasierter Kantenerkennung Integrierte Sichtfeldmessungen f\u00fcr schnelle Abl\u00e4ufe 24\"-Touchscreen f\u00fcr intuitive Bedienung Digitale Farbkamera (1,3 MP, optional 2,0 MP telezentrisch) LED-Auf- und Durchlichtbeleuchtung, optional koaxial","_links":{"self":[{"href":"https:\/\/soliton-gmbh.de\/en\/wp-json\/wp\/v2\/product\/11676","targetHints":{"allow":["GET"]}}],"collection":[{"href":"https:\/\/soliton-gmbh.de\/en\/wp-json\/wp\/v2\/product"}],"about":[{"href":"https:\/\/soliton-gmbh.de\/en\/wp-json\/wp\/v2\/types\/product"}],"wp:featuredmedia":[{"embeddable":true,"href":"https:\/\/soliton-gmbh.de\/en\/wp-json\/wp\/v2\/media\/11678"}],"wp:attachment":[{"href":"https:\/\/soliton-gmbh.de\/en\/wp-json\/wp\/v2\/media?parent=11676"}],"wp:term":[{"taxonomy":"product_brand","embeddable":true,"href":"https:\/\/soliton-gmbh.de\/en\/wp-json\/wp\/v2\/product_brand?post=11676"},{"taxonomy":"product_cat","embeddable":true,"href":"https:\/\/soliton-gmbh.de\/en\/wp-json\/wp\/v2\/product_cat?post=11676"},{"taxonomy":"product_tag","embeddable":true,"href":"https:\/\/soliton-gmbh.de\/en\/wp-json\/wp\/v2\/product_tag?post=11676"}],"curies":[{"name":"wp","href":"https:\/\/api.w.org\/{rel}","templated":true}]}}