{"id":11511,"date":"2025-12-12T15:59:59","date_gmt":"2025-12-12T14:59:59","guid":{"rendered":"https:\/\/soliton-gmbh.de\/?post_type=product&#038;p=11511"},"modified":"2026-04-15T00:24:46","modified_gmt":"2026-04-14T22:24:46","slug":"hydrophone-preamplifier-and-accessories","status":"publish","type":"product","link":"https:\/\/soliton-gmbh.de\/en\/produkt\/hydrofon-vorverstaerker-und-zubehoer\/","title":{"rendered":"Hydrophon preamplifier and accessories"},"content":{"rendered":"<h1 data-start=\"295\" data-end=\"361\">Reliable signal processing for precise hydrophone measurements<\/h1>\n<p data-start=\"363\" data-end=\"963\"><strong data-start=\"363\" data-end=\"402\">Hydrophon preamplifier and accessories<\/strong> are a central component of modern ultrasonic measuring systems. The AH-20\u00d70 preamplifier series from ONDA was specially developed as an electronic and mechanical supplement to ONDA hydrophones. Thanks to their very flat frequency response, low inherent noise and high stability, these preamplifiers support precise and reproducible acquisition of acoustic signals. This makes them particularly suitable for demanding applications in acoustic intensity measurement and hydroacoustic research.<\/p>\n<h2 data-start=\"965\" data-end=\"1014\">Submersible design for easy integration<\/h2>\n<p data-start=\"1016\" data-end=\"1611\">A key feature of the <strong data-start=\"1045\" data-end=\"1084\">Hydrophon preamplifier and accessories<\/strong> is the fully submersible version of the AH series. The preamplifier is connected directly to the hydrophone and only requires a single coaxial cable to the measuring device outside the water tank. This design significantly reduces the amount of cabling required in the measurement setup and minimizes potential interference. The watertight connection design ensures a secure connection to ONDA hydrophones and at the same time supports compatibility with other hydrophone types.<\/p>\n<h2 data-start=\"1613\" data-end=\"1654\">High bandwidth and low noise<\/h2>\n<p data-start=\"1656\" data-end=\"2138\">The AH-20\u00d70 preamplifiers cover a wide frequency range from around 50 kHz to 100 MHz and can therefore be used in a wide variety of ultrasonic applications. The low noise level and wide dynamic range mean that even weak signals can be reliably amplified. These properties are particularly relevant for the detailed analysis of ultrasonic fields, where high signal quality is crucial.<\/p>\n<h2 data-start=\"2140\" data-end=\"2190\">Flexible amplification and convenient operation<\/h2>\n<p data-start=\"2192\" data-end=\"2743\">Within the <strong data-start=\"2206\" data-end=\"2245\">Hydrophon preamplifier and accessories<\/strong> the AH-2020 offers additional flexibility with a switchable gain of 0 dB or 20 dB. Switching can be done either via a switch or via TTL signal directly from the oscilloscope. This allows the preamplifier to be optimally adapted to different measurement conditions without changing the setup. The AH-2010, on the other hand, offers a fixed gain and is suitable for standardized measurement tasks with constant requirements.<\/p>\n<h2 data-start=\"2745\" data-end=\"2794\">Complete accessories for immediate use<\/h2>\n<p data-start=\"2796\" data-end=\"3406\">The scope of delivery of the <strong data-start=\"2817\" data-end=\"2856\">Hydrophon preamplifier and accessories<\/strong> includes a comprehensive set of components, including power supply, DC block, coaxial cable, adapter and a calibration certificate. The hermetically sealed stainless steel housing ensures a long service life even with intensive use. Thanks to the traceable calibration supplied, measurement results can be reliably documented and compared. All in all, the AH-20\u00d70 preamplifiers offer a professional and sophisticated solution for precise ultrasonic measurements in the laboratory and in development.<\/p>","protected":false},"excerpt":{"rendered":"<p><a href=\"https:\/\/soliton-gmbh.de\/wp-content\/uploads\/2025\/12\/Onda-Logo.jpeg\"><img loading=\"lazy\" decoding=\"async\" class=\"alignnone wp-image-11436\" src=\"https:\/\/soliton-gmbh.de\/wp-content\/uploads\/2025\/12\/Onda-Logo-1024x454.jpeg\" alt=\"\" width=\"198\" height=\"88\" srcset=\"https:\/\/soliton-gmbh.de\/wp-content\/uploads\/2025\/12\/Onda-Logo-1024x454.jpeg 1024w, https:\/\/soliton-gmbh.de\/wp-content\/uploads\/2025\/12\/Onda-Logo-300x133.jpeg 300w, https:\/\/soliton-gmbh.de\/wp-content\/uploads\/2025\/12\/Onda-Logo-768x340.jpeg 768w, https:\/\/soliton-gmbh.de\/wp-content\/uploads\/2025\/12\/Onda-Logo-18x8.jpeg 18w, https:\/\/soliton-gmbh.de\/wp-content\/uploads\/2025\/12\/Onda-Logo-600x266.jpeg 600w, https:\/\/soliton-gmbh.de\/wp-content\/uploads\/2025\/12\/Onda-Logo-1200x532.jpeg 1200w, https:\/\/soliton-gmbh.de\/wp-content\/uploads\/2025\/12\/Onda-Logo.jpeg 1264w\" sizes=\"auto, (max-width: 198px) 100vw, 198px\" \/><\/a><\/p>\n<ul>\n<li style=\"font-weight: 400;\">Flat frequency response<\/li>\n<li style=\"font-weight: 400;\">Low noise - up to 78 dB dynamic range<\/li>\n<li style=\"font-weight: 400;\">Fully submersible<\/li>\n<li style=\"font-weight: 400;\">Only one cable in the tank<\/li>\n<li style=\"font-weight: 400;\">Waterproof connection to Onda hydrophones<\/li>\n<li style=\"font-weight: 400;\">Compatible with all hydrophones<\/li>\n<\/ul>","protected":false},"featured_media":11512,"template":"","meta":{"_acf_changed":false,"_uag_custom_page_level_css":"","site-sidebar-layout":"default","site-content-layout":"default","ast-site-content-layout":"default","site-content-style":"default","site-sidebar-style":"default","ast-global-header-display":"","ast-banner-title-visibility":"","ast-main-header-display":"","ast-hfb-above-header-display":"","ast-hfb-below-header-display":"","ast-hfb-mobile-header-display":"","site-post-title":"","ast-breadcrumbs-content":"","ast-featured-img":"","footer-sml-layout":"","ast-disable-related-posts":"","theme-transparent-header-meta":"default","adv-header-id-meta":"","stick-header-meta":"default","header-above-stick-meta":"","header-main-stick-meta":"","header-below-stick-meta":"","astra-migrate-meta-layouts":"set","ast-page-background-enabled":"default","ast-page-background-meta":{"desktop":{"background-color":"","background-image":"","background-repeat":"repeat","background-position":"center center","background-size":"auto","background-attachment":"scroll","background-type":"","background-media":"","overlay-type":"","overlay-color":"","overlay-opacity":"","overlay-gradient":""},"tablet":{"background-color":"","background-image":"","background-repeat":"repeat","background-position":"center center","background-size":"auto","background-attachment":"scroll","background-type":"","background-media":"","overlay-type":"","overlay-color":"","overlay-opacity":"","overlay-gradient":""},"mobile":{"background-color":"","background-image":"","background-repeat":"repeat","background-position":"center center","background-size":"auto","background-attachment":"scroll","background-type":"","background-media":"","overlay-type":"","overlay-color":"","overlay-opacity":"","overlay-gradient":""}},"ast-content-background-meta":{"desktop":{"background-color":"var(--ast-global-color-5)","background-image":"","background-repeat":"repeat","background-position":"center center","background-size":"auto","background-attachment":"scroll","background-type":"","background-media":"","overlay-type":"","overlay-color":"","overlay-opacity":"","overlay-gradient":""},"tablet":{"background-color":"var(--ast-global-color-5)","background-image":"","background-repeat":"repeat","background-position":"center center","background-size":"auto","background-attachment":"scroll","background-type":"","background-media":"","overlay-type":"","overlay-color":"","overlay-opacity":"","overlay-gradient":""},"mobile":{"background-color":"var(--ast-global-color-5)","background-image":"","background-repeat":"repeat","background-position":"center center","background-size":"auto","background-attachment":"scroll","background-type":"","background-media":"","overlay-type":"","overlay-color":"","overlay-opacity":"","overlay-gradient":""}}},"product_brand":[1621],"product_cat":[1508],"product_tag":[1545,1546,1544,1543,1548,1550,1549,1547],"class_list":{"0":"post-11511","1":"product","2":"type-product","3":"status-publish","4":"has-post-thumbnail","6":"product_brand-onda","7":"product_cat-hydrofone","8":"product_tag-ah-2010","9":"product_tag-ah-2020","10":"product_tag-ah-20x0","11":"product_tag-hydrophon-vorverstaerker","12":"product_tag-hydrophon-zubehoer","13":"product_tag-onda-vorverstaerker","14":"product_tag-signalverstaerkung-ultraschall","15":"product_tag-ultraschall-vorverstaerker","16":"desktop-align-left","17":"tablet-align-center","18":"mobile-align-center","19":"ast-product-gallery-layout-horizontal-slider","20":"ast-product-gallery-with-no-image","21":"ast-magnify-disabled","22":"ast-product-tabs-layout-horizontal","24":"first","25":"instock","26":"virtual","27":"sold-individually","28":"purchasable","29":"product-type-simple"},"acf":[],"yoast_head":"<!-- This site is optimized with the Yoast SEO Premium plugin v27.2 (Yoast SEO v27.5) - https:\/\/yoast.com\/product\/yoast-seo-premium-wordpress\/ -->\n<title>Hydrophon Vorverst\u00e4rker und Zubeh\u00f6r - Soliton<\/title>\n<meta name=\"description\" content=\"Hydrophon Vorverst\u00e4rker und Zubeh\u00f6r der AH-20x0 Serie f\u00fcr pr\u00e4zise Ultraschallmessungen. Submersibel, breitbandig und rauscharm.\" \/>\n<meta name=\"robots\" content=\"index, follow, max-snippet:-1, max-image-preview:large, max-video-preview:-1\" \/>\n<link rel=\"canonical\" href=\"https:\/\/soliton-gmbh.de\/en\/product\/hydrophone-preamplifier-and-accessories\/\" \/>\n<meta property=\"og:locale\" content=\"en_US\" \/>\n<meta property=\"og:type\" content=\"article\" \/>\n<meta property=\"og:title\" content=\"Hydrophon Vorverst\u00e4rker und Zubeh\u00f6r\" \/>\n<meta property=\"og:description\" content=\"Hydrophon Vorverst\u00e4rker und Zubeh\u00f6r der AH-20x0 Serie f\u00fcr pr\u00e4zise Ultraschallmessungen. Submersibel, breitbandig und rauscharm.\" \/>\n<meta property=\"og:url\" content=\"https:\/\/soliton-gmbh.de\/en\/product\/hydrophone-preamplifier-and-accessories\/\" \/>\n<meta property=\"og:site_name\" content=\"Soliton Laser- und Messtechnik GmbH\" \/>\n<meta property=\"article:modified_time\" content=\"2026-04-14T22:24:46+00:00\" \/>\n<meta property=\"og:image\" content=\"https:\/\/soliton-gmbh.de\/wp-content\/uploads\/2025\/12\/AH.jpg\" \/>\n\t<meta property=\"og:image:width\" content=\"1500\" \/>\n\t<meta property=\"og:image:height\" content=\"1500\" \/>\n\t<meta property=\"og:image:type\" content=\"image\/jpeg\" \/>\n<meta name=\"twitter:card\" content=\"summary_large_image\" \/>\n<meta name=\"twitter:label1\" content=\"Price\" \/>\n\t<meta name=\"twitter:data1\" content=\"&euro;0.00\" \/>\n\t<meta name=\"twitter:label2\" content=\"Availability\" \/>\n\t<meta name=\"twitter:data2\" content=\"In stock\" \/>\n<script type=\"application\/ld+json\" class=\"yoast-schema-graph\">{\"@context\":\"https:\\\/\\\/schema.org\",\"@graph\":[{\"@type\":\"WebPage\",\"@id\":\"https:\\\/\\\/soliton-gmbh.de\\\/produkt\\\/hydrofon-vorverstaerker-und-zubehoer\\\/\",\"url\":\"https:\\\/\\\/soliton-gmbh.de\\\/produkt\\\/hydrofon-vorverstaerker-und-zubehoer\\\/\",\"name\":\"Hydrophon Vorverst\u00e4rker und Zubeh\u00f6r - Soliton\",\"isPartOf\":{\"@id\":\"https:\\\/\\\/soliton-gmbh.de\\\/#website\"},\"primaryImageOfPage\":{\"@id\":\"https:\\\/\\\/soliton-gmbh.de\\\/produkt\\\/hydrofon-vorverstaerker-und-zubehoer\\\/#primaryimage\"},\"image\":{\"@id\":\"https:\\\/\\\/soliton-gmbh.de\\\/produkt\\\/hydrofon-vorverstaerker-und-zubehoer\\\/#primaryimage\"},\"thumbnailUrl\":\"https:\\\/\\\/soliton-gmbh.de\\\/wp-content\\\/uploads\\\/2025\\\/12\\\/AH.jpg\",\"datePublished\":\"2025-12-12T14:59:59+00:00\",\"dateModified\":\"2026-04-14T22:24:46+00:00\",\"description\":\"Hydrophon Vorverst\u00e4rker und Zubeh\u00f6r der AH-20x0 Serie f\u00fcr pr\u00e4zise Ultraschallmessungen. Submersibel, breitbandig und rauscharm.\",\"breadcrumb\":{\"@id\":\"https:\\\/\\\/soliton-gmbh.de\\\/produkt\\\/hydrofon-vorverstaerker-und-zubehoer\\\/#breadcrumb\"},\"inLanguage\":\"en-US\",\"potentialAction\":[{\"@type\":\"ReadAction\",\"target\":[\"https:\\\/\\\/soliton-gmbh.de\\\/produkt\\\/hydrofon-vorverstaerker-und-zubehoer\\\/\"]}]},{\"@type\":\"ImageObject\",\"inLanguage\":\"en-US\",\"@id\":\"https:\\\/\\\/soliton-gmbh.de\\\/produkt\\\/hydrofon-vorverstaerker-und-zubehoer\\\/#primaryimage\",\"url\":\"https:\\\/\\\/soliton-gmbh.de\\\/wp-content\\\/uploads\\\/2025\\\/12\\\/AH.jpg\",\"contentUrl\":\"https:\\\/\\\/soliton-gmbh.de\\\/wp-content\\\/uploads\\\/2025\\\/12\\\/AH.jpg\",\"width\":1500,\"height\":1500},{\"@type\":\"BreadcrumbList\",\"@id\":\"https:\\\/\\\/soliton-gmbh.de\\\/produkt\\\/hydrofon-vorverstaerker-und-zubehoer\\\/#breadcrumb\",\"itemListElement\":[{\"@type\":\"ListItem\",\"position\":1,\"name\":\"Startseite\",\"item\":\"https:\\\/\\\/soliton-gmbh.de\\\/\"},{\"@type\":\"ListItem\",\"position\":2,\"name\":\"Produkte\",\"item\":\"https:\\\/\\\/soliton-gmbh.de\\\/produkte\\\/\"},{\"@type\":\"ListItem\",\"position\":3,\"name\":\"Hydrophon Vorverst\u00e4rker und Zubeh\u00f6r\"}]},{\"@type\":\"WebSite\",\"@id\":\"https:\\\/\\\/soliton-gmbh.de\\\/#website\",\"url\":\"https:\\\/\\\/soliton-gmbh.de\\\/\",\"name\":\"Soliton Laser- und Messtechnik GmbH\",\"description\":\"\",\"publisher\":{\"@id\":\"https:\\\/\\\/soliton-gmbh.de\\\/#organization\"},\"potentialAction\":[{\"@type\":\"SearchAction\",\"target\":{\"@type\":\"EntryPoint\",\"urlTemplate\":\"https:\\\/\\\/soliton-gmbh.de\\\/?s={search_term_string}\"},\"query-input\":{\"@type\":\"PropertyValueSpecification\",\"valueRequired\":true,\"valueName\":\"search_term_string\"}}],\"inLanguage\":\"en-US\"},{\"@type\":\"Organization\",\"@id\":\"https:\\\/\\\/soliton-gmbh.de\\\/#organization\",\"name\":\"Soliton GmbH\",\"url\":\"https:\\\/\\\/soliton-gmbh.de\\\/\",\"logo\":{\"@type\":\"ImageObject\",\"inLanguage\":\"en-US\",\"@id\":\"https:\\\/\\\/soliton-gmbh.de\\\/#\\\/schema\\\/logo\\\/image\\\/\",\"url\":\"https:\\\/\\\/soliton-gmbh.de\\\/wp-content\\\/uploads\\\/2022\\\/08\\\/cropped-soliton-logo.png\",\"contentUrl\":\"https:\\\/\\\/soliton-gmbh.de\\\/wp-content\\\/uploads\\\/2022\\\/08\\\/cropped-soliton-logo.png\",\"width\":500,\"height\":350,\"caption\":\"Soliton GmbH\"},\"image\":{\"@id\":\"https:\\\/\\\/soliton-gmbh.de\\\/#\\\/schema\\\/logo\\\/image\\\/\"}}]}<\/script>\n<meta property=\"product:price:amount\" content=\"0.00\" \/>\n<meta property=\"product:price:currency\" content=\"EUR\" \/>\n<meta property=\"og:availability\" content=\"instock\" \/>\n<meta property=\"product:availability\" content=\"instock\" \/>\n<meta property=\"product:condition\" content=\"new\" \/>\n<!-- \/ Yoast SEO Premium plugin. -->","yoast_head_json":{"title":"Hydrophon preamplifier and accessories - Soliton","description":"Hydrophon preamplifier and accessories from the AH-20x0 series for precise ultrasonic measurements. Submersible, broadband and low-noise.","robots":{"index":"index","follow":"follow","max-snippet":"max-snippet:-1","max-image-preview":"max-image-preview:large","max-video-preview":"max-video-preview:-1"},"canonical":"https:\/\/soliton-gmbh.de\/en\/product\/hydrophone-preamplifier-and-accessories\/","og_locale":"en_US","og_type":"article","og_title":"Hydrophon Vorverst\u00e4rker und Zubeh\u00f6r","og_description":"Hydrophon Vorverst\u00e4rker und Zubeh\u00f6r der AH-20x0 Serie f\u00fcr pr\u00e4zise Ultraschallmessungen. Submersibel, breitbandig und rauscharm.","og_url":"https:\/\/soliton-gmbh.de\/en\/product\/hydrophone-preamplifier-and-accessories\/","og_site_name":"Soliton Laser- und Messtechnik GmbH","article_modified_time":"2026-04-14T22:24:46+00:00","og_image":[{"width":1500,"height":1500,"url":"https:\/\/soliton-gmbh.de\/wp-content\/uploads\/2025\/12\/AH.jpg","type":"image\/jpeg"}],"twitter_card":"summary_large_image","twitter_misc":{"Price":"&euro;0.00","Availability":"In stock"},"schema":{"@context":"https:\/\/schema.org","@graph":[{"@type":"WebPage","@id":"https:\/\/soliton-gmbh.de\/produkt\/hydrofon-vorverstaerker-und-zubehoer\/","url":"https:\/\/soliton-gmbh.de\/produkt\/hydrofon-vorverstaerker-und-zubehoer\/","name":"Hydrophon preamplifier and accessories - Soliton","isPartOf":{"@id":"https:\/\/soliton-gmbh.de\/#website"},"primaryImageOfPage":{"@id":"https:\/\/soliton-gmbh.de\/produkt\/hydrofon-vorverstaerker-und-zubehoer\/#primaryimage"},"image":{"@id":"https:\/\/soliton-gmbh.de\/produkt\/hydrofon-vorverstaerker-und-zubehoer\/#primaryimage"},"thumbnailUrl":"https:\/\/soliton-gmbh.de\/wp-content\/uploads\/2025\/12\/AH.jpg","datePublished":"2025-12-12T14:59:59+00:00","dateModified":"2026-04-14T22:24:46+00:00","description":"Hydrophon preamplifier and accessories from the AH-20x0 series for precise ultrasonic measurements. Submersible, broadband and low-noise.","breadcrumb":{"@id":"https:\/\/soliton-gmbh.de\/produkt\/hydrofon-vorverstaerker-und-zubehoer\/#breadcrumb"},"inLanguage":"en-US","potentialAction":[{"@type":"ReadAction","target":["https:\/\/soliton-gmbh.de\/produkt\/hydrofon-vorverstaerker-und-zubehoer\/"]}]},{"@type":"ImageObject","inLanguage":"en-US","@id":"https:\/\/soliton-gmbh.de\/produkt\/hydrofon-vorverstaerker-und-zubehoer\/#primaryimage","url":"https:\/\/soliton-gmbh.de\/wp-content\/uploads\/2025\/12\/AH.jpg","contentUrl":"https:\/\/soliton-gmbh.de\/wp-content\/uploads\/2025\/12\/AH.jpg","width":1500,"height":1500},{"@type":"BreadcrumbList","@id":"https:\/\/soliton-gmbh.de\/produkt\/hydrofon-vorverstaerker-und-zubehoer\/#breadcrumb","itemListElement":[{"@type":"ListItem","position":1,"name":"Startseite","item":"https:\/\/soliton-gmbh.de\/"},{"@type":"ListItem","position":2,"name":"Produkte","item":"https:\/\/soliton-gmbh.de\/produkte\/"},{"@type":"ListItem","position":3,"name":"Hydrophon Vorverst\u00e4rker und Zubeh\u00f6r"}]},{"@type":"WebSite","@id":"https:\/\/soliton-gmbh.de\/#website","url":"https:\/\/soliton-gmbh.de\/","name":"Soliton Laser- und Messtechnik GmbH","description":"","publisher":{"@id":"https:\/\/soliton-gmbh.de\/#organization"},"potentialAction":[{"@type":"SearchAction","target":{"@type":"EntryPoint","urlTemplate":"https:\/\/soliton-gmbh.de\/?s={search_term_string}"},"query-input":{"@type":"PropertyValueSpecification","valueRequired":true,"valueName":"search_term_string"}}],"inLanguage":"en-US"},{"@type":"Organization","@id":"https:\/\/soliton-gmbh.de\/#organization","name":"Soliton GmbH","url":"https:\/\/soliton-gmbh.de\/","logo":{"@type":"ImageObject","inLanguage":"en-US","@id":"https:\/\/soliton-gmbh.de\/#\/schema\/logo\/image\/","url":"https:\/\/soliton-gmbh.de\/wp-content\/uploads\/2022\/08\/cropped-soliton-logo.png","contentUrl":"https:\/\/soliton-gmbh.de\/wp-content\/uploads\/2022\/08\/cropped-soliton-logo.png","width":500,"height":350,"caption":"Soliton GmbH"},"image":{"@id":"https:\/\/soliton-gmbh.de\/#\/schema\/logo\/image\/"}}]},"product_price_amount":"0.00","product_price_currency":"EUR","og_availability":"instock","product_availability":"instock","product_condition":"new"},"uagb_featured_image_src":{"full":["https:\/\/soliton-gmbh.de\/wp-content\/uploads\/2025\/12\/AH.jpg",1500,1500,false],"thumbnail":["https:\/\/soliton-gmbh.de\/wp-content\/uploads\/2025\/12\/AH-150x150.jpg",150,150,true],"medium":["https:\/\/soliton-gmbh.de\/wp-content\/uploads\/2025\/12\/AH-300x300.jpg",300,300,true],"medium_large":["https:\/\/soliton-gmbh.de\/wp-content\/uploads\/2025\/12\/AH-768x768.jpg",768,768,true],"large":["https:\/\/soliton-gmbh.de\/wp-content\/uploads\/2025\/12\/AH-1024x1024.jpg",1024,1024,true],"1536x1536":["https:\/\/soliton-gmbh.de\/wp-content\/uploads\/2025\/12\/AH.jpg",1500,1500,false],"2048x2048":["https:\/\/soliton-gmbh.de\/wp-content\/uploads\/2025\/12\/AH.jpg",1500,1500,false],"trp-custom-language-flag":["https:\/\/soliton-gmbh.de\/wp-content\/uploads\/2025\/12\/AH-12x12.jpg",12,12,true],"woocommerce_thumbnail":["https:\/\/soliton-gmbh.de\/wp-content\/uploads\/2025\/12\/AH-600x600.jpg",600,600,true],"woocommerce_single":["https:\/\/soliton-gmbh.de\/wp-content\/uploads\/2025\/12\/AH-1200x1200.jpg",1200,1200,true],"woocommerce_gallery_thumbnail":["https:\/\/soliton-gmbh.de\/wp-content\/uploads\/2025\/12\/AH-300x300.jpg",300,300,true]},"uagb_author_info":{"display_name":"Daniel","author_link":"https:\/\/soliton-gmbh.de\/en\/author\/"},"uagb_comment_info":0,"uagb_excerpt":"Flacher Frequenzgang Geringes Rauschen \u2013 bis zu 78 dB Dynamikbereich Vollst\u00e4ndig tauchf\u00e4hig Nur ein Kabel im Tank Wasserdichte Verbindung zu Onda-Hydrophonen Kompatibel mit allen Hydrophonen","_links":{"self":[{"href":"https:\/\/soliton-gmbh.de\/en\/wp-json\/wp\/v2\/product\/11511","targetHints":{"allow":["GET"]}}],"collection":[{"href":"https:\/\/soliton-gmbh.de\/en\/wp-json\/wp\/v2\/product"}],"about":[{"href":"https:\/\/soliton-gmbh.de\/en\/wp-json\/wp\/v2\/types\/product"}],"wp:featuredmedia":[{"embeddable":true,"href":"https:\/\/soliton-gmbh.de\/en\/wp-json\/wp\/v2\/media\/11512"}],"wp:attachment":[{"href":"https:\/\/soliton-gmbh.de\/en\/wp-json\/wp\/v2\/media?parent=11511"}],"wp:term":[{"taxonomy":"product_brand","embeddable":true,"href":"https:\/\/soliton-gmbh.de\/en\/wp-json\/wp\/v2\/product_brand?post=11511"},{"taxonomy":"product_cat","embeddable":true,"href":"https:\/\/soliton-gmbh.de\/en\/wp-json\/wp\/v2\/product_cat?post=11511"},{"taxonomy":"product_tag","embeddable":true,"href":"https:\/\/soliton-gmbh.de\/en\/wp-json\/wp\/v2\/product_tag?post=11511"}],"curies":[{"name":"wp","href":"https:\/\/api.w.org\/{rel}","templated":true}]}}