{"id":11465,"date":"2025-12-10T11:07:45","date_gmt":"2025-12-10T10:07:45","guid":{"rendered":"https:\/\/soliton-gmbh.de\/?post_type=product&#038;p=11465"},"modified":"2026-04-14T23:53:19","modified_gmt":"2026-04-14T21:53:19","slug":"fiber-optic-hydrophone-of-the-hfo-series","status":"publish","type":"product","link":"https:\/\/soliton-gmbh.de\/en\/produkt\/faseroptisches-hydrofon-der-hfo-serie\/","title":{"rendered":"Fiber optic hydrophone - HFO series"},"content":{"rendered":"<h1 data-start=\"305\" data-end=\"363\">Fiber optic measurement technology for high-power ultrasound<\/h1>\n<p data-start=\"365\" data-end=\"921\">The <strong data-start=\"369\" data-end=\"408\">Fiber optic hydrophone - HFO series<\/strong> was specially developed for applications where extremely high ultrasound intensities occur. Especially in areas such as HIFU applications (High Intensity Focused Ultrasound), the HFO series offers a reliable alternative to classic piezoelectric hydrophones. As an optical fiber hydrophone of the latest generation, the HFO-690 enables the precise detection of sound pressure fields even under conditions that would only be measurable to a limited extent or not at all with conventional sensor technology.<\/p>\n<h2 data-start=\"923\" data-end=\"972\">High load capacity with extreme sound pressures<\/h2>\n<p data-start=\"974\" data-end=\"1485\">A key advantage of the <strong data-start=\"1003\" data-end=\"1043\">Fiber optic hydrophone - HFO series<\/strong> lies in its exceptionally high pressure resistance. While piezoelectric hydrophones are susceptible to damage or ageing at very high sound pressures, the HFO hydrophone is designed for sound pressures of up to 500 MPa. This makes it particularly suitable for high-energy ultrasonic fields, such as those found in therapeutic applications, ultrasound research or in the development of powerful sound sources.<\/p>\n<h2 data-start=\"1487\" data-end=\"1541\">Combination of sound pressure and temperature measurement<\/h2>\n<p data-start=\"1543\" data-end=\"2034\">In addition, the <strong data-start=\"1573\" data-end=\"1612\">Fiber optic hydrophone - HFO series<\/strong> not only measures the acoustic sound pressure, but also simultaneously records temperature changes. This combination provides valuable additional information, especially in applications with high energy input, where thermal effects play a decisive role. The HFO system thus supports a holistic analysis of ultrasonic fields and their interaction with the medium.<\/p>\n<h2 data-start=\"2036\" data-end=\"2083\">Easy handling and safe alignment<\/h2>\n<p data-start=\"2085\" data-end=\"2566\">In addition to its high performance, the <strong data-start=\"2133\" data-end=\"2172\">Fiber optic hydrophone - HFO series<\/strong> deliberately designed for user-friendly handling. Visible wavelength operation makes the alignment process considerably easier and at the same time increases the safety of the measurement setup. Users benefit from clear visual feedback when positioning the optical fiber, which reduces the time required for adjustment work and supports reproducible measurement results.<\/p>\n<h2 data-start=\"2568\" data-end=\"2626\">Future-proof solution for demanding measurement tasks<\/h2>\n<p data-start=\"2628\" data-end=\"3129\">Overall, the <strong data-start=\"2649\" data-end=\"2688\">Fiber optic hydrophone - HFO series<\/strong> is a powerful and robust solution for modern ultrasonic measurements. The combination of high pressure resistance, optical measurement technology and additional temperature detection makes the HFO series ideal for research and development environments where the highest demands are placed on measurement accuracy and reliability. For project-specific applications, we recommend customizing the system.<\/p>","protected":false},"excerpt":{"rendered":"<p><a href=\"https:\/\/soliton-gmbh.de\/wp-content\/uploads\/2025\/12\/Onda-Logo.jpeg\"><img loading=\"lazy\" decoding=\"async\" class=\"alignnone wp-image-11436\" src=\"https:\/\/soliton-gmbh.de\/wp-content\/uploads\/2025\/12\/Onda-Logo-1024x454.jpeg\" alt=\"\" width=\"198\" height=\"88\" srcset=\"https:\/\/soliton-gmbh.de\/wp-content\/uploads\/2025\/12\/Onda-Logo-1024x454.jpeg 1024w, https:\/\/soliton-gmbh.de\/wp-content\/uploads\/2025\/12\/Onda-Logo-300x133.jpeg 300w, https:\/\/soliton-gmbh.de\/wp-content\/uploads\/2025\/12\/Onda-Logo-768x340.jpeg 768w, https:\/\/soliton-gmbh.de\/wp-content\/uploads\/2025\/12\/Onda-Logo-18x8.jpeg 18w, https:\/\/soliton-gmbh.de\/wp-content\/uploads\/2025\/12\/Onda-Logo-600x266.jpeg 600w, https:\/\/soliton-gmbh.de\/wp-content\/uploads\/2025\/12\/Onda-Logo-1200x532.jpeg 1200w, https:\/\/soliton-gmbh.de\/wp-content\/uploads\/2025\/12\/Onda-Logo.jpeg 1264w\" sizes=\"auto, (max-width: 198px) 100vw, 198px\" \/><\/a><\/p>\n<ul>\n<li style=\"font-weight: 400;\">Supports high sound pressures up to 500 MPa<\/li>\n<li style=\"font-weight: 400;\">Bandwidth limiting filter to reduce the noise equivalent pressure<\/li>\n<li style=\"font-weight: 400;\">Easy-to-use touchscreen user interface<\/li>\n<li style=\"font-weight: 400;\">Simultaneous temperature measurement<\/li>\n<li style=\"font-weight: 400;\">Simple self-calibration routine<\/li>\n<li style=\"font-weight: 400;\">Visible light source to simplify alignment<\/li>\n<li style=\"font-weight: 400;\">Simple splitting process for repairing probes within a few minutes<\/li>\n<li style=\"font-weight: 400;\">Optically filtered to block out stray light from the surroundings<\/li>\n<\/ul>","protected":false},"featured_media":11467,"template":"","meta":{"_acf_changed":false,"_uag_custom_page_level_css":"","site-sidebar-layout":"default","site-content-layout":"default","ast-site-content-layout":"default","site-content-style":"default","site-sidebar-style":"default","ast-global-header-display":"","ast-banner-title-visibility":"","ast-main-header-display":"","ast-hfb-above-header-display":"","ast-hfb-below-header-display":"","ast-hfb-mobile-header-display":"","site-post-title":"","ast-breadcrumbs-content":"","ast-featured-img":"","footer-sml-layout":"","ast-disable-related-posts":"","theme-transparent-header-meta":"default","adv-header-id-meta":"","stick-header-meta":"default","header-above-stick-meta":"","header-main-stick-meta":"","header-below-stick-meta":"","astra-migrate-meta-layouts":"set","ast-page-background-enabled":"default","ast-page-background-meta":{"desktop":{"background-color":"","background-image":"","background-repeat":"repeat","background-position":"center center","background-size":"auto","background-attachment":"scroll","background-type":"","background-media":"","overlay-type":"","overlay-color":"","overlay-opacity":"","overlay-gradient":""},"tablet":{"background-color":"","background-image":"","background-repeat":"repeat","background-position":"center center","background-size":"auto","background-attachment":"scroll","background-type":"","background-media":"","overlay-type":"","overlay-color":"","overlay-opacity":"","overlay-gradient":""},"mobile":{"background-color":"","background-image":"","background-repeat":"repeat","background-position":"center center","background-size":"auto","background-attachment":"scroll","background-type":"","background-media":"","overlay-type":"","overlay-color":"","overlay-opacity":"","overlay-gradient":""}},"ast-content-background-meta":{"desktop":{"background-color":"var(--ast-global-color-5)","background-image":"","background-repeat":"repeat","background-position":"center center","background-size":"auto","background-attachment":"scroll","background-type":"","background-media":"","overlay-type":"","overlay-color":"","overlay-opacity":"","overlay-gradient":""},"tablet":{"background-color":"var(--ast-global-color-5)","background-image":"","background-repeat":"repeat","background-position":"center center","background-size":"auto","background-attachment":"scroll","background-type":"","background-media":"","overlay-type":"","overlay-color":"","overlay-opacity":"","overlay-gradient":""},"mobile":{"background-color":"var(--ast-global-color-5)","background-image":"","background-repeat":"repeat","background-position":"center center","background-size":"auto","background-attachment":"scroll","background-type":"","background-media":"","overlay-type":"","overlay-color":"","overlay-opacity":"","overlay-gradient":""}}},"product_brand":[1621],"product_cat":[1508],"product_tag":[1528,1531,1530,1529,1532,1534,1535,1533],"class_list":{"0":"post-11465","1":"product","2":"type-product","3":"status-publish","4":"has-post-thumbnail","6":"product_brand-onda","7":"product_cat-hydrofone","8":"product_tag-faseroptisches-hydrophon","9":"product_tag-glasfaserhydrophon","10":"product_tag-hfo-690","11":"product_tag-hfo-serie","12":"product_tag-hifu-hydrophon","13":"product_tag-optisches-hydrophon","14":"product_tag-schalldruckmessung-ultraschall","15":"product_tag-ultraschall-hochintensitaet","16":"desktop-align-left","17":"tablet-align-center","18":"mobile-align-center","19":"ast-product-gallery-layout-horizontal-slider","20":"ast-magnify-disabled","21":"ast-product-tabs-layout-horizontal","23":"first","24":"instock","25":"virtual","26":"sold-individually","27":"purchasable","28":"product-type-simple"},"acf":[],"yoast_head":"<!-- This site is optimized with the Yoast SEO Premium plugin v27.2 (Yoast SEO v27.5) - https:\/\/yoast.com\/product\/yoast-seo-premium-wordpress\/ -->\n<title>Faseroptisches Hydrophon - HFO-Serie - Soliton<\/title>\n<meta name=\"description\" content=\"Faseroptisches Hydrophon \u2013 HFO-Serie f\u00fcr Hochintensit\u00e4ts-Ultraschall. Bis 500 MPa Schalldruck, optische Messtechnik und Temperaturmessung.\" \/>\n<meta name=\"robots\" content=\"index, follow, max-snippet:-1, max-image-preview:large, max-video-preview:-1\" \/>\n<link rel=\"canonical\" href=\"https:\/\/soliton-gmbh.de\/en\/product\/fiber-optic-hydrophone-of-the-hfo-series\/\" \/>\n<meta property=\"og:locale\" content=\"en_US\" \/>\n<meta property=\"og:type\" content=\"article\" \/>\n<meta property=\"og:title\" content=\"Faseroptisches Hydrophon - HFO-Serie\" \/>\n<meta property=\"og:description\" content=\"Faseroptisches Hydrophon \u2013 HFO-Serie f\u00fcr Hochintensit\u00e4ts-Ultraschall. Bis 500 MPa Schalldruck, optische Messtechnik und Temperaturmessung.\" \/>\n<meta property=\"og:url\" content=\"https:\/\/soliton-gmbh.de\/en\/product\/fiber-optic-hydrophone-of-the-hfo-series\/\" \/>\n<meta property=\"og:site_name\" content=\"Soliton Laser- und Messtechnik GmbH\" \/>\n<meta property=\"article:modified_time\" content=\"2026-04-14T21:53:19+00:00\" \/>\n<meta property=\"og:image\" content=\"https:\/\/soliton-gmbh.de\/wp-content\/uploads\/2025\/12\/pr-L3-HFO-front.jpg\" \/>\n\t<meta property=\"og:image:width\" content=\"1500\" \/>\n\t<meta property=\"og:image:height\" content=\"1500\" \/>\n\t<meta property=\"og:image:type\" content=\"image\/jpeg\" \/>\n<meta name=\"twitter:card\" content=\"summary_large_image\" \/>\n<meta name=\"twitter:label1\" content=\"Price\" \/>\n\t<meta name=\"twitter:data1\" content=\"&euro;0.00\" \/>\n\t<meta name=\"twitter:label2\" content=\"Availability\" \/>\n\t<meta name=\"twitter:data2\" content=\"In stock\" \/>\n<script type=\"application\/ld+json\" class=\"yoast-schema-graph\">{\"@context\":\"https:\\\/\\\/schema.org\",\"@graph\":[{\"@type\":\"WebPage\",\"@id\":\"https:\\\/\\\/soliton-gmbh.de\\\/produkt\\\/faseroptisches-hydrofon-der-hfo-serie\\\/\",\"url\":\"https:\\\/\\\/soliton-gmbh.de\\\/produkt\\\/faseroptisches-hydrofon-der-hfo-serie\\\/\",\"name\":\"Faseroptisches Hydrophon - HFO-Serie - Soliton\",\"isPartOf\":{\"@id\":\"https:\\\/\\\/soliton-gmbh.de\\\/#website\"},\"primaryImageOfPage\":{\"@id\":\"https:\\\/\\\/soliton-gmbh.de\\\/produkt\\\/faseroptisches-hydrofon-der-hfo-serie\\\/#primaryimage\"},\"image\":{\"@id\":\"https:\\\/\\\/soliton-gmbh.de\\\/produkt\\\/faseroptisches-hydrofon-der-hfo-serie\\\/#primaryimage\"},\"thumbnailUrl\":\"https:\\\/\\\/soliton-gmbh.de\\\/wp-content\\\/uploads\\\/2025\\\/12\\\/pr-L3-HFO-front.jpg\",\"datePublished\":\"2025-12-10T10:07:45+00:00\",\"dateModified\":\"2026-04-14T21:53:19+00:00\",\"description\":\"Faseroptisches Hydrophon \u2013 HFO-Serie f\u00fcr Hochintensit\u00e4ts-Ultraschall. Bis 500 MPa Schalldruck, optische Messtechnik und Temperaturmessung.\",\"breadcrumb\":{\"@id\":\"https:\\\/\\\/soliton-gmbh.de\\\/produkt\\\/faseroptisches-hydrofon-der-hfo-serie\\\/#breadcrumb\"},\"inLanguage\":\"en-US\",\"potentialAction\":[{\"@type\":\"ReadAction\",\"target\":[\"https:\\\/\\\/soliton-gmbh.de\\\/produkt\\\/faseroptisches-hydrofon-der-hfo-serie\\\/\"]}]},{\"@type\":\"ImageObject\",\"inLanguage\":\"en-US\",\"@id\":\"https:\\\/\\\/soliton-gmbh.de\\\/produkt\\\/faseroptisches-hydrofon-der-hfo-serie\\\/#primaryimage\",\"url\":\"https:\\\/\\\/soliton-gmbh.de\\\/wp-content\\\/uploads\\\/2025\\\/12\\\/pr-L3-HFO-front.jpg\",\"contentUrl\":\"https:\\\/\\\/soliton-gmbh.de\\\/wp-content\\\/uploads\\\/2025\\\/12\\\/pr-L3-HFO-front.jpg\",\"width\":1500,\"height\":1500},{\"@type\":\"BreadcrumbList\",\"@id\":\"https:\\\/\\\/soliton-gmbh.de\\\/produkt\\\/faseroptisches-hydrofon-der-hfo-serie\\\/#breadcrumb\",\"itemListElement\":[{\"@type\":\"ListItem\",\"position\":1,\"name\":\"Startseite\",\"item\":\"https:\\\/\\\/soliton-gmbh.de\\\/\"},{\"@type\":\"ListItem\",\"position\":2,\"name\":\"Produkte\",\"item\":\"https:\\\/\\\/soliton-gmbh.de\\\/produkte\\\/\"},{\"@type\":\"ListItem\",\"position\":3,\"name\":\"Faseroptisches Hydrophon &#8211; HFO-Serie\"}]},{\"@type\":\"WebSite\",\"@id\":\"https:\\\/\\\/soliton-gmbh.de\\\/#website\",\"url\":\"https:\\\/\\\/soliton-gmbh.de\\\/\",\"name\":\"Soliton Laser- und Messtechnik GmbH\",\"description\":\"\",\"publisher\":{\"@id\":\"https:\\\/\\\/soliton-gmbh.de\\\/#organization\"},\"potentialAction\":[{\"@type\":\"SearchAction\",\"target\":{\"@type\":\"EntryPoint\",\"urlTemplate\":\"https:\\\/\\\/soliton-gmbh.de\\\/?s={search_term_string}\"},\"query-input\":{\"@type\":\"PropertyValueSpecification\",\"valueRequired\":true,\"valueName\":\"search_term_string\"}}],\"inLanguage\":\"en-US\"},{\"@type\":\"Organization\",\"@id\":\"https:\\\/\\\/soliton-gmbh.de\\\/#organization\",\"name\":\"Soliton GmbH\",\"url\":\"https:\\\/\\\/soliton-gmbh.de\\\/\",\"logo\":{\"@type\":\"ImageObject\",\"inLanguage\":\"en-US\",\"@id\":\"https:\\\/\\\/soliton-gmbh.de\\\/#\\\/schema\\\/logo\\\/image\\\/\",\"url\":\"https:\\\/\\\/soliton-gmbh.de\\\/wp-content\\\/uploads\\\/2022\\\/08\\\/cropped-soliton-logo.png\",\"contentUrl\":\"https:\\\/\\\/soliton-gmbh.de\\\/wp-content\\\/uploads\\\/2022\\\/08\\\/cropped-soliton-logo.png\",\"width\":500,\"height\":350,\"caption\":\"Soliton GmbH\"},\"image\":{\"@id\":\"https:\\\/\\\/soliton-gmbh.de\\\/#\\\/schema\\\/logo\\\/image\\\/\"}}]}<\/script>\n<meta property=\"product:price:amount\" content=\"0.00\" \/>\n<meta property=\"product:price:currency\" content=\"EUR\" \/>\n<meta property=\"og:availability\" content=\"instock\" \/>\n<meta property=\"product:availability\" content=\"instock\" \/>\n<meta property=\"product:condition\" content=\"new\" \/>\n<!-- \/ Yoast SEO Premium plugin. -->","yoast_head_json":{"title":"Fiber optic hydrophone - HFO series - Soliton","description":"Fiber optic hydrophone - HFO series for high-intensity ultrasound. Up to 500 MPa sound pressure, optical measurement technology and temperature measurement.","robots":{"index":"index","follow":"follow","max-snippet":"max-snippet:-1","max-image-preview":"max-image-preview:large","max-video-preview":"max-video-preview:-1"},"canonical":"https:\/\/soliton-gmbh.de\/en\/product\/fiber-optic-hydrophone-of-the-hfo-series\/","og_locale":"en_US","og_type":"article","og_title":"Faseroptisches Hydrophon - HFO-Serie","og_description":"Faseroptisches Hydrophon \u2013 HFO-Serie f\u00fcr Hochintensit\u00e4ts-Ultraschall. Bis 500 MPa Schalldruck, optische Messtechnik und Temperaturmessung.","og_url":"https:\/\/soliton-gmbh.de\/en\/product\/fiber-optic-hydrophone-of-the-hfo-series\/","og_site_name":"Soliton Laser- und Messtechnik GmbH","article_modified_time":"2026-04-14T21:53:19+00:00","og_image":[{"width":1500,"height":1500,"url":"https:\/\/soliton-gmbh.de\/wp-content\/uploads\/2025\/12\/pr-L3-HFO-front.jpg","type":"image\/jpeg"}],"twitter_card":"summary_large_image","twitter_misc":{"Price":"&euro;0.00","Availability":"In stock"},"schema":{"@context":"https:\/\/schema.org","@graph":[{"@type":"WebPage","@id":"https:\/\/soliton-gmbh.de\/produkt\/faseroptisches-hydrofon-der-hfo-serie\/","url":"https:\/\/soliton-gmbh.de\/produkt\/faseroptisches-hydrofon-der-hfo-serie\/","name":"Fiber optic hydrophone - HFO series - Soliton","isPartOf":{"@id":"https:\/\/soliton-gmbh.de\/#website"},"primaryImageOfPage":{"@id":"https:\/\/soliton-gmbh.de\/produkt\/faseroptisches-hydrofon-der-hfo-serie\/#primaryimage"},"image":{"@id":"https:\/\/soliton-gmbh.de\/produkt\/faseroptisches-hydrofon-der-hfo-serie\/#primaryimage"},"thumbnailUrl":"https:\/\/soliton-gmbh.de\/wp-content\/uploads\/2025\/12\/pr-L3-HFO-front.jpg","datePublished":"2025-12-10T10:07:45+00:00","dateModified":"2026-04-14T21:53:19+00:00","description":"Fiber optic hydrophone - HFO series for high-intensity ultrasound. Up to 500 MPa sound pressure, optical measurement technology and temperature measurement.","breadcrumb":{"@id":"https:\/\/soliton-gmbh.de\/produkt\/faseroptisches-hydrofon-der-hfo-serie\/#breadcrumb"},"inLanguage":"en-US","potentialAction":[{"@type":"ReadAction","target":["https:\/\/soliton-gmbh.de\/produkt\/faseroptisches-hydrofon-der-hfo-serie\/"]}]},{"@type":"ImageObject","inLanguage":"en-US","@id":"https:\/\/soliton-gmbh.de\/produkt\/faseroptisches-hydrofon-der-hfo-serie\/#primaryimage","url":"https:\/\/soliton-gmbh.de\/wp-content\/uploads\/2025\/12\/pr-L3-HFO-front.jpg","contentUrl":"https:\/\/soliton-gmbh.de\/wp-content\/uploads\/2025\/12\/pr-L3-HFO-front.jpg","width":1500,"height":1500},{"@type":"BreadcrumbList","@id":"https:\/\/soliton-gmbh.de\/produkt\/faseroptisches-hydrofon-der-hfo-serie\/#breadcrumb","itemListElement":[{"@type":"ListItem","position":1,"name":"Startseite","item":"https:\/\/soliton-gmbh.de\/"},{"@type":"ListItem","position":2,"name":"Produkte","item":"https:\/\/soliton-gmbh.de\/produkte\/"},{"@type":"ListItem","position":3,"name":"Faseroptisches Hydrophon &#8211; HFO-Serie"}]},{"@type":"WebSite","@id":"https:\/\/soliton-gmbh.de\/#website","url":"https:\/\/soliton-gmbh.de\/","name":"Soliton Laser- und Messtechnik GmbH","description":"","publisher":{"@id":"https:\/\/soliton-gmbh.de\/#organization"},"potentialAction":[{"@type":"SearchAction","target":{"@type":"EntryPoint","urlTemplate":"https:\/\/soliton-gmbh.de\/?s={search_term_string}"},"query-input":{"@type":"PropertyValueSpecification","valueRequired":true,"valueName":"search_term_string"}}],"inLanguage":"en-US"},{"@type":"Organization","@id":"https:\/\/soliton-gmbh.de\/#organization","name":"Soliton GmbH","url":"https:\/\/soliton-gmbh.de\/","logo":{"@type":"ImageObject","inLanguage":"en-US","@id":"https:\/\/soliton-gmbh.de\/#\/schema\/logo\/image\/","url":"https:\/\/soliton-gmbh.de\/wp-content\/uploads\/2022\/08\/cropped-soliton-logo.png","contentUrl":"https:\/\/soliton-gmbh.de\/wp-content\/uploads\/2022\/08\/cropped-soliton-logo.png","width":500,"height":350,"caption":"Soliton GmbH"},"image":{"@id":"https:\/\/soliton-gmbh.de\/#\/schema\/logo\/image\/"}}]},"product_price_amount":"0.00","product_price_currency":"EUR","og_availability":"instock","product_availability":"instock","product_condition":"new"},"uagb_featured_image_src":{"full":["https:\/\/soliton-gmbh.de\/wp-content\/uploads\/2025\/12\/pr-L3-HFO-front.jpg",1500,1500,false],"thumbnail":["https:\/\/soliton-gmbh.de\/wp-content\/uploads\/2025\/12\/pr-L3-HFO-front-150x150.jpg",150,150,true],"medium":["https:\/\/soliton-gmbh.de\/wp-content\/uploads\/2025\/12\/pr-L3-HFO-front-300x300.jpg",300,300,true],"medium_large":["https:\/\/soliton-gmbh.de\/wp-content\/uploads\/2025\/12\/pr-L3-HFO-front-768x768.jpg",768,768,true],"large":["https:\/\/soliton-gmbh.de\/wp-content\/uploads\/2025\/12\/pr-L3-HFO-front-1024x1024.jpg",1024,1024,true],"1536x1536":["https:\/\/soliton-gmbh.de\/wp-content\/uploads\/2025\/12\/pr-L3-HFO-front.jpg",1500,1500,false],"2048x2048":["https:\/\/soliton-gmbh.de\/wp-content\/uploads\/2025\/12\/pr-L3-HFO-front.jpg",1500,1500,false],"trp-custom-language-flag":["https:\/\/soliton-gmbh.de\/wp-content\/uploads\/2025\/12\/pr-L3-HFO-front-12x12.jpg",12,12,true],"woocommerce_thumbnail":["https:\/\/soliton-gmbh.de\/wp-content\/uploads\/2025\/12\/pr-L3-HFO-front-600x600.jpg",600,600,true],"woocommerce_single":["https:\/\/soliton-gmbh.de\/wp-content\/uploads\/2025\/12\/pr-L3-HFO-front-1200x1200.jpg",1200,1200,true],"woocommerce_gallery_thumbnail":["https:\/\/soliton-gmbh.de\/wp-content\/uploads\/2025\/12\/pr-L3-HFO-front-300x300.jpg",300,300,true]},"uagb_author_info":{"display_name":"Daniel","author_link":"https:\/\/soliton-gmbh.de\/en\/author\/"},"uagb_comment_info":0,"uagb_excerpt":"Unterst\u00fctzt hohe Schalldr\u00fccke bis zu 500 MPa Bandbreitenbegrenzungsfilter zur Reduzierung des Ger\u00e4usch\u00e4quivalenzdrucks Einfach zu bedienende Touchscreen-Benutzeroberfl\u00e4che Gleichzeitige Temperaturmessung Einfache Selbstkalibrierungsroutine Sichtbare Lichtquelle zur Vereinfachung der Ausrichtung Einfaches Spaltverfahren zur Reparatur von Sonden innerhalb weniger Minuten Optisch gefiltert, um Streulicht aus der Umgebung auszublenden","_links":{"self":[{"href":"https:\/\/soliton-gmbh.de\/en\/wp-json\/wp\/v2\/product\/11465","targetHints":{"allow":["GET"]}}],"collection":[{"href":"https:\/\/soliton-gmbh.de\/en\/wp-json\/wp\/v2\/product"}],"about":[{"href":"https:\/\/soliton-gmbh.de\/en\/wp-json\/wp\/v2\/types\/product"}],"wp:featuredmedia":[{"embeddable":true,"href":"https:\/\/soliton-gmbh.de\/en\/wp-json\/wp\/v2\/media\/11467"}],"wp:attachment":[{"href":"https:\/\/soliton-gmbh.de\/en\/wp-json\/wp\/v2\/media?parent=11465"}],"wp:term":[{"taxonomy":"product_brand","embeddable":true,"href":"https:\/\/soliton-gmbh.de\/en\/wp-json\/wp\/v2\/product_brand?post=11465"},{"taxonomy":"product_cat","embeddable":true,"href":"https:\/\/soliton-gmbh.de\/en\/wp-json\/wp\/v2\/product_cat?post=11465"},{"taxonomy":"product_tag","embeddable":true,"href":"https:\/\/soliton-gmbh.de\/en\/wp-json\/wp\/v2\/product_tag?post=11465"}],"curies":[{"name":"wp","href":"https:\/\/api.w.org\/{rel}","templated":true}]}}