{"id":11447,"date":"2025-12-08T18:33:27","date_gmt":"2025-12-08T17:33:27","guid":{"rendered":"https:\/\/soliton-gmbh.de\/?post_type=product&#038;p=11447"},"modified":"2026-05-04T17:27:18","modified_gmt":"2026-05-04T15:27:18","slug":"needle-hydrophone-of-the-hnp-series","status":"publish","type":"product","link":"https:\/\/soliton-gmbh.de\/en\/produkt\/nadel-hydrofon-der-hnp-serie\/","title":{"rendered":"Needle hydrophone - HNP series"},"content":{"rendered":"<h1 data-start=\"245\" data-end=\"290\">Precise point measurements in the ultrasonic field<\/h1>\n<p data-start=\"292\" data-end=\"826\">The <strong data-start=\"296\" data-end=\"327\">Needle hydrophone - HNP series<\/strong> was specially developed for use in laboratory environments where pinpoint detection of ultrasonic fields is required. Thanks to its slim needle shape, it enables targeted access to narrowly defined measurement areas and is particularly suitable for detailed field mapping. At the same time, the HNP series offers good spatial resolution and thus supports precise analyses of complex ultrasonic fields in research and development.<\/p>\n<h2 data-start=\"828\" data-end=\"883\">Flat frequency response and good directional characteristics<\/h2>\n<p data-start=\"885\" data-end=\"1436\">Compared to other needle hydrophones, the <strong data-start=\"944\" data-end=\"975\">Needle hydrophone - HNP series<\/strong> is characterized by a particularly flat frequency response. Although the sensitivity is lower than that of higher-class series, users benefit from an improved directional characteristic and stable signal reproduction. The usable frequency range of around 1 to 20 MHz (\u00b16 dB) covers the majority of typical ultrasonic applications and enables reliable measurement results over a wide frequency range.<\/p>\n<h2 data-start=\"1438\" data-end=\"1496\">Different apertures for customized measuring tasks<\/h2>\n<p data-start=\"1498\" data-end=\"2079\">The HNP series is available in different versions with different aperture sizes, including versions with 200 \u00b5m and 400 \u00b5m. This allows the needle hydrophone to be specifically adapted to the respective measuring task. Smaller apertures offer larger acceptance angles and are particularly suitable for high-resolution measurements, while larger apertures support greater signal stability with less complex sound fields. This flexibility makes the HNP series a versatile solution for a wide range of laboratory applications.<\/p>\n<h2 data-start=\"2081\" data-end=\"2128\">Stable construction and economical solution<\/h2>\n<p data-start=\"2130\" data-end=\"2735\">In addition, the <strong data-start=\"2159\" data-end=\"2190\">Needle hydrophone - HNP series<\/strong> thanks to its very stable construction and compact design. It is designed for reliable continuous use in the laboratory and supports measurements at operating temperatures of up to 50 \u00b0C. Despite its professional features, the HNP series is a comparatively cost-efficient solution. Like all hydrophones in this series, the needle hydrophone is supplied with a traceable calibration in the range from 1 to 20 MHz, which ensures high comparability and measurement reliability.<\/p>","protected":false},"excerpt":{"rendered":"<p><a href=\"https:\/\/soliton-gmbh.de\/wp-content\/uploads\/2025\/12\/Onda-Logo.jpeg\"><img loading=\"lazy\" decoding=\"async\" class=\"alignnone wp-image-11436\" src=\"https:\/\/soliton-gmbh.de\/wp-content\/uploads\/2025\/12\/Onda-Logo-1024x454.jpeg\" alt=\"\" width=\"198\" height=\"88\" srcset=\"https:\/\/soliton-gmbh.de\/wp-content\/uploads\/2025\/12\/Onda-Logo-1024x454.jpeg 1024w, https:\/\/soliton-gmbh.de\/wp-content\/uploads\/2025\/12\/Onda-Logo-300x133.jpeg 300w, https:\/\/soliton-gmbh.de\/wp-content\/uploads\/2025\/12\/Onda-Logo-768x340.jpeg 768w, https:\/\/soliton-gmbh.de\/wp-content\/uploads\/2025\/12\/Onda-Logo-18x8.jpeg 18w, https:\/\/soliton-gmbh.de\/wp-content\/uploads\/2025\/12\/Onda-Logo-600x266.jpeg 600w, https:\/\/soliton-gmbh.de\/wp-content\/uploads\/2025\/12\/Onda-Logo-1200x532.jpeg 1200w, https:\/\/soliton-gmbh.de\/wp-content\/uploads\/2025\/12\/Onda-Logo.jpeg 1264w\" sizes=\"auto, (max-width: 198px) 100vw, 198px\" \/><\/a><\/p>\n<ul>\n<li style=\"font-weight: 400;\">High sensitivity<\/li>\n<li style=\"font-weight: 400;\">Small effective aperture<\/li>\n<li style=\"font-weight: 400;\">Broadband<\/li>\n<li style=\"font-weight: 400;\">Solid construction<\/li>\n<li style=\"font-weight: 400;\">Seamless integration with AH and AG preamplifiers<\/li>\n<li style=\"font-weight: 400;\">Flat (+\/-3 dB) from 250 kHz to &gt;&gt; 20 MHz<\/li>\n<\/ul>","protected":false},"featured_media":11448,"template":"","meta":{"_acf_changed":false,"_uag_custom_page_level_css":"","site-sidebar-layout":"default","site-content-layout":"default","ast-site-content-layout":"default","site-content-style":"default","site-sidebar-style":"default","ast-global-header-display":"","ast-banner-title-visibility":"","ast-main-header-display":"","ast-hfb-above-header-display":"","ast-hfb-below-header-display":"","ast-hfb-mobile-header-display":"","site-post-title":"","ast-breadcrumbs-content":"","ast-featured-img":"","footer-sml-layout":"","ast-disable-related-posts":"","theme-transparent-header-meta":"default","adv-header-id-meta":"","stick-header-meta":"default","header-above-stick-meta":"","header-main-stick-meta":"","header-below-stick-meta":"","astra-migrate-meta-layouts":"set","ast-page-background-enabled":"default","ast-page-background-meta":{"desktop":{"background-color":"","background-image":"","background-repeat":"repeat","background-position":"center center","background-size":"auto","background-attachment":"scroll","background-type":"","background-media":"","overlay-type":"","overlay-color":"","overlay-opacity":"","overlay-gradient":""},"tablet":{"background-color":"","background-image":"","background-repeat":"repeat","background-position":"center center","background-size":"auto","background-attachment":"scroll","background-type":"","background-media":"","overlay-type":"","overlay-color":"","overlay-opacity":"","overlay-gradient":""},"mobile":{"background-color":"","background-image":"","background-repeat":"repeat","background-position":"center center","background-size":"auto","background-attachment":"scroll","background-type":"","background-media":"","overlay-type":"","overlay-color":"","overlay-opacity":"","overlay-gradient":""}},"ast-content-background-meta":{"desktop":{"background-color":"var(--ast-global-color-5)","background-image":"","background-repeat":"repeat","background-position":"center center","background-size":"auto","background-attachment":"scroll","background-type":"","background-media":"","overlay-type":"","overlay-color":"","overlay-opacity":"","overlay-gradient":""},"tablet":{"background-color":"var(--ast-global-color-5)","background-image":"","background-repeat":"repeat","background-position":"center center","background-size":"auto","background-attachment":"scroll","background-type":"","background-media":"","overlay-type":"","overlay-color":"","overlay-opacity":"","overlay-gradient":""},"mobile":{"background-color":"var(--ast-global-color-5)","background-image":"","background-repeat":"repeat","background-position":"center center","background-size":"auto","background-attachment":"scroll","background-type":"","background-media":"","overlay-type":"","overlay-color":"","overlay-opacity":"","overlay-gradient":""}}},"product_brand":[1621],"product_cat":[1508],"product_tag":[1520,1527,1525,1512,1524,1526,1511,1523],"class_list":{"0":"post-11447","1":"product","2":"type-product","3":"status-publish","4":"has-post-thumbnail","6":"product_brand-onda","7":"product_cat-hydrofone","8":"product_tag-feldkartierung-ultraschall","9":"product_tag-hnp-hydrophon","10":"product_tag-hnp-serie","11":"product_tag-hydrophon-sensor","12":"product_tag-nadel-hydrophon","13":"product_tag-nadelhydrophon","14":"product_tag-ultraschall-hydrophon","15":"product_tag-ultraschallmessung","16":"desktop-align-left","17":"tablet-align-center","18":"mobile-align-center","19":"ast-product-gallery-layout-horizontal-slider","20":"ast-product-gallery-with-no-image","21":"ast-magnify-disabled","22":"ast-product-tabs-layout-horizontal","24":"first","25":"instock","26":"virtual","27":"sold-individually","28":"purchasable","29":"product-type-simple"},"acf":[],"yoast_head":"<!-- This site is optimized with the Yoast SEO Premium plugin v27.2 (Yoast SEO v27.5) - https:\/\/yoast.com\/product\/yoast-seo-premium-wordpress\/ -->\n<title>Nadel Hydrophon - HNP-Serie - Soliton<\/title>\n<meta name=\"description\" content=\"Nadel Hydrophon \u2013 HNP-Serie f\u00fcr pr\u00e4zise Punktmessungen im Ultraschallfeld. Kompakt, stabil und ideal f\u00fcr Labor und Forschung.\" \/>\n<meta name=\"robots\" content=\"index, follow, max-snippet:-1, max-image-preview:large, max-video-preview:-1\" \/>\n<link rel=\"canonical\" href=\"https:\/\/soliton-gmbh.de\/en\/product\/needle-hydrophone-of-the-hnp-series\/\" \/>\n<meta property=\"og:locale\" content=\"en_US\" \/>\n<meta property=\"og:type\" content=\"article\" \/>\n<meta property=\"og:title\" content=\"Nadel Hydrophon - HNP-Serie\" \/>\n<meta property=\"og:description\" content=\"Nadel Hydrophon \u2013 HNP-Serie f\u00fcr pr\u00e4zise Punktmessungen im Ultraschallfeld. Kompakt, stabil und ideal f\u00fcr Labor und Forschung.\" \/>\n<meta property=\"og:url\" content=\"https:\/\/soliton-gmbh.de\/en\/product\/needle-hydrophone-of-the-hnp-series\/\" \/>\n<meta property=\"og:site_name\" content=\"Soliton Laser- und Messtechnik GmbH\" \/>\n<meta property=\"article:modified_time\" content=\"2026-05-04T15:27:18+00:00\" \/>\n<meta property=\"og:image\" content=\"https:\/\/soliton-gmbh.de\/wp-content\/uploads\/2025\/12\/Onda-HNP1.jpg\" \/>\n\t<meta property=\"og:image:width\" content=\"2296\" \/>\n\t<meta property=\"og:image:height\" content=\"2296\" \/>\n\t<meta property=\"og:image:type\" content=\"image\/jpeg\" \/>\n<meta name=\"twitter:card\" content=\"summary_large_image\" \/>\n<meta name=\"twitter:label1\" content=\"Price\" \/>\n\t<meta name=\"twitter:data1\" content=\"&euro;0.00\" \/>\n\t<meta name=\"twitter:label2\" content=\"Availability\" \/>\n\t<meta name=\"twitter:data2\" content=\"In stock\" \/>\n<script type=\"application\/ld+json\" class=\"yoast-schema-graph\">{\"@context\":\"https:\\\/\\\/schema.org\",\"@graph\":[{\"@type\":\"WebPage\",\"@id\":\"https:\\\/\\\/soliton-gmbh.de\\\/produkt\\\/nadel-hydrofon-der-hnp-serie\\\/\",\"url\":\"https:\\\/\\\/soliton-gmbh.de\\\/produkt\\\/nadel-hydrofon-der-hnp-serie\\\/\",\"name\":\"Nadel Hydrophon - HNP-Serie - Soliton\",\"isPartOf\":{\"@id\":\"https:\\\/\\\/soliton-gmbh.de\\\/#website\"},\"primaryImageOfPage\":{\"@id\":\"https:\\\/\\\/soliton-gmbh.de\\\/produkt\\\/nadel-hydrofon-der-hnp-serie\\\/#primaryimage\"},\"image\":{\"@id\":\"https:\\\/\\\/soliton-gmbh.de\\\/produkt\\\/nadel-hydrofon-der-hnp-serie\\\/#primaryimage\"},\"thumbnailUrl\":\"https:\\\/\\\/soliton-gmbh.de\\\/wp-content\\\/uploads\\\/2025\\\/12\\\/Onda-HNP1.jpg\",\"datePublished\":\"2025-12-08T17:33:27+00:00\",\"dateModified\":\"2026-05-04T15:27:18+00:00\",\"description\":\"Nadel Hydrophon \u2013 HNP-Serie f\u00fcr pr\u00e4zise Punktmessungen im Ultraschallfeld. Kompakt, stabil und ideal f\u00fcr Labor und Forschung.\",\"breadcrumb\":{\"@id\":\"https:\\\/\\\/soliton-gmbh.de\\\/produkt\\\/nadel-hydrofon-der-hnp-serie\\\/#breadcrumb\"},\"inLanguage\":\"en-US\",\"potentialAction\":[{\"@type\":\"ReadAction\",\"target\":[\"https:\\\/\\\/soliton-gmbh.de\\\/produkt\\\/nadel-hydrofon-der-hnp-serie\\\/\"]}]},{\"@type\":\"ImageObject\",\"inLanguage\":\"en-US\",\"@id\":\"https:\\\/\\\/soliton-gmbh.de\\\/produkt\\\/nadel-hydrofon-der-hnp-serie\\\/#primaryimage\",\"url\":\"https:\\\/\\\/soliton-gmbh.de\\\/wp-content\\\/uploads\\\/2025\\\/12\\\/Onda-HNP1.jpg\",\"contentUrl\":\"https:\\\/\\\/soliton-gmbh.de\\\/wp-content\\\/uploads\\\/2025\\\/12\\\/Onda-HNP1.jpg\",\"width\":2296,\"height\":2296},{\"@type\":\"BreadcrumbList\",\"@id\":\"https:\\\/\\\/soliton-gmbh.de\\\/produkt\\\/nadel-hydrofon-der-hnp-serie\\\/#breadcrumb\",\"itemListElement\":[{\"@type\":\"ListItem\",\"position\":1,\"name\":\"Startseite\",\"item\":\"https:\\\/\\\/soliton-gmbh.de\\\/\"},{\"@type\":\"ListItem\",\"position\":2,\"name\":\"Produkte\",\"item\":\"https:\\\/\\\/soliton-gmbh.de\\\/produkte\\\/\"},{\"@type\":\"ListItem\",\"position\":3,\"name\":\"Nadel Hydrophon &#8211; HNP-Serie\"}]},{\"@type\":\"WebSite\",\"@id\":\"https:\\\/\\\/soliton-gmbh.de\\\/#website\",\"url\":\"https:\\\/\\\/soliton-gmbh.de\\\/\",\"name\":\"Soliton Laser- und Messtechnik GmbH\",\"description\":\"\",\"publisher\":{\"@id\":\"https:\\\/\\\/soliton-gmbh.de\\\/#organization\"},\"potentialAction\":[{\"@type\":\"SearchAction\",\"target\":{\"@type\":\"EntryPoint\",\"urlTemplate\":\"https:\\\/\\\/soliton-gmbh.de\\\/?s={search_term_string}\"},\"query-input\":{\"@type\":\"PropertyValueSpecification\",\"valueRequired\":true,\"valueName\":\"search_term_string\"}}],\"inLanguage\":\"en-US\"},{\"@type\":\"Organization\",\"@id\":\"https:\\\/\\\/soliton-gmbh.de\\\/#organization\",\"name\":\"Soliton GmbH\",\"url\":\"https:\\\/\\\/soliton-gmbh.de\\\/\",\"logo\":{\"@type\":\"ImageObject\",\"inLanguage\":\"en-US\",\"@id\":\"https:\\\/\\\/soliton-gmbh.de\\\/#\\\/schema\\\/logo\\\/image\\\/\",\"url\":\"https:\\\/\\\/soliton-gmbh.de\\\/wp-content\\\/uploads\\\/2022\\\/08\\\/cropped-soliton-logo.png\",\"contentUrl\":\"https:\\\/\\\/soliton-gmbh.de\\\/wp-content\\\/uploads\\\/2022\\\/08\\\/cropped-soliton-logo.png\",\"width\":500,\"height\":350,\"caption\":\"Soliton GmbH\"},\"image\":{\"@id\":\"https:\\\/\\\/soliton-gmbh.de\\\/#\\\/schema\\\/logo\\\/image\\\/\"}}]}<\/script>\n<meta property=\"product:price:amount\" content=\"0.00\" \/>\n<meta property=\"product:price:currency\" content=\"EUR\" \/>\n<meta property=\"og:availability\" content=\"instock\" \/>\n<meta property=\"product:availability\" content=\"instock\" \/>\n<meta property=\"product:condition\" content=\"new\" \/>\n<!-- \/ Yoast SEO Premium plugin. -->","yoast_head_json":{"title":"Needle hydrophone - HNP series - Soliton","description":"Needle hydrophone - HNP series for precise point measurements in the ultrasonic field. Compact, stable and ideal for laboratories and research.","robots":{"index":"index","follow":"follow","max-snippet":"max-snippet:-1","max-image-preview":"max-image-preview:large","max-video-preview":"max-video-preview:-1"},"canonical":"https:\/\/soliton-gmbh.de\/en\/product\/needle-hydrophone-of-the-hnp-series\/","og_locale":"en_US","og_type":"article","og_title":"Nadel Hydrophon - HNP-Serie","og_description":"Nadel Hydrophon \u2013 HNP-Serie f\u00fcr pr\u00e4zise Punktmessungen im Ultraschallfeld. Kompakt, stabil und ideal f\u00fcr Labor und Forschung.","og_url":"https:\/\/soliton-gmbh.de\/en\/product\/needle-hydrophone-of-the-hnp-series\/","og_site_name":"Soliton Laser- und Messtechnik GmbH","article_modified_time":"2026-05-04T15:27:18+00:00","og_image":[{"width":2296,"height":2296,"url":"https:\/\/soliton-gmbh.de\/wp-content\/uploads\/2025\/12\/Onda-HNP1.jpg","type":"image\/jpeg"}],"twitter_card":"summary_large_image","twitter_misc":{"Price":"&euro;0.00","Availability":"In stock"},"schema":{"@context":"https:\/\/schema.org","@graph":[{"@type":"WebPage","@id":"https:\/\/soliton-gmbh.de\/produkt\/nadel-hydrofon-der-hnp-serie\/","url":"https:\/\/soliton-gmbh.de\/produkt\/nadel-hydrofon-der-hnp-serie\/","name":"Needle hydrophone - HNP series - Soliton","isPartOf":{"@id":"https:\/\/soliton-gmbh.de\/#website"},"primaryImageOfPage":{"@id":"https:\/\/soliton-gmbh.de\/produkt\/nadel-hydrofon-der-hnp-serie\/#primaryimage"},"image":{"@id":"https:\/\/soliton-gmbh.de\/produkt\/nadel-hydrofon-der-hnp-serie\/#primaryimage"},"thumbnailUrl":"https:\/\/soliton-gmbh.de\/wp-content\/uploads\/2025\/12\/Onda-HNP1.jpg","datePublished":"2025-12-08T17:33:27+00:00","dateModified":"2026-05-04T15:27:18+00:00","description":"Needle hydrophone - HNP series for precise point measurements in the ultrasonic field. Compact, stable and ideal for laboratories and research.","breadcrumb":{"@id":"https:\/\/soliton-gmbh.de\/produkt\/nadel-hydrofon-der-hnp-serie\/#breadcrumb"},"inLanguage":"en-US","potentialAction":[{"@type":"ReadAction","target":["https:\/\/soliton-gmbh.de\/produkt\/nadel-hydrofon-der-hnp-serie\/"]}]},{"@type":"ImageObject","inLanguage":"en-US","@id":"https:\/\/soliton-gmbh.de\/produkt\/nadel-hydrofon-der-hnp-serie\/#primaryimage","url":"https:\/\/soliton-gmbh.de\/wp-content\/uploads\/2025\/12\/Onda-HNP1.jpg","contentUrl":"https:\/\/soliton-gmbh.de\/wp-content\/uploads\/2025\/12\/Onda-HNP1.jpg","width":2296,"height":2296},{"@type":"BreadcrumbList","@id":"https:\/\/soliton-gmbh.de\/produkt\/nadel-hydrofon-der-hnp-serie\/#breadcrumb","itemListElement":[{"@type":"ListItem","position":1,"name":"Startseite","item":"https:\/\/soliton-gmbh.de\/"},{"@type":"ListItem","position":2,"name":"Produkte","item":"https:\/\/soliton-gmbh.de\/produkte\/"},{"@type":"ListItem","position":3,"name":"Nadel Hydrophon &#8211; HNP-Serie"}]},{"@type":"WebSite","@id":"https:\/\/soliton-gmbh.de\/#website","url":"https:\/\/soliton-gmbh.de\/","name":"Soliton Laser- und Messtechnik GmbH","description":"","publisher":{"@id":"https:\/\/soliton-gmbh.de\/#organization"},"potentialAction":[{"@type":"SearchAction","target":{"@type":"EntryPoint","urlTemplate":"https:\/\/soliton-gmbh.de\/?s={search_term_string}"},"query-input":{"@type":"PropertyValueSpecification","valueRequired":true,"valueName":"search_term_string"}}],"inLanguage":"en-US"},{"@type":"Organization","@id":"https:\/\/soliton-gmbh.de\/#organization","name":"Soliton GmbH","url":"https:\/\/soliton-gmbh.de\/","logo":{"@type":"ImageObject","inLanguage":"en-US","@id":"https:\/\/soliton-gmbh.de\/#\/schema\/logo\/image\/","url":"https:\/\/soliton-gmbh.de\/wp-content\/uploads\/2022\/08\/cropped-soliton-logo.png","contentUrl":"https:\/\/soliton-gmbh.de\/wp-content\/uploads\/2022\/08\/cropped-soliton-logo.png","width":500,"height":350,"caption":"Soliton GmbH"},"image":{"@id":"https:\/\/soliton-gmbh.de\/#\/schema\/logo\/image\/"}}]},"product_price_amount":"0.00","product_price_currency":"EUR","og_availability":"instock","product_availability":"instock","product_condition":"new"},"uagb_featured_image_src":{"full":["https:\/\/soliton-gmbh.de\/wp-content\/uploads\/2025\/12\/Onda-HNP1.jpg",2296,2296,false],"thumbnail":["https:\/\/soliton-gmbh.de\/wp-content\/uploads\/2025\/12\/Onda-HNP1-150x150.jpg",150,150,true],"medium":["https:\/\/soliton-gmbh.de\/wp-content\/uploads\/2025\/12\/Onda-HNP1-300x300.jpg",300,300,true],"medium_large":["https:\/\/soliton-gmbh.de\/wp-content\/uploads\/2025\/12\/Onda-HNP1-768x768.jpg",768,768,true],"large":["https:\/\/soliton-gmbh.de\/wp-content\/uploads\/2025\/12\/Onda-HNP1-1024x1024.jpg",1024,1024,true],"1536x1536":["https:\/\/soliton-gmbh.de\/wp-content\/uploads\/2025\/12\/Onda-HNP1-1536x1536.jpg",1536,1536,true],"2048x2048":["https:\/\/soliton-gmbh.de\/wp-content\/uploads\/2025\/12\/Onda-HNP1-2048x2048.jpg",2048,2048,true],"trp-custom-language-flag":["https:\/\/soliton-gmbh.de\/wp-content\/uploads\/2025\/12\/Onda-HNP1-12x12.jpg",12,12,true],"woocommerce_thumbnail":["https:\/\/soliton-gmbh.de\/wp-content\/uploads\/2025\/12\/Onda-HNP1-600x600.jpg",600,600,true],"woocommerce_single":["https:\/\/soliton-gmbh.de\/wp-content\/uploads\/2025\/12\/Onda-HNP1-1200x1200.jpg",1200,1200,true],"woocommerce_gallery_thumbnail":["https:\/\/soliton-gmbh.de\/wp-content\/uploads\/2025\/12\/Onda-HNP1-300x300.jpg",300,300,true]},"uagb_author_info":{"display_name":"Daniel","author_link":"https:\/\/soliton-gmbh.de\/en\/author\/"},"uagb_comment_info":0,"uagb_excerpt":"Hohe Empfindlichkeit Kleine effektive Apertur Breitbandig Solide Konstruktion Nahtlose Integration mit AH- und AG-Vorverst\u00e4rkern Flach (+\/-3 dB) von 250 kHz bis &gt;&gt; 20 MHz","_links":{"self":[{"href":"https:\/\/soliton-gmbh.de\/en\/wp-json\/wp\/v2\/product\/11447","targetHints":{"allow":["GET"]}}],"collection":[{"href":"https:\/\/soliton-gmbh.de\/en\/wp-json\/wp\/v2\/product"}],"about":[{"href":"https:\/\/soliton-gmbh.de\/en\/wp-json\/wp\/v2\/types\/product"}],"wp:featuredmedia":[{"embeddable":true,"href":"https:\/\/soliton-gmbh.de\/en\/wp-json\/wp\/v2\/media\/11448"}],"wp:attachment":[{"href":"https:\/\/soliton-gmbh.de\/en\/wp-json\/wp\/v2\/media?parent=11447"}],"wp:term":[{"taxonomy":"product_brand","embeddable":true,"href":"https:\/\/soliton-gmbh.de\/en\/wp-json\/wp\/v2\/product_brand?post=11447"},{"taxonomy":"product_cat","embeddable":true,"href":"https:\/\/soliton-gmbh.de\/en\/wp-json\/wp\/v2\/product_cat?post=11447"},{"taxonomy":"product_tag","embeddable":true,"href":"https:\/\/soliton-gmbh.de\/en\/wp-json\/wp\/v2\/product_tag?post=11447"}],"curies":[{"name":"wp","href":"https:\/\/api.w.org\/{rel}","templated":true}]}}