{"id":10990,"date":"2025-09-30T16:25:08","date_gmt":"2025-09-30T14:25:08","guid":{"rendered":"https:\/\/soliton-gmbh.de\/?post_type=product&#038;p=10990"},"modified":"2026-04-15T23:26:40","modified_gmt":"2026-04-15T21:26:40","slug":"inline-nano-particle-measurement","status":"publish","type":"product","link":"https:\/\/soliton-gmbh.de\/en\/produkt\/inline-nano-partikelmessung\/","title":{"rendered":"Inline Nano particle measurement"},"content":{"rendered":"<h1>Precise particle size measurement - directly in the closed container<\/h1>\n<h3>Non-invasive analysis with SR-DLS technology<\/h3>\n<p>Particle size is a decisive quality parameter in many pharmaceutical products. Previously, such analyses required time-consuming sampling, dilution and laboratory tests - with risks for sterility, reproducibility and loss of time. With the innovative <strong>SR-DLS technology (Spatially Resolved Dynamic Light Scattering)<\/strong> InProcess-LSP offers a solution that <strong>Particle sizes directly in the closed container<\/strong> measures - <strong>Fast, precise and completely contactless<\/strong>.<\/p>\n<hr \/>\n<h3>How does SR-DLS work?<\/h3>\n<p>The technology combines <strong>Dynamic light scattering (DLS)<\/strong> with <strong>Low Coherence Interferometry (LCI)<\/strong>. Light signals are scattered in the product and analyzed based on their temporal fluctuations. This allows the <strong>Diffusion coefficient<\/strong> and from this the <strong>particle size<\/strong> exactly.<br \/>\nThrough the <strong>Complete backscatter geometry<\/strong> (180\u00b0) and a <strong>depth-resolved measurement<\/strong> particles can be detected at different depths in the container - even with <strong>curved surfaces or cloudy formulations<\/strong>.<\/p>\n<p>This optical method works <strong>Completely container-independent<\/strong> and is suitable for <strong>Glass, plastic and flexible packaging<\/strong>, without opening or changing the sample.<\/p>\n<hr \/>\n<h3>Flexible system for any packaging<\/h3>\n<p>The <strong>NanoFlowSizer<\/strong> has a modular design and adapts to a wide variety of packaging types.<\/p>\n<ul>\n<li><strong>Vial modules<\/strong> enable measurements in standard glass vials and syringes.<\/li>\n<li><strong>Clamp modules<\/strong> offer maximum flexibility for irregular or larger vessels.<\/li>\n<\/ul>\n<p>Thanks to this adaptability <strong>Particle sizes in sterile prefilled syringes<\/strong>, <strong>Infusion bags<\/strong> or <strong>large-volume plastic containers<\/strong> just as reliably as in laboratory vials.<\/p>\n<p>Even with very cloudy emulsions - for example in propofol formulations - the system delivers <strong>Reproducible and characteristic measurement results<\/strong>, which are known as <strong>Fingerprint of product quality<\/strong> can serve.<\/p>\n<hr \/>\n<h3>For modern process and quality control<\/h3>\n<p>With the SR-DLS technology, particle size analysis <strong>Part of the production process<\/strong>. It allows the <strong>Direct quality assessment of the end product<\/strong>, without detours via the laboratory. In this way <strong>Shorter production times<\/strong>, <strong>Risks minimized<\/strong> and <strong>Increased process reliability<\/strong> become.<\/p>\n<p>Whether glass vials, plastic bottles, infusion bags or prefilled syringes - the NanoFlowSizer offers <strong>Maximum precision and flexibility<\/strong> for your application.<\/p>","protected":false},"excerpt":{"rendered":"<p><a href=\"https:\/\/soliton-gmbh.de\/wp-content\/uploads\/2025\/09\/InProcess-Logo.png\"><img loading=\"lazy\" decoding=\"async\" class=\"alignnone wp-image-10993\" src=\"https:\/\/soliton-gmbh.de\/wp-content\/uploads\/2025\/09\/InProcess-Logo-1024x283.png\" alt=\"\" width=\"202\" height=\"56\" srcset=\"https:\/\/soliton-gmbh.de\/wp-content\/uploads\/2025\/09\/InProcess-Logo-1024x283.png 1024w, https:\/\/soliton-gmbh.de\/wp-content\/uploads\/2025\/09\/InProcess-Logo-300x83.png 300w, https:\/\/soliton-gmbh.de\/wp-content\/uploads\/2025\/09\/InProcess-Logo-768x212.png 768w, https:\/\/soliton-gmbh.de\/wp-content\/uploads\/2025\/09\/InProcess-Logo-1536x425.png 1536w, https:\/\/soliton-gmbh.de\/wp-content\/uploads\/2025\/09\/InProcess-Logo-2048x567.png 2048w, https:\/\/soliton-gmbh.de\/wp-content\/uploads\/2025\/09\/InProcess-Logo-18x5.png 18w, https:\/\/soliton-gmbh.de\/wp-content\/uploads\/2025\/09\/InProcess-Logo-600x166.png 600w, https:\/\/soliton-gmbh.de\/wp-content\/uploads\/2025\/09\/InProcess-Logo-1200x332.png 1200w\" sizes=\"auto, (max-width: 202px) 100vw, 202px\" \/><\/a><\/p>\n<ul>\n<li>No sampling or dilution required<\/li>\n<li>Sterile, contamination-free measurement directly in the original container<\/li>\n<li>Fast, reliable results in real time<\/li>\n<li>Regardless of the material, color and shape of the container<\/li>\n<li>Use with high turbidity and complex geometries<\/li>\n<li>GMP-compliant software (21 CFR Part 11)<\/li>\n<li>Customized module development<\/li>\n<\/ul>","protected":false},"featured_media":10992,"template":"","meta":{"_acf_changed":false,"_uag_custom_page_level_css":"","site-sidebar-layout":"default","site-content-layout":"default","ast-site-content-layout":"default","site-content-style":"default","site-sidebar-style":"default","ast-global-header-display":"","ast-banner-title-visibility":"","ast-main-header-display":"","ast-hfb-above-header-display":"","ast-hfb-below-header-display":"","ast-hfb-mobile-header-display":"","site-post-title":"","ast-breadcrumbs-content":"","ast-featured-img":"","footer-sml-layout":"","ast-disable-related-posts":"","theme-transparent-header-meta":"default","adv-header-id-meta":"","stick-header-meta":"default","header-above-stick-meta":"","header-main-stick-meta":"","header-below-stick-meta":"","astra-migrate-meta-layouts":"set","ast-page-background-enabled":"default","ast-page-background-meta":{"desktop":{"background-color":"","background-image":"","background-repeat":"repeat","background-position":"center center","background-size":"auto","background-attachment":"scroll","background-type":"","background-media":"","overlay-type":"","overlay-color":"","overlay-opacity":"","overlay-gradient":""},"tablet":{"background-color":"","background-image":"","background-repeat":"repeat","background-position":"center center","background-size":"auto","background-attachment":"scroll","background-type":"","background-media":"","overlay-type":"","overlay-color":"","overlay-opacity":"","overlay-gradient":""},"mobile":{"background-color":"","background-image":"","background-repeat":"repeat","background-position":"center center","background-size":"auto","background-attachment":"scroll","background-type":"","background-media":"","overlay-type":"","overlay-color":"","overlay-opacity":"","overlay-gradient":""}},"ast-content-background-meta":{"desktop":{"background-color":"var(--ast-global-color-5)","background-image":"","background-repeat":"repeat","background-position":"center center","background-size":"auto","background-attachment":"scroll","background-type":"","background-media":"","overlay-type":"","overlay-color":"","overlay-opacity":"","overlay-gradient":""},"tablet":{"background-color":"var(--ast-global-color-5)","background-image":"","background-repeat":"repeat","background-position":"center center","background-size":"auto","background-attachment":"scroll","background-type":"","background-media":"","overlay-type":"","overlay-color":"","overlay-opacity":"","overlay-gradient":""},"mobile":{"background-color":"var(--ast-global-color-5)","background-image":"","background-repeat":"repeat","background-position":"center center","background-size":"auto","background-attachment":"scroll","background-type":"","background-media":"","overlay-type":"","overlay-color":"","overlay-opacity":"","overlay-gradient":""}}},"product_brand":[1631],"product_cat":[28,81,276],"product_tag":[428,899,900,895,906,904,907,902,897,908,903,909,896,901,905,898],"class_list":{"0":"post-10990","1":"product","2":"type-product","3":"status-publish","4":"has-post-thumbnail","6":"product_brand-inprocess-lsp","7":"product_cat-analytik","8":"product_cat-partikelmessung","9":"product_cat-systeme-fuer-partikelmessung","10":"product_tag-21-cfr-part-11","11":"product_tag-899","12":"product_tag-900","13":"product_tag-automatische-probenverduennung","14":"product_tag-effiziente-probenvorbereitung","15":"product_tag-entegris-accusizer","16":"product_tag-fluessigpartikelzaehler","17":"product_tag-hochaufloesende-partikelanalyse","18":"product_tag-laserpartikelzaehler","19":"product_tag-mikroprozessorbasierte-partikelanalyse","20":"product_tag-niedrigste-partikelgroessenmessung","21":"product_tag-partikelgroessenverteilung","22":"product_tag-partikelmessung","23":"product_tag-pharmazeutische-anwendungen","24":"product_tag-praezise-partikelzaehlung","25":"product_tag-usp-787","26":"desktop-align-left","27":"tablet-align-center","28":"mobile-align-center","29":"ast-product-gallery-layout-horizontal-slider","30":"ast-magnify-disabled","31":"ast-product-tabs-layout-horizontal","33":"first","34":"instock","35":"virtual","36":"sold-individually","37":"purchasable","38":"product-type-simple"},"acf":[],"yoast_head":"<!-- This site is optimized with the Yoast SEO Premium plugin v27.2 (Yoast SEO v27.4) - https:\/\/yoast.com\/product\/yoast-seo-premium-wordpress\/ -->\n<title>Inline Nano Partikelmessung - Soliton<\/title>\n<meta name=\"description\" content=\"Das Partikelmessger\u00e4t von Entegris \u2013 schnelle und pr\u00e4zise Partikelmessung mit automatischer Probenverd\u00fcnnung, ideal f\u00fcr pharmazeutische Anwendungen\" \/>\n<meta name=\"robots\" content=\"index, follow, max-snippet:-1, max-image-preview:large, max-video-preview:-1\" \/>\n<link rel=\"canonical\" href=\"https:\/\/soliton-gmbh.de\/en\/product\/inline-nano-particle-measurement\/\" \/>\n<meta property=\"og:locale\" content=\"en_US\" \/>\n<meta property=\"og:type\" content=\"article\" \/>\n<meta property=\"og:title\" content=\"Inline Nano Partikelmessung\" \/>\n<meta property=\"og:description\" content=\"Das Partikelmessger\u00e4t von Entegris \u2013 schnelle und pr\u00e4zise Partikelmessung mit automatischer Probenverd\u00fcnnung, ideal f\u00fcr pharmazeutische Anwendungen\" \/>\n<meta property=\"og:url\" content=\"https:\/\/soliton-gmbh.de\/en\/product\/inline-nano-particle-measurement\/\" \/>\n<meta property=\"og:site_name\" content=\"Soliton Laser- und Messtechnik GmbH\" \/>\n<meta property=\"article:modified_time\" content=\"2026-04-15T21:26:40+00:00\" \/>\n<meta property=\"og:image\" content=\"https:\/\/soliton-gmbh.de\/wp-content\/uploads\/2025\/09\/InProcess1.jpg\" \/>\n\t<meta property=\"og:image:width\" content=\"1500\" \/>\n\t<meta property=\"og:image:height\" content=\"1500\" \/>\n\t<meta property=\"og:image:type\" content=\"image\/jpeg\" \/>\n<meta name=\"twitter:card\" content=\"summary_large_image\" \/>\n<meta name=\"twitter:label1\" content=\"Price\" \/>\n\t<meta name=\"twitter:data1\" content=\"&euro;0.00\" \/>\n\t<meta name=\"twitter:label2\" content=\"Availability\" \/>\n\t<meta name=\"twitter:data2\" content=\"In stock\" \/>\n<script type=\"application\/ld+json\" class=\"yoast-schema-graph\">{\"@context\":\"https:\\\/\\\/schema.org\",\"@graph\":[{\"@type\":\"WebPage\",\"@id\":\"https:\\\/\\\/soliton-gmbh.de\\\/produkt\\\/inline-nano-partikelmessung\\\/\",\"url\":\"https:\\\/\\\/soliton-gmbh.de\\\/produkt\\\/inline-nano-partikelmessung\\\/\",\"name\":\"Inline Nano Partikelmessung - Soliton\",\"isPartOf\":{\"@id\":\"https:\\\/\\\/soliton-gmbh.de\\\/#website\"},\"primaryImageOfPage\":{\"@id\":\"https:\\\/\\\/soliton-gmbh.de\\\/produkt\\\/inline-nano-partikelmessung\\\/#primaryimage\"},\"image\":{\"@id\":\"https:\\\/\\\/soliton-gmbh.de\\\/produkt\\\/inline-nano-partikelmessung\\\/#primaryimage\"},\"thumbnailUrl\":\"https:\\\/\\\/soliton-gmbh.de\\\/wp-content\\\/uploads\\\/2025\\\/09\\\/InProcess1.jpg\",\"datePublished\":\"2025-09-30T14:25:08+00:00\",\"dateModified\":\"2026-04-15T21:26:40+00:00\",\"description\":\"Das Partikelmessger\u00e4t von Entegris \u2013 schnelle und pr\u00e4zise Partikelmessung mit automatischer Probenverd\u00fcnnung, ideal f\u00fcr pharmazeutische Anwendungen\",\"breadcrumb\":{\"@id\":\"https:\\\/\\\/soliton-gmbh.de\\\/produkt\\\/inline-nano-partikelmessung\\\/#breadcrumb\"},\"inLanguage\":\"en-US\",\"potentialAction\":[{\"@type\":\"ReadAction\",\"target\":[\"https:\\\/\\\/soliton-gmbh.de\\\/produkt\\\/inline-nano-partikelmessung\\\/\"]}]},{\"@type\":\"ImageObject\",\"inLanguage\":\"en-US\",\"@id\":\"https:\\\/\\\/soliton-gmbh.de\\\/produkt\\\/inline-nano-partikelmessung\\\/#primaryimage\",\"url\":\"https:\\\/\\\/soliton-gmbh.de\\\/wp-content\\\/uploads\\\/2025\\\/09\\\/InProcess1.jpg\",\"contentUrl\":\"https:\\\/\\\/soliton-gmbh.de\\\/wp-content\\\/uploads\\\/2025\\\/09\\\/InProcess1.jpg\",\"width\":1500,\"height\":1500},{\"@type\":\"BreadcrumbList\",\"@id\":\"https:\\\/\\\/soliton-gmbh.de\\\/produkt\\\/inline-nano-partikelmessung\\\/#breadcrumb\",\"itemListElement\":[{\"@type\":\"ListItem\",\"position\":1,\"name\":\"Startseite\",\"item\":\"https:\\\/\\\/soliton-gmbh.de\\\/\"},{\"@type\":\"ListItem\",\"position\":2,\"name\":\"Produkte\",\"item\":\"https:\\\/\\\/soliton-gmbh.de\\\/produkte\\\/\"},{\"@type\":\"ListItem\",\"position\":3,\"name\":\"Inline Nano Partikelmessung\"}]},{\"@type\":\"WebSite\",\"@id\":\"https:\\\/\\\/soliton-gmbh.de\\\/#website\",\"url\":\"https:\\\/\\\/soliton-gmbh.de\\\/\",\"name\":\"Soliton Laser- und Messtechnik GmbH\",\"description\":\"\",\"publisher\":{\"@id\":\"https:\\\/\\\/soliton-gmbh.de\\\/#organization\"},\"potentialAction\":[{\"@type\":\"SearchAction\",\"target\":{\"@type\":\"EntryPoint\",\"urlTemplate\":\"https:\\\/\\\/soliton-gmbh.de\\\/?s={search_term_string}\"},\"query-input\":{\"@type\":\"PropertyValueSpecification\",\"valueRequired\":true,\"valueName\":\"search_term_string\"}}],\"inLanguage\":\"en-US\"},{\"@type\":\"Organization\",\"@id\":\"https:\\\/\\\/soliton-gmbh.de\\\/#organization\",\"name\":\"Soliton GmbH\",\"url\":\"https:\\\/\\\/soliton-gmbh.de\\\/\",\"logo\":{\"@type\":\"ImageObject\",\"inLanguage\":\"en-US\",\"@id\":\"https:\\\/\\\/soliton-gmbh.de\\\/#\\\/schema\\\/logo\\\/image\\\/\",\"url\":\"https:\\\/\\\/soliton-gmbh.de\\\/wp-content\\\/uploads\\\/2022\\\/08\\\/cropped-soliton-logo.png\",\"contentUrl\":\"https:\\\/\\\/soliton-gmbh.de\\\/wp-content\\\/uploads\\\/2022\\\/08\\\/cropped-soliton-logo.png\",\"width\":500,\"height\":350,\"caption\":\"Soliton GmbH\"},\"image\":{\"@id\":\"https:\\\/\\\/soliton-gmbh.de\\\/#\\\/schema\\\/logo\\\/image\\\/\"}}]}<\/script>\n<meta property=\"product:price:amount\" content=\"0.00\" \/>\n<meta property=\"product:price:currency\" content=\"EUR\" \/>\n<meta property=\"og:availability\" content=\"instock\" \/>\n<meta property=\"product:availability\" content=\"instock\" \/>\n<meta property=\"product:condition\" content=\"new\" \/>\n<!-- \/ Yoast SEO Premium plugin. -->","yoast_head_json":{"title":"Inline nano particle measurement - Soliton","description":"The particle sizer from Entegris - fast and precise particle measurement with automatic sample dilution, ideal for pharmaceutical applications","robots":{"index":"index","follow":"follow","max-snippet":"max-snippet:-1","max-image-preview":"max-image-preview:large","max-video-preview":"max-video-preview:-1"},"canonical":"https:\/\/soliton-gmbh.de\/en\/product\/inline-nano-particle-measurement\/","og_locale":"en_US","og_type":"article","og_title":"Inline Nano Partikelmessung","og_description":"Das Partikelmessger\u00e4t von Entegris \u2013 schnelle und pr\u00e4zise Partikelmessung mit automatischer Probenverd\u00fcnnung, ideal f\u00fcr pharmazeutische Anwendungen","og_url":"https:\/\/soliton-gmbh.de\/en\/product\/inline-nano-particle-measurement\/","og_site_name":"Soliton Laser- und Messtechnik GmbH","article_modified_time":"2026-04-15T21:26:40+00:00","og_image":[{"width":1500,"height":1500,"url":"https:\/\/soliton-gmbh.de\/wp-content\/uploads\/2025\/09\/InProcess1.jpg","type":"image\/jpeg"}],"twitter_card":"summary_large_image","twitter_misc":{"Price":"&euro;0.00","Availability":"In stock"},"schema":{"@context":"https:\/\/schema.org","@graph":[{"@type":"WebPage","@id":"https:\/\/soliton-gmbh.de\/produkt\/inline-nano-partikelmessung\/","url":"https:\/\/soliton-gmbh.de\/produkt\/inline-nano-partikelmessung\/","name":"Inline nano particle measurement - Soliton","isPartOf":{"@id":"https:\/\/soliton-gmbh.de\/#website"},"primaryImageOfPage":{"@id":"https:\/\/soliton-gmbh.de\/produkt\/inline-nano-partikelmessung\/#primaryimage"},"image":{"@id":"https:\/\/soliton-gmbh.de\/produkt\/inline-nano-partikelmessung\/#primaryimage"},"thumbnailUrl":"https:\/\/soliton-gmbh.de\/wp-content\/uploads\/2025\/09\/InProcess1.jpg","datePublished":"2025-09-30T14:25:08+00:00","dateModified":"2026-04-15T21:26:40+00:00","description":"The particle sizer from Entegris - fast and precise particle measurement with automatic sample dilution, ideal for pharmaceutical applications","breadcrumb":{"@id":"https:\/\/soliton-gmbh.de\/produkt\/inline-nano-partikelmessung\/#breadcrumb"},"inLanguage":"en-US","potentialAction":[{"@type":"ReadAction","target":["https:\/\/soliton-gmbh.de\/produkt\/inline-nano-partikelmessung\/"]}]},{"@type":"ImageObject","inLanguage":"en-US","@id":"https:\/\/soliton-gmbh.de\/produkt\/inline-nano-partikelmessung\/#primaryimage","url":"https:\/\/soliton-gmbh.de\/wp-content\/uploads\/2025\/09\/InProcess1.jpg","contentUrl":"https:\/\/soliton-gmbh.de\/wp-content\/uploads\/2025\/09\/InProcess1.jpg","width":1500,"height":1500},{"@type":"BreadcrumbList","@id":"https:\/\/soliton-gmbh.de\/produkt\/inline-nano-partikelmessung\/#breadcrumb","itemListElement":[{"@type":"ListItem","position":1,"name":"Startseite","item":"https:\/\/soliton-gmbh.de\/"},{"@type":"ListItem","position":2,"name":"Produkte","item":"https:\/\/soliton-gmbh.de\/produkte\/"},{"@type":"ListItem","position":3,"name":"Inline Nano Partikelmessung"}]},{"@type":"WebSite","@id":"https:\/\/soliton-gmbh.de\/#website","url":"https:\/\/soliton-gmbh.de\/","name":"Soliton Laser- und Messtechnik GmbH","description":"","publisher":{"@id":"https:\/\/soliton-gmbh.de\/#organization"},"potentialAction":[{"@type":"SearchAction","target":{"@type":"EntryPoint","urlTemplate":"https:\/\/soliton-gmbh.de\/?s={search_term_string}"},"query-input":{"@type":"PropertyValueSpecification","valueRequired":true,"valueName":"search_term_string"}}],"inLanguage":"en-US"},{"@type":"Organization","@id":"https:\/\/soliton-gmbh.de\/#organization","name":"Soliton GmbH","url":"https:\/\/soliton-gmbh.de\/","logo":{"@type":"ImageObject","inLanguage":"en-US","@id":"https:\/\/soliton-gmbh.de\/#\/schema\/logo\/image\/","url":"https:\/\/soliton-gmbh.de\/wp-content\/uploads\/2022\/08\/cropped-soliton-logo.png","contentUrl":"https:\/\/soliton-gmbh.de\/wp-content\/uploads\/2022\/08\/cropped-soliton-logo.png","width":500,"height":350,"caption":"Soliton GmbH"},"image":{"@id":"https:\/\/soliton-gmbh.de\/#\/schema\/logo\/image\/"}}]},"product_price_amount":"0.00","product_price_currency":"EUR","og_availability":"instock","product_availability":"instock","product_condition":"new"},"uagb_featured_image_src":{"full":["https:\/\/soliton-gmbh.de\/wp-content\/uploads\/2025\/09\/InProcess1.jpg",1500,1500,false],"thumbnail":["https:\/\/soliton-gmbh.de\/wp-content\/uploads\/2025\/09\/InProcess1-150x150.jpg",150,150,true],"medium":["https:\/\/soliton-gmbh.de\/wp-content\/uploads\/2025\/09\/InProcess1-300x300.jpg",300,300,true],"medium_large":["https:\/\/soliton-gmbh.de\/wp-content\/uploads\/2025\/09\/InProcess1-768x768.jpg",768,768,true],"large":["https:\/\/soliton-gmbh.de\/wp-content\/uploads\/2025\/09\/InProcess1-1024x1024.jpg",1024,1024,true],"1536x1536":["https:\/\/soliton-gmbh.de\/wp-content\/uploads\/2025\/09\/InProcess1.jpg",1500,1500,false],"2048x2048":["https:\/\/soliton-gmbh.de\/wp-content\/uploads\/2025\/09\/InProcess1.jpg",1500,1500,false],"trp-custom-language-flag":["https:\/\/soliton-gmbh.de\/wp-content\/uploads\/2025\/09\/InProcess1-12x12.jpg",12,12,true],"woocommerce_thumbnail":["https:\/\/soliton-gmbh.de\/wp-content\/uploads\/2025\/09\/InProcess1-600x600.jpg",600,600,true],"woocommerce_single":["https:\/\/soliton-gmbh.de\/wp-content\/uploads\/2025\/09\/InProcess1-1200x1200.jpg",1200,1200,true],"woocommerce_gallery_thumbnail":["https:\/\/soliton-gmbh.de\/wp-content\/uploads\/2025\/09\/InProcess1-300x300.jpg",300,300,true]},"uagb_author_info":{"display_name":"Daniel","author_link":"https:\/\/soliton-gmbh.de\/en\/author\/"},"uagb_comment_info":0,"uagb_excerpt":"Keine Probenentnahme oder Verd\u00fcnnung erforderlich Sterile, kontaminationsfreie Messung direkt im Originalgebinde Schnelle, zuverl\u00e4ssige Ergebnisse in Echtzeit Unabh\u00e4ngig von Material, Farbe und Form des Beh\u00e4lters Einsatz bei hoher Tr\u00fcbung und komplexen Geometrien GMP-konforme Software (21 CFR Part 11) Kundenspezifische Modulentwicklung","_links":{"self":[{"href":"https:\/\/soliton-gmbh.de\/en\/wp-json\/wp\/v2\/product\/10990","targetHints":{"allow":["GET"]}}],"collection":[{"href":"https:\/\/soliton-gmbh.de\/en\/wp-json\/wp\/v2\/product"}],"about":[{"href":"https:\/\/soliton-gmbh.de\/en\/wp-json\/wp\/v2\/types\/product"}],"wp:featuredmedia":[{"embeddable":true,"href":"https:\/\/soliton-gmbh.de\/en\/wp-json\/wp\/v2\/media\/10992"}],"wp:attachment":[{"href":"https:\/\/soliton-gmbh.de\/en\/wp-json\/wp\/v2\/media?parent=10990"}],"wp:term":[{"taxonomy":"product_brand","embeddable":true,"href":"https:\/\/soliton-gmbh.de\/en\/wp-json\/wp\/v2\/product_brand?post=10990"},{"taxonomy":"product_cat","embeddable":true,"href":"https:\/\/soliton-gmbh.de\/en\/wp-json\/wp\/v2\/product_cat?post=10990"},{"taxonomy":"product_tag","embeddable":true,"href":"https:\/\/soliton-gmbh.de\/en\/wp-json\/wp\/v2\/product_tag?post=10990"}],"curies":[{"name":"wp","href":"https:\/\/api.w.org\/{rel}","templated":true}]}}