{"id":6553,"date":"2024-02-06T16:11:05","date_gmt":"2024-02-06T15:11:05","guid":{"rendered":"https:\/\/soliton-gmbh.de\/glossary\/"},"modified":"2024-12-21T23:58:34","modified_gmt":"2024-12-21T22:58:34","slug":"glossary","status":"publish","type":"page","link":"https:\/\/soliton-gmbh.de\/en\/glossary\/","title":{"rendered":"glossary"},"content":{"rendered":"<h1 class=\"wp-block-heading has-medium-font-size\" id=\"h-ihr-nachschlagewerk-fur-fachbegriffe\">Your reference work for technical terms<\/h1>\n\n\n\n<p>Discover our comprehensive laser and metrology glossary, where we explain the most important terms in the fields of optics design, laser applications and material inspection in a clear and understandable way. Here you will find quick and precise answers to deepen your expertise or understand basic concepts.<\/p>\n\n\n<div class=\"cm-glossary\"><div class=\"glossary-container\"><input type=\"hidden\" class=\"cmtt-attribute-field\" name=\"glossary_index_style\" value=\"classic\"><div id=\"glossaryList-nav\" class=\"listNav\" role=\"tablist\"><\/div><ul class=\"glossaryList\" role=\"tablist\" id=\"glossaryList\" itemscope itemtype=\"https:\/\/schema.org\/DefinedTermSet\"><li class=\"\" itemscope itemtype=\"https:\/\/schema.org\/DefinedTerm\"><a href=\"https:\/\/soliton-gmbh.de\/en\/glossary\/adaptive-optik-mit-spatial-light-modulatoren\/\" role=\"term\" class=\"glossaryLink glossary-link-title\" style=\"\" itemprop=\"url\"><span itemprop=\"name\">Adaptive Optics with Spatial Light Modulators<\/span><\/a><\/li><li class=\"\" itemscope itemtype=\"https:\/\/schema.org\/DefinedTerm\"><a href=\"https:\/\/soliton-gmbh.de\/en\/glossary\/arten-der-spektroskopie\/\" role=\"term\" class=\"glossaryLink glossary-link-title\" style=\"\" itemprop=\"url\"><span itemprop=\"name\">Types of spectroscopy<\/span><\/a><\/li><li class=\"\" itemscope itemtype=\"https:\/\/schema.org\/DefinedTerm\"><a href=\"https:\/\/soliton-gmbh.de\/en\/glossary\/batterie\/\" role=\"term\" class=\"glossaryLink glossary-link-title\" style=\"\" itemprop=\"url\"><span itemprop=\"name\">Batteries<\/span><\/a><\/li><li class=\"\" itemscope itemtype=\"https:\/\/schema.org\/DefinedTerm\"><a href=\"https:\/\/soliton-gmbh.de\/en\/glossary\/berechnung-optischer-systeme\/\" role=\"term\" class=\"glossaryLink glossary-link-title\" style=\"\" itemprop=\"url\"><span itemprop=\"name\">Calculation of optical systems<\/span><\/a><\/li><li class=\"\" itemscope itemtype=\"https:\/\/schema.org\/DefinedTerm\"><a href=\"https:\/\/soliton-gmbh.de\/en\/glossary\/cars-spektrometer-innovation-in-der-raman-spektroskopie\/\" role=\"term\" class=\"glossaryLink glossary-link-title\" style=\"\" itemprop=\"url\"><span itemprop=\"name\">CARS spectrometer: Innovation in Raman spectroscopy<\/span><\/a><\/li><li class=\"\" itemscope itemtype=\"https:\/\/schema.org\/DefinedTerm\"><a href=\"https:\/\/soliton-gmbh.de\/en\/glossary\/charakterisierung-von-duennfilmsolarzellen\/\" role=\"term\" class=\"glossaryLink glossary-link-title\" style=\"\" itemprop=\"url\"><span itemprop=\"name\">Characterization of thin film solar cells<\/span><\/a><\/li><li class=\"\" itemscope itemtype=\"https:\/\/schema.org\/DefinedTerm\"><a href=\"https:\/\/soliton-gmbh.de\/en\/glossary\/cigs-laserbearbeitung\/\" role=\"term\" class=\"glossaryLink glossary-link-title\" style=\"\" itemprop=\"url\"><span itemprop=\"name\">CIGS laser processing<\/span><\/a><\/li><li class=\"\" itemscope itemtype=\"https:\/\/schema.org\/DefinedTerm\"><a href=\"https:\/\/soliton-gmbh.de\/en\/glossary\/coherent-anti-stokes-raman-scattering-mit-vergleich-zur-raman-spektroskopie\/\" role=\"term\" class=\"glossaryLink glossary-link-title\" style=\"\" itemprop=\"url\"><span itemprop=\"name\">Coherent Anti-Stokes Raman Scattering with Comparison to Raman Spectroscopy<\/span><\/a><\/li><li class=\"\" itemscope itemtype=\"https:\/\/schema.org\/DefinedTerm\"><a href=\"https:\/\/soliton-gmbh.de\/en\/glossary\/durchstimmbare-ir-laser-fuer-die-nahfeldmikroskopie\/\" role=\"term\" class=\"glossaryLink glossary-link-title\" style=\"\" itemprop=\"url\"><span itemprop=\"name\">Tunable IR lasers for near-field microscopy<\/span><\/a><\/li><li class=\"\" itemscope itemtype=\"https:\/\/schema.org\/DefinedTerm\"><a href=\"https:\/\/soliton-gmbh.de\/en\/glossary\/glossar-der-messtechnik-die-50-wichtigsten-begriffe\/\" role=\"term\" class=\"glossaryLink glossary-link-title\" style=\"\" itemprop=\"url\"><span itemprop=\"name\">Glossary of Measurement Technology: The 50 Most Important Terms<\/span><\/a><\/li><li class=\"\" itemscope itemtype=\"https:\/\/schema.org\/DefinedTerm\"><a href=\"https:\/\/soliton-gmbh.de\/en\/glossary\/labor-fuer-materialanalyse\/\" role=\"term\" class=\"glossaryLink glossary-link-title\" style=\"\" itemprop=\"url\"><span itemprop=\"name\">Material analysis laboratory<\/span><\/a><\/li><li class=\"\" itemscope itemtype=\"https:\/\/schema.org\/DefinedTerm\"><a href=\"https:\/\/soliton-gmbh.de\/en\/glossary\/laseranwendungen-in-der-messtechnik\/\" role=\"term\" class=\"glossaryLink glossary-link-title\" style=\"\" itemprop=\"url\"><span itemprop=\"name\">Laser Applications in Metrology<\/span><\/a><\/li><li class=\"\" itemscope itemtype=\"https:\/\/schema.org\/DefinedTerm\"><a href=\"https:\/\/soliton-gmbh.de\/en\/glossary\/laser-stereolithografie\/\" role=\"term\" class=\"glossaryLink glossary-link-title\" style=\"\" itemprop=\"url\"><span itemprop=\"name\">Laser Stereolithography<\/span><\/a><\/li><li class=\"\" itemscope itemtype=\"https:\/\/schema.org\/DefinedTerm\"><a href=\"https:\/\/soliton-gmbh.de\/en\/glossary\/libs-spektroskopie-revolutionaere-technik-fuer-die-elementaranalyse\/\" role=\"term\" class=\"glossaryLink glossary-link-title\" style=\"\" itemprop=\"url\"><span itemprop=\"name\">LIBS spectroscopy<\/span><\/a><\/li><li class=\"\" itemscope itemtype=\"https:\/\/schema.org\/DefinedTerm\"><a href=\"https:\/\/soliton-gmbh.de\/en\/glossary\/lichtleitung-im-faserlaser\/\" role=\"term\" class=\"glossaryLink glossary-link-title\" style=\"\" itemprop=\"url\"><span itemprop=\"name\">light transmission in the fiber laser<\/span><\/a><\/li><li class=\"\" itemscope itemtype=\"https:\/\/schema.org\/DefinedTerm\"><a href=\"https:\/\/soliton-gmbh.de\/en\/glossary\/mikrofluidisches-geraet\/\" role=\"term\" class=\"glossaryLink glossary-link-title\" style=\"\" itemprop=\"url\"><span itemprop=\"name\">Microfluidic device<\/span><\/a><\/li><li class=\"\" itemscope itemtype=\"https:\/\/schema.org\/DefinedTerm\"><a href=\"https:\/\/soliton-gmbh.de\/en\/glossary\/oberflaechenrauheit-messen\/\" role=\"term\" class=\"glossaryLink glossary-link-title\" style=\"\" itemprop=\"url\"><span itemprop=\"name\">measuring surface roughness<\/span><\/a><\/li><li class=\"\" itemscope itemtype=\"https:\/\/schema.org\/DefinedTerm\"><a href=\"https:\/\/soliton-gmbh.de\/en\/glossary\/polarisationstechniken\/\" role=\"term\" class=\"glossaryLink glossary-link-title\" style=\"\" itemprop=\"url\"><span itemprop=\"name\">polarization techniques<\/span><\/a><\/li><li class=\"\" itemscope itemtype=\"https:\/\/schema.org\/DefinedTerm\"><a href=\"https:\/\/soliton-gmbh.de\/en\/glossary\/polarisatoren\/\" role=\"term\" class=\"glossaryLink glossary-link-title\" style=\"\" itemprop=\"url\"><span itemprop=\"name\">Polarizers<\/span><\/a><\/li><li class=\"\" itemscope itemtype=\"https:\/\/schema.org\/DefinedTerm\"><a href=\"https:\/\/soliton-gmbh.de\/en\/glossary\/prozess-ultraschall-spektroskopie\/\" role=\"term\" class=\"glossaryLink glossary-link-title\" style=\"\" itemprop=\"url\"><span itemprop=\"name\">Process ultrasonic spectroscopy<\/span><\/a><\/li><li class=\"\" itemscope itemtype=\"https:\/\/schema.org\/DefinedTerm\"><a href=\"https:\/\/soliton-gmbh.de\/en\/glossary\/quantencomputer\/\" role=\"term\" class=\"glossaryLink glossary-link-title\" style=\"\" itemprop=\"url\"><span itemprop=\"name\">Quantum computers<\/span><\/a><\/li><li class=\"\" itemscope itemtype=\"https:\/\/schema.org\/DefinedTerm\"><a href=\"https:\/\/soliton-gmbh.de\/en\/glossary\/rauhigkeitsmessung\/\" role=\"term\" class=\"glossaryLink glossary-link-title\" style=\"\" itemprop=\"url\"><span itemprop=\"name\">roughness measurement<\/span><\/a><\/li><li class=\"\" itemscope itemtype=\"https:\/\/schema.org\/DefinedTerm\"><a href=\"https:\/\/soliton-gmbh.de\/en\/glossary\/rmid-identifizierung-und-analyse-von-rohmaterialien\/\" role=\"term\" class=\"glossaryLink glossary-link-title\" style=\"\" itemprop=\"url\"><span itemprop=\"name\">RMID: Identification and Analysis of Raw Materials<\/span><\/a><\/li><li class=\"\" itemscope itemtype=\"https:\/\/schema.org\/DefinedTerm\"><a href=\"https:\/\/soliton-gmbh.de\/en\/glossary\/space-communication\/\" role=\"term\" class=\"glossaryLink glossary-link-title\" style=\"\" itemprop=\"url\"><span itemprop=\"name\">Space Communication<\/span><\/a><\/li><li class=\"\" itemscope itemtype=\"https:\/\/schema.org\/DefinedTerm\"><a href=\"https:\/\/soliton-gmbh.de\/en\/glossary\/spm-und-ters-messungen-an-graphen\/\" role=\"term\" class=\"glossaryLink glossary-link-title\" style=\"\" itemprop=\"url\"><span itemprop=\"name\">SPM and TERS measurements on graphs<\/span><\/a><\/li><li class=\"\" itemscope itemtype=\"https:\/\/schema.org\/DefinedTerm\"><a href=\"https:\/\/soliton-gmbh.de\/en\/glossary\/tastschnittverfahren\/\" role=\"term\" class=\"glossaryLink glossary-link-title\" style=\"\" itemprop=\"url\"><span itemprop=\"name\">stylus method<\/span><\/a><\/li><\/ul><\/div><\/div>\n\n\n<hr class=\"wp-block-separator has-alpha-channel-opacity\">\n\n\n\n<div class=\"wp-block-uagb-separator uagb-block-52cd3353\"><div class=\"wp-block-uagb-separator__inner\" style=\"--my-background-image:\"><\/div><\/div>\n\n\n\n<h3 class=\"wp-block-heading\">Why use our glossary?<\/h3>\n\n\n\n<p>We make sure that every explanation is easy to follow and helps you to quickly grasp complex topics. By continuously updating and expanding our glossary for lasers and measurement technology, you will always be up to date. We also provide links to related terms so that you can efficiently expand your knowledge.<\/p>\n\n\n\n<h3 class=\"wp-block-heading\">variety of topics and structure<\/h3>\n\n\n\n<p>Our glossary covers a wide range of topics, from technical terms to general terms used across industries. The clear structure and user-friendly navigation will help you quickly find the information you need.<\/p>\n\n\n\n<p>Discover our <strong>glossary<\/strong> and expand your understanding of important terms today. If you have any questions or suggestions, we are always available to help.<\/p>\n\n\n\n<h2 class=\"wp-block-heading\">Contact us<\/h2>\n\n\n\n<p>If you have suggestions for new terms or need support using our glossary, please contact us via our <a href=\"#\">contact form<\/a>, by email to <a>info@soliton-gmbh.de<\/a> or by phone at 08105-77920.<\/p>\n\n\n\n<figure class=\"wp-block-image size-large is-resized\"><a href=\"https:\/\/soliton-gmbh.de\/en\/contact\/\"><img loading=\"lazy\" decoding=\"async\" width=\"1024\" height=\"839\" src=\"https:\/\/soliton-gmbh.de\/wp-content\/uploads\/2023\/04\/Solitoni-1024x839.jpg\" alt=\"Soliton&#039;s glossary\" class=\"wp-image-5711\" style=\"width:348px;height:auto\" srcset=\"https:\/\/soliton-gmbh.de\/wp-content\/uploads\/2023\/04\/Solitoni-1024x839.jpg 1024w, https:\/\/soliton-gmbh.de\/wp-content\/uploads\/2023\/04\/Solitoni-600x492.jpg 600w, https:\/\/soliton-gmbh.de\/wp-content\/uploads\/2023\/04\/Solitoni-1200x983.jpg 1200w, https:\/\/soliton-gmbh.de\/wp-content\/uploads\/2023\/04\/Solitoni-300x246.jpg 300w, https:\/\/soliton-gmbh.de\/wp-content\/uploads\/2023\/04\/Solitoni-768x629.jpg 768w, https:\/\/soliton-gmbh.de\/wp-content\/uploads\/2023\/04\/Solitoni-1536x1259.jpg 1536w, https:\/\/soliton-gmbh.de\/wp-content\/uploads\/2023\/04\/Solitoni-15x12.jpg 15w, https:\/\/soliton-gmbh.de\/wp-content\/uploads\/2023\/04\/Solitoni.jpg 1740w\" sizes=\"auto, (max-width: 1024px) 100vw, 1024px\"\/><\/a><\/figure>\n\n\n\n<p><\/p>","protected":false},"excerpt":{"rendered":"<p>Ihr Nachschlagewerk f&#xFC;r Fachbegriffe Entdecken Sie unser umfassendes Glossar f&#xFC;r Laser und Messtechnik, in dem wir die wichtigsten Begriffe aus den Bereichen Optikdesign, Laseranwendungen und Materialinspektion verst&#xE4;ndlich erkl&#xE4;ren. Hier finden Sie schnelle und pr&#xE4;zise Antworten, um Ihr Fachwissen zu vertiefen oder grundlegende Konzepte zu verstehen. Warum unser Glossar nutzen? Wir stellen sicher, dass jede Erkl&#xE4;rung [&#x2026;]<\/p>\n","protected":false},"author":9,"featured_media":0,"parent":0,"menu_order":0,"comment_status":"closed","ping_status":"closed","template":"","meta":{"_acf_changed":false,"_uag_custom_page_level_css":"","site-sidebar-layout":"default","site-content-layout":"","ast-site-content-layout":"default","site-content-style":"default","site-sidebar-style":"default","ast-global-header-display":"","ast-banner-title-visibility":"","ast-main-header-display":"","ast-hfb-above-header-display":"","ast-hfb-below-header-display":"","ast-hfb-mobile-header-display":"","site-post-title":"","ast-breadcrumbs-content":"","ast-featured-img":"","footer-sml-layout":"","ast-disable-related-posts":"","theme-transparent-header-meta":"","adv-header-id-meta":"","stick-header-meta":"","header-above-stick-meta":"","header-main-stick-meta":"","header-below-stick-meta":"","astra-migrate-meta-layouts":"set","ast-page-background-enabled":"default","ast-page-background-meta":{"desktop":{"background-color":"","background-image":"","background-repeat":"repeat","background-position":"center center","background-size":"auto","background-attachment":"scroll","background-type":"","background-media":"","overlay-type":"","overlay-color":"","overlay-opacity":"","overlay-gradient":""},"tablet":{"background-color":"","background-image":"","background-repeat":"repeat","background-position":"center center","background-size":"auto","background-attachment":"scroll","background-type":"","background-media":"","overlay-type":"","overlay-color":"","overlay-opacity":"","overlay-gradient":""},"mobile":{"background-color":"","background-image":"","background-repeat":"repeat","background-position":"center center","background-size":"auto","background-attachment":"scroll","background-type":"","background-media":"","overlay-type":"","overlay-color":"","overlay-opacity":"","overlay-gradient":""}},"ast-content-background-meta":{"desktop":{"background-color":"var(--ast-global-color-5)","background-image":"","background-repeat":"repeat","background-position":"center center","background-size":"auto","background-attachment":"scroll","background-type":"","background-media":"","overlay-type":"","overlay-color":"","overlay-opacity":"","overlay-gradient":""},"tablet":{"background-color":"var(--ast-global-color-5)","background-image":"","background-repeat":"repeat","background-position":"center center","background-size":"auto","background-attachment":"scroll","background-type":"","background-media":"","overlay-type":"","overlay-color":"","overlay-opacity":"","overlay-gradient":""},"mobile":{"background-color":"var(--ast-global-color-5)","background-image":"","background-repeat":"repeat","background-position":"center center","background-size":"auto","background-attachment":"scroll","background-type":"","background-media":"","overlay-type":"","overlay-color":"","overlay-opacity":"","overlay-gradient":""}},"footnotes":""},"class_list":["post-6553","page","type-page","status-publish","hentry"],"acf":[],"yoast_head":"<!-- This site is optimized with the Yoast SEO Premium plugin v27.2 (Yoast SEO v27.4) - https:\/\/yoast.com\/product\/yoast-seo-premium-wordpress\/ -->\n<title>Glossar - Soliton<\/title>\n<meta name=\"description\" content=\"Unser Glossar bietet verst\u00e4ndliche Erkl\u00e4rungen zu wichtigen Begriffen aus Optik und Lasertechnik. Erweitern Sie Ihr Wissen \u00fcber Optikdesign, Laseranwendungen und Materialinspektion.\" \/>\n<meta name=\"robots\" content=\"index, follow, max-snippet:-1, max-image-preview:large, max-video-preview:-1\" \/>\n<link rel=\"canonical\" href=\"https:\/\/soliton-gmbh.de\/en\/glossary\/\" \/>\n<meta property=\"og:locale\" content=\"en_US\" \/>\n<meta property=\"og:type\" content=\"article\" \/>\n<meta property=\"og:title\" content=\"Glossar\" \/>\n<meta property=\"og:description\" content=\"Unser Glossar bietet verst\u00e4ndliche Erkl\u00e4rungen zu wichtigen Begriffen aus Optik und Lasertechnik. Erweitern Sie Ihr Wissen \u00fcber Optikdesign, Laseranwendungen und Materialinspektion.\" \/>\n<meta property=\"og:url\" content=\"https:\/\/soliton-gmbh.de\/en\/glossary\/\" \/>\n<meta property=\"og:site_name\" content=\"Soliton Laser- und Messtechnik GmbH\" \/>\n<meta property=\"article:modified_time\" content=\"2024-12-21T22:58:34+00:00\" \/>\n<meta property=\"og:image\" content=\"https:\/\/soliton-gmbh.de\/wp-content\/uploads\/2023\/04\/Solitoni-1024x839.jpg\" \/>\n<meta name=\"twitter:card\" content=\"summary_large_image\" \/>\n<meta name=\"twitter:label1\" content=\"Est. reading time\" \/>\n\t<meta name=\"twitter:data1\" content=\"2 minutes\" \/>\n<script type=\"application\/ld+json\" class=\"yoast-schema-graph\">{\"@context\":\"https:\\\/\\\/schema.org\",\"@graph\":[{\"@type\":\"WebPage\",\"@id\":\"https:\\\/\\\/soliton-gmbh.de\\\/glossary\\\/\",\"url\":\"https:\\\/\\\/soliton-gmbh.de\\\/glossary\\\/\",\"name\":\"Glossar - Soliton\",\"isPartOf\":{\"@id\":\"https:\\\/\\\/soliton-gmbh.de\\\/#website\"},\"primaryImageOfPage\":{\"@id\":\"https:\\\/\\\/soliton-gmbh.de\\\/glossary\\\/#primaryimage\"},\"image\":{\"@id\":\"https:\\\/\\\/soliton-gmbh.de\\\/glossary\\\/#primaryimage\"},\"thumbnailUrl\":\"https:\\\/\\\/soliton-gmbh.de\\\/wp-content\\\/uploads\\\/2023\\\/04\\\/Solitoni-1024x839.jpg\",\"datePublished\":\"2024-02-06T15:11:05+00:00\",\"dateModified\":\"2024-12-21T22:58:34+00:00\",\"description\":\"Unser Glossar bietet verst\u00e4ndliche Erkl\u00e4rungen zu wichtigen Begriffen aus Optik und Lasertechnik. Erweitern Sie Ihr Wissen \u00fcber Optikdesign, Laseranwendungen und Materialinspektion.\",\"breadcrumb\":{\"@id\":\"https:\\\/\\\/soliton-gmbh.de\\\/glossary\\\/#breadcrumb\"},\"inLanguage\":\"en-US\",\"potentialAction\":[{\"@type\":\"ReadAction\",\"target\":[\"https:\\\/\\\/soliton-gmbh.de\\\/glossary\\\/\"]}]},{\"@type\":\"ImageObject\",\"inLanguage\":\"en-US\",\"@id\":\"https:\\\/\\\/soliton-gmbh.de\\\/glossary\\\/#primaryimage\",\"url\":\"https:\\\/\\\/soliton-gmbh.de\\\/wp-content\\\/uploads\\\/2023\\\/04\\\/Solitoni-1024x839.jpg\",\"contentUrl\":\"https:\\\/\\\/soliton-gmbh.de\\\/wp-content\\\/uploads\\\/2023\\\/04\\\/Solitoni-1024x839.jpg\"},{\"@type\":\"BreadcrumbList\",\"@id\":\"https:\\\/\\\/soliton-gmbh.de\\\/glossary\\\/#breadcrumb\",\"itemListElement\":[{\"@type\":\"ListItem\",\"position\":1,\"name\":\"Startseite\",\"item\":\"https:\\\/\\\/soliton-gmbh.de\\\/\"},{\"@type\":\"ListItem\",\"position\":2,\"name\":\"Glossar\"}]},{\"@type\":\"WebSite\",\"@id\":\"https:\\\/\\\/soliton-gmbh.de\\\/#website\",\"url\":\"https:\\\/\\\/soliton-gmbh.de\\\/\",\"name\":\"Soliton Laser- und Messtechnik GmbH\",\"description\":\"\",\"publisher\":{\"@id\":\"https:\\\/\\\/soliton-gmbh.de\\\/#organization\"},\"potentialAction\":[{\"@type\":\"SearchAction\",\"target\":{\"@type\":\"EntryPoint\",\"urlTemplate\":\"https:\\\/\\\/soliton-gmbh.de\\\/?s={search_term_string}\"},\"query-input\":{\"@type\":\"PropertyValueSpecification\",\"valueRequired\":true,\"valueName\":\"search_term_string\"}}],\"inLanguage\":\"en-US\"},{\"@type\":\"Organization\",\"@id\":\"https:\\\/\\\/soliton-gmbh.de\\\/#organization\",\"name\":\"Soliton GmbH\",\"url\":\"https:\\\/\\\/soliton-gmbh.de\\\/\",\"logo\":{\"@type\":\"ImageObject\",\"inLanguage\":\"en-US\",\"@id\":\"https:\\\/\\\/soliton-gmbh.de\\\/#\\\/schema\\\/logo\\\/image\\\/\",\"url\":\"https:\\\/\\\/soliton-gmbh.de\\\/wp-content\\\/uploads\\\/2022\\\/08\\\/cropped-soliton-logo.png\",\"contentUrl\":\"https:\\\/\\\/soliton-gmbh.de\\\/wp-content\\\/uploads\\\/2022\\\/08\\\/cropped-soliton-logo.png\",\"width\":500,\"height\":350,\"caption\":\"Soliton GmbH\"},\"image\":{\"@id\":\"https:\\\/\\\/soliton-gmbh.de\\\/#\\\/schema\\\/logo\\\/image\\\/\"}}]}<\/script>\n<!-- \/ Yoast SEO Premium plugin. -->","yoast_head_json":{"title":"Glossary - Soliton","description":"Our glossary offers easy-to-understand explanations of important optics and laser technology terms. Expand your knowledge of optical design, laser applications and material inspection.","robots":{"index":"index","follow":"follow","max-snippet":"max-snippet:-1","max-image-preview":"max-image-preview:large","max-video-preview":"max-video-preview:-1"},"canonical":"https:\/\/soliton-gmbh.de\/en\/glossary\/","og_locale":"en_US","og_type":"article","og_title":"Glossar","og_description":"Unser Glossar bietet verst\u00e4ndliche Erkl\u00e4rungen zu wichtigen Begriffen aus Optik und Lasertechnik. Erweitern Sie Ihr Wissen \u00fcber Optikdesign, Laseranwendungen und Materialinspektion.","og_url":"https:\/\/soliton-gmbh.de\/en\/glossary\/","og_site_name":"Soliton Laser- und Messtechnik GmbH","article_modified_time":"2024-12-21T22:58:34+00:00","og_image":[{"url":"https:\/\/soliton-gmbh.de\/wp-content\/uploads\/2023\/04\/Solitoni-1024x839.jpg","type":"","width":"","height":""}],"twitter_card":"summary_large_image","twitter_misc":{"Est. reading time":"2 minutes"},"schema":{"@context":"https:\/\/schema.org","@graph":[{"@type":"WebPage","@id":"https:\/\/soliton-gmbh.de\/glossary\/","url":"https:\/\/soliton-gmbh.de\/glossary\/","name":"Glossary - Soliton","isPartOf":{"@id":"https:\/\/soliton-gmbh.de\/#website"},"primaryImageOfPage":{"@id":"https:\/\/soliton-gmbh.de\/glossary\/#primaryimage"},"image":{"@id":"https:\/\/soliton-gmbh.de\/glossary\/#primaryimage"},"thumbnailUrl":"https:\/\/soliton-gmbh.de\/wp-content\/uploads\/2023\/04\/Solitoni-1024x839.jpg","datePublished":"2024-02-06T15:11:05+00:00","dateModified":"2024-12-21T22:58:34+00:00","description":"Our glossary offers easy-to-understand explanations of important optics and laser technology terms. Expand your knowledge of optical design, laser applications and material inspection.","breadcrumb":{"@id":"https:\/\/soliton-gmbh.de\/glossary\/#breadcrumb"},"inLanguage":"en-US","potentialAction":[{"@type":"ReadAction","target":["https:\/\/soliton-gmbh.de\/glossary\/"]}]},{"@type":"ImageObject","inLanguage":"en-US","@id":"https:\/\/soliton-gmbh.de\/glossary\/#primaryimage","url":"https:\/\/soliton-gmbh.de\/wp-content\/uploads\/2023\/04\/Solitoni-1024x839.jpg","contentUrl":"https:\/\/soliton-gmbh.de\/wp-content\/uploads\/2023\/04\/Solitoni-1024x839.jpg"},{"@type":"BreadcrumbList","@id":"https:\/\/soliton-gmbh.de\/glossary\/#breadcrumb","itemListElement":[{"@type":"ListItem","position":1,"name":"Startseite","item":"https:\/\/soliton-gmbh.de\/"},{"@type":"ListItem","position":2,"name":"Glossar"}]},{"@type":"WebSite","@id":"https:\/\/soliton-gmbh.de\/#website","url":"https:\/\/soliton-gmbh.de\/","name":"Soliton Laser- und Messtechnik GmbH","description":"","publisher":{"@id":"https:\/\/soliton-gmbh.de\/#organization"},"potentialAction":[{"@type":"SearchAction","target":{"@type":"EntryPoint","urlTemplate":"https:\/\/soliton-gmbh.de\/?s={search_term_string}"},"query-input":{"@type":"PropertyValueSpecification","valueRequired":true,"valueName":"search_term_string"}}],"inLanguage":"en-US"},{"@type":"Organization","@id":"https:\/\/soliton-gmbh.de\/#organization","name":"Soliton GmbH","url":"https:\/\/soliton-gmbh.de\/","logo":{"@type":"ImageObject","inLanguage":"en-US","@id":"https:\/\/soliton-gmbh.de\/#\/schema\/logo\/image\/","url":"https:\/\/soliton-gmbh.de\/wp-content\/uploads\/2022\/08\/cropped-soliton-logo.png","contentUrl":"https:\/\/soliton-gmbh.de\/wp-content\/uploads\/2022\/08\/cropped-soliton-logo.png","width":500,"height":350,"caption":"Soliton GmbH"},"image":{"@id":"https:\/\/soliton-gmbh.de\/#\/schema\/logo\/image\/"}}]}},"uagb_featured_image_src":{"full":false,"thumbnail":false,"medium":false,"medium_large":false,"large":false,"1536x1536":false,"2048x2048":false,"trp-custom-language-flag":false,"woocommerce_thumbnail":false,"woocommerce_single":false,"woocommerce_gallery_thumbnail":false},"uagb_author_info":{"display_name":"Jonas Vogler","author_link":"https:\/\/soliton-gmbh.de\/en\/author\/jonas\/"},"uagb_comment_info":0,"uagb_excerpt":"Ihr Nachschlagewerk f&#xFC;r Fachbegriffe Entdecken Sie unser umfassendes Glossar f&#xFC;r Laser und Messtechnik, in dem wir die wichtigsten Begriffe aus den Bereichen Optikdesign, Laseranwendungen und Materialinspektion verst&#xE4;ndlich erkl&#xE4;ren. Hier finden Sie schnelle und pr&#xE4;zise Antworten, um Ihr Fachwissen zu vertiefen oder grundlegende Konzepte zu verstehen. Warum unser Glossar nutzen? Wir stellen sicher, dass jede Erkl&#xE4;rung&hellip;","_links":{"self":[{"href":"https:\/\/soliton-gmbh.de\/en\/wp-json\/wp\/v2\/pages\/6553","targetHints":{"allow":["GET"]}}],"collection":[{"href":"https:\/\/soliton-gmbh.de\/en\/wp-json\/wp\/v2\/pages"}],"about":[{"href":"https:\/\/soliton-gmbh.de\/en\/wp-json\/wp\/v2\/types\/page"}],"author":[{"embeddable":true,"href":"https:\/\/soliton-gmbh.de\/en\/wp-json\/wp\/v2\/users\/9"}],"replies":[{"embeddable":true,"href":"https:\/\/soliton-gmbh.de\/en\/wp-json\/wp\/v2\/comments?post=6553"}],"version-history":[{"count":0,"href":"https:\/\/soliton-gmbh.de\/en\/wp-json\/wp\/v2\/pages\/6553\/revisions"}],"wp:attachment":[{"href":"https:\/\/soliton-gmbh.de\/en\/wp-json\/wp\/v2\/media?parent=6553"}],"curies":[{"name":"wp","href":"https:\/\/api.w.org\/{rel}","templated":true}]}}